{"id":2,"date":"2016-10-27T17:50:13","date_gmt":"2016-10-27T15:50:13","guid":{"rendered":"http:\/\/wp.unil.ch\/histoireparlesdonnees\/?page_id=2"},"modified":"2024-07-04T08:05:18","modified_gmt":"2024-07-04T06:05:18","slug":"page-d-exemple","status":"publish","type":"page","link":"https:\/\/wp.unil.ch\/histoireparlesdonnees\/","title":{"rendered":"Introduction"},"content":{"rendered":"<p style=\"text-align: justify\">Ce site expose des travaux d&#8217;\u00e9tudiant-e-s en Master \u00e0 l\u2019EPFL et \u00e0 l&#8217;UNIL qui ont particip\u00e9 au cours <em>Presse et histoire num\u00e9rique<\/em> (anciennement appel\u00e9 <em>Humanit\u00e9s digitales<\/em>, puis <em>P<\/em><em>resse et m\u00e9thodologies num\u00e9riques<\/em>) propos\u00e9 dans le cadre du <a href=\"https:\/\/www.epfl.ch\/schools\/cdh\/fr\/enseignement\/shs\/\">programme d\u2019enseignement en Sciences humaines et sociales (SHS) du Coll\u00e8ge des Humanit\u00e9s<\/a> (EPFL). Ce cours s&#8217;inscrit dans la nouvelle offre d&#8217;enseignement UNIL\/EPFL qui propose de croiser des savoirs provenant des SHS et des sciences de l&#8217;ing\u00e9nieur afin d&#8217;aborder des th\u00e9matiques complexes n\u00e9cessitant une m\u00e9thodologie interdisciplinaire.<\/p>\n<p>La presse est depuis longtemps une source mobilis\u00e9e par les historiennes et les historiens. La num\u00e9risation des archives de presse depuis une quinzaine d&#8217;ann\u00e9es ainsi que, plus r\u00e9cemment, le d\u00e9veloppement de nouveaux outils num\u00e9riques renouvellent en profondeur la fa\u00e7on d&#8217;explorer ces sources.<\/p>\n<p style=\"text-align: justify\">Le principe du cours est de faire travailler les \u00e9tudiant-e-s sur des bases de donn\u00e9es d&#8217;archives de presse num\u00e9ris\u00e9es, depuis 2021 principalement sur l&#8217;interface <a href=\"https:\/\/impresso-project.ch\/app\/\">impresso<\/a> r\u00e9alis\u00e9e dans le cadre d&#8217;un <a href=\"https:\/\/data.snf.ch\/grants\/grant\/173719\">projet FNS Sinergia<\/a> qui a r\u00e9uni des chercheuses et des chercheurs de l&#8217;EPFL, du C2DH et de l\u2019Universit\u00e9 de Zurich. Apr\u00e8s avoir d\u00e9fini un sujet d&#8217;\u00e9tude, les \u00e9tudiant-e-s sont incit\u00e9s \u00e0 extraire un corpus coh\u00e9rent \u00e0 partir de ces archives de presse num\u00e9ris\u00e9es et \u00e0 y appliquer des m\u00e9thodologies num\u00e9riques, comme la fouille de texte (<em>text mining<\/em>) ou la visualisation de donn\u00e9es (<em>dataviz<\/em>). L\u2019objectif est d\u2019essayer d&#8217;exploiter des corpus assez larges et d&#8217;en interpr\u00e9ter les r\u00e9sultats afin d&#8217;en tirer des conclusions historiques.<\/p>\n<p style=\"text-align: justify\">Les buts de cette d\u00e9marche sont nombreux: donner l&#8217;occasion \u00e0 nos \u00e9tudiant-e-s d&#8217;avoir une exp\u00e9rience d&#8217;historien-ne, int\u00e9grer dans cette exp\u00e9rience les nouveaux outils que, de plus en plus, les historien-ne-s sont amen\u00e9-e-s \u00e0 utiliser, mener une r\u00e9flexion plus g\u00e9n\u00e9rale sur la \u00abmise en donn\u00e9es\u00bb et la \u00abmise en r\u00e9seau\u00bb de nos soci\u00e9t\u00e9s.<\/p>\n<p>Ces travaux, dirig\u00e9s par nos soins, gardent \u00e0 la fois toutes les imperfections et tout l&#8217;int\u00e9r\u00eat que peuvent avoir des projets men\u00e9s par des \u00e9tudiant-e-s.<\/p>\n<p><img alt=\"\" loading=\"lazy\" decoding=\"async\" class=\"wp-image-1768 alignright\" src=\"https:\/\/wp.unil.ch\/histoireparlesdonnees\/files\/2019\/05\/EPFL.png\" alt=\"\" width=\"130\" height=\"38\" srcset=\"https:\/\/wp.unil.ch\/histoireparlesdonnees\/files\/2019\/05\/EPFL.png 500w, https:\/\/wp.unil.ch\/histoireparlesdonnees\/files\/2019\/05\/EPFL-300x88.png 300w\" sizes=\"auto, (max-width: 130px) 100vw, 130px\" \/><img alt=\"\" loading=\"lazy\" decoding=\"async\" class=\"wp-image-1769 alignright\" src=\"https:\/\/wp.unil.ch\/histoireparlesdonnees\/files\/2019\/05\/unil.png\" alt=\"\" width=\"150\" height=\"53\" srcset=\"https:\/\/wp.unil.ch\/histoireparlesdonnees\/files\/2019\/05\/unil.png 500w, https:\/\/wp.unil.ch\/histoireparlesdonnees\/files\/2019\/05\/unil-300x106.png 300w\" sizes=\"auto, (max-width: 150px) 100vw, 150px\" \/><\/p>\n<p>Initialement construit et conduit par <a href=\"https:\/\/applicationspub.unil.ch\/interpub\/noauth\/php\/Un\/UnPers.php?PerNum=47312&amp;LanCode=37\">Rapha\u00eblle Ruppen Coutaz<\/a> et <a href=\"https:\/\/wwwfr.uni.lu\/c2dh\/people\/frederic_clavert\">Fr\u00e9d\u00e9ric Clavert<\/a>, puis par <a href=\"https:\/\/ecp.univ-lyon2.fr\/enseignant-es-chercheur-es\/huitric-solenn\">Solenn Huitric<\/a>, <a href=\"https:\/\/applicationspub.unil.ch\/interpub\/noauth\/php\/Un\/UnPers.php?PerNum=19447&amp;LanCode=37\">Sandra Bott<\/a> et <a href=\"https:\/\/applicationspub.unil.ch\/interpub\/noauth\/php\/Un\/UnPers.php?PerNum=1037126&amp;LanCode=37\">Martin Grandjean<\/a>, cet enseignement a \u00e9t\u00e9 repris par <a href=\"https:\/\/applicationspub.unil.ch\/interpub\/noauth\/php\/Un\/UnPers.php?PerNum=47312&amp;LanCode=37\">Rapha\u00eblle Ruppen Coutaz<\/a> (Section d&#8217;histoire, Universit\u00e9 de Lausanne) et <a href=\"https:\/\/people.epfl.ch\/maud.ehrmann\">Maud Ehrmann<\/a> (DHLAB, EPFL) \u00e0 partir de l&#8217;automne 2021.<\/p>\n<hr \/>\n\n\n<h5 class=\"wp-block-heading\">Master 2023-2024<\/h5>\n\n\n\n<p><a href=\"https:\/\/wp.unil.ch\/histoireparlesdonnees\/les-travaux-2022-2023\/\" target=\"_blank\" rel=\"noreferrer noopener\">Liste des travaux disponible sur cette page<\/a> ou dans la colonne de droite \u25ba<\/p>\n\n\n\n<p><\/p>\n\n\n\n<p>A travers l&#8217;analyse d&#8217;archives de presse num\u00e9ris\u00e9es, l&#8217;objectif de ce cours UNIL\/EPFL a \u00e9t\u00e9 d&#8217;allier enseignement et recherche sur, d&#8217;une part, la fabrication, la diffusion et la conservation de l&#8217;information en Suisse et en Europe et, d&#8217;autre part, les m\u00e9thodologies num\u00e9riques appliqu\u00e9es \u00e0 la recherche, comme la fouille de texte (<em>text mining<\/em>) et la visualisation de donn\u00e9es (<em>dataviz<\/em>).<\/p>\n\n\n\n<p>Cette ann\u00e9e, nous nous sommes int\u00e9ress\u00e9s plus particuli\u00e8rement \u00e0 l&#8217;information en temps de guerre, des guerres mondiales \u00e0 nos jours. Quelles sont les sources d&#8217;information\u00a0? Comment les informations circulent-elles d&#8217;un pays \u00e0 l&#8217;autre et d&#8217;un m\u00e9dia \u00e0 l&#8217;autre\u00a0? Quel est l&#8217;impact du contexte de guerre sur la production, la diffusion et la conservation de l&#8217;information\u00a0? Autant de questions qui ont \u00e9t\u00e9 au c\u0153ur des travaux r\u00e9alis\u00e9s par les \u00e9tudiant\u00b7es, des travaux qui ont port\u00e9 plus sp\u00e9cifiquement sur l&#8217;histoire de la Suisse dans la Seconde Guerre mondiale \u00e0 travers les journaux et la radio.<\/p>\n\n\n\n<p>R\u00e9unis dans la mesure du possible dans des groupes mixtes (UNIL\/EPFL), les \u00e9tudiant\u00b7es ont utilis\u00e9 comme source des archives de la presse suisse et internationale, ainsi que des archives radiophoniques, pour mener \u00e0 bien leur projet de recherche interdisciplinaire.<\/p>\n\n\n\n<p>Rapha\u00eblle Ruppen Coutaz &amp; Maud Ehrmann<\/p>\n\n\n\n<hr class=\"wp-block-separator aligncenter has-alpha-channel-opacity is-style-wide\" \/>\n\n\n\n<h5 class=\"wp-block-heading\">Master 2022-2023<\/h5>\n\n\n\n<p><a href=\"https:\/\/wp.unil.ch\/histoireparlesdonnees\/les-travaux-2022-2023\/\" target=\"_blank\" rel=\"noreferrer noopener\">Liste des travaux disponible sur cette page<\/a> ou dans la colonne de droite \u25ba<\/p>\n\n\n\n<p>En explorant les archives de presse num\u00e9ris\u00e9es \u00e0 l&#8217;aide d&#8217;outils num\u00e9riques, l&#8217;objectif de ce cours a \u00e9t\u00e9 d&#8217;allier enseignement et recherche sur l&#8217;histoire de la presse et de la Suisse dans les relations culturelles internationales. L&#8217;approche culturelle et transnationale mobilis\u00e9e a permis d&#8217;interroger l&#8217;espace culturel et m\u00e9diatique suisse et europ\u00e9en au miroir de la presse et de questionner les modalit\u00e9s sp\u00e9cifiques de circulation des \u00e9v\u00e9nements, des repr\u00e9sentations et des productions culturels \u00e0 travers les journaux. Gr\u00e2ce \u00e0 l&#8217;interface <a href=\"https:\/\/impresso-project.ch\/app\/\">impresso<\/a> et ses fonctionnalit\u00e9s avanc\u00e9es d&#8217;exploration d&#8217;archives de presse, ainsi qu&#8217;\u00e0 la plateforme <a href=\"https:\/\/www.retronews.fr\/\">Retronews<\/a> r\u00e9unissant la presse num\u00e9ris\u00e9e fran\u00e7aise, les \u00e9tudiant-e-s ont pu travailler sur une collection \u00e9largie de journaux suisses et fran\u00e7ais. Trois axes ont principalement \u00e9t\u00e9 explor\u00e9s: le traitement m\u00e9diatique d&#8217;\u00e9v\u00e9nements culturels sur la longue dur\u00e9e dans la presse suisse et europ\u00e9enne (par ex. les expositions universelles et les jeux olympiques); la diplomatie culturelle par la presse (par ex. le projet europ\u00e9en); les intellectuel\u00b7le\u00b7s et figures politiques dans la presse par-del\u00e0 les fronti\u00e8res (par ex. Winston Churchill et Gandhi).<\/p>\n\n\n\n<p>Rapha\u00eblle Ruppen Coutaz &amp; Maud Ehrmann<\/p>\n\n\n\n<hr class=\"wp-block-separator aligncenter has-alpha-channel-opacity is-style-wide\" \/>\n\n\n\n<h5 class=\"wp-block-heading\">Master 2021-2022<\/h5>\n\n\n\n<p><a href=\"https:\/\/wp.unil.ch\/histoireparlesdonnees\/les-travaux-2021-2022\/\">Liste des travaux disponible sur cette page<\/a> ou dans la colonne de droite \u25ba<\/p>\n\n\n\n<p>A travers l&#8217;analyse \u00e0 grande \u00e9chelle d&#8217;archives de presse num\u00e9ris\u00e9es, l&#8217;objectif de ce cours a \u00e9t\u00e9 d&#8217;allier enseignement et recherche sur l&#8217;histoire de la presse et de la Suisse dans la Guerre froide. Gr\u00e2ce \u00e0 la nouvelle interface <a href=\"https:\/\/impresso-project.ch\/app\/\">impresso<\/a> et ses fonctionnalit\u00e9s avanc\u00e9es d&#8217;exploration d&#8217;archives de presse, les \u00e9tudiant-e-s ont pu, pour la premi\u00e8re fois, travailler sur une collection \u00e9largie de journaux, au-del\u00e0 des anciens num\u00e9ros de la <em>Gazette de Lausanne<\/em> et du <em>Journal de Gen\u00e8ve<\/em>. Les \u00e9tudiant-e-s ont explor\u00e9 plusieurs \u00e9pisodes de la Guerre froide \u00e0 la lumi\u00e8re du cas suisse.<\/p>\n\n\n\n<p>Rapha\u00eblle Ruppen Coutaz &amp; Maud Ehrmann<\/p>\n\n\n\n<hr class=\"wp-block-separator has-alpha-channel-opacity is-style-wide\" \/>\n\n\n\n<h5 class=\"wp-block-heading\">Master 2018-2019<\/h5>\n\n\n\n<p><a href=\"https:\/\/wp.unil.ch\/histoireparlesdonnees\/les-travaux-2018-2019\/\">Liste des travaux disponible sur cette page<\/a> ou dans la colonne de droite \u25ba<\/p>\n\n\n\n<p>Sandra Bott &amp; Martin Grandjean<\/p>\n\n\n\n<hr class=\"wp-block-separator has-alpha-channel-opacity is-style-wide\" \/>\n\n\n\n<h5 class=\"wp-block-heading\">Master 2017-2018<\/h5>\n\n\n\n<p><a href=\"https:\/\/wp.unil.ch\/histoireparlesdonnees\/les-travaux-2017-2018\/\">Liste des travaux disponible sur cette page<\/a> ou dans la colonne de droite \u25ba<\/p>\n\n\n\n<p>Lors de la deuxi\u00e8me \u00e9dition de cet enseignement, la m\u00e9thode de recherche propos\u00e9e aux \u00e9tudiant-e-s a \u00e9t\u00e9 reprise ainsi que le corpus des archives de <em>La Gazette de Lausanne <\/em>et du <em>Journal de Gen\u00e8ve<\/em>. La th\u00e9matique de travail propos\u00e9e a \u00e9t\u00e9 modifi\u00e9e pour permettre de construire une deuxi\u00e8me approche de ce corpus de presse. Par groupes de deux ou trois, les \u00e9tudiant-e-s ont \u00e9t\u00e9 incit\u00e9s \u00e0 travailler sur des th\u00e9matiques concernant l&#8217;histoire des femmes. Les diff\u00e9rents prismes d&#8217;interrogation de l&#8217;histoire des femmes et de l&#8217;histoire du genre \u2013 culturels, \u00e9conomiques, politiques \u2013 ont \u00e9t\u00e9 abord\u00e9s, qu\u2019ils soient li\u00e9s aux repr\u00e9sentations, \u00e0 l&#8217;obtention du droit de vote, aux m\u00e9tiers occup\u00e9s, entre autres.<\/p>\n\n\n\n<p>Solenn Huitric<\/p>\n\n\n\n<hr class=\"wp-block-separator has-alpha-channel-opacity is-style-wide\" \/>\n\n\n\n<h5 class=\"wp-block-heading\">Master 2016-2017<\/h5>\n\n\n\n<p><a href=\"https:\/\/wp.unil.ch\/histoireparlesdonnees\/les-travaux\/\">Liste des travaux disponible sur cette page<\/a> ou dans la colonne de droite \u25ba<\/p>\n\n\n\n<p>Lors de la premi\u00e8re ann\u00e9e de cet enseignement, l\u2019id\u00e9e \u00e9tait d\u2019interroger ces sources en fonction des grandes questions internationales qui ont touch\u00e9 la Suisse dans la seconde moiti\u00e9 du XXe si\u00e8cle. R\u00e9partis en groupes de trois, les \u00e9tudiant-e-s de l&#8217;EPFL ont d\u00e9fini un sujet, extrait un corpus des <a href=\"https:\/\/www.letempsarchives.ch\/\">archives du&nbsp;<em>Temps<\/em><\/a> &#8211; qui regroupe notamment les anciens num\u00e9ros de la <em>Gazette de Lausanne&nbsp;<\/em>et du&nbsp;<em>Journal de Gen\u00e8ve<\/em>, et ceci de leur fondation il y a deux si\u00e8cles \u00e0 leur fusion \u00e0 la fin des ann\u00e9es 1990, fusion qui a donn\u00e9 naissance au&nbsp;<a href=\"https:\/\/www.letemps.ch\/\"><em>Temps<\/em><\/a> &#8211; et y ont appliqu\u00e9 un ou plusieurs traitements informatiques (fouille de texte ou visualisation r\u00e9seau par exemple).<\/p>\n\n\n\n<p>Ces travaux, dirig\u00e9s par nos soins, gardent \u00e0 la fois toutes les imperfections et tout l&#8217;int\u00e9r\u00eat que peuvent avoir des projets men\u00e9s par des \u00e9tudiant-e-s. Nous avons aussi fait appel \u00e0 des personnes externes au cours: Maud Ehrmann et Vincent Buntnix, membres du <a href=\"https:\/\/dhlab.epfl.ch\/\">DHLab de l&#8217;EPFL<\/a> dirig\u00e9 par le Prof. Fr\u00e9d\u00e9ric Kaplan, et Titus Plattner, journaliste \u00e0 la <a href=\"https:\/\/enquete.lematindimanche.ch\/index.php?cat=pp\">Cellule enqu\u00eate du Matin Dimanche et de la SonntagsZeitung<\/a>. Nous les remercions ici.<\/p>\n\n\n\n<p>Rapha\u00eblle Ruppen Coutaz &amp;&nbsp;Fr\u00e9d\u00e9ric Clavert<\/p>\n\n\n\n<p><\/p>\n\n\n\n<p><\/p>\n","protected":false},"excerpt":{"rendered":"<p>Ce site expose des travaux d&#8217;\u00e9tudiant-e-s en Master \u00e0 l\u2019EPFL et \u00e0 l&#8217;UNIL qui ont particip\u00e9 au cours Presse et histoire num\u00e9rique (anciennement appel\u00e9 Humanit\u00e9s digitales, puis Presse et m\u00e9thodologies num\u00e9riques) propos\u00e9 dans le cadre du programme d\u2019enseignement en Sciences<\/p>\n","protected":false},"author":1285,"featured_media":0,"parent":0,"menu_order":0,"comment_status":"closed","ping_status":"open","template":"","meta":{"_seopress_robots_primary_cat":"","_seopress_titles_title":"","_seopress_titles_desc":"","_seopress_robots_index":"","footnotes":""},"class_list":["post-2","page","type-page","status-publish"],"_links":{"self":[{"href":"https:\/\/wp.unil.ch\/histoireparlesdonnees\/wp-json\/wp\/v2\/pages\/2","targetHints":{"allow":["GET"]}}],"collection":[{"href":"https:\/\/wp.unil.ch\/histoireparlesdonnees\/wp-json\/wp\/v2\/pages"}],"about":[{"href":"https:\/\/wp.unil.ch\/histoireparlesdonnees\/wp-json\/wp\/v2\/types\/page"}],"author":[{"embeddable":true,"href":"https:\/\/wp.unil.ch\/histoireparlesdonnees\/wp-json\/wp\/v2\/users\/1285"}],"replies":[{"embeddable":true,"href":"https:\/\/wp.unil.ch\/histoireparlesdonnees\/wp-json\/wp\/v2\/comments?post=2"}],"version-history":[{"count":4,"href":"https:\/\/wp.unil.ch\/histoireparlesdonnees\/wp-json\/wp\/v2\/pages\/2\/revisions"}],"predecessor-version":[{"id":2801,"href":"https:\/\/wp.unil.ch\/histoireparlesdonnees\/wp-json\/wp\/v2\/pages\/2\/revisions\/2801"}],"wp:attachment":[{"href":"https:\/\/wp.unil.ch\/histoireparlesdonnees\/wp-json\/wp\/v2\/media?parent=2"}],"curies":[{"name":"wp","href":"https:\/\/api.w.org\/{rel}","templated":true}]}}