{"id":193,"date":"2017-03-15T11:12:28","date_gmt":"2017-03-15T10:12:28","guid":{"rendered":"http:\/\/wp.unil.ch\/histoireparlesdonnees\/?page_id=193"},"modified":"2017-05-31T19:05:45","modified_gmt":"2017-05-31T17:05:45","slug":"bibliographie","status":"publish","type":"page","link":"https:\/\/wp.unil.ch\/histoireparlesdonnees\/les-travaux\/lurss-de-brejnev-vue-par-les-medias-suisses\/bibliographie\/","title":{"rendered":"Bibliographie"},"content":{"rendered":"<div style=\"background-color: #eee;padding: 20px 20px;margin: 10px;float: right;width: 300px\">\n<h1 style=\"font-size: 20px;line-height: normal\">L\u2019URSS de Brejnev vue par les m\u00e9dias suisses<\/h1>\n<ul style=\"margin-bottom: 0;padding-bottom: 0\">\n<li><a href=\"https:\/\/wp.unil.ch\/histoireparlesdonnees\/les-travaux\/lurss-de-brejnev-vue-par-les-medias-suisses\/\">Introduction<\/a><\/li>\n<li><a href=\"https:\/\/wp.unil.ch\/histoireparlesdonnees\/les-travaux\/lurss-de-brejnev-vue-par-les-medias-suisses\/contexte-historique\/\">Contexte historique<\/a><\/li>\n<li><a href=\"https:\/\/wp.unil.ch\/histoireparlesdonnees\/les-travaux\/lurss-de-brejnev-vue-par-les-medias-suisses\/methodologie\">M\u00e9thodologie<\/a>\n<ul>\n<li><a href=\"https:\/\/wp.unil.ch\/histoireparlesdonnees\/les-travaux\/lurss-de-brejnev-vue-par-les-medias-suisses\/methodes-numeriques\/\">M\u00e9thodes num\u00e9riques<\/a><\/li>\n<\/ul>\n<\/li>\n<li><a href=\"https:\/\/wp.unil.ch\/histoireparlesdonnees\/les-travaux\/lurss-de-brejnev-vue-par-les-medias-suisses\/interpretation-des-resultats\/\">Interpr\u00e9tation des r\u00e9sultats<\/a><\/li>\n<li><a href=\"https:\/\/wp.unil.ch\/histoireparlesdonnees\/les-travaux\/lurss-de-brejnev-vue-par-les-medias-suisses\/bibliographie\/\">Bibliographie<\/a><\/li>\n<\/ul>\n<\/div>\n[1]<a id=\"Xouimet2003rise\"><\/a>M.J. Ouimet. <em>The Rise and Fall of the Brezhnev Doctrine in Soviet Foreign Policy<\/em>. New Cold War history. University of North Carolina Press, 2003. URL: <a href=\"https:\/\/books.google.ch\/books?id=aFSwrUcuDWsC\">https:\/\/books.google.ch\/books?id=aFSwrUcuDWsC<\/a>.<\/p>\n[2]<a id=\"Xaltermatt\"><\/a>Altermatt. <em>La politique \u00e9trang\u00e8re de la Suisse pendant la guerre froide(Vol. 5)<\/em>. Collection le savoir suisse.<br \/>\nURL:<br \/>\n<a href=\"https:\/\/books.google.ch\/books?isbn=2880745942\">https:\/\/books.google.ch\/books?isbn=2880745942<\/a>.<\/p>\n[3]<a id=\"Xwerth2013histoire\"><\/a>N.\u00a0Werth. <em>Histoire de l\u2019Union sovi\u00e9tique de Khrouchtchev \u00e0 Gorbatchev (1953-1991)<\/em><br \/>\n&#8220;Que sais-je?&#8221; n 3038. Presses Universitaires de France, 2013. URL:<br \/>\n<a href=\"https:\/\/books.google.ch\/books?id=U4MKCwAAQBAJ\">https:\/\/books.google.ch\/books?id=U4MKCwAAQBAJ<\/a>.<\/p>\n[4]<a id=\"Xgleason2009companion\"><\/a>A. Gleason. <em>A Companion to Russian History<\/em>. Wiley Blackwell Companions to World History.Wiley, 2009. URL:<a href=\"https:\/\/books.google.ch\/books?id=JyN0hlKcfTcC\">https:\/\/books.google.ch\/books?id=JyN0hlKcfTcC<\/a>.<\/p>\n[5]<a id=\"Xletemps_archives\"><\/a>Les archives du temps. URL: <a href=\"https:\/\/www.letempsarchives.ch\">https:\/\/www.letempsarchives.ch<\/a>.<\/p>\n[6]<a id=\"Xdetente_contestation_1973\"><\/a>Dodis Documents Diplomatiques\u00a0Suisses. D\u00e9tente internationale et contestation en urss. URL:<a href=\"https:\/\/dodis.ch\/38806\">https:\/\/dodis.ch\/38806<\/a>.<\/p>\n[7]<a id=\"Xprague_dodis\"><\/a>Dodis Documents Diplomatiques\u00a0Suisses. Protocole de la s\u00e9ance du 23.8.1968 sur la crise de<br \/>\nprague. URL: <a href=\"https:\/\/dodis.ch\/32187\">https:\/\/dodis.ch\/32187<\/a>.<\/p>\n[8]<a id=\"Xnon_proliferation\"><\/a> Dodis Documents Diplomatiques\u00a0Suisses. Trait\u00e9 de non-prolif\u00e9ration des armes atomiques. Etat de la question \u00e0 l&#8217;issue des travaux du Comit\u00e9 des 18.<br \/>\nURL: <a href=\"https:\/\/dodis.ch\/33231\">https:\/\/dodis.ch\/33231<\/a>.<\/p>\n[9]<a id=\"Xnon_proliferation2\"><\/a> Dodis Documents Diplomatiques\u00a0Suisses. No 3. Trait\u00e9 de non-prolif\u00e9ration nucl\u00e9aire.<br \/>\nURL: <a href=\"https:\/\/dodis.ch\/33226\">https:\/\/dodis.ch\/33226<\/a>.<br \/>\n[10]<a id=\"Xgephi_page\"><\/a>Logiciel gephi. URL: <a href=\"https:\/\/gephi.org\">https:\/\/gephi.org<\/a>.<\/p>\n[11]<a id=\"Xiramueq_page\"><\/a>Logiciel iramuteq. URL: <a href=\"https:\/\/www.iramuteq.org\">https:\/\/www.iramuteq.org<\/a>.<\/p>\n","protected":false},"excerpt":{"rendered":"<p>L\u2019URSS de Brejnev vue par les m\u00e9dias suisses Introduction Contexte historique M\u00e9thodologie M\u00e9thodes num\u00e9riques Interpr\u00e9tation des r\u00e9sultats Bibliographie [1]M.J. Ouimet. The Rise and Fall of the Brezhnev Doctrine in Soviet Foreign Policy. New Cold War history. University of North Carolina<\/p>\n","protected":false},"author":1001264,"featured_media":0,"parent":179,"menu_order":4,"comment_status":"closed","ping_status":"closed","template":"","meta":{"_seopress_robots_primary_cat":"","_seopress_titles_title":"","_seopress_titles_desc":"","_seopress_robots_index":"","footnotes":""},"class_list":["post-193","page","type-page","status-publish"],"_links":{"self":[{"href":"https:\/\/wp.unil.ch\/histoireparlesdonnees\/wp-json\/wp\/v2\/pages\/193","targetHints":{"allow":["GET"]}}],"collection":[{"href":"https:\/\/wp.unil.ch\/histoireparlesdonnees\/wp-json\/wp\/v2\/pages"}],"about":[{"href":"https:\/\/wp.unil.ch\/histoireparlesdonnees\/wp-json\/wp\/v2\/types\/page"}],"author":[{"embeddable":true,"href":"https:\/\/wp.unil.ch\/histoireparlesdonnees\/wp-json\/wp\/v2\/users\/1001264"}],"replies":[{"embeddable":true,"href":"https:\/\/wp.unil.ch\/histoireparlesdonnees\/wp-json\/wp\/v2\/comments?post=193"}],"version-history":[{"count":0,"href":"https:\/\/wp.unil.ch\/histoireparlesdonnees\/wp-json\/wp\/v2\/pages\/193\/revisions"}],"up":[{"embeddable":true,"href":"https:\/\/wp.unil.ch\/histoireparlesdonnees\/wp-json\/wp\/v2\/pages\/179"}],"wp:attachment":[{"href":"https:\/\/wp.unil.ch\/histoireparlesdonnees\/wp-json\/wp\/v2\/media?parent=193"}],"curies":[{"name":"wp","href":"https:\/\/api.w.org\/{rel}","templated":true}]}}