{"id":181,"date":"2017-03-15T11:03:46","date_gmt":"2017-03-15T10:03:46","guid":{"rendered":"http:\/\/wp.unil.ch\/histoireparlesdonnees\/?page_id=181"},"modified":"2017-05-31T19:04:46","modified_gmt":"2017-05-31T17:04:46","slug":"contexte-historique","status":"publish","type":"page","link":"https:\/\/wp.unil.ch\/histoireparlesdonnees\/les-travaux\/lurss-de-brejnev-vue-par-les-medias-suisses\/contexte-historique\/","title":{"rendered":"Contexte historique"},"content":{"rendered":"<div style=\"background-color: #eee;padding: 20px 20px;margin: 10px;float: right;width: 300px\">\n<h1 style=\"font-size: 20px;line-height: normal\">L\u2019URSS de Brejnev vue par les m\u00e9dias suisses<\/h1>\n<ul style=\"margin-bottom: 0;padding-bottom: 0\">\n<li><a href=\"https:\/\/wp.unil.ch\/histoireparlesdonnees\/les-travaux\/lurss-de-brejnev-vue-par-les-medias-suisses\/\">Introduction<\/a><\/li>\n<li><a href=\"https:\/\/wp.unil.ch\/histoireparlesdonnees\/les-travaux\/lurss-de-brejnev-vue-par-les-medias-suisses\/contexte-historique\/\">Contexte historique<\/a><\/li>\n<li><a href=\"https:\/\/wp.unil.ch\/histoireparlesdonnees\/les-travaux\/lurss-de-brejnev-vue-par-les-medias-suisses\/methodologie\">M\u00e9thodologie<\/a>\n<ul>\n<li><a href=\"https:\/\/wp.unil.ch\/histoireparlesdonnees\/les-travaux\/lurss-de-brejnev-vue-par-les-medias-suisses\/methodes-numeriques\/\">M\u00e9thodes num\u00e9riques<\/a><\/li>\n<\/ul>\n<\/li>\n<li><a href=\"https:\/\/wp.unil.ch\/histoireparlesdonnees\/les-travaux\/lurss-de-brejnev-vue-par-les-medias-suisses\/interpretation-des-resultats\/\">Interpr\u00e9tation des r\u00e9sultats<\/a><\/li>\n<li><a href=\"https:\/\/wp.unil.ch\/histoireparlesdonnees\/les-travaux\/lurss-de-brejnev-vue-par-les-medias-suisses\/bibliographie\/\">Bibliographie<\/a><\/li>\n<\/ul>\n<\/div>\n<p>Dans un contexte de course fr\u00e9n\u00e9tique \u00e0 l\u2019armement des blocs am\u00e9ricain et sovi\u00e9tique, la p\u00e9riode dite de la Guerre froide s\u2019\u00e9tale sur toute la deuxi\u00e8me moiti\u00e9 du 20\u00e8me si\u00e8cle, depuis la fin de la Deuxi\u00e8me Guerre mondiale jusqu\u2019\u00e0 la dislocation du bloc sovi\u00e9tique en 1991. L\u2019arriv\u00e9e de Brejnev au pouvoir en 1964 s\u2019effectue dans un contexte particulier de d\u00e9tente des relations avec les Etats-Unis.<\/p>\n<figure><figcaption><\/figcaption><\/figure>\n<figure id=\"attachment_605\" aria-describedby=\"caption-attachment-605\" style=\"width: 300px\" class=\"wp-caption alignleft\"><a href=\"https:\/\/commons.wikimedia.org\/wiki\/File%3APoign%C3%A9e_de_mains_OnR%C3%A8gle.png\"><img alt=\"\" loading=\"lazy\" decoding=\"async\" class=\"wp-image-605\" src=\"https:\/\/wp.unil.ch\/histoireparlesdonnees\/files\/2017\/05\/05-URSS.png\" alt=\"\" width=\"300\" height=\"300\" srcset=\"https:\/\/wp.unil.ch\/histoireparlesdonnees\/files\/2017\/05\/05-URSS.png 987w, https:\/\/wp.unil.ch\/histoireparlesdonnees\/files\/2017\/05\/05-URSS-150x150.png 150w, https:\/\/wp.unil.ch\/histoireparlesdonnees\/files\/2017\/05\/05-URSS-300x300.png 300w, https:\/\/wp.unil.ch\/histoireparlesdonnees\/files\/2017\/05\/05-URSS-768x768.png 768w, https:\/\/wp.unil.ch\/histoireparlesdonnees\/files\/2017\/05\/05-URSS-230x230.png 230w, https:\/\/wp.unil.ch\/histoireparlesdonnees\/files\/2017\/05\/05-URSS-365x365.png 365w\" sizes=\"auto, (max-width: 300px) 100vw, 300px\" \/><\/a><figcaption id=\"caption-attachment-605\" class=\"wp-caption-text\">Fig. 1 : Source: Wikipedia. La p\u00e9riode \u00e9tudi\u00e9e est marqu\u00e9e par une d\u00e9tente des relations entre Am\u00e9ricains et Sovi\u00e9tiques.<\/figcaption><\/figure>\n<p>Pour cause, la politique dite de &#8220;d\u00e9stalinisation&#8221; instaur\u00e9e par Khrouchtchev quelques ann\u00e9es auparavant a vis\u00e9 \u00e0 cr\u00e9er une atmosph\u00e8re de &#8220;coexistence pacifique&#8221; avec le bloc de l\u2019ouest. Par la suite, alors que la crise de Cuba, qui marque la fin de l\u2019\u00e8re Khrouchtchev (1962), est proche de provoquer une troisi\u00e8me guerre mondiale, les d\u00e9cisions qui suivent tentent en premier lieu de calmer l\u2019atmosph\u00e8re entre les deux blocs. De mani\u00e8re notable, la mise en place du t\u00e9l\u00e9phone rouge en 1963 reliant les Etats-Unis au Kremlin, ainsi que la longue s\u00e9rie de trait\u00e9s sign\u00e9s entre l\u2019URSS et le bloc de l\u2019ouest montr\u00e8rent leur pr\u00e9occupation quant \u00e0 la dangerosit\u00e9 de l\u2019armement nucl\u00e9aire<a href=\"https:\/\/wp.unil.ch\/histoireparlesdonnees\/les-travaux\/lurss-de-brejnev-vue-par-les-medias-suisses\/bibliographie\/\">[3]<\/a>.<\/p>\n<p>&nbsp;<\/p>\n<p>&nbsp;<\/p>\n<h3>R\u00e8gne de Leonid Brejnev, \u00e9v\u00e9nements majeurs<\/h3>\n<figure id=\"attachment_604\" aria-describedby=\"caption-attachment-604\" style=\"width: 440px\" class=\"wp-caption alignleft\"><a href=\"https:\/\/commons.wikimedia.org\/wiki\/File:Brezhnev-color.jpg#\/media\/File:Brezhnev-color.jpg\"><img alt=\"\" loading=\"lazy\" decoding=\"async\" class=\"size-full wp-image-604\" src=\"https:\/\/wp.unil.ch\/histoireparlesdonnees\/files\/2017\/05\/05-Brej.jpg\" alt=\"\" width=\"440\" height=\"651\" srcset=\"https:\/\/wp.unil.ch\/histoireparlesdonnees\/files\/2017\/05\/05-Brej.jpg 440w, https:\/\/wp.unil.ch\/histoireparlesdonnees\/files\/2017\/05\/05-Brej-203x300.jpg 203w\" sizes=\"auto, (max-width: 440px) 100vw, 440px\" \/><\/a><figcaption id=\"caption-attachment-604\" class=\"wp-caption-text\">Leonid Brejnev (1906-1982).<\/figcaption><\/figure>\n<p>Les \u00e9v\u00e9nements historiques s\u00e9lectionn\u00e9s pour ce travail se consacrent exclusivement \u00e0 l\u2019\u00e9poque durant laquelle Brejnev est au pouvoir. De mani\u00e8re globale, le contraste le plus int\u00e9ressant est \u00e0 noter entre la p\u00e9riode de d\u00e9tente qui pr\u00e9c\u00e9da les accords d\u2019Helsinki (1975) et la remont\u00e9e progressive des tensions entre les deux blocs qui se solda par la guerre d\u2019Afghanistan en 1979.<br \/>\nDurant la premi\u00e8re p\u00e9riode, comme explicit\u00e9 pr\u00e9c\u00e9demment, beaucoup de trait\u00e9s sont sign\u00e9s dont on citera \u00a0: le <em> Limited test ban treaty <\/em> en 1963 contre les essais nucl\u00e9aires en atmosph\u00e8re, le <em> trait\u00e9 sur la non-prolif\u00e9ration d\u2019armes nucl\u00e9aires <\/em> en 1968<a href=\"https:\/\/wp.unil.ch\/histoireparlesdonnees\/les-travaux\/lurss-de-brejnev-vue-par-les-medias-suisses\/bibliographie\/\">[8,9]<\/a>, <em>SALT 1<\/em>, sign\u00e9 en 1971 et pour finir, les accords d&#8217;Helsinki de 1975. Ces derniers repr\u00e9sentent une avanc\u00e9e cons\u00e9quente en mati\u00e8re de coop\u00e9ration en Europe. En opposition, la r\u00e9volte tch\u00e8que contre le communisme en 1968, appel\u00e9e printemps de Prague, augmente grandement les tensions avec les pays europ\u00e9ens mais aussi dans le bloc sovi\u00e9tique lui-m\u00eame<a href=\"https:\/\/wp.unil.ch\/histoireparlesdonnees\/les-travaux\/lurss-de-brejnev-vue-par-les-medias-suisses\/bibliographie\/\">[2,7]<\/a>. La d\u00e9cision prise par Brejnev, sous le pr\u00e9texte de la souverainet\u00e9 limit\u00e9e des Etats satellites, d\u2019envahir la Tch\u00e9coslovaquie afin de maintenir l\u2019ordre est consid\u00e9r\u00e9e comme une grave menace par une grande partie des \u00e9tats europ\u00e9ens, communiste ou non.<br \/>\nEn deuxi\u00e8me p\u00e9riode, la d\u00e9tente commence \u00e0 s\u2019essouffler pour laisser r\u00e9appara\u00eetre les tensions originelles entre les deux adversaires. Dans ce contexte, la guerre d\u2019Afghanistan fut choisie comme l\u2019\u00e9l\u00e9ment le plus important de la p\u00e9riode post-Helsinki, marquant en effet la fin de la d\u00e9tente. Cette derni\u00e8re fut accompagn\u00e9e de la crise polonaise due \u00e0 la r\u00e9pression du mouvement <em>Solidarnosc<\/em><a href=\"https:\/\/wp.unil.ch\/histoireparlesdonnees\/les-travaux\/lurss-de-brejnev-vue-par-les-medias-suisses\/bibliographie\/\">[5]<\/a><\/p>\n<h3>Pr\u00e9sentation du Corpus<\/h3>\n<p>Les textes qui seront soumis \u00e0 l\u2019analyse num\u00e9rique proviennent exclusivement des archives du Temps ( \u00ab Les Archives Du Temps \u00bb, <a href=\"https:\/\/wp.unil.ch\/histoireparlesdonnees\/les-travaux\/lurss-de-brejnev-vue-par-les-medias-suisses\/bibliographie\/\">[2]<\/a>), regroupant le Journal de Gen\u00e8ve (JDG) et la Gazette de Lausanne (GDL).Il faut prendre en compte que ce sont des m\u00e9dias lib\u00e9raux, qui ont donc une certaine opinion par rapport au communisme et \u00e0 l\u2019URSS. Dans leur globalit\u00e9, ces donn\u00e9es s\u2019\u00e9tendent sur tout le 20e si\u00e8cle. Leur degr\u00e9 de qualit\u00e9 (i.e de retranscription) est plut\u00f4t bon \u00e0 partir de 1920.<\/p>\n<p>Pour notre travail, la premi\u00e8re restriction temporelle ne gardera que les articles publi\u00e9s entre 1962 et 1984. De cette mani\u00e8re, toute l\u2019\u00e8re Brejnev pourra \u00eatre \u00e9tudi\u00e9e et la possibilit\u00e9 de regarder les transitions avant et apr\u00e8s Brejnev restent intacts.<\/p>\n<p>Plusieurs aspects de cette p\u00e9riode seront pass\u00e9s au crible. En particulier, notre analyse portera sur trois p\u00e9riodes distinctes : celle pr\u00e9c\u00e9dant la crise de Prague, celle s&#8217;\u00e9tendant de la crise de Prague \u00e0 la guerre d&#8217;Afghanistan et celle suivant la guerre d&#8217;Afghanistan. Des analyses lexicales permettent d\u2019affiner notre compr\u00e9hension de l\u2019opinion m\u00e9diatique \u00e0 leur sujet.<\/p>\n","protected":false},"excerpt":{"rendered":"<p>L\u2019URSS de Brejnev vue par les m\u00e9dias suisses Introduction Contexte historique M\u00e9thodologie M\u00e9thodes num\u00e9riques Interpr\u00e9tation des r\u00e9sultats Bibliographie Dans un contexte de course fr\u00e9n\u00e9tique \u00e0 l\u2019armement des blocs am\u00e9ricain et sovi\u00e9tique, la p\u00e9riode dite de la Guerre froide s\u2019\u00e9tale sur<\/p>\n","protected":false},"author":1001264,"featured_media":0,"parent":179,"menu_order":0,"comment_status":"closed","ping_status":"closed","template":"","meta":{"_seopress_robots_primary_cat":"","_seopress_titles_title":"","_seopress_titles_desc":"","_seopress_robots_index":"","footnotes":""},"class_list":["post-181","page","type-page","status-publish"],"_links":{"self":[{"href":"https:\/\/wp.unil.ch\/histoireparlesdonnees\/wp-json\/wp\/v2\/pages\/181","targetHints":{"allow":["GET"]}}],"collection":[{"href":"https:\/\/wp.unil.ch\/histoireparlesdonnees\/wp-json\/wp\/v2\/pages"}],"about":[{"href":"https:\/\/wp.unil.ch\/histoireparlesdonnees\/wp-json\/wp\/v2\/types\/page"}],"author":[{"embeddable":true,"href":"https:\/\/wp.unil.ch\/histoireparlesdonnees\/wp-json\/wp\/v2\/users\/1001264"}],"replies":[{"embeddable":true,"href":"https:\/\/wp.unil.ch\/histoireparlesdonnees\/wp-json\/wp\/v2\/comments?post=181"}],"version-history":[{"count":0,"href":"https:\/\/wp.unil.ch\/histoireparlesdonnees\/wp-json\/wp\/v2\/pages\/181\/revisions"}],"up":[{"embeddable":true,"href":"https:\/\/wp.unil.ch\/histoireparlesdonnees\/wp-json\/wp\/v2\/pages\/179"}],"wp:attachment":[{"href":"https:\/\/wp.unil.ch\/histoireparlesdonnees\/wp-json\/wp\/v2\/media?parent=181"}],"curies":[{"name":"wp","href":"https:\/\/api.w.org\/{rel}","templated":true}]}}