{"id":179,"date":"2017-03-15T11:01:59","date_gmt":"2017-03-15T10:01:59","guid":{"rendered":"http:\/\/wp.unil.ch\/histoireparlesdonnees\/?page_id=179"},"modified":"2017-05-31T19:06:35","modified_gmt":"2017-05-31T17:06:35","slug":"lurss-de-brejnev-vue-par-les-medias-suisses","status":"publish","type":"page","link":"https:\/\/wp.unil.ch\/histoireparlesdonnees\/les-travaux\/lurss-de-brejnev-vue-par-les-medias-suisses\/","title":{"rendered":"L\u2019URSS de Brejnev vue par les m\u00e9dias suisses"},"content":{"rendered":"<div style=\"background-color: #eee;padding: 20px 20px;margin: 10px;float: right;width: 300px\">\n<h1 style=\"font-size: 20px;line-height: normal\">L\u2019URSS de Brejnev vue par les m\u00e9dias suisses<\/h1>\n<ul style=\"margin-bottom: 0;padding-bottom: 0\">\n<li><a href=\"https:\/\/wp.unil.ch\/histoireparlesdonnees\/les-travaux\/lurss-de-brejnev-vue-par-les-medias-suisses\/\">Introduction<\/a><\/li>\n<li><a href=\"https:\/\/wp.unil.ch\/histoireparlesdonnees\/les-travaux\/lurss-de-brejnev-vue-par-les-medias-suisses\/contexte-historique\/\">Contexte historique<\/a><\/li>\n<li><a href=\"https:\/\/wp.unil.ch\/histoireparlesdonnees\/les-travaux\/lurss-de-brejnev-vue-par-les-medias-suisses\/methodologie\">M\u00e9thodologie<\/a>\n<ul>\n<li><a href=\"https:\/\/wp.unil.ch\/histoireparlesdonnees\/les-travaux\/lurss-de-brejnev-vue-par-les-medias-suisses\/methodes-numeriques\/\">M\u00e9thodes num\u00e9riques<\/a><\/li>\n<\/ul>\n<\/li>\n<li><a href=\"https:\/\/wp.unil.ch\/histoireparlesdonnees\/les-travaux\/lurss-de-brejnev-vue-par-les-medias-suisses\/interpretation-des-resultats\/\">Interpr\u00e9tation des r\u00e9sultats<\/a><\/li>\n<li><a href=\"https:\/\/wp.unil.ch\/histoireparlesdonnees\/les-travaux\/lurss-de-brejnev-vue-par-les-medias-suisses\/bibliographie\/\">Bibliographie<\/a><\/li>\n<\/ul>\n<\/div>\n<h2>Introduction<\/h2>\n<p>Dans l\u2019histoire mondiale r\u00e9cente, la p\u00e9riode dite de la Guerre froide reste un sujet extr\u00eamement important,\u00a0tant par sa richesse du point de vue des relations internationales que part sa s\u00e9gr\u00e9gation id\u00e9ologique. Les\u00a0rapports de force entre les Etats-Unis et l\u2019Union sovi\u00e9tique incarnent alors les principaux moteurs de la\u00a0politique mondiale. En d\u00e9coule l\u2019alternance entre des instants de d\u00e9tente, mat\u00e9rialis\u00e9s par une multitude de\u00a0trait\u00e9s et d\u2019actions pacifiques, et d\u2019autres de crise. La p\u00e9riode s\u2019\u00e9talant de 1962 \u00e0 1984, correspondant \u00e0 la\u00a0mont\u00e9e au pouvoir de L\u00e9onid Brejnev, est particuli\u00e8rement riche et sera \u00e9tudi\u00e9e dans ce\u00a0travail.<\/p>\n<p>Comme tout sujet historique, l\u2019analyse des diff\u00e9rents \u00e9v\u00e9nements de la Guerre Froide ne peut se faire de mani\u00e8re totalement objective. En effet, cette \u00e9tude d\u00e9pend grandement de l\u2019origine des documents et\u00a0des informations. Dans notre cas, l\u2019analyse se concentrera exclusivement sur les relations entre\u00a0l\u2019URSS et la Suisse, relat\u00e9es par la presse suisse. A cet effet, nous avons s\u00e9lectionn\u00e9, comme\u00a0base, deux journaux lib\u00e9raux suisse-romands, dont les propos seront compl\u00e9t\u00e9s par des documents\u00a0diplomatiques.<\/p>\n<p>A la fin de l\u2019examen des documents, nous serons en mesure d\u2019exposer l\u2019\u00e9volution de relations helv\u00e9tico-sovi\u00e9tique du point de vue suisse.<\/p>\n","protected":false},"excerpt":{"rendered":"<p>L\u2019URSS de Brejnev vue par les m\u00e9dias suisses Introduction Contexte historique M\u00e9thodologie M\u00e9thodes num\u00e9riques Interpr\u00e9tation des r\u00e9sultats Bibliographie Introduction Dans l\u2019histoire mondiale r\u00e9cente, la p\u00e9riode dite de la Guerre froide reste un sujet extr\u00eamement important,\u00a0tant par sa richesse du point<\/p>\n","protected":false},"author":1001264,"featured_media":0,"parent":17,"menu_order":5,"comment_status":"closed","ping_status":"closed","template":"","meta":{"_seopress_robots_primary_cat":"","_seopress_titles_title":"","_seopress_titles_desc":"","_seopress_robots_index":"","footnotes":""},"class_list":["post-179","page","type-page","status-publish"],"_links":{"self":[{"href":"https:\/\/wp.unil.ch\/histoireparlesdonnees\/wp-json\/wp\/v2\/pages\/179","targetHints":{"allow":["GET"]}}],"collection":[{"href":"https:\/\/wp.unil.ch\/histoireparlesdonnees\/wp-json\/wp\/v2\/pages"}],"about":[{"href":"https:\/\/wp.unil.ch\/histoireparlesdonnees\/wp-json\/wp\/v2\/types\/page"}],"author":[{"embeddable":true,"href":"https:\/\/wp.unil.ch\/histoireparlesdonnees\/wp-json\/wp\/v2\/users\/1001264"}],"replies":[{"embeddable":true,"href":"https:\/\/wp.unil.ch\/histoireparlesdonnees\/wp-json\/wp\/v2\/comments?post=179"}],"version-history":[{"count":0,"href":"https:\/\/wp.unil.ch\/histoireparlesdonnees\/wp-json\/wp\/v2\/pages\/179\/revisions"}],"up":[{"embeddable":true,"href":"https:\/\/wp.unil.ch\/histoireparlesdonnees\/wp-json\/wp\/v2\/pages\/17"}],"wp:attachment":[{"href":"https:\/\/wp.unil.ch\/histoireparlesdonnees\/wp-json\/wp\/v2\/media?parent=179"}],"curies":[{"name":"wp","href":"https:\/\/api.w.org\/{rel}","templated":true}]}}