{"id":1780,"date":"2022-05-25T14:20:29","date_gmt":"2022-05-25T12:20:29","guid":{"rendered":"https:\/\/wp.unil.ch\/histoireparlesdonnees\/?page_id=1780"},"modified":"2024-05-28T10:50:56","modified_gmt":"2024-05-28T08:50:56","slug":"les-travaux-2021-2022","status":"publish","type":"page","link":"https:\/\/wp.unil.ch\/histoireparlesdonnees\/les-travaux-2021-2022\/","title":{"rendered":"Travaux 2021-2022"},"content":{"rendered":"\n<p>Les \u00e9tudiants de l&#8217;ann\u00e9e 2021-2022 ont travaill\u00e9 sur les projets suivants:<\/p>\n\n\n\n<ul class=\"wp-block-list\"><li><a href=\"https:\/\/wp.unil.ch\/histoireparlesdonnees\/tchernobyl\/\" data-type=\"page\" data-id=\"1786\" target=\"_blank\" rel=\"noreferrer noopener\">Les m\u00e9dias romands face \u00e0 Tchernobyl <\/a><\/li><li><a href=\"https:\/\/wp.unil.ch\/histoireparlesdonnees\/kennedy-reagan\/\" data-type=\"page\" data-id=\"1790\">Kennedy, Reagan et l\u2019armement nucl\u00e9aire: Des personnalit\u00e9s explosives ?<\/a><\/li><li><a href=\"https:\/\/wp.unil.ch\/histoireparlesdonnees\/churchill-degaulle\/\" data-type=\"page\" data-id=\"1793\" target=\"_blank\" rel=\"noreferrer noopener\">Comparaison de la figure de de Gaulle et de Churchill dans la presse suisse<\/a>.<\/li><\/ul>\n\n\n\n<p><\/p>\n","protected":false},"excerpt":{"rendered":"<p>Les \u00e9tudiants de l&#8217;ann\u00e9e 2021-2022 ont travaill\u00e9 sur les projets suivants: Les m\u00e9dias romands face \u00e0 Tchernobyl Kennedy, Reagan et l\u2019armement nucl\u00e9aire: Des personnalit\u00e9s explosives ? Comparaison de la figure de de Gaulle et de Churchill dans la presse suisse.<\/p>\n","protected":false},"author":1002410,"featured_media":0,"parent":0,"menu_order":0,"comment_status":"closed","ping_status":"closed","template":"","meta":{"_seopress_robots_primary_cat":"","_seopress_titles_title":"","_seopress_titles_desc":"","_seopress_robots_index":"","footnotes":""},"class_list":["post-1780","page","type-page","status-publish"],"_links":{"self":[{"href":"https:\/\/wp.unil.ch\/histoireparlesdonnees\/wp-json\/wp\/v2\/pages\/1780","targetHints":{"allow":["GET"]}}],"collection":[{"href":"https:\/\/wp.unil.ch\/histoireparlesdonnees\/wp-json\/wp\/v2\/pages"}],"about":[{"href":"https:\/\/wp.unil.ch\/histoireparlesdonnees\/wp-json\/wp\/v2\/types\/page"}],"author":[{"embeddable":true,"href":"https:\/\/wp.unil.ch\/histoireparlesdonnees\/wp-json\/wp\/v2\/users\/1002410"}],"replies":[{"embeddable":true,"href":"https:\/\/wp.unil.ch\/histoireparlesdonnees\/wp-json\/wp\/v2\/comments?post=1780"}],"version-history":[{"count":1,"href":"https:\/\/wp.unil.ch\/histoireparlesdonnees\/wp-json\/wp\/v2\/pages\/1780\/revisions"}],"predecessor-version":[{"id":2455,"href":"https:\/\/wp.unil.ch\/histoireparlesdonnees\/wp-json\/wp\/v2\/pages\/1780\/revisions\/2455"}],"wp:attachment":[{"href":"https:\/\/wp.unil.ch\/histoireparlesdonnees\/wp-json\/wp\/v2\/media?parent=1780"}],"curies":[{"name":"wp","href":"https:\/\/api.w.org\/{rel}","templated":true}]}}