{"id":17,"date":"2017-02-27T09:47:56","date_gmt":"2017-02-27T08:47:56","guid":{"rendered":"http:\/\/wp.unil.ch\/histoireparlesdonnees\/?page_id=17"},"modified":"2024-05-28T10:45:29","modified_gmt":"2024-05-28T08:45:29","slug":"les-travaux","status":"publish","type":"page","link":"https:\/\/wp.unil.ch\/histoireparlesdonnees\/les-travaux\/","title":{"rendered":"Travaux 2016-2017"},"content":{"rendered":"<ul>\n<li><a href=\"https:\/\/wp.unil.ch\/histoireparlesdonnees\/les-travaux\/perceptions-du-conflit-israelo-palestinien-dans-la-gazette-de-lausanne-et-le-journal-de-geneve\/\">Perceptions du conflit isra\u00e9lo-palestinien dans la Gazette de Lausanne et le Journal de Gen\u00e8ve<\/a><\/li>\n<li><a href=\"https:\/\/wp.unil.ch\/histoireparlesdonnees\/les-travaux\/limportance-de-la-chine-dans-la-presse-romande-au-xxe-siecle\/\">L\u2019importance de la Chine dans la presse romande au XXe si\u00e8cle<\/a><\/li>\n<li><a href=\"https:\/\/wp.unil.ch\/histoireparlesdonnees\/les-travaux\/evolution-linguistique-du-debat-public-autour-de-limmigration-en-suisse\/\">\u00c9volution linguistique du d\u00e9bat public autour de l\u2019immigration en Suisse<\/a><\/li>\n<li><a href=\"https:\/\/wp.unil.ch\/histoireparlesdonnees\/les-travaux\/la-presse-suisse-face-a-des-regimes-autoritaires-lespagne-la-grece-et-le-portugal-au-xxeme-siecle-a-travers-lanalyse-du-journal-de-geneve-et-de-la-gazette-de-lausanne\/\">La mani\u00e8re dont la presse suisse per\u00e7oit les r\u00e9gimes autoritaires europ\u00e9ens au XXe si\u00e8cle (Espagne, Portugal, Gr\u00e8ce)<\/a><\/li>\n<li><a href=\"https:\/\/wp.unil.ch\/histoireparlesdonnees\/les-travaux\/lurss-de-brejnev-vue-par-les-medias-suisses\/\">Analyse des relations internationales entre la Suisse et l\u2019URSS\/la Russie avec un point d&#8217;orgue sur la vision du communisme par la Suisse<\/a><\/li>\n<li><a href=\"https:\/\/wp.unil.ch\/histoireparlesdonnees\/les-travaux\/perception-de-la-decolonisation-et-des-nouvelles-independances-dans-la-gazette-de-lausanne-et-le-journal-de-geneve-durant-la-guerre-froide\/\">Perception de la d\u00e9colonisation et des nouvelles ind\u00e9pendances dans la <i>Gazette de Lausanne<\/i> et le <i>Journal de Gen\u00e8ve<\/i> durant la Guerre froide<\/a><\/li>\n<li><a href=\"https:\/\/wp.unil.ch\/histoireparlesdonnees\/les-travaux\/traitement-mediatique-de-la-neutralite-suisse\/\">Etude du traitement m\u00e9diatique de la neutralit\u00e9<\/a><\/li>\n<li><a href=\"https:\/\/wp.unil.ch\/histoireparlesdonnees\/les-travaux\/comparaison-du-traitement-mediatique-de-la-guerre-de-coree-et-de-la-guerre-du-vietnam\/\">Comparaison du traitement m\u00e9diatique de la Guerre de Cor\u00e9e et de la Guerre du Vietnam<\/a><\/li>\n<li><a href=\"https:\/\/wp.unil.ch\/histoireparlesdonnees\/les-travaux\/les-relations-internationales-de-la-suisse-dans-la-une-de-deux-journaux-liberaux-romands\/\">Les relations internationales de la Suisse dans la Une de deux journaux lib\u00e9raux romands<\/a><\/li>\n<\/ul>\n","protected":false},"excerpt":{"rendered":"<p>Perceptions du conflit isra\u00e9lo-palestinien dans la Gazette de Lausanne et le Journal de Gen\u00e8ve L\u2019importance de la Chine dans la presse romande au XXe si\u00e8cle \u00c9volution linguistique du d\u00e9bat public autour de l\u2019immigration en Suisse La mani\u00e8re dont la presse<\/p>\n","protected":false},"author":1001264,"featured_media":0,"parent":0,"menu_order":0,"comment_status":"closed","ping_status":"closed","template":"","meta":{"_seopress_robots_primary_cat":"","_seopress_titles_title":"","_seopress_titles_desc":"","_seopress_robots_index":"","footnotes":""},"class_list":["post-17","page","type-page","status-publish"],"_links":{"self":[{"href":"https:\/\/wp.unil.ch\/histoireparlesdonnees\/wp-json\/wp\/v2\/pages\/17","targetHints":{"allow":["GET"]}}],"collection":[{"href":"https:\/\/wp.unil.ch\/histoireparlesdonnees\/wp-json\/wp\/v2\/pages"}],"about":[{"href":"https:\/\/wp.unil.ch\/histoireparlesdonnees\/wp-json\/wp\/v2\/types\/page"}],"author":[{"embeddable":true,"href":"https:\/\/wp.unil.ch\/histoireparlesdonnees\/wp-json\/wp\/v2\/users\/1001264"}],"replies":[{"embeddable":true,"href":"https:\/\/wp.unil.ch\/histoireparlesdonnees\/wp-json\/wp\/v2\/comments?post=17"}],"version-history":[{"count":1,"href":"https:\/\/wp.unil.ch\/histoireparlesdonnees\/wp-json\/wp\/v2\/pages\/17\/revisions"}],"predecessor-version":[{"id":2453,"href":"https:\/\/wp.unil.ch\/histoireparlesdonnees\/wp-json\/wp\/v2\/pages\/17\/revisions\/2453"}],"wp:attachment":[{"href":"https:\/\/wp.unil.ch\/histoireparlesdonnees\/wp-json\/wp\/v2\/media?parent=17"}],"curies":[{"name":"wp","href":"https:\/\/api.w.org\/{rel}","templated":true}]}}