{"id":153,"date":"2017-03-15T10:43:15","date_gmt":"2017-03-15T09:43:15","guid":{"rendered":"http:\/\/wp.unil.ch\/histoireparlesdonnees\/?page_id=153"},"modified":"2017-05-31T18:30:43","modified_gmt":"2017-05-31T16:30:43","slug":"la-guerre-du-vietnam","status":"publish","type":"page","link":"https:\/\/wp.unil.ch\/histoireparlesdonnees\/les-travaux\/comparaison-du-traitement-mediatique-de-la-guerre-de-coree-et-de-la-guerre-du-vietnam\/la-guerre-du-vietnam\/","title":{"rendered":"La guerre du Vietnam"},"content":{"rendered":"<p><span style=\"font-family: Times New Roman,serif\"><span style=\"font-size: medium\"><span style=\"font-family: Calibri,serif\">??<\/span><\/span><\/span>Le Vietnam, appartenant \u00e0 la colonie fran\u00e7aise d\u2019Indochine, fut aussi occup\u00e9 par l\u2019arm\u00e9e Japonaise lors de la Seconde Guerre mondiale, ce qui d\u00e9stabilisa l\u2019emprise fran\u00e7aise. En 1954, \u00e0 l\u2019issue de la guerre d\u2019Indochine o\u00f9 l\u2019occupant fran\u00e7ais fut d\u00e9fait, les accords de Gen\u00e8ve divis\u00e8rent le Vietnam en deux zones de regroupement militaire, qui \u00e9volu\u00e8rent en deux pays lorsque le Sud refusa la r\u00e9unification en 1956. Le conflit a r\u00e9ellement d\u00e9but\u00e9 en 1965 quand les \u00c9tats-Unis, d\u00e9j\u00e0 pr\u00e9sents militairement au Vietnam d\u00e9cid\u00e8rent d\u2019y intervenir massivement, cette fois-ci sans l\u2019aval de l\u2019ONU, pour stopper la gu\u00e9rilla du Front National de Lib\u00e9ration du Sud Vietnam sans y parvenir. En janvier 1973 des accords de paix sont sign\u00e9s entre le Nord-Vietnam et les \u00c9tats-Unis \u00e0 Paris, et les Am\u00e9ricains se retirent du conflit. La guerre se poursuit entre les arm\u00e9es Vietnamiennes jusqu\u2019en avril 1975 avec la chute de Saigon, capitale du Vietnam du Sud, et signant la victoire nord-vietnamienne.<\/p>\n<p><span style=\"font-family: Times New Roman,serif\"><span style=\"font-size: medium\"><span style=\"font-family: Calibri,serif\">??<\/span><\/span><\/span>Dans ce conflit la Suisse a jou\u00e9 un r\u00f4le ambivalent, marqu\u00e9 par une affaire notable, celle des avions Pilatus-Porter, qui provoqua un choc dans l\u2019opinion publique. Des avions officiellement pr\u00e9vus pour un usage civil mais modifi\u00e9s pour un usage militaire furent vendus par l\u2019entreprise suisse aux Etats-Unis. Le gouvernement suisse n\u2019interdit pas non plus l\u2019exportation de pi\u00e8ces d\u2019horlogerie utilis\u00e9es par les Am\u00e9ricains dans l\u2019\u00e9laboration d\u2019explosifs.<a href=\"https:\/\/wp.unil.ch\/histoireparlesdonnees\/les-travaux\/comparaison-du-traitement-mediatique-de-la-guerre-de-coree-et-de-la-guerre-du-vietnam\/bibliographie\/\"><sup>[1,2,4]<\/sup><\/a><\/p>\n<p style=\"text-align: right\"><a href=\"https:\/\/wp.unil.ch\/histoireparlesdonnees\/les-travaux\/comparaison-du-traitement-mediatique-de-la-guerre-de-coree-et-de-la-guerre-du-vietnam\/bibliographie\/\">-&gt;<\/a><\/p>\n<div style=\"background-color: #eee;padding: 20px 20px\">\n<h2>Table des mati\u00e8res<\/h2>\n<ul style=\"margin-bottom: 0;padding-bottom: 0\">\n<li><a href=\"https:\/\/wp.unil.ch\/histoireparlesdonnees\/les-travaux\/comparaison-du-traitement-mediatique-de-la-guerre-de-coree-et-de-la-guerre-du-vietnam\/\">Comparaison du traitement m\u00e9diatique de la Guerre de Cor\u00e9e et de la Guerre du Vietnam<\/a><\/li>\n<\/ul>\n<ol style=\"margin-bottom: 0;padding-bottom: 0\">\n<li><a href=\"https:\/\/wp.unil.ch\/histoireparlesdonnees\/les-travaux\/comparaison-du-traitement-mediatique-de-la-guerre-de-coree-et-de-la-guerre-du-vietnam\/la-guerre-de-coree\/\">La guerre de Cor\u00e9e<\/a><\/li>\n<li><a href=\"https:\/\/wp.unil.ch\/histoireparlesdonnees\/les-travaux\/comparaison-du-traitement-mediatique-de-la-guerre-de-coree-et-de-la-guerre-du-vietnam\/la-guerre-du-vietnam\/\">La guerre du Vietnam<\/a><\/li>\n<li><a href=\"https:\/\/wp.unil.ch\/histoireparlesdonnees\/les-travaux\/comparaison-du-traitement-mediatique-de-la-guerre-de-coree-et-de-la-guerre-du-vietnam\/definition-des-corpus\/\">D\u00e9finition des corpus<\/a><\/li>\n<li><a href=\"https:\/\/wp.unil.ch\/histoireparlesdonnees\/les-travaux\/comparaison-du-traitement-mediatique-de-la-guerre-de-coree-et-de-la-guerre-du-vietnam\/traitement-informatique\/\">Traitement informatique<\/a><\/li>\n<li><a href=\"https:\/\/wp.unil.ch\/histoireparlesdonnees\/les-travaux\/comparaison-du-traitement-mediatique-de-la-guerre-de-coree-et-de-la-guerre-du-vietnam\/interpretation\/\">Interpr\u00e9tation<\/a>\n<ol>\n<li><a href=\"https:\/\/wp.unil.ch\/histoireparlesdonnees\/les-travaux\/comparaison-du-traitement-mediatique-de-la-guerre-de-coree-et-de-la-guerre-du-vietnam\/interpretation\/guerre-de-coree\/\">Guerre de Cor\u00e9e<\/a><\/li>\n<li><a href=\"https:\/\/wp.unil.ch\/histoireparlesdonnees\/les-travaux\/comparaison-du-traitement-mediatique-de-la-guerre-de-coree-et-de-la-guerre-du-vietnam\/interpretation\/guerre-du-vietnam\/\">Guerre du Vietnam<\/a><\/li>\n<\/ol>\n<\/li>\n<li><a href=\"https:\/\/wp.unil.ch\/histoireparlesdonnees\/les-travaux\/comparaison-du-traitement-mediatique-de-la-guerre-de-coree-et-de-la-guerre-du-vietnam\/conclusion\/\">Conclusion<\/a><\/li>\n<li><a href=\"https:\/\/wp.unil.ch\/histoireparlesdonnees\/les-travaux\/comparaison-du-traitement-mediatique-de-la-guerre-de-coree-et-de-la-guerre-du-vietnam\/bibliographie\/\">Bibliographie<\/a><\/li>\n<\/ol>\n<\/div>\n","protected":false},"excerpt":{"rendered":"<p>??Le Vietnam, appartenant \u00e0 la colonie fran\u00e7aise d\u2019Indochine, fut aussi occup\u00e9 par l\u2019arm\u00e9e Japonaise lors de la Seconde Guerre mondiale, ce qui d\u00e9stabilisa l\u2019emprise fran\u00e7aise. En 1954, \u00e0 l\u2019issue de la guerre d\u2019Indochine o\u00f9 l\u2019occupant fran\u00e7ais fut d\u00e9fait, les accords<\/p>\n","protected":false},"author":1001264,"featured_media":0,"parent":149,"menu_order":2,"comment_status":"closed","ping_status":"closed","template":"","meta":{"_seopress_robots_primary_cat":"","_seopress_titles_title":"","_seopress_titles_desc":"","_seopress_robots_index":"","footnotes":""},"class_list":["post-153","page","type-page","status-publish"],"_links":{"self":[{"href":"https:\/\/wp.unil.ch\/histoireparlesdonnees\/wp-json\/wp\/v2\/pages\/153","targetHints":{"allow":["GET"]}}],"collection":[{"href":"https:\/\/wp.unil.ch\/histoireparlesdonnees\/wp-json\/wp\/v2\/pages"}],"about":[{"href":"https:\/\/wp.unil.ch\/histoireparlesdonnees\/wp-json\/wp\/v2\/types\/page"}],"author":[{"embeddable":true,"href":"https:\/\/wp.unil.ch\/histoireparlesdonnees\/wp-json\/wp\/v2\/users\/1001264"}],"replies":[{"embeddable":true,"href":"https:\/\/wp.unil.ch\/histoireparlesdonnees\/wp-json\/wp\/v2\/comments?post=153"}],"version-history":[{"count":0,"href":"https:\/\/wp.unil.ch\/histoireparlesdonnees\/wp-json\/wp\/v2\/pages\/153\/revisions"}],"up":[{"embeddable":true,"href":"https:\/\/wp.unil.ch\/histoireparlesdonnees\/wp-json\/wp\/v2\/pages\/149"}],"wp:attachment":[{"href":"https:\/\/wp.unil.ch\/histoireparlesdonnees\/wp-json\/wp\/v2\/media?parent=153"}],"curies":[{"name":"wp","href":"https:\/\/api.w.org\/{rel}","templated":true}]}}