{"id":151,"date":"2017-03-15T10:42:39","date_gmt":"2017-03-15T09:42:39","guid":{"rendered":"http:\/\/wp.unil.ch\/histoireparlesdonnees\/?page_id=151"},"modified":"2017-05-31T18:30:25","modified_gmt":"2017-05-31T16:30:25","slug":"la-guerre-de-coree","status":"publish","type":"page","link":"https:\/\/wp.unil.ch\/histoireparlesdonnees\/les-travaux\/comparaison-du-traitement-mediatique-de-la-guerre-de-coree-et-de-la-guerre-du-vietnam\/la-guerre-de-coree\/","title":{"rendered":"La guerre de Cor\u00e9e"},"content":{"rendered":"<p align=\"justify\"><span style=\"font-family: Times New Roman,serif\"><span style=\"font-size: medium\"><span style=\"font-family: Calibri,serif\">??La Cor\u00e9e, occup\u00e9e par les Japonais lors de la Seconde Guerre mondiale, fut r\u00e9partie \u00e0 la lib\u00e9ration en deux zones d\u2019occupation, respectivement am\u00e9ricaine et sovi\u00e9tique. Cette division s\u2019accrut en 1948 lors du refus du Nord de participer aux \u00e9lections organis\u00e9es par les Etats-Unis provocant la partition de la Cor\u00e9e en deux \u00c9tats. En 1950, les arm\u00e9es du Nord men\u00e9es par Kim-Il-Sun envahissent le Sud du pays, d\u00e9marrant ainsi la Guerre de Cor\u00e9e. Les Etats-Unis s\u2019engagent alors aux c\u00f4t\u00e9s du Sud, avec l\u2019aval de l\u2019ONU. L\u2019arm\u00e9e am\u00e9ricaine du g\u00e9n\u00e9ral MacArthur parvient <\/span><span style=\"font-family: Calibri,serif\"><i>in extremis<\/i><\/span><span style=\"font-family: Calibri,serif\"> \u00e0 repousser les arm\u00e9es du Nord avant de contre-attaquer. Suite \u00e0 l\u2019arriv\u00e9e de volontaires chinois en renfort dans le Nord, le front se stabilise d\u00e8s 1951 au niveau du 38\u00e8me parall\u00e8le. Le conflit s\u2019enlise et un armistice est conclu en 1953, laissant la Cor\u00e9e d\u00e9vast\u00e9e et 3 millions de victimes, dont la moiti\u00e9 de civils. <\/span><\/span><\/span><\/p>\n<p align=\"justify\"><span style=\"font-family: Times New Roman,serif\"><span style=\"font-size: medium\"><span style=\"font-family: Calibri,serif\">??Lors de la Guerre de Cor\u00e9e, la Suisse s\u2019illustra principalement par ses bons offices. Elle participa \u00e0 l\u2019\u00e9tablissement de la paix et au respect de l\u2019armistice en Cor\u00e9e en y exer\u00e7ant une neutralit\u00e9 active. Elle fut sollicit\u00e9e par l\u2019ONU en tant qu\u2019Etat neutre pour int\u00e9grer la NNSC (Neutral Nations Supervisory Commission), commission charg\u00e9e de surveiller le respect du cessez-le-feu et la NNRC (Neutral Nations Repatriation Commission), charg\u00e9e de superviser les \u00e9changes de prisonniers entre les deux camps<\/span><\/span><\/span>.<a href=\"https:\/\/wp.unil.ch\/histoireparlesdonnees\/les-travaux\/comparaison-du-traitement-mediatique-de-la-guerre-de-coree-et-de-la-guerre-du-vietnam\/bibliographie\/\"><sup>[3]<\/sup><\/a> <span style=\"font-family: Times New Roman,serif\"><span style=\"font-size: medium\"><span style=\"font-family: Calibri,serif\">La Suisse accepta l\u2019offre sous l\u2019impulsion de Max Petitpierre, conseiller f\u00e9d\u00e9ral en charge des affaires \u00e9trang\u00e8res et pr\u00f4nant une neutralit\u00e9 active de la Suisse<\/span><\/span><\/span>.<a href=\"https:\/\/wp.unil.ch\/histoireparlesdonnees\/les-travaux\/comparaison-du-traitement-mediatique-de-la-guerre-de-coree-et-de-la-guerre-du-vietnam\/bibliographie\/\"><sup>[3]<\/sup><\/a> <span style=\"font-family: Times New Roman,serif\"><span style=\"font-size: medium\"><span style=\"font-family: Calibri,serif\">Les membres de la NNSC s\u2019organis\u00e8rent, d\u00e8s l\u2019armistice de 1953 pour envoyer des forces arm\u00e9es \u00e0 la fronti\u00e8re entre les deux Cor\u00e9es dans le but de surveiller le respect de la paix.<\/span><\/span><\/span><\/p>\n<p style=\"text-align: right\"><a href=\"https:\/\/wp.unil.ch\/histoireparlesdonnees\/les-travaux\/comparaison-du-traitement-mediatique-de-la-guerre-de-coree-et-de-la-guerre-du-vietnam\/la-guerre-du-vietnam\/\">-&gt;<\/a><\/p>\n<div style=\"background-color: #eee;padding: 20px 20px\">\n<h2>Table des mati\u00e8res<\/h2>\n<ul style=\"margin-bottom: 0;padding-bottom: 0\">\n<li><a href=\"https:\/\/wp.unil.ch\/histoireparlesdonnees\/les-travaux\/comparaison-du-traitement-mediatique-de-la-guerre-de-coree-et-de-la-guerre-du-vietnam\/\">Comparaison du traitement m\u00e9diatique de la Guerre de Cor\u00e9e et de la Guerre du Vietnam<\/a><\/li>\n<\/ul>\n<ol style=\"margin-bottom: 0;padding-bottom: 0\">\n<li><a href=\"https:\/\/wp.unil.ch\/histoireparlesdonnees\/les-travaux\/comparaison-du-traitement-mediatique-de-la-guerre-de-coree-et-de-la-guerre-du-vietnam\/la-guerre-de-coree\/\">La guerre de Cor\u00e9e<\/a><\/li>\n<li><a href=\"https:\/\/wp.unil.ch\/histoireparlesdonnees\/les-travaux\/comparaison-du-traitement-mediatique-de-la-guerre-de-coree-et-de-la-guerre-du-vietnam\/la-guerre-du-vietnam\/\">La guerre du Vietnam<\/a><\/li>\n<li><a href=\"https:\/\/wp.unil.ch\/histoireparlesdonnees\/les-travaux\/comparaison-du-traitement-mediatique-de-la-guerre-de-coree-et-de-la-guerre-du-vietnam\/definition-des-corpus\/\">D\u00e9finition des corpus<\/a><\/li>\n<li><a href=\"https:\/\/wp.unil.ch\/histoireparlesdonnees\/les-travaux\/comparaison-du-traitement-mediatique-de-la-guerre-de-coree-et-de-la-guerre-du-vietnam\/traitement-informatique\/\">Traitement informatique<\/a><\/li>\n<li><a href=\"https:\/\/wp.unil.ch\/histoireparlesdonnees\/les-travaux\/comparaison-du-traitement-mediatique-de-la-guerre-de-coree-et-de-la-guerre-du-vietnam\/interpretation\/\">Interpr\u00e9tation<\/a>\n<ol>\n<li><a href=\"https:\/\/wp.unil.ch\/histoireparlesdonnees\/les-travaux\/comparaison-du-traitement-mediatique-de-la-guerre-de-coree-et-de-la-guerre-du-vietnam\/interpretation\/guerre-de-coree\/\">Guerre de Cor\u00e9e<\/a><\/li>\n<li><a href=\"https:\/\/wp.unil.ch\/histoireparlesdonnees\/les-travaux\/comparaison-du-traitement-mediatique-de-la-guerre-de-coree-et-de-la-guerre-du-vietnam\/interpretation\/guerre-du-vietnam\/\">Guerre du Vietnam<\/a><\/li>\n<\/ol>\n<\/li>\n<li><a href=\"https:\/\/wp.unil.ch\/histoireparlesdonnees\/les-travaux\/comparaison-du-traitement-mediatique-de-la-guerre-de-coree-et-de-la-guerre-du-vietnam\/conclusion\/\">Conclusion<\/a><\/li>\n<li><a href=\"https:\/\/wp.unil.ch\/histoireparlesdonnees\/les-travaux\/comparaison-du-traitement-mediatique-de-la-guerre-de-coree-et-de-la-guerre-du-vietnam\/bibliographie\/\">Bibliographie<\/a><\/li>\n<\/ol>\n<\/div>\n","protected":false},"excerpt":{"rendered":"<p>??La Cor\u00e9e, occup\u00e9e par les Japonais lors de la Seconde Guerre mondiale, fut r\u00e9partie \u00e0 la lib\u00e9ration en deux zones d\u2019occupation, respectivement am\u00e9ricaine et sovi\u00e9tique. Cette division s\u2019accrut en 1948 lors du refus du Nord de participer aux \u00e9lections organis\u00e9es<\/p>\n","protected":false},"author":1001264,"featured_media":0,"parent":149,"menu_order":1,"comment_status":"closed","ping_status":"closed","template":"","meta":{"_seopress_robots_primary_cat":"","_seopress_titles_title":"","_seopress_titles_desc":"","_seopress_robots_index":"","footnotes":""},"class_list":["post-151","page","type-page","status-publish"],"_links":{"self":[{"href":"https:\/\/wp.unil.ch\/histoireparlesdonnees\/wp-json\/wp\/v2\/pages\/151","targetHints":{"allow":["GET"]}}],"collection":[{"href":"https:\/\/wp.unil.ch\/histoireparlesdonnees\/wp-json\/wp\/v2\/pages"}],"about":[{"href":"https:\/\/wp.unil.ch\/histoireparlesdonnees\/wp-json\/wp\/v2\/types\/page"}],"author":[{"embeddable":true,"href":"https:\/\/wp.unil.ch\/histoireparlesdonnees\/wp-json\/wp\/v2\/users\/1001264"}],"replies":[{"embeddable":true,"href":"https:\/\/wp.unil.ch\/histoireparlesdonnees\/wp-json\/wp\/v2\/comments?post=151"}],"version-history":[{"count":0,"href":"https:\/\/wp.unil.ch\/histoireparlesdonnees\/wp-json\/wp\/v2\/pages\/151\/revisions"}],"up":[{"embeddable":true,"href":"https:\/\/wp.unil.ch\/histoireparlesdonnees\/wp-json\/wp\/v2\/pages\/149"}],"wp:attachment":[{"href":"https:\/\/wp.unil.ch\/histoireparlesdonnees\/wp-json\/wp\/v2\/media?parent=151"}],"curies":[{"name":"wp","href":"https:\/\/api.w.org\/{rel}","templated":true}]}}