{"id":149,"date":"2017-03-15T10:41:59","date_gmt":"2017-03-15T09:41:59","guid":{"rendered":"http:\/\/wp.unil.ch\/histoireparlesdonnees\/?page_id=149"},"modified":"2017-05-31T18:34:43","modified_gmt":"2017-05-31T16:34:43","slug":"comparaison-du-traitement-mediatique-de-la-guerre-de-coree-et-de-la-guerre-du-vietnam","status":"publish","type":"page","link":"https:\/\/wp.unil.ch\/histoireparlesdonnees\/les-travaux\/comparaison-du-traitement-mediatique-de-la-guerre-de-coree-et-de-la-guerre-du-vietnam\/","title":{"rendered":"Comparaison du traitement m\u00e9diatique de la Guerre de Cor\u00e9e et de la Guerre du Vietnam"},"content":{"rendered":"<p align=\"justify\">Par Martin Doll, Eliott Le Du et Vincent Petri<\/p>\n<p align=\"justify\">\n<p align=\"justify\"><span style=\"font-family: Times New Roman,serif\"><span style=\"font-size: medium\"><span style=\"font-family: Calibri,serif\">??La Guerre de Cor\u00e9e (1950 \u2013 1953) et la Guerre du Vietnam (1963 \u2013 1975) constitu\u00e8rent deux des conflits les plus meurtriers entre bloc communiste et bloc capitaliste lors de la Guerre Froide. La Cor\u00e9e et le Vietnam furent tous deux divis\u00e9s en une moiti\u00e9 Nord administr\u00e9e par un r\u00e9gime autoritaire communiste et une moiti\u00e9 Sud li\u00e9e au bloc occidental. Ces deux guerres oppos\u00e8rent les Etats-Unis aux arm\u00e9es communistes locales soutenues par la Chine et ravag\u00e8rent les pays th\u00e9\u00e2tres du conflit.<\/span><\/span><\/span><\/p>\n<p align=\"justify\"><span style=\"font-family: Times New Roman,serif\"><span style=\"font-size: medium\"><span style=\"font-family: Calibri,serif\">??Lors de la Guerre Froide, le gouvernement suisse a toujours cherch\u00e9 un compromis entre sa neutralit\u00e9 et son appartenance au bloc occidental. Cependant il s\u2019est impliqu\u00e9 de fa\u00e7on tr\u00e8s diff\u00e9rente lors des guerres de Cor\u00e9e et du Vietnam. On peut alors s\u2019interroger sur la fa\u00e7on dont ces conflits ont \u00e9t\u00e9 relat\u00e9s par les m\u00e9dias suisses en analysant notamment la diff\u00e9rence de traitement m\u00e9diatique entre ces conflits. Pour cela, nous \u00e9tudierons les archives des journaux La Gazette de Lausanne et Le Journal de Gen\u00e8ve et essaierons de mettre en lien les diff\u00e9rences observ\u00e9es avec l\u2019attitude du gouvernement suisse<\/span><\/span><\/span>.<a href=\"https:\/\/wp.unil.ch\/histoireparlesdonnees\/les-travaux\/comparaison-du-traitement-mediatique-de-la-guerre-de-coree-et-de-la-guerre-du-vietnam\/bibliographie\/\"><sup>[1,2] <\/sup><\/a><span style=\"font-family: Times New Roman,serif\"><span style=\"font-size: medium\"><span style=\"font-family: Calibri,serif\">Ces deux journaux ayant des lignes \u00e9ditoriales lib\u00e9rales, il sera int\u00e9ressant d\u2019analyser le ton utilis\u00e9 pour traiter ces conflits entre bloc occidental et communiste. Nous commencerons par exposer les principales caract\u00e9ristiques des conflits et le r\u00f4le qu\u2019y a jou\u00e9 la Suisse. Nous d\u00e9finirons ensuite un corpus d\u2019articles au sein des archives que nous traiterons informatiquement.<\/span><\/span><\/span><\/p>\n<div style=\"background-color: #eee;padding: 20px 20px\">\n<h2>Table des mati\u00e8res<\/h2>\n<ul style=\"margin-bottom: 0;padding-bottom: 0\">\n<li><a href=\"https:\/\/wp.unil.ch\/histoireparlesdonnees\/les-travaux\/comparaison-du-traitement-mediatique-de-la-guerre-de-coree-et-de-la-guerre-du-vietnam\/\">Comparaison du traitement m\u00e9diatique de la Guerre de Cor\u00e9e et de la Guerre du Vietnam<\/a><\/li>\n<\/ul>\n<ol style=\"margin-bottom: 0;padding-bottom: 0\">\n<li><a href=\"https:\/\/wp.unil.ch\/histoireparlesdonnees\/les-travaux\/comparaison-du-traitement-mediatique-de-la-guerre-de-coree-et-de-la-guerre-du-vietnam\/la-guerre-de-coree\/\">La guerre de Cor\u00e9e<\/a><\/li>\n<li><a href=\"https:\/\/wp.unil.ch\/histoireparlesdonnees\/les-travaux\/comparaison-du-traitement-mediatique-de-la-guerre-de-coree-et-de-la-guerre-du-vietnam\/la-guerre-du-vietnam\/\">La guerre du Vietnam<\/a><\/li>\n<li><a href=\"https:\/\/wp.unil.ch\/histoireparlesdonnees\/les-travaux\/comparaison-du-traitement-mediatique-de-la-guerre-de-coree-et-de-la-guerre-du-vietnam\/definition-des-corpus\/\">D\u00e9finition des corpus<\/a><\/li>\n<li><a href=\"https:\/\/wp.unil.ch\/histoireparlesdonnees\/les-travaux\/comparaison-du-traitement-mediatique-de-la-guerre-de-coree-et-de-la-guerre-du-vietnam\/traitement-informatique\/\">Traitement informatique<\/a><\/li>\n<li><a href=\"https:\/\/wp.unil.ch\/histoireparlesdonnees\/les-travaux\/comparaison-du-traitement-mediatique-de-la-guerre-de-coree-et-de-la-guerre-du-vietnam\/interpretation\/\">Interpr\u00e9tation<\/a>\n<ol>\n<li><a href=\"https:\/\/wp.unil.ch\/histoireparlesdonnees\/les-travaux\/comparaison-du-traitement-mediatique-de-la-guerre-de-coree-et-de-la-guerre-du-vietnam\/interpretation\/guerre-de-coree\/\">Guerre de Cor\u00e9e<\/a><\/li>\n<li><a href=\"https:\/\/wp.unil.ch\/histoireparlesdonnees\/les-travaux\/comparaison-du-traitement-mediatique-de-la-guerre-de-coree-et-de-la-guerre-du-vietnam\/interpretation\/guerre-du-vietnam\/\">Guerre du Vietnam<\/a><\/li>\n<\/ol>\n<\/li>\n<li><a href=\"https:\/\/wp.unil.ch\/histoireparlesdonnees\/les-travaux\/comparaison-du-traitement-mediatique-de-la-guerre-de-coree-et-de-la-guerre-du-vietnam\/conclusion\/\">Conclusion<\/a><\/li>\n<li><a href=\"https:\/\/wp.unil.ch\/histoireparlesdonnees\/les-travaux\/comparaison-du-traitement-mediatique-de-la-guerre-de-coree-et-de-la-guerre-du-vietnam\/bibliographie\/\">Bibliographie<\/a><\/li>\n<\/ol>\n<\/div>\n","protected":false},"excerpt":{"rendered":"<p>Par Martin Doll, Eliott Le Du et Vincent Petri ??La Guerre de Cor\u00e9e (1950 \u2013 1953) et la Guerre du Vietnam (1963 \u2013 1975) constitu\u00e8rent deux des conflits les plus meurtriers entre bloc communiste et bloc capitaliste lors de la<\/p>\n","protected":false},"author":1001264,"featured_media":0,"parent":17,"menu_order":8,"comment_status":"closed","ping_status":"closed","template":"","meta":{"_seopress_robots_primary_cat":"","_seopress_titles_title":"","_seopress_titles_desc":"","_seopress_robots_index":"","footnotes":""},"class_list":["post-149","page","type-page","status-publish"],"_links":{"self":[{"href":"https:\/\/wp.unil.ch\/histoireparlesdonnees\/wp-json\/wp\/v2\/pages\/149","targetHints":{"allow":["GET"]}}],"collection":[{"href":"https:\/\/wp.unil.ch\/histoireparlesdonnees\/wp-json\/wp\/v2\/pages"}],"about":[{"href":"https:\/\/wp.unil.ch\/histoireparlesdonnees\/wp-json\/wp\/v2\/types\/page"}],"author":[{"embeddable":true,"href":"https:\/\/wp.unil.ch\/histoireparlesdonnees\/wp-json\/wp\/v2\/users\/1001264"}],"replies":[{"embeddable":true,"href":"https:\/\/wp.unil.ch\/histoireparlesdonnees\/wp-json\/wp\/v2\/comments?post=149"}],"version-history":[{"count":0,"href":"https:\/\/wp.unil.ch\/histoireparlesdonnees\/wp-json\/wp\/v2\/pages\/149\/revisions"}],"up":[{"embeddable":true,"href":"https:\/\/wp.unil.ch\/histoireparlesdonnees\/wp-json\/wp\/v2\/pages\/17"}],"wp:attachment":[{"href":"https:\/\/wp.unil.ch\/histoireparlesdonnees\/wp-json\/wp\/v2\/media?parent=149"}],"curies":[{"name":"wp","href":"https:\/\/api.w.org\/{rel}","templated":true}]}}