{"id":1337,"date":"2019-05-15T14:35:13","date_gmt":"2019-05-15T12:35:13","guid":{"rendered":"http:\/\/wp.unil.ch\/histoireparlesdonnees\/?page_id=1337"},"modified":"2024-05-28T10:52:05","modified_gmt":"2024-05-28T08:52:05","slug":"les-travaux-2018-2019","status":"publish","type":"page","link":"https:\/\/wp.unil.ch\/histoireparlesdonnees\/les-travaux-2018-2019\/","title":{"rendered":"Travaux 2018-2019"},"content":{"rendered":"<p>Les travaux de l&#8217;ann\u00e9e 2018-2019 traitaient des th\u00e9matiques suivantes :<\/p>\n<ul>\n<li><a href=\"https:\/\/wp.unil.ch\/histoireparlesdonnees\/le-secret-bancaire-suisse-au-xxe-siecle-dans-le-journal-de-geneve-et-la-gazette-de-lausanne\/\">Le secret bancaire suisse au XXe si\u00e8cle dans le Journal de Gen\u00e8ve et la Gazette de Lausanne<\/a><\/li>\n<li><a href=\"https:\/\/wp.unil.ch\/histoireparlesdonnees\/evolution-de-la-perception-de-liran-et-du-role-de-la-suisse-aupres-de-liran-pendant-la-guerre-froide-dans-la-presse-romande\/\">Evolution de la perception de l\u2019Iran et du r\u00f4le de la Suisse aupr\u00e8s de l\u2019Iran pendant la Guerre froide dans la presse romande<\/a><\/li>\n<li><a href=\"https:\/\/wp.unil.ch\/histoireparlesdonnees\/course-a-lespace\/\">Course \u00e0 l\u2019espace<\/a><\/li>\n<li><a href=\"https:\/\/wp.unil.ch\/histoireparlesdonnees\/regard-de-la-presse-suisse-sur-les-exportations-de-materiel-de-guerre-helvetique-pendant-la-guerre-froide\/\">Regard de la presse Suisse sur les exportations de mat\u00e9riel de guerre helv\u00e9tique pendant la guerre froide<\/a><\/li>\n<li><a href=\"https:\/\/wp.unil.ch\/histoireparlesdonnees\/de-la-creation-de-lopep-a-son-role-durant-la-deuxieme-crise-petroliere-le-point-de-vue-des-quotidiens-bourgeois-romands\/\">De la cr\u00e9ation de l\u2019OPEP \u00e0 son r\u00f4le durant la deuxi\u00e8me crise p\u00e9troli\u00e8re : le point de vue des quotidiens bourgeois romands<\/a><\/li>\n<li><a href=\"https:\/\/wp.unil.ch\/histoireparlesdonnees\/de-la-relation-americano-sovietique-de-1981-a-1991\/\">De la relation am\u00e9ricano-sovi\u00e9tique de 1981 \u00e0 1991<\/a><\/li>\n<li>L\u2019implication de la Suisse dans le processus de d\u00e9colonisation de l\u2019Alg\u00e9rie entre 1954 et 1962<\/li>\n<li><a href=\"https:\/\/wp.unil.ch\/histoireparlesdonnees\/mediatisation-de-la-guerre-du-vietnam-dans-la-presse-romande\/\">M\u00e9diatisation de la Guerre du Vietnam dans la presse romande<\/a><\/li>\n<\/ul>\n","protected":false},"excerpt":{"rendered":"<p>Les travaux de l&#8217;ann\u00e9e 2018-2019 traitaient des th\u00e9matiques suivantes : Le secret bancaire suisse au XXe si\u00e8cle dans le Journal de Gen\u00e8ve et la Gazette de Lausanne Evolution de la perception de l\u2019Iran et du r\u00f4le de la Suisse aupr\u00e8s<\/p>\n","protected":false},"author":1001833,"featured_media":0,"parent":0,"menu_order":0,"comment_status":"closed","ping_status":"closed","template":"","meta":{"_seopress_robots_primary_cat":"","_seopress_titles_title":"","_seopress_titles_desc":"","_seopress_robots_index":"","footnotes":""},"class_list":["post-1337","page","type-page","status-publish"],"_links":{"self":[{"href":"https:\/\/wp.unil.ch\/histoireparlesdonnees\/wp-json\/wp\/v2\/pages\/1337","targetHints":{"allow":["GET"]}}],"collection":[{"href":"https:\/\/wp.unil.ch\/histoireparlesdonnees\/wp-json\/wp\/v2\/pages"}],"about":[{"href":"https:\/\/wp.unil.ch\/histoireparlesdonnees\/wp-json\/wp\/v2\/types\/page"}],"author":[{"embeddable":true,"href":"https:\/\/wp.unil.ch\/histoireparlesdonnees\/wp-json\/wp\/v2\/users\/1001833"}],"replies":[{"embeddable":true,"href":"https:\/\/wp.unil.ch\/histoireparlesdonnees\/wp-json\/wp\/v2\/comments?post=1337"}],"version-history":[{"count":1,"href":"https:\/\/wp.unil.ch\/histoireparlesdonnees\/wp-json\/wp\/v2\/pages\/1337\/revisions"}],"predecessor-version":[{"id":2456,"href":"https:\/\/wp.unil.ch\/histoireparlesdonnees\/wp-json\/wp\/v2\/pages\/1337\/revisions\/2456"}],"wp:attachment":[{"href":"https:\/\/wp.unil.ch\/histoireparlesdonnees\/wp-json\/wp\/v2\/media?parent=1337"}],"curies":[{"name":"wp","href":"https:\/\/api.w.org\/{rel}","templated":true}]}}