{"id":124,"date":"2017-03-01T17:46:47","date_gmt":"2017-03-01T16:46:47","guid":{"rendered":"http:\/\/wp.unil.ch\/histoireparlesdonnees\/?page_id=124"},"modified":"2017-05-31T18:36:54","modified_gmt":"2017-05-31T16:36:54","slug":"similitudes-et-differences","status":"publish","type":"page","link":"https:\/\/wp.unil.ch\/histoireparlesdonnees\/les-travaux\/la-presse-suisse-face-a-des-regimes-autoritaires-lespagne-la-grece-et-le-portugal-au-xxeme-siecle-a-travers-lanalyse-du-journal-de-geneve-et-de-la-gazette-de-lausanne\/similitudes-et-differences\/","title":{"rendered":"Similitudes et diff\u00e9rences"},"content":{"rendered":"<div style=\"background-color: #eee;padding: 20px 20px;margin: 10px;float: right;width: 300px\">\n<h2>Table des mati\u00e8res<\/h2>\n<ul style=\"margin-bottom: 0;padding-bottom: 0\">\n<li><a href=\"https:\/\/wp.unil.ch\/histoireparlesdonnees\/les-travaux\/la-presse-suisse-face-a-des-regimes-autoritaires-lespagne-la-grece-et-le-portugal-au-xxeme-siecle-a-travers-lanalyse-du-journal-de-geneve-et-de-la-gazette-de-lausanne\/?preview_id=117&amp;preview_nonce=bdab984b54&amp;_thumbnail_id=-1&amp;preview=true\">Introduction<\/a><\/li>\n<li><a href=\"https:\/\/wp.unil.ch\/histoireparlesdonnees\/les-travaux\/la-presse-suisse-face-a-des-regimes-autoritaires-lespagne-la-grece-et-le-portugal-au-xxeme-siecle-a-travers-lanalyse-du-journal-de-geneve-et-de-la-gazette-de-lausanne\/lespagne-franquiste-1939-1975\/?preview_id=117&amp;preview_nonce=bdab984b54&amp;_thumbnail_id=-1&amp;preview=true\">L\u2019Espagne franquiste (1939-1975)<\/a><\/li>\n<li><a href=\"https:\/\/wp.unil.ch\/histoireparlesdonnees\/les-travaux\/la-presse-suisse-face-a-des-regimes-autoritaires-lespagne-la-grece-et-le-portugal-au-xxeme-siecle-a-travers-lanalyse-du-journal-de-geneve-et-de-la-gazette-de-lausanne\/le-portugal-lestado-novo-1933-1974\/\">Le Portugal: l&#8217;Estado Novo (1933-1974)<\/a><\/li>\n<li><a href=\"https:\/\/wp.unil.ch\/histoireparlesdonnees\/les-travaux\/la-presse-suisse-face-a-des-regimes-autoritaires-lespagne-la-grece-et-le-portugal-au-xxeme-siecle-a-travers-lanalyse-du-journal-de-geneve-et-de-la-gazette-de-lausanne\/la-grece-la-dictature-des-colonels-1967-1974\/\">La Gr\u00e8ce: La dictature des colonels (1967-1974)<\/a><\/li>\n<li><a href=\"https:\/\/wp.unil.ch\/histoireparlesdonnees\/les-travaux\/la-presse-suisse-face-a-des-regimes-autoritaires-lespagne-la-grece-et-le-portugal-au-xxeme-siecle-a-travers-lanalyse-du-journal-de-geneve-et-de-la-gazette-de-lausanne\/similitudes-et-differences\/\">Similitudes et diff\u00e9rences<\/a><\/li>\n<li><a href=\"https:\/\/wp.unil.ch\/histoireparlesdonnees\/les-travaux\/la-presse-suisse-face-a-des-regimes-autoritaires-lespagne-la-grece-et-le-portugal-au-xxeme-siecle-a-travers-lanalyse-du-journal-de-geneve-et-de-la-gazette-de-lausanne\/methodologie\/\">M\u00e9thodologie<\/a><\/li>\n<li><a href=\"https:\/\/wp.unil.ch\/histoireparlesdonnees\/les-travaux\/la-presse-suisse-face-a-des-regimes-autoritaires-lespagne-la-grece-et-le-portugal-au-xxeme-siecle-a-travers-lanalyse-du-journal-de-geneve-et-de-la-gazette-de-lausanne\/analyse\/\">Analyse<\/a><\/li>\n<li><a href=\"https:\/\/wp.unil.ch\/histoireparlesdonnees\/les-travaux\/la-presse-suisse-face-a-des-regimes-autoritaires-lespagne-la-grece-et-le-portugal-au-xxeme-siecle-a-travers-lanalyse-du-journal-de-geneve-et-de-la-gazette-de-lausanne\/conclusion\/\">Conclusion<\/a><\/li>\n<li><a href=\"https:\/\/wp.unil.ch\/histoireparlesdonnees\/les-travaux\/la-presse-suisse-face-a-des-regimes-autoritaires-lespagne-la-grece-et-le-portugal-au-xxeme-siecle-a-travers-lanalyse-du-journal-de-geneve-et-de-la-gazette-de-lausanne\/bibliographie-indicative\/\">Bibliographie indicative<\/a><\/li>\n<\/ul>\n<\/div>\n<p>Les trois r\u00e9gimes en question ont des points communs et des diff\u00e9rences qu\u2019il est opportun de d\u00e9gager. Tout d\u2019abord, les trois r\u00e9gimes ont \u00e9t\u00e9 instaur\u00e9s d\u2019une main de fer ; les coups d\u2019\u00e9tat et la mobilisation militaire sont les premiers traits communs qui les r\u00e9unit. Cependant, l\u2019Espagne a \u00e9t\u00e9 conquise par Franco apr\u00e8s une guerre civile de 3 ans, contrairement aux deux autres pays, o\u00f9 le pouvoir a \u00e9t\u00e9 pris plus facilement et rapidement. Par ailleurs, ils ont tous \u00e9t\u00e9 qualifi\u00e9s de r\u00e9gimes \u00ab\u00a0autoritaires\u00a0\u00bb mais pas forc\u00e9ment de r\u00e9gimes \u00ab\u00a0fascistes\u00a0\u00bb car ils ne se souciaient pas de la question \u00ab\u00a0raciale\u00a0\u00bb, ou en tout cas ne la mettaient pas au premier plan de leur politique.<\/p>\n<p>Un point commun important entre la dictature espagnole et portugaise est qu\u2019elles aient \u00e9t\u00e9 toutes deux traditionnelles et conservatrices dans leur nationalisme et qu\u2019elles aient voulu conserver leurs possessions restantes d\u2019outre-mer tandis qu\u2019en Gr\u00e8ce, l\u2019id\u00e9ologie religieuse n\u2019\u00e9tait pas un argument du r\u00e9gime et que la question des colonies ne s\u2019y posait pas. Bien que ces r\u00e9gimes chutent presque au m\u00eame moment, les dictatures espagnole et portugaise sont longues et quasiment contemporaines, alors que le r\u00e9gime des Colonels en Gr\u00e8ce est beaucoup plus court et \u00e9merge d\u2019un autre contexte politique international.<\/p>\n<p>La Conf\u00e9d\u00e9ration a eu une attitude officiellement neutre avec ces trois r\u00e9gimes mais en r\u00e9alit\u00e9, elle a \u00ab\u00a0particip\u00e9\u00a0\u00bb \u00e0 l\u2019instauration et au maintien du franquisme avant de s\u2019en \u00e9loigner pour finalement s\u2019en rapprocher de nouveau. Ses relations sont rest\u00e9es cordiales avec le Portugal alors qu\u2019en ce qui concerne la Gr\u00e8ce, la Suisse a pris position contre elle au Conseil de l\u2019Europe en demandant le respect des Droits de l\u2019Homme et des Libert\u00e9s fondamentales. Les trois r\u00e9gimes \u00e9taient per\u00e7us comme des remparts au communisme et la Suisse, suivant les positions politiques occidentales, a pr\u00e9f\u00e9r\u00e9 laisser libre cours \u00e0 la politique de Salazar et de Franco plut\u00f4t que de risquer une fragmentation bolch\u00e9vique en Europe de l\u2019Ouest. Le contexte de guerre froide a donc \u00e9t\u00e9 central au maintien de ces dictatures.<\/p>\n<p>En ce qui concerne l\u2019ouverture \u00e0 la communaut\u00e9 internationale, l\u2019entr\u00e9e de la Gr\u00e8ce au Conseil de l\u2019Europe fut suspendue pendant la dictature tandis que l\u2019Espagne et le Portugal ont formul\u00e9 leur candidature seulement apr\u00e8s que ces r\u00e9gimes autoritaires aient \u00e9t\u00e9 remplac\u00e9s. Ainsi, malgr\u00e9 le fait que l&#8217;Occident ait tol\u00e9r\u00e9 ces r\u00e9gimes et les crimes qui y ont \u00e9t\u00e9 commis en raison de leurs propres int\u00e9r\u00eats, ces pays sont rest\u00e9s temporairement inaptes \u00e0 l&#8217;adh\u00e9sion \u00e0 la Communaut\u00e9 Europ\u00e9enne car marginalis\u00e9s et ne respectant pas les normes d&#8217;adh\u00e9sion.<\/p>\n<p>Un dernier point commun que nous \u00e9voquons ici est celui des immigr\u00e9s de ces pays en Suisse. Durant la p\u00e9riode trait\u00e9e, l\u2019immigration espagnole \u00e9tait d\u00e9j\u00e0 importante. La Suisse comptait moins de Portugais et de Grecs mais parmi eux, se trouvaient de nombreux opposants au r\u00e9gime, notamment \u00e0 Gen\u00e8ve. Les opposants qui r\u00e9sidaient en Suisse sont donc un autre point commun entre ces r\u00e9gimes et de nombreuses manifestations \u00e0 leur encontre y ont eu lieu. Suivant les \u00e9poques et les tendances politiques, les immigr\u00e9s ont fait pression sur la Conf\u00e9d\u00e9ration et les \u00e9tats concern\u00e9s ont parfois r\u00e9clam\u00e9s aux autorit\u00e9s suisses l&#8217;interdiction de certaines manifestations. L\u2019enjeu d\u00e9licat de la libert\u00e9 d\u2019expression sur le sol helv\u00e9tique a donc \u00e9t\u00e9 parfois mis \u00e0 mal par ces dictatures. Les m\u00e9dias suisses, eux, ont souvent suivi leur inclination politique et nous verrons, \u00e0 travers nos analyses, comment des journaux \u00e0 tendance lib\u00e9rale ont pu souvent soutenir ou parfois condamner ces dictatures tout en devant s\u2019adapter \u00e0 la neutralit\u00e9 apparente de la Conf\u00e9d\u00e9ration et \u00e0 un lectorat mixte compos\u00e9 en partie d&#8217;immigr\u00e9s de ces pays.<\/p>\n<p style=\"text-align: right\"><a href=\"https:\/\/wp.unil.ch\/histoireparlesdonnees\/les-travaux\/la-presse-suisse-face-a-des-regimes-autoritaires-lespagne-la-grece-et-le-portugal-au-xxeme-siecle-a-travers-lanalyse-du-journal-de-geneve-et-de-la-gazette-de-lausanne\/methodologie\/\">-&gt;<\/a><\/p>\n","protected":false},"excerpt":{"rendered":"<p>Table des mati\u00e8res Introduction L\u2019Espagne franquiste (1939-1975) Le Portugal: l&#8217;Estado Novo (1933-1974) La Gr\u00e8ce: La dictature des colonels (1967-1974) Similitudes et diff\u00e9rences M\u00e9thodologie Analyse Conclusion Bibliographie indicative Les trois r\u00e9gimes en question ont des points communs et des diff\u00e9rences qu\u2019il<\/p>\n","protected":false},"author":1001264,"featured_media":0,"parent":115,"menu_order":4,"comment_status":"closed","ping_status":"closed","template":"","meta":{"_seopress_robots_primary_cat":"","_seopress_titles_title":"","_seopress_titles_desc":"","_seopress_robots_index":"","footnotes":""},"class_list":["post-124","page","type-page","status-publish"],"_links":{"self":[{"href":"https:\/\/wp.unil.ch\/histoireparlesdonnees\/wp-json\/wp\/v2\/pages\/124","targetHints":{"allow":["GET"]}}],"collection":[{"href":"https:\/\/wp.unil.ch\/histoireparlesdonnees\/wp-json\/wp\/v2\/pages"}],"about":[{"href":"https:\/\/wp.unil.ch\/histoireparlesdonnees\/wp-json\/wp\/v2\/types\/page"}],"author":[{"embeddable":true,"href":"https:\/\/wp.unil.ch\/histoireparlesdonnees\/wp-json\/wp\/v2\/users\/1001264"}],"replies":[{"embeddable":true,"href":"https:\/\/wp.unil.ch\/histoireparlesdonnees\/wp-json\/wp\/v2\/comments?post=124"}],"version-history":[{"count":0,"href":"https:\/\/wp.unil.ch\/histoireparlesdonnees\/wp-json\/wp\/v2\/pages\/124\/revisions"}],"up":[{"embeddable":true,"href":"https:\/\/wp.unil.ch\/histoireparlesdonnees\/wp-json\/wp\/v2\/pages\/115"}],"wp:attachment":[{"href":"https:\/\/wp.unil.ch\/histoireparlesdonnees\/wp-json\/wp\/v2\/media?parent=124"}],"curies":[{"name":"wp","href":"https:\/\/api.w.org\/{rel}","templated":true}]}}