{"id":122,"date":"2017-03-01T17:45:10","date_gmt":"2017-03-01T16:45:10","guid":{"rendered":"http:\/\/wp.unil.ch\/histoireparlesdonnees\/?page_id=122"},"modified":"2017-05-31T18:36:44","modified_gmt":"2017-05-31T16:36:44","slug":"la-grece-la-dictature-des-colonels-1967-1974","status":"publish","type":"page","link":"https:\/\/wp.unil.ch\/histoireparlesdonnees\/les-travaux\/la-presse-suisse-face-a-des-regimes-autoritaires-lespagne-la-grece-et-le-portugal-au-xxeme-siecle-a-travers-lanalyse-du-journal-de-geneve-et-de-la-gazette-de-lausanne\/la-grece-la-dictature-des-colonels-1967-1974\/","title":{"rendered":"La Gr\u00e8ce\u00a0: La dictature des colonels (1967-1974)"},"content":{"rendered":"<div style=\"background-color: #eee;padding: 20px 20px;margin: 10px;float: right;width: 300px\">\n<h2>Table des mati\u00e8res<\/h2>\n<ul style=\"margin-bottom: 0;padding-bottom: 0\">\n<li><a href=\"https:\/\/wp.unil.ch\/histoireparlesdonnees\/les-travaux\/la-presse-suisse-face-a-des-regimes-autoritaires-lespagne-la-grece-et-le-portugal-au-xxeme-siecle-a-travers-lanalyse-du-journal-de-geneve-et-de-la-gazette-de-lausanne\/?preview_id=117&amp;preview_nonce=bdab984b54&amp;_thumbnail_id=-1&amp;preview=true\">Introduction<\/a><\/li>\n<li><a href=\"https:\/\/wp.unil.ch\/histoireparlesdonnees\/les-travaux\/la-presse-suisse-face-a-des-regimes-autoritaires-lespagne-la-grece-et-le-portugal-au-xxeme-siecle-a-travers-lanalyse-du-journal-de-geneve-et-de-la-gazette-de-lausanne\/lespagne-franquiste-1939-1975\/?preview_id=117&amp;preview_nonce=bdab984b54&amp;_thumbnail_id=-1&amp;preview=true\">L\u2019Espagne franquiste (1939-1975)<\/a><\/li>\n<li><a href=\"https:\/\/wp.unil.ch\/histoireparlesdonnees\/les-travaux\/la-presse-suisse-face-a-des-regimes-autoritaires-lespagne-la-grece-et-le-portugal-au-xxeme-siecle-a-travers-lanalyse-du-journal-de-geneve-et-de-la-gazette-de-lausanne\/le-portugal-lestado-novo-1933-1974\/\">Le Portugal: l&#8217;Estado Novo (1933-1974)<\/a><\/li>\n<li><a href=\"https:\/\/wp.unil.ch\/histoireparlesdonnees\/les-travaux\/la-presse-suisse-face-a-des-regimes-autoritaires-lespagne-la-grece-et-le-portugal-au-xxeme-siecle-a-travers-lanalyse-du-journal-de-geneve-et-de-la-gazette-de-lausanne\/la-grece-la-dictature-des-colonels-1967-1974\/\">La Gr\u00e8ce: La dictature des colonels (1967-1974)<\/a><\/li>\n<li><a href=\"https:\/\/wp.unil.ch\/histoireparlesdonnees\/les-travaux\/la-presse-suisse-face-a-des-regimes-autoritaires-lespagne-la-grece-et-le-portugal-au-xxeme-siecle-a-travers-lanalyse-du-journal-de-geneve-et-de-la-gazette-de-lausanne\/similitudes-et-differences\/\">Similitudes et diff\u00e9rences<\/a><\/li>\n<li><a href=\"https:\/\/wp.unil.ch\/histoireparlesdonnees\/les-travaux\/la-presse-suisse-face-a-des-regimes-autoritaires-lespagne-la-grece-et-le-portugal-au-xxeme-siecle-a-travers-lanalyse-du-journal-de-geneve-et-de-la-gazette-de-lausanne\/methodologie\/\">M\u00e9thodologie<\/a><\/li>\n<li><a href=\"https:\/\/wp.unil.ch\/histoireparlesdonnees\/les-travaux\/la-presse-suisse-face-a-des-regimes-autoritaires-lespagne-la-grece-et-le-portugal-au-xxeme-siecle-a-travers-lanalyse-du-journal-de-geneve-et-de-la-gazette-de-lausanne\/analyse\/\">Analyse<\/a><\/li>\n<li><a href=\"https:\/\/wp.unil.ch\/histoireparlesdonnees\/les-travaux\/la-presse-suisse-face-a-des-regimes-autoritaires-lespagne-la-grece-et-le-portugal-au-xxeme-siecle-a-travers-lanalyse-du-journal-de-geneve-et-de-la-gazette-de-lausanne\/conclusion\/\">Conclusion<\/a><\/li>\n<li><a href=\"https:\/\/wp.unil.ch\/histoireparlesdonnees\/les-travaux\/la-presse-suisse-face-a-des-regimes-autoritaires-lespagne-la-grece-et-le-portugal-au-xxeme-siecle-a-travers-lanalyse-du-journal-de-geneve-et-de-la-gazette-de-lausanne\/bibliographie-indicative\/\">Bibliographie indicative<\/a><\/li>\n<\/ul>\n<\/div>\n<p>Dans la nuit du 20 au 21 avril 1967, les colonels Papad\u00f3poulos, Makarezos et le g\u00e9n\u00e9ral Pattakos profitent de l\u2019instabilit\u00e9 politique qui r\u00e8gne en Gr\u00e8ce, alors une monarchie constitutionnelle, pour mener un coup d\u2019\u00e9tat. Cette prise de pouvoir est d\u00e9crite par ses initiateurs comme une \u00ab R\u00e9volution \u00bb. Cependant, il s&#8217;agit bien d&#8217;une dictature militaire qui est mise en place. Ceci se traduit par le musellement des institutions d\u00e9mocratiques grecques et l\u2019arrestation de nombreux opposants au r\u00e9gime.<\/p>\n<p>Comme dans d&#8217;autres pays membres du Conseil de l\u2019Europe, dont la Gr\u00e8ce fait partie depuis 1949, une partie de l\u2019opinion publique suisse s\u2019oppose \u00e0 cette dictature. De cette volont\u00e9 na\u00eet en Suisse le \u00ab Comit\u00e9 suisse pour le r\u00e9tablissement de la d\u00e9mocratie en Gr\u00e8ce \u00bb dont le but est de maintenir la population suisse inform\u00e9e et d\u2019apporter son aide aux victimes de l&#8217;oppression.<\/p>\n<p>Pour autant, aucune action directe n\u2019est prise par le gouvernement, qui pr\u00e9f\u00e8re conserver des relations neutres vis-\u00e0-vis de la Gr\u00e8ce \u00e9tant donn\u00e9 la complexit\u00e9 des enjeux politiques et strat\u00e9giques de la guerre froide (notamment la peur du communisme). La Suisse reste donc un t\u00e9moin du r\u00e9gime des Colonels, avant d\u2019assister finalement \u00e0 son vacillement et \u00e0 sa fin en 1974, saluant cependant les manifestations \u00e9tudiantes qui sont les pr\u00e9mices de cette chute annonc\u00e9e.<\/p>\n<p style=\"text-align: right\"><a href=\"https:\/\/wp.unil.ch\/histoireparlesdonnees\/les-travaux\/la-presse-suisse-face-a-des-regimes-autoritaires-lespagne-la-grece-et-le-portugal-au-xxeme-siecle-a-travers-lanalyse-du-journal-de-geneve-et-de-la-gazette-de-lausanne\/similitudes-et-differences\/\">-&gt;<\/a><\/p>\n","protected":false},"excerpt":{"rendered":"<p>Table des mati\u00e8res Introduction L\u2019Espagne franquiste (1939-1975) Le Portugal: l&#8217;Estado Novo (1933-1974) La Gr\u00e8ce: La dictature des colonels (1967-1974) Similitudes et diff\u00e9rences M\u00e9thodologie Analyse Conclusion Bibliographie indicative Dans la nuit du 20 au 21 avril 1967, les colonels Papad\u00f3poulos, Makarezos<\/p>\n","protected":false},"author":1001264,"featured_media":0,"parent":115,"menu_order":3,"comment_status":"closed","ping_status":"closed","template":"","meta":{"_seopress_robots_primary_cat":"","_seopress_titles_title":"","_seopress_titles_desc":"","_seopress_robots_index":"","footnotes":""},"class_list":["post-122","page","type-page","status-publish"],"_links":{"self":[{"href":"https:\/\/wp.unil.ch\/histoireparlesdonnees\/wp-json\/wp\/v2\/pages\/122","targetHints":{"allow":["GET"]}}],"collection":[{"href":"https:\/\/wp.unil.ch\/histoireparlesdonnees\/wp-json\/wp\/v2\/pages"}],"about":[{"href":"https:\/\/wp.unil.ch\/histoireparlesdonnees\/wp-json\/wp\/v2\/types\/page"}],"author":[{"embeddable":true,"href":"https:\/\/wp.unil.ch\/histoireparlesdonnees\/wp-json\/wp\/v2\/users\/1001264"}],"replies":[{"embeddable":true,"href":"https:\/\/wp.unil.ch\/histoireparlesdonnees\/wp-json\/wp\/v2\/comments?post=122"}],"version-history":[{"count":0,"href":"https:\/\/wp.unil.ch\/histoireparlesdonnees\/wp-json\/wp\/v2\/pages\/122\/revisions"}],"up":[{"embeddable":true,"href":"https:\/\/wp.unil.ch\/histoireparlesdonnees\/wp-json\/wp\/v2\/pages\/115"}],"wp:attachment":[{"href":"https:\/\/wp.unil.ch\/histoireparlesdonnees\/wp-json\/wp\/v2\/media?parent=122"}],"curies":[{"name":"wp","href":"https:\/\/api.w.org\/{rel}","templated":true}]}}