{"id":120,"date":"2017-03-01T17:44:35","date_gmt":"2017-03-01T16:44:35","guid":{"rendered":"http:\/\/wp.unil.ch\/histoireparlesdonnees\/?page_id=120"},"modified":"2017-05-31T18:35:56","modified_gmt":"2017-05-31T16:35:56","slug":"le-portugal-lestado-novo-1933-1974","status":"publish","type":"page","link":"https:\/\/wp.unil.ch\/histoireparlesdonnees\/les-travaux\/la-presse-suisse-face-a-des-regimes-autoritaires-lespagne-la-grece-et-le-portugal-au-xxeme-siecle-a-travers-lanalyse-du-journal-de-geneve-et-de-la-gazette-de-lausanne\/le-portugal-lestado-novo-1933-1974\/","title":{"rendered":"Le Portugal\u00a0: l&#8217;Estado Novo (1933-1974)"},"content":{"rendered":"<div style=\"background-color: #eee;padding: 20px 20px;margin: 10px;float: right;width: 300px\">\n<h2>Table des mati\u00e8res<\/h2>\n<ul style=\"margin-bottom: 0;padding-bottom: 0\">\n<li><a href=\"https:\/\/wp.unil.ch\/histoireparlesdonnees\/les-travaux\/la-presse-suisse-face-a-des-regimes-autoritaires-lespagne-la-grece-et-le-portugal-au-xxeme-siecle-a-travers-lanalyse-du-journal-de-geneve-et-de-la-gazette-de-lausanne\/?preview_id=117&amp;preview_nonce=bdab984b54&amp;_thumbnail_id=-1&amp;preview=true\">Introduction<\/a><\/li>\n<li><a href=\"https:\/\/wp.unil.ch\/histoireparlesdonnees\/les-travaux\/la-presse-suisse-face-a-des-regimes-autoritaires-lespagne-la-grece-et-le-portugal-au-xxeme-siecle-a-travers-lanalyse-du-journal-de-geneve-et-de-la-gazette-de-lausanne\/lespagne-franquiste-1939-1975\/?preview_id=117&amp;preview_nonce=bdab984b54&amp;_thumbnail_id=-1&amp;preview=true\">L\u2019Espagne franquiste (1939-1975)<\/a><\/li>\n<li><a href=\"https:\/\/wp.unil.ch\/histoireparlesdonnees\/les-travaux\/la-presse-suisse-face-a-des-regimes-autoritaires-lespagne-la-grece-et-le-portugal-au-xxeme-siecle-a-travers-lanalyse-du-journal-de-geneve-et-de-la-gazette-de-lausanne\/le-portugal-lestado-novo-1933-1974\/\">Le Portugal: l&#8217;Estado Novo (1933-1974)<\/a><\/li>\n<li><a href=\"https:\/\/wp.unil.ch\/histoireparlesdonnees\/les-travaux\/la-presse-suisse-face-a-des-regimes-autoritaires-lespagne-la-grece-et-le-portugal-au-xxeme-siecle-a-travers-lanalyse-du-journal-de-geneve-et-de-la-gazette-de-lausanne\/la-grece-la-dictature-des-colonels-1967-1974\/\">La Gr\u00e8ce: La dictature des colonels (1967-1974)<\/a><\/li>\n<li><a href=\"https:\/\/wp.unil.ch\/histoireparlesdonnees\/les-travaux\/la-presse-suisse-face-a-des-regimes-autoritaires-lespagne-la-grece-et-le-portugal-au-xxeme-siecle-a-travers-lanalyse-du-journal-de-geneve-et-de-la-gazette-de-lausanne\/similitudes-et-differences\/\">Similitudes et diff\u00e9rences<\/a><\/li>\n<li><a href=\"https:\/\/wp.unil.ch\/histoireparlesdonnees\/les-travaux\/la-presse-suisse-face-a-des-regimes-autoritaires-lespagne-la-grece-et-le-portugal-au-xxeme-siecle-a-travers-lanalyse-du-journal-de-geneve-et-de-la-gazette-de-lausanne\/methodologie\/\">M\u00e9thodologie<\/a><\/li>\n<li><a href=\"https:\/\/wp.unil.ch\/histoireparlesdonnees\/les-travaux\/la-presse-suisse-face-a-des-regimes-autoritaires-lespagne-la-grece-et-le-portugal-au-xxeme-siecle-a-travers-lanalyse-du-journal-de-geneve-et-de-la-gazette-de-lausanne\/analyse\/\">Analyse<\/a><\/li>\n<li><a href=\"https:\/\/wp.unil.ch\/histoireparlesdonnees\/les-travaux\/la-presse-suisse-face-a-des-regimes-autoritaires-lespagne-la-grece-et-le-portugal-au-xxeme-siecle-a-travers-lanalyse-du-journal-de-geneve-et-de-la-gazette-de-lausanne\/conclusion\/\">Conclusion<\/a><\/li>\n<li><a href=\"https:\/\/wp.unil.ch\/histoireparlesdonnees\/les-travaux\/la-presse-suisse-face-a-des-regimes-autoritaires-lespagne-la-grece-et-le-portugal-au-xxeme-siecle-a-travers-lanalyse-du-journal-de-geneve-et-de-la-gazette-de-lausanne\/bibliographie-indicative\/\">Bibliographie indicative<\/a><\/li>\n<\/ul>\n<\/div>\n<p>En 1926, un coup d\u2019\u00e9tat militaire renverse la r\u00e9publique portugaise et installe un r\u00e9gime autoritaire, dirig\u00e9 d\u00e8s 1932 par Ant\u00f3nio de Oliveira Salazar. Avant la Seconde Guerre mondiale, les relations entre la Suisse et le Portugal sont anecdotiques. Durant le conflit mondial, la Suisse sert d&#8217;interm\u00e9diaire incontournable entre l&#8217;Allemagne et le Portugal, ce dernier \u00e9tant le principal fournisseur de tungst\u00e8ne \u00e0 l&#8217;Allemagne. D\u00e8s lors, les relations entre le r\u00e9gime de Salazar (appel\u00e9 \u201cEstado Novo\u201d) et la Conf\u00e9d\u00e9ration connaissent une forte augmentation. A la fin des ann\u00e9es 50 deux accords portant sur les visas et la politique maritime sont sign\u00e9s entre les deux pays puis, en 1960, le Portugal et la Suisse font partie des signataires du trait\u00e9 cr\u00e9ant l&#8217;Association europ\u00e9enne de libre \u00e9change (AELE). (ISCOP, 1973) Ainsi, les relations \u00e9conomiques se font plus importantes.<\/p>\n<p>Durant la dictature, les relations diplomatiques entre le Portugal et la Suisse sont plut\u00f4t amicales. Par ailleurs, durant les guerres coloniales portugaises (1961-1973), la Suisse assure les int\u00e9r\u00eats du Portugal au S\u00e9n\u00e9gal d\u00e8s 1963. On peut encore noter l&#8217;opposition des autorit\u00e9s suisses \u00e0 l&#8217;ouverture d&#8217;une enqu\u00eate sur la libert\u00e9 syndicale au Portugal en 1968. (ISCOP, 1973) Il est donc assez l\u00e9gitime de parler de complaisance des autorit\u00e9s suisses face au r\u00e9gime portugais. Le remplacement de Salazar par Marcelo Caetano \u00e0 la t\u00eate du Portugal en 1968 ne modifie pas la politique du gouvernement suisse face au Portugal, qui est m\u00eame l&#8217;invit\u00e9 du Comptoir Suisse en 1973, moins d&#8217;une ann\u00e9e avant la chute du r\u00e9gime (\u00ab\u00a0R\u00e9volution des \u0153illets\u00a0\u00bb). Il est important de constater que durant la dictature, la Suisse, et plus particuli\u00e8rement Gen\u00e8ve, accueillent des Portugais en exil, pour la plupart issus de l\u2019intelligentsia. Cependant, l\u2019immigration portugaise en Suisse reste faible et ne prendra son essor qu\u2019\u00e0 partir des ann\u00e9es 80. (FIBBI, 2010)<\/p>\n<p style=\"text-align: right\"><a href=\"https:\/\/wp.unil.ch\/histoireparlesdonnees\/les-travaux\/la-presse-suisse-face-a-des-regimes-autoritaires-lespagne-la-grece-et-le-portugal-au-xxeme-siecle-a-travers-lanalyse-du-journal-de-geneve-et-de-la-gazette-de-lausanne\/la-grece-la-dictature-des-colonels-1967-1974\/\">-&gt;<\/a><\/p>\n","protected":false},"excerpt":{"rendered":"<p>Table des mati\u00e8res Introduction L\u2019Espagne franquiste (1939-1975) Le Portugal: l&#8217;Estado Novo (1933-1974) La Gr\u00e8ce: La dictature des colonels (1967-1974) Similitudes et diff\u00e9rences M\u00e9thodologie Analyse Conclusion Bibliographie indicative En 1926, un coup d\u2019\u00e9tat militaire renverse la r\u00e9publique portugaise et installe un<\/p>\n","protected":false},"author":1001264,"featured_media":0,"parent":115,"menu_order":2,"comment_status":"closed","ping_status":"closed","template":"","meta":{"_seopress_robots_primary_cat":"","_seopress_titles_title":"","_seopress_titles_desc":"","_seopress_robots_index":"","footnotes":""},"class_list":["post-120","page","type-page","status-publish"],"_links":{"self":[{"href":"https:\/\/wp.unil.ch\/histoireparlesdonnees\/wp-json\/wp\/v2\/pages\/120","targetHints":{"allow":["GET"]}}],"collection":[{"href":"https:\/\/wp.unil.ch\/histoireparlesdonnees\/wp-json\/wp\/v2\/pages"}],"about":[{"href":"https:\/\/wp.unil.ch\/histoireparlesdonnees\/wp-json\/wp\/v2\/types\/page"}],"author":[{"embeddable":true,"href":"https:\/\/wp.unil.ch\/histoireparlesdonnees\/wp-json\/wp\/v2\/users\/1001264"}],"replies":[{"embeddable":true,"href":"https:\/\/wp.unil.ch\/histoireparlesdonnees\/wp-json\/wp\/v2\/comments?post=120"}],"version-history":[{"count":0,"href":"https:\/\/wp.unil.ch\/histoireparlesdonnees\/wp-json\/wp\/v2\/pages\/120\/revisions"}],"up":[{"embeddable":true,"href":"https:\/\/wp.unil.ch\/histoireparlesdonnees\/wp-json\/wp\/v2\/pages\/115"}],"wp:attachment":[{"href":"https:\/\/wp.unil.ch\/histoireparlesdonnees\/wp-json\/wp\/v2\/media?parent=120"}],"curies":[{"name":"wp","href":"https:\/\/api.w.org\/{rel}","templated":true}]}}