{"id":1199,"date":"2018-05-30T19:03:47","date_gmt":"2018-05-30T17:03:47","guid":{"rendered":"http:\/\/wp.unil.ch\/histoireparlesdonnees\/?page_id=1199"},"modified":"2018-05-31T12:48:19","modified_gmt":"2018-05-31T10:48:19","slug":"conclusion","status":"publish","type":"page","link":"https:\/\/wp.unil.ch\/histoireparlesdonnees\/les-travaux-2017-2018\/etude-de-levolution-des-revendications-feministes-a-travers-mai-68-basee-sur-les-archives-de-la-gazette-de-lausanne-et-du-journal-de-geneve\/conclusion\/","title":{"rendered":"Conclusion"},"content":{"rendered":"<p>Mai 68 ne fut pas marqu\u00e9 par une grande pr\u00e9sence des id\u00e9es f\u00e9ministes, mais a d\u00e9velopp\u00e9 des mani\u00e8res de penser (la lib\u00e9ration des gens, l&#8217;anti-autoritarisme) et des mani\u00e8res d&#8217;agir (les manifestations) qui ont inspir\u00e9 les mouvements f\u00e9ministes qui se sont cr\u00e9\u00e9s par la suite. Il est difficile dans notre travail de montrer que c&#8217;est Mai 68 qui a provoqu\u00e9 cela, mais nous remarquons que le f\u00e9minisme des ann\u00e9es 68-75 a chang\u00e9 dans le sens de Mai 68.<\/p>\n<p>&nbsp;<\/p>\n<p style=\"text-align: center\"><a href=\"https:\/\/wp.unil.ch\/histoireparlesdonnees\/les-travaux-2017-2018\/etude-de-levolution-des-revendications-feministes-a-travers-mai-68-basee-sur-les-archives-de-la-gazette-de-lausanne-et-du-journal-de-geneve\/analyse\/\">&lt; pr\u00e9c\u00e9dent<\/a><\/p>\n","protected":false},"excerpt":{"rendered":"<p>Mai 68 ne fut pas marqu\u00e9 par une grande pr\u00e9sence des id\u00e9es f\u00e9ministes, mais a d\u00e9velopp\u00e9 des mani\u00e8res de penser (la lib\u00e9ration des gens, l&#8217;anti-autoritarisme) et des mani\u00e8res d&#8217;agir (les manifestations) qui ont inspir\u00e9 les mouvements f\u00e9ministes qui se sont<\/p>\n","protected":false},"author":1001612,"featured_media":0,"parent":1133,"menu_order":0,"comment_status":"closed","ping_status":"closed","template":"","meta":{"_seopress_robots_primary_cat":"","_seopress_titles_title":"","_seopress_titles_desc":"","_seopress_robots_index":"","footnotes":""},"class_list":["post-1199","page","type-page","status-publish"],"_links":{"self":[{"href":"https:\/\/wp.unil.ch\/histoireparlesdonnees\/wp-json\/wp\/v2\/pages\/1199","targetHints":{"allow":["GET"]}}],"collection":[{"href":"https:\/\/wp.unil.ch\/histoireparlesdonnees\/wp-json\/wp\/v2\/pages"}],"about":[{"href":"https:\/\/wp.unil.ch\/histoireparlesdonnees\/wp-json\/wp\/v2\/types\/page"}],"author":[{"embeddable":true,"href":"https:\/\/wp.unil.ch\/histoireparlesdonnees\/wp-json\/wp\/v2\/users\/1001612"}],"replies":[{"embeddable":true,"href":"https:\/\/wp.unil.ch\/histoireparlesdonnees\/wp-json\/wp\/v2\/comments?post=1199"}],"version-history":[{"count":0,"href":"https:\/\/wp.unil.ch\/histoireparlesdonnees\/wp-json\/wp\/v2\/pages\/1199\/revisions"}],"up":[{"embeddable":true,"href":"https:\/\/wp.unil.ch\/histoireparlesdonnees\/wp-json\/wp\/v2\/pages\/1133"}],"wp:attachment":[{"href":"https:\/\/wp.unil.ch\/histoireparlesdonnees\/wp-json\/wp\/v2\/media?parent=1199"}],"curies":[{"name":"wp","href":"https:\/\/api.w.org\/{rel}","templated":true}]}}