{"id":117,"date":"2017-03-01T17:43:12","date_gmt":"2017-03-01T16:43:12","guid":{"rendered":"http:\/\/wp.unil.ch\/histoireparlesdonnees\/?page_id=117"},"modified":"2017-05-31T18:43:17","modified_gmt":"2017-05-31T16:43:17","slug":"lespagne-franquiste-1939-1975","status":"publish","type":"page","link":"https:\/\/wp.unil.ch\/histoireparlesdonnees\/les-travaux\/la-presse-suisse-face-a-des-regimes-autoritaires-lespagne-la-grece-et-le-portugal-au-xxeme-siecle-a-travers-lanalyse-du-journal-de-geneve-et-de-la-gazette-de-lausanne\/lespagne-franquiste-1939-1975\/","title":{"rendered":"L&#8217;Espagne franquiste (1939-1975)"},"content":{"rendered":"<div style=\"background-color: #eee;padding: 20px 20px;margin: 10px;float: right;width: 300px\">\n<h2>Table des mati\u00e8res<\/h2>\n<ul style=\"margin-bottom: 0;padding-bottom: 0\">\n<li><a href=\"https:\/\/wp.unil.ch\/histoireparlesdonnees\/les-travaux\/la-presse-suisse-face-a-des-regimes-autoritaires-lespagne-la-grece-et-le-portugal-au-xxeme-siecle-a-travers-lanalyse-du-journal-de-geneve-et-de-la-gazette-de-lausanne\/?preview_id=117&amp;preview_nonce=bdab984b54&amp;_thumbnail_id=-1&amp;preview=true\">Introduction<\/a><\/li>\n<li><a href=\"https:\/\/wp.unil.ch\/histoireparlesdonnees\/les-travaux\/la-presse-suisse-face-a-des-regimes-autoritaires-lespagne-la-grece-et-le-portugal-au-xxeme-siecle-a-travers-lanalyse-du-journal-de-geneve-et-de-la-gazette-de-lausanne\/lespagne-franquiste-1939-1975\/?preview_id=117&amp;preview_nonce=bdab984b54&amp;_thumbnail_id=-1&amp;preview=true\">L\u2019Espagne franquiste (1939-1975)<\/a><\/li>\n<li><a href=\"https:\/\/wp.unil.ch\/histoireparlesdonnees\/les-travaux\/la-presse-suisse-face-a-des-regimes-autoritaires-lespagne-la-grece-et-le-portugal-au-xxeme-siecle-a-travers-lanalyse-du-journal-de-geneve-et-de-la-gazette-de-lausanne\/le-portugal-lestado-novo-1933-1974\/\">Le Portugal: l&#8217;Estado Novo (1933-1974)<\/a><\/li>\n<li><a href=\"https:\/\/wp.unil.ch\/histoireparlesdonnees\/les-travaux\/la-presse-suisse-face-a-des-regimes-autoritaires-lespagne-la-grece-et-le-portugal-au-xxeme-siecle-a-travers-lanalyse-du-journal-de-geneve-et-de-la-gazette-de-lausanne\/la-grece-la-dictature-des-colonels-1967-1974\/\">La Gr\u00e8ce: La dictature des colonels (1967-1974)<\/a><\/li>\n<li><a href=\"https:\/\/wp.unil.ch\/histoireparlesdonnees\/les-travaux\/la-presse-suisse-face-a-des-regimes-autoritaires-lespagne-la-grece-et-le-portugal-au-xxeme-siecle-a-travers-lanalyse-du-journal-de-geneve-et-de-la-gazette-de-lausanne\/similitudes-et-differences\/\">Similitudes et diff\u00e9rences<\/a><\/li>\n<li><a href=\"https:\/\/wp.unil.ch\/histoireparlesdonnees\/les-travaux\/la-presse-suisse-face-a-des-regimes-autoritaires-lespagne-la-grece-et-le-portugal-au-xxeme-siecle-a-travers-lanalyse-du-journal-de-geneve-et-de-la-gazette-de-lausanne\/methodologie\/\">M\u00e9thodologie<\/a><\/li>\n<li><a href=\"https:\/\/wp.unil.ch\/histoireparlesdonnees\/les-travaux\/la-presse-suisse-face-a-des-regimes-autoritaires-lespagne-la-grece-et-le-portugal-au-xxeme-siecle-a-travers-lanalyse-du-journal-de-geneve-et-de-la-gazette-de-lausanne\/analyse\/\">Analyse<\/a><\/li>\n<li><a href=\"https:\/\/wp.unil.ch\/histoireparlesdonnees\/les-travaux\/la-presse-suisse-face-a-des-regimes-autoritaires-lespagne-la-grece-et-le-portugal-au-xxeme-siecle-a-travers-lanalyse-du-journal-de-geneve-et-de-la-gazette-de-lausanne\/conclusion\/\">Conclusion<\/a><\/li>\n<li><a href=\"https:\/\/wp.unil.ch\/histoireparlesdonnees\/les-travaux\/la-presse-suisse-face-a-des-regimes-autoritaires-lespagne-la-grece-et-le-portugal-au-xxeme-siecle-a-travers-lanalyse-du-journal-de-geneve-et-de-la-gazette-de-lausanne\/bibliographie-indicative\/\">Bibliographie indicative<\/a><\/li>\n<\/ul>\n<\/div>\n<p>Au d\u00e9but de la guerre civile espagnole en 1936, le soul\u00e8vement militaire nationaliste de Franco, soutenu par l\u2019Allemagne et l\u2019Italie, contre les r\u00e9publicains appuy\u00e9s par la France et la Grande-Bretagne, provoque une situation de crise internationale et la Conf\u00e9d\u00e9ration suisse tente de rester neutre. Cependant, dans les faits la Suisse entretient d\u2019\u00e9troits liens avec l\u2019Espagne en guerre et l\u2019Espagne franquiste de mani\u00e8re non-officielle. D\u00e8s que la victoire semble \u00eatre aux mains des nationalistes, la Conf\u00e9d\u00e9ration confirme son soutien \u00e0 Franco avec plusieurs actes. Puis, la Conf\u00e9d\u00e9ration aide financi\u00e8rement Franco. Enfin, elle reconna\u00eet officiellement l\u2019\u00c9tat franquiste, avant la majorit\u00e9 des autres d\u00e9mocraties (except\u00e9 l\u2019Angleterre), le 19 f\u00e9vrier 1939.<\/p>\n<p>L\u2019Axe ayant perdu la Seconde Guerre, l\u2019Espagne se retrouve isol\u00e9e politiquement et la Conf\u00e9d\u00e9ration, mal per\u00e7ue pour sa collaboration avec l&#8217;Allemagne durant la guerre, ne peut continuer \u00e0 soutenir le r\u00e9gime nationaliste de Franco et s\u2019en \u00e9loigne temporairement en interdisant \u00e0 nouveau l\u2019exportation d\u2019armes, qui sera totalement r\u00e9tablie en 1949, quand d\u2019autres pays feront de m\u00eame.<\/p>\n<p>Comme les immigr\u00e9s espagnols sont nombreux en Suisse, l\u2019opposition au r\u00e9gime franquiste y est importante. Pourtant, la politique du Conseil f\u00e9d\u00e9ral, en accord avec les positions occidentales qui redoutent une expansion du communisme, pr\u00e9f\u00e8re laisser libre cours au r\u00e9gime franquiste que de risquer un basculement \u00e0 gauche du gouvernement. Franco meurt en 1975 et la normalisation officielle des relations entre les deux pays se traduit par la pr\u00e9sence d\u2019un conseiller f\u00e9d\u00e9ral lors du couronnement de Juan Carlos. Le processus de d\u00e9mocratisation du gouvernement espagnol est long et compliqu\u00e9.<\/p>\n<p>&nbsp;<\/p>\n<p style=\"text-align: right\"><a href=\"https:\/\/wp.unil.ch\/histoireparlesdonnees\/les-travaux\/la-presse-suisse-face-a-des-regimes-autoritaires-lespagne-la-grece-et-le-portugal-au-xxeme-siecle-a-travers-lanalyse-du-journal-de-geneve-et-de-la-gazette-de-lausanne\/le-portugal-lestado-novo-1933-1974\/\">-&gt;<\/a><\/p>\n","protected":false},"excerpt":{"rendered":"<p>Table des mati\u00e8res Introduction L\u2019Espagne franquiste (1939-1975) Le Portugal: l&#8217;Estado Novo (1933-1974) La Gr\u00e8ce: La dictature des colonels (1967-1974) Similitudes et diff\u00e9rences M\u00e9thodologie Analyse Conclusion Bibliographie indicative Au d\u00e9but de la guerre civile espagnole en 1936, le soul\u00e8vement militaire nationaliste<\/p>\n","protected":false},"author":1001264,"featured_media":0,"parent":115,"menu_order":1,"comment_status":"closed","ping_status":"closed","template":"","meta":{"_seopress_robots_primary_cat":"","_seopress_titles_title":"","_seopress_titles_desc":"","_seopress_robots_index":"","footnotes":""},"class_list":["post-117","page","type-page","status-publish"],"_links":{"self":[{"href":"https:\/\/wp.unil.ch\/histoireparlesdonnees\/wp-json\/wp\/v2\/pages\/117","targetHints":{"allow":["GET"]}}],"collection":[{"href":"https:\/\/wp.unil.ch\/histoireparlesdonnees\/wp-json\/wp\/v2\/pages"}],"about":[{"href":"https:\/\/wp.unil.ch\/histoireparlesdonnees\/wp-json\/wp\/v2\/types\/page"}],"author":[{"embeddable":true,"href":"https:\/\/wp.unil.ch\/histoireparlesdonnees\/wp-json\/wp\/v2\/users\/1001264"}],"replies":[{"embeddable":true,"href":"https:\/\/wp.unil.ch\/histoireparlesdonnees\/wp-json\/wp\/v2\/comments?post=117"}],"version-history":[{"count":0,"href":"https:\/\/wp.unil.ch\/histoireparlesdonnees\/wp-json\/wp\/v2\/pages\/117\/revisions"}],"up":[{"embeddable":true,"href":"https:\/\/wp.unil.ch\/histoireparlesdonnees\/wp-json\/wp\/v2\/pages\/115"}],"wp:attachment":[{"href":"https:\/\/wp.unil.ch\/histoireparlesdonnees\/wp-json\/wp\/v2\/media?parent=117"}],"curies":[{"name":"wp","href":"https:\/\/api.w.org\/{rel}","templated":true}]}}