{"id":1165,"date":"2018-05-30T19:15:29","date_gmt":"2018-05-30T17:15:29","guid":{"rendered":"http:\/\/wp.unil.ch\/histoireparlesdonnees\/?page_id=1165"},"modified":"2018-05-30T19:23:58","modified_gmt":"2018-05-30T17:23:58","slug":"conclusion","status":"publish","type":"page","link":"https:\/\/wp.unil.ch\/histoireparlesdonnees\/les-travaux-2017-2018\/les-violences-contre-les-femmes-et-leurs-representations-dans-les-archives-de-la-gazette-de-lausanne-et-du-journal-de-geneve-de-1900-a-1998\/conclusion\/","title":{"rendered":"Conclusion"},"content":{"rendered":"<div style=\"background-color: #f2f2f2;padding: 20px 20px;margin: 10px;float: right;width: 300px\">\n<h1 style=\"font-size: 20px;line-height: normal\">Tables des mati\u00e8res<\/h1>\n<ul>\n<li style=\"list-style-type: none\">\n<ul>\n<li><a href=\"https:\/\/wp.unil.ch\/histoireparlesdonnees\/les-travaux-2017-2018\/les-violences-co\u2026e-de-1900-a-1998\/\">Introduction<\/a><\/li>\n<li><a href=\"https:\/\/wp.unil.ch\/histoireparlesdonnees\/les-travaux-2017-2018\/les-violences-contre-les-femmes-et-leurs-representations-dans-les-archives-de-la-gazette-de-lausanne-et-du-journal-de-geneve-de-1900-a-1998\/methodologie\/\">M\u00e9thodologie<\/a><\/li>\n<li><a href=\"https:\/\/wp.unil.ch\/histoireparlesdonnees\/les-travaux-2017-2018\/les-violences-contre-les-femmes-et-leurs-representations-dans-les-archives-de-la-gazette-de-lausanne-et-du-journal-de-geneve-de-1900-a-1998\/resultats\/\">R\u00e9sultats<\/a><\/li>\n<li><a href=\"https:\/\/wp.unil.ch\/histoireparlesdonnees\/les-travaux-2017-2018\/les-violences-contre-les-femmes-et-leurs-representations-dans-les-archives-de-la-gazette-de-lausanne-et-du-journal-de-geneve-de-1900-a-1998\/analyse\/\">Analyse<\/a><\/li>\n<li>Conclusion<\/li>\n<\/ul>\n<\/li>\n<\/ul>\n<\/div>\n<p>\u00c0 travers ces diff\u00e9rentes analyses de notre corpus et gr\u00e2ce \u00e0 une mise en perspective par les divers \u00e9v\u00e8nements sociaux et l\u00e9gislatifs au cours du XX<sup>e<\/sup> si\u00e8cle sur les violences faites aux femmes, nous avons pu observer deux grandes tendances. La premi\u00e8re regroupe les mouvements sociaux engendr\u00e9s par les protestations et revendications des femmes sur ce sujet, ou encore la cr\u00e9ation d&#8217;associations dans le but d&#8217;aider les femmes victimes de violence conjugale, de viol, ou m\u00eame d&#8217;exclusion au sein de la soci\u00e9t\u00e9, qui donne naissance dans notre corpus \u00e0 une apparition ponctuelle d&#8217;articles faisant r\u00e9f\u00e9rence \u00e0 ces \u00e9v\u00e8nements. La deuxi\u00e8me tendance observ\u00e9e, qui d\u00e9coule de ces changements sociaux, est la reconnaissance au niveau gouvernemental de ces violences, traduite par des d\u00e9clarations de loi visant \u00e0 condamner les violences faites aux femmes notamment au sein de leur couple, ou dans leur vie professionnelle. Cette l\u00e9gitimit\u00e9 l\u00e9gislative conduit \u00e0 une \u00e9mergence importante et soutenue d&#8217;articles traitant de l&#8217;aspect social de ces sujets.<\/p>\n<p>&nbsp;<\/p>\n<p>Nous en concluons que la discussion des violences faites aux femmes dans la <em>Gazette de Lausanne<\/em> et le <em>Journal de Gen\u00e8ve<\/em> est tardive par rapport \u00e0 l&#8217;\u00e9mergence de ce sujet dans la soci\u00e9t\u00e9 et \u00e9vite toute controverse en attendant sa banalisation \u00e0 plus grande \u00e9chelle avant d&#8217;en traiter de mani\u00e8re cons\u00e9quente.<\/p>\n","protected":false},"excerpt":{"rendered":"<p>Tables des mati\u00e8res Introduction M\u00e9thodologie R\u00e9sultats Analyse Conclusion \u00c0 travers ces diff\u00e9rentes analyses de notre corpus et gr\u00e2ce \u00e0 une mise en perspective par les divers \u00e9v\u00e8nements sociaux et l\u00e9gislatifs au cours du XXe si\u00e8cle sur les violences faites aux<\/p>\n","protected":false},"author":1001793,"featured_media":0,"parent":1138,"menu_order":0,"comment_status":"closed","ping_status":"closed","template":"","meta":{"_seopress_robots_primary_cat":"","_seopress_titles_title":"","_seopress_titles_desc":"","_seopress_robots_index":"","footnotes":""},"class_list":["post-1165","page","type-page","status-publish"],"_links":{"self":[{"href":"https:\/\/wp.unil.ch\/histoireparlesdonnees\/wp-json\/wp\/v2\/pages\/1165","targetHints":{"allow":["GET"]}}],"collection":[{"href":"https:\/\/wp.unil.ch\/histoireparlesdonnees\/wp-json\/wp\/v2\/pages"}],"about":[{"href":"https:\/\/wp.unil.ch\/histoireparlesdonnees\/wp-json\/wp\/v2\/types\/page"}],"author":[{"embeddable":true,"href":"https:\/\/wp.unil.ch\/histoireparlesdonnees\/wp-json\/wp\/v2\/users\/1001793"}],"replies":[{"embeddable":true,"href":"https:\/\/wp.unil.ch\/histoireparlesdonnees\/wp-json\/wp\/v2\/comments?post=1165"}],"version-history":[{"count":0,"href":"https:\/\/wp.unil.ch\/histoireparlesdonnees\/wp-json\/wp\/v2\/pages\/1165\/revisions"}],"up":[{"embeddable":true,"href":"https:\/\/wp.unil.ch\/histoireparlesdonnees\/wp-json\/wp\/v2\/pages\/1138"}],"wp:attachment":[{"href":"https:\/\/wp.unil.ch\/histoireparlesdonnees\/wp-json\/wp\/v2\/media?parent=1165"}],"curies":[{"name":"wp","href":"https:\/\/api.w.org\/{rel}","templated":true}]}}