{"id":1160,"date":"2018-05-30T19:15:09","date_gmt":"2018-05-30T17:15:09","guid":{"rendered":"http:\/\/wp.unil.ch\/histoireparlesdonnees\/?page_id=1160"},"modified":"2018-05-30T19:23:56","modified_gmt":"2018-05-30T17:23:56","slug":"analyse","status":"publish","type":"page","link":"https:\/\/wp.unil.ch\/histoireparlesdonnees\/les-travaux-2017-2018\/les-violences-contre-les-femmes-et-leurs-representations-dans-les-archives-de-la-gazette-de-lausanne-et-du-journal-de-geneve-de-1900-a-1998\/analyse\/","title":{"rendered":"Analyse"},"content":{"rendered":"<div style=\"background-color: #f2f2f2;padding: 20px 20px;margin: 10px;float: right;width: 300px\">\n<h1 style=\"font-size: 20px;line-height: normal\">Tables des mati\u00e8res<\/h1>\n<ul>\n<li style=\"list-style-type: none\">\n<ul>\n<li><a href=\"https:\/\/wp.unil.ch\/histoireparlesdonnees\/les-travaux-2017-2018\/les-violences-co\u2026e-de-1900-a-1998\/\">Introduction<\/a><\/li>\n<li><a href=\"https:\/\/wp.unil.ch\/histoireparlesdonnees\/les-travaux-2017-2018\/les-violences-contre-les-femmes-et-leurs-representations-dans-les-archives-de-la-gazette-de-lausanne-et-du-journal-de-geneve-de-1900-a-1998\/methodologie\/\">M\u00e9thodologie<\/a><\/li>\n<li><a href=\"https:\/\/wp.unil.ch\/histoireparlesdonnees\/les-travaux-2017-2018\/les-violences-contre-les-femmes-et-leurs-representations-dans-les-archives-de-la-gazette-de-lausanne-et-du-journal-de-geneve-de-1900-a-1998\/resultats\/\">R\u00e9sultats<\/a><\/li>\n<li>Analyse<\/li>\n<li><a href=\"https:\/\/wp.unil.ch\/histoireparlesdonnees\/les-travaux-2017-2018\/les-violences-contre-les-femmes-et-leurs-representations-dans-les-archives-de-la-gazette-de-lausanne-et-du-journal-de-geneve-de-1900-a-1998\/conclusion\/\" target=\"_blank\" rel=\"noopener\">Conclusion<\/a><\/li>\n<\/ul>\n<\/li>\n<\/ul>\n<\/div>\n<p><strong>La repr\u00e9sentation des violences contre les femmes en p\u00e9riode de guerre<\/strong><\/p>\n<p>D&#8217;apr\u00e8s les diff\u00e9rentes analyses de Reinert sur les 3 p\u00e9riodes pr\u00e9c\u00e9demment d\u00e9finies, le champ lexical de la guerre est pr\u00e9sent seulement dans l&#8217;analyse de la premi\u00e8re p\u00e9riode. En nous centrant sur les articles abordant ce th\u00e8me, nous avons discern\u00e9 deux p\u00e9riodes bien distinctes. Bien qu&#8217;entre 1900 et 1945 la guerre est un sujet central, les violences faites contre les femmes ne constituent jamais le th\u00e8me principal des articles. En revanche, \u00e0 partir des ann\u00e9es 1990, on note l&#8217;apparition d&#8217;articles traitant uniquement des violences subies par les femmes en temps de guerre (notamment lors de la guerre d&#8217;ex-Yougoslavie).<\/p>\n<p>Durant la premi\u00e8re moiti\u00e9 du XX<sup>e<\/sup> si\u00e8cle, les violences contre les femmes en temps de guerre, plus pr\u00e9cis\u00e9ment durant les deux guerres mondiales, sont abord\u00e9es indirectement dans notre corpus. En effet, aucun article n&#8217;aborde de mani\u00e8re cibl\u00e9e les violences faites aux femmes mais les cite de mani\u00e8re g\u00e9n\u00e9rale comme violences faites aux civils pendant la guerre.<\/p>\n<p>C&#8217;est \u00e0 partir de 1990 que l&#8217;on voit appara\u00eetre des articles traitant directement des violences faites aux femmes pendant la guerre, en particulier des femmes victimes de viol. Plusieurs articles en t\u00e9moignent comme celui paru dans le <em>Journal de Gen\u00e8ve<\/em> du 12 avril 1992 d\u00e9crivant la protestation d&#8217;un groupe de femmes contre la banalisation des violences subies par les femmes dans le conflit yougoslave. L&#8217;article commence par citer les revendications de ces femmes : \u00ab\u00a0Les viols et les violences sexuelles sont des crimes de guerre et doivent \u00eatre reconnus comme tels !\u00a0\u00bb. Cette phrase montre bien que la prise en compte du viol comme une violence inflig\u00e9e sur les femmes en temps de guerre est nouvelle, de par son ton revendicatif. Un autre exemple r\u00e9v\u00e9lateur de la reconnaissance du viol comme \u00e9tant un crime de guerre peut \u00eatre trouv\u00e9 dans un article paru le 1<sup>er<\/sup> juin 1995 dans le <em>Nouveau Quotidien<\/em>, journal cr\u00e9\u00e9 lors de la fusion du <em>Journal de Gen\u00e8ve<\/em> et de la <em>Gazette de Lausanne<\/em>, informant sur la publication de l&#8217;ONU d&#8217;un rapport recensant les violences faites aux femmes et d\u00e9clarant que \u00ab\u00a0[&#8230;] pour la premi\u00e8re fois dans l&#8217;histoire des guerres, ces s\u00e9vices ont donn\u00e9 lieu \u00e0 des discussions publiques [&#8230;]\u00a0\u00bb.<\/p>\n<p>Cela co\u00efncide avec la mise en place de lois condamnant les violences faites aux femmes, comme expos\u00e9 plus en d\u00e9tail dans la partie suivante.<\/p>\n<p>&nbsp;<\/p>\n<p><strong>L&#8217;apparition de la prise en charge sociale et les premi\u00e8res mesures l\u00e9gislatives<\/strong><\/p>\n<p>L&#8217;analyse des sous-corpus montre que la classe \u00ab\u00a0sociale\u00a0\u00bb pr\u00e9sente dans le corpus g\u00e9n\u00e9ral n&#8217;appara\u00eet que dans la troisi\u00e8me p\u00e9riode, \u00e0 partir de l&#8217;ann\u00e9e 1970. Ceci co\u00efncide avec l&#8217;\u00e9mergence de mouvements sociaux de prise en charge des femmes victimes de violences.<\/p>\n<p>On observe notamment l&#8217;ouverture de centres d&#8217;h\u00e9bergement pour femmes battues ainsi que la cr\u00e9ation d&#8217;une ligne t\u00e9l\u00e9phonique d&#8217;urgence au d\u00e9but des ann\u00e9es 1970. Ces centres proposent aux victimes un accueil et un soutien sous la forme, entre autres, d&#8217;une consultation avec un psychologue ou un m\u00e9decin.<\/p>\n<p>Plusieurs associations voient le jour en Suisse, on peut principalement citer <a href=\"https:\/\/www.avvec.ch\/lassociation\" target=\"_blank\" rel=\"noopener\">Solidarit\u00e9 Femmes<\/a> en 1977 (devenue AVVEC en 2017), ainsi que <a href=\"https:\/\/www.clafg.ch\/liste-des-membres\/association-viol-secours-geneve\" target=\"_blank\" rel=\"noopener\">Viol-Secours<\/a> en 1985.<\/p>\n<p>Ces actions et la prise de conscience qu&#8217;elles impliquent ne seront appuy\u00e9es politiquement que plus tard, \u00e0 partir du d\u00e9but des ann\u00e9es 1990, notamment avec la loi sur les infractions contre l\u2019int\u00e9grit\u00e9 sexuelle qui reconna\u00eet le viol entre \u00e9poux en 1992, ainsi que la <a href=\"https:\/\/www.centrelavi-ge.ch\/index.php?q=le-centre-lavi\/la-loi-lavi\" target=\"_blank\" rel=\"noopener\">loi LAVI<\/a> (Loi d&#8217;Aide aux Victimes d&#8217;Infractions)<sup>7<\/sup> qui traite directement des agressions sexuelles en 1993. La m\u00eame ann\u00e9e, \u00e0 l&#8217;international, l\u2019ONU \u00e9met une d\u00e9claration sur l\u2019\u00e9limination de la violence \u00e0 l\u2019\u00e9gard des femmes. En 1995, la loi sur l&#8217;\u00e9galit\u00e9 entre femmes et hommes est modifi\u00e9e pour inclure la r\u00e9pression contre le harc\u00e8lement sexuel au travail.<\/p>\n<p>Avec ce contexte, il devient int\u00e9ressant de regarder \u00e0 nouveau les figures 5 et 6 de repr\u00e9sentation des classes. On observe un premier pic de la classe \u00ab\u00a0sociale\u00a0\u00bb (classe 2) au milieu des ann\u00e9es 1970 apr\u00e8s une sous-repr\u00e9sentation sur l&#8217;ensemble du corpus jusqu&#8217;\u00e0 cette p\u00e9riode, ce qui d\u00e9montre de mani\u00e8re claire l&#8217;\u00e9mergence de ce ph\u00e9nom\u00e8ne social nouveau. Cet envol est de courte dur\u00e9e, seulement 3 ans, mais apr\u00e8s un nouveau passage \u00e0 vide de 10 ans, il reprend de mani\u00e8re exponentielle \u00e0 partir de l&#8217;ann\u00e9e 1990, ce qui co\u00efncide avec la mise en place de ces id\u00e9es au niveau l\u00e9gislatif. On peut alors argumenter que les journaux \u00e9tudi\u00e9s ici relatent simplement les faits lors de l&#8217;\u00e9mergence sociale de nouvelles id\u00e9es \u00e0 travers la cr\u00e9ation d&#8217;associations et autres d\u00e9crits plus haut, mais ne consid\u00e8rent et n&#8217;abordent les sujets concern\u00e9s qu&#8217;une fois leur \u00e9tablissement l\u00e9gitimis\u00e9 par la r\u00e9daction de lois au niveau gouvernemental.<\/p>\n","protected":false},"excerpt":{"rendered":"<p>Tables des mati\u00e8res Introduction M\u00e9thodologie R\u00e9sultats Analyse Conclusion La repr\u00e9sentation des violences contre les femmes en p\u00e9riode de guerre D&#8217;apr\u00e8s les diff\u00e9rentes analyses de Reinert sur les 3 p\u00e9riodes pr\u00e9c\u00e9demment d\u00e9finies, le champ lexical de la guerre est pr\u00e9sent seulement<\/p>\n","protected":false},"author":1001793,"featured_media":0,"parent":1138,"menu_order":0,"comment_status":"closed","ping_status":"closed","template":"","meta":{"_seopress_robots_primary_cat":"","_seopress_titles_title":"","_seopress_titles_desc":"","_seopress_robots_index":"","footnotes":""},"class_list":["post-1160","page","type-page","status-publish"],"_links":{"self":[{"href":"https:\/\/wp.unil.ch\/histoireparlesdonnees\/wp-json\/wp\/v2\/pages\/1160","targetHints":{"allow":["GET"]}}],"collection":[{"href":"https:\/\/wp.unil.ch\/histoireparlesdonnees\/wp-json\/wp\/v2\/pages"}],"about":[{"href":"https:\/\/wp.unil.ch\/histoireparlesdonnees\/wp-json\/wp\/v2\/types\/page"}],"author":[{"embeddable":true,"href":"https:\/\/wp.unil.ch\/histoireparlesdonnees\/wp-json\/wp\/v2\/users\/1001793"}],"replies":[{"embeddable":true,"href":"https:\/\/wp.unil.ch\/histoireparlesdonnees\/wp-json\/wp\/v2\/comments?post=1160"}],"version-history":[{"count":0,"href":"https:\/\/wp.unil.ch\/histoireparlesdonnees\/wp-json\/wp\/v2\/pages\/1160\/revisions"}],"up":[{"embeddable":true,"href":"https:\/\/wp.unil.ch\/histoireparlesdonnees\/wp-json\/wp\/v2\/pages\/1138"}],"wp:attachment":[{"href":"https:\/\/wp.unil.ch\/histoireparlesdonnees\/wp-json\/wp\/v2\/media?parent=1160"}],"curies":[{"name":"wp","href":"https:\/\/api.w.org\/{rel}","templated":true}]}}