{"id":1150,"date":"2018-05-30T19:15:19","date_gmt":"2018-05-30T17:15:19","guid":{"rendered":"http:\/\/wp.unil.ch\/histoireparlesdonnees\/?page_id=1150"},"modified":"2018-05-30T19:26:49","modified_gmt":"2018-05-30T17:26:49","slug":"methodologie","status":"publish","type":"page","link":"https:\/\/wp.unil.ch\/histoireparlesdonnees\/les-travaux-2017-2018\/les-violences-contre-les-femmes-et-leurs-representations-dans-les-archives-de-la-gazette-de-lausanne-et-du-journal-de-geneve-de-1900-a-1998\/methodologie\/","title":{"rendered":"M\u00e9thodologie"},"content":{"rendered":"<div style=\"background-color: #f2f2f2;padding: 20px 20px;margin: 10px;float: right;width: 300px\">\n<h1 style=\"font-size: 20px;line-height: normal\">Tables des mati\u00e8res<\/h1>\n<ul>\n<li style=\"list-style-type: none\">\n<ul>\n<li><a href=\"https:\/\/wp.unil.ch\/histoireparlesdonnees\/les-travaux-2017-2018\/les-violences-co\u2026e-de-1900-a-1998\/\">Introduction<\/a><\/li>\n<li>M\u00e9thodologie<\/li>\n<li><a href=\"https:\/\/wp.unil.ch\/histoireparlesdonnees\/les-travaux-2017-2018\/les-violences-contre-les-femmes-et-leurs-representations-dans-les-archives-de-la-gazette-de-lausanne-et-du-journal-de-geneve-de-1900-a-1998\/resultats\/\">R\u00e9sultats<\/a><\/li>\n<li><a href=\"https:\/\/wp.unil.ch\/histoireparlesdonnees\/les-travaux-2017-2018\/les-violences-contre-les-femmes-et-leurs-representations-dans-les-archives-de-la-gazette-de-lausanne-et-du-journal-de-geneve-de-1900-a-1998\/analyse\/\">Analyse<\/a><\/li>\n<li><a href=\"https:\/\/wp.unil.ch\/histoireparlesdonnees\/les-travaux-2017-2018\/les-violences-contre-les-femmes-et-leurs-representations-dans-les-archives-de-la-gazette-de-lausanne-et-du-journal-de-geneve-de-1900-a-1998\/conclusion\/\" target=\"_blank\" rel=\"noopener\">Conclusion<\/a><\/li>\n<\/ul>\n<\/li>\n<\/ul>\n<\/div>\n<p>Le corpus fourni est celui des archives de la <em>Gazette de Lausanne<\/em> et du <em>Journal de Gen\u00e8ve<\/em> entre 1798 et 1998.<\/p>\n<p>Nous avons d\u00e9cid\u00e9 de r\u00e9duire cette p\u00e9riode dans notre \u00e9tude pour plusieurs raisons : les performances du logiciel OCR (reconnaissance optique de caract\u00e8res) sur les archives pr\u00e9c\u00e9dant 1900 \u00e9tant tr\u00e8s pauvres, nous avons exclu les articles ant\u00e9rieurs \u00e0 cette date.<\/p>\n<p>Nous consid\u00e9rons donc uniquement le XX<sup>e<\/sup> si\u00e8cle, puisque, comme nous l&#8217;avons pr\u00e9cis\u00e9 dans la contextualisation, c&#8217;est \u00e0 partir de cette p\u00e9riode que le sujet des violences faites aux femmes est entr\u00e9 dans la sph\u00e8re publique.<\/p>\n<p>Nous avons dans un premier temps utilis\u00e9<a href=\"https:\/\/dhlabsrv4.epfl.ch\/textanalysis\/ngviewer.php\"> l&#8217;outil n-gram viewer du DHLab<\/a> afin d&#8217;estimer la fr\u00e9quence temporelle de certains termes. Un exemple de recherche dans le <em>Journal de Gen\u00e8ve<\/em> avec les mots-cl\u00e9s \u00ab\u00a0femmes battues\u00a0\u00bb, \u00ab\u00a0harc\u00e8lement\u00a0\u00bb et \u00ab\u00a0viol\u00a0\u00bb est pr\u00e9sent\u00e9 dans la figure 1.<\/p>\n<figure id=\"attachment_1184\" aria-describedby=\"caption-attachment-1184\" style=\"width: 508px\" class=\"wp-caption aligncenter\"><img alt=\"\" loading=\"lazy\" decoding=\"async\" class=\"wp-image-1184\" src=\"https:\/\/wp.unil.ch\/histoireparlesdonnees\/files\/2018\/05\/fig1.png\" alt=\"\" width=\"508\" height=\"338\" \/><figcaption id=\"caption-attachment-1184\" class=\"wp-caption-text\">Figure 1 : N-gram viewer<\/figcaption><\/figure>\n<p>&nbsp;<\/p>\n<p>\u00c0 la suite de cette premi\u00e8re approche, nous avons dress\u00e9 une liste de mots-cl\u00e9s essentiels relatifs aux diff\u00e9rentes formes de violence pour extraire notre propre sous-corpus \u00e0 partir de celui des archives de la <em>Gazette de Lausanne<\/em> et du <em>Journal de Gen\u00e8ve<\/em>. Nous avons pour cela d\u00e9velopp\u00e9 un script python permettant d&#8217;obtenir tous les articles de la p\u00e9riode pr\u00e9c\u00e9demment choisie (1900-1998) contenant des mots de cette liste.<\/p>\n<p>Dans ce script, nous avons s\u00e9par\u00e9 nos mots-cl\u00e9s en deux expressions r\u00e9guli\u00e8res, afin de les combiner pour s\u2019assurer la pr\u00e9sence d\u2019au moins un mot de chacune dans les articles retenus.<\/p>\n<p>La premi\u00e8re contient les mots \u00ab harc\u00e8lement \u00bb, \u00ab viol \u00bb, \u00ab violence \u00bb, \u00ab battue \u00bb, \u00ab maltraitance\/t\u00e9e \u00bb ainsi que toutes leurs variantes syntaxiques et la deuxi\u00e8me contient les mots \u00ab femme \u00bb et \u00ab conjugal \u00bb (aussi sous toutes leurs formes). De cette mani\u00e8re, nous sommes confiants dans le fait d&#8217;avoir retenu une majorit\u00e9 d\u2019articles ayant sp\u00e9cifiquement rapport aux violences contre les femmes.<\/p>\n<p>Nous avons obtenu ainsi un corpus de 21&#8217;869 articles, dont nous avons trac\u00e9 la distribution par ann\u00e9e dans la figure 2, ainsi que leur longueur moyenne par ann\u00e9e dans la figure 3. Les deux graphes pr\u00e9sentent des variations similaires avec une forte croissance \u00e0 partir des ann\u00e9es 1990.<\/p>\n<p>En utilisant le logiciel IRaMuTeQ, nous avons d\u2019abord \u00e9tudi\u00e9 la r\u00e9partition des mots dans le corpus, ainsi que leurs fr\u00e9quences.<\/p>\n<p>Enfin, leur classification en champs lexicaux par la m\u00e9thode de Reinert nous a permis d\u2019identifier les diff\u00e9rents cadres dans lesquels le th\u00e8me de la violence contre les femmes est abord\u00e9.<\/p>\n<p>Les r\u00e9sultats de ces diff\u00e9rentes analyses des donn\u00e9es textuelles de notre corpus sont d\u00e9crits dans la partie suivante.<\/p>\n<figure id=\"attachment_1195\" aria-describedby=\"caption-attachment-1195\" style=\"width: 305px\" class=\"wp-caption aligncenter\"><img alt=\"\" loading=\"lazy\" decoding=\"async\" class=\" wp-image-1195\" src=\"https:\/\/wp.unil.ch\/histoireparlesdonnees\/files\/2018\/05\/fig2.jpg\" alt=\"\" width=\"305\" height=\"203\" srcset=\"https:\/\/wp.unil.ch\/histoireparlesdonnees\/files\/2018\/05\/fig2.jpg 900w, https:\/\/wp.unil.ch\/histoireparlesdonnees\/files\/2018\/05\/fig2-300x200.jpg 300w, https:\/\/wp.unil.ch\/histoireparlesdonnees\/files\/2018\/05\/fig2-768x512.jpg 768w\" sizes=\"auto, (max-width: 305px) 100vw, 305px\" \/><figcaption id=\"caption-attachment-1195\" class=\"wp-caption-text\">Figure 2 : Nombre d\u2019articles obtenus par anne?e<\/figcaption><\/figure>\n<figure id=\"attachment_1197\" aria-describedby=\"caption-attachment-1197\" style=\"width: 305px\" class=\"wp-caption aligncenter\"><img alt=\"\" loading=\"lazy\" decoding=\"async\" class=\"wp-image-1197\" src=\"https:\/\/wp.unil.ch\/histoireparlesdonnees\/files\/2018\/05\/fig3-1.jpg\" alt=\"\" width=\"305\" height=\"203\" srcset=\"https:\/\/wp.unil.ch\/histoireparlesdonnees\/files\/2018\/05\/fig3-1.jpg 900w, https:\/\/wp.unil.ch\/histoireparlesdonnees\/files\/2018\/05\/fig3-1-300x200.jpg 300w, https:\/\/wp.unil.ch\/histoireparlesdonnees\/files\/2018\/05\/fig3-1-768x512.jpg 768w\" sizes=\"auto, (max-width: 305px) 100vw, 305px\" \/><figcaption id=\"caption-attachment-1197\" class=\"wp-caption-text\">Figure 3 : Longueur moyenne des articles par anne?e<\/figcaption><\/figure>\n","protected":false},"excerpt":{"rendered":"<p>Tables des mati\u00e8res Introduction M\u00e9thodologie R\u00e9sultats Analyse Conclusion Le corpus fourni est celui des archives de la Gazette de Lausanne et du Journal de Gen\u00e8ve entre 1798 et 1998. Nous avons d\u00e9cid\u00e9 de r\u00e9duire cette p\u00e9riode dans notre \u00e9tude pour<\/p>\n","protected":false},"author":1001793,"featured_media":0,"parent":1138,"menu_order":0,"comment_status":"closed","ping_status":"closed","template":"","meta":{"_seopress_robots_primary_cat":"","_seopress_titles_title":"","_seopress_titles_desc":"","_seopress_robots_index":"","footnotes":""},"class_list":["post-1150","page","type-page","status-publish"],"_links":{"self":[{"href":"https:\/\/wp.unil.ch\/histoireparlesdonnees\/wp-json\/wp\/v2\/pages\/1150","targetHints":{"allow":["GET"]}}],"collection":[{"href":"https:\/\/wp.unil.ch\/histoireparlesdonnees\/wp-json\/wp\/v2\/pages"}],"about":[{"href":"https:\/\/wp.unil.ch\/histoireparlesdonnees\/wp-json\/wp\/v2\/types\/page"}],"author":[{"embeddable":true,"href":"https:\/\/wp.unil.ch\/histoireparlesdonnees\/wp-json\/wp\/v2\/users\/1001793"}],"replies":[{"embeddable":true,"href":"https:\/\/wp.unil.ch\/histoireparlesdonnees\/wp-json\/wp\/v2\/comments?post=1150"}],"version-history":[{"count":0,"href":"https:\/\/wp.unil.ch\/histoireparlesdonnees\/wp-json\/wp\/v2\/pages\/1150\/revisions"}],"up":[{"embeddable":true,"href":"https:\/\/wp.unil.ch\/histoireparlesdonnees\/wp-json\/wp\/v2\/pages\/1138"}],"wp:attachment":[{"href":"https:\/\/wp.unil.ch\/histoireparlesdonnees\/wp-json\/wp\/v2\/media?parent=1150"}],"curies":[{"name":"wp","href":"https:\/\/api.w.org\/{rel}","templated":true}]}}