{"id":1138,"date":"2018-05-30T18:14:30","date_gmt":"2018-05-30T16:14:30","guid":{"rendered":"http:\/\/wp.unil.ch\/histoireparlesdonnees\/?page_id=1138"},"modified":"2018-06-11T16:00:27","modified_gmt":"2018-06-11T14:00:27","slug":"les-violences-contre-les-femmes-et-leurs-representations-dans-les-archives-de-la-gazette-de-lausanne-et-du-journal-de-geneve-de-1900-a-1998","status":"publish","type":"page","link":"https:\/\/wp.unil.ch\/histoireparlesdonnees\/les-travaux-2017-2018\/les-violences-contre-les-femmes-et-leurs-representations-dans-les-archives-de-la-gazette-de-lausanne-et-du-journal-de-geneve-de-1900-a-1998\/","title":{"rendered":"Les violences contre les femmes et leurs repr\u00e9sentations dans les archives de la Gazette de Lausanne et du Journal de Gen\u00e8ve de 1900 \u00e0 1998"},"content":{"rendered":"<div style=\"background-color: #f2f2f2;padding: 20px 20px;margin: 10px;float: right;width: 300px\">\n<h1 style=\"font-size: 20px;line-height: normal\">Tables des mati\u00e8res<\/h1>\n<ul>\n<li style=\"list-style-type: none\">\n<ul>\n<li>Introduction<\/li>\n<li><a href=\"https:\/\/wp.unil.ch\/histoireparlesdonnees\/les-travaux-2017-2018\/les-violences-contre-les-femmes-et-leurs-representations-dans-les-archives-de-la-gazette-de-lausanne-et-du-journal-de-geneve-de-1900-a-1998\/methodologie\/\">M\u00e9thodologie<\/a><\/li>\n<li><a href=\"https:\/\/wp.unil.ch\/histoireparlesdonnees\/les-travaux-2017-2018\/les-violences-contre-les-femmes-et-leurs-representations-dans-les-archives-de-la-gazette-de-lausanne-et-du-journal-de-geneve-de-1900-a-1998\/resultats\/\">R\u00e9sultats<\/a><\/li>\n<li><a href=\"https:\/\/wp.unil.ch\/histoireparlesdonnees\/les-travaux\/limportance-de-la-chine-dans-la-presse-liberale-romande-au-xxe-siecle\/exemples-articles-indesirables\/\">Analyse<\/a><\/li>\n<li><a href=\"https:\/\/wp.unil.ch\/histoireparlesdonnees\/conclusion\/\" target=\"_blank\" rel=\"noopener\">Conclusion<\/a><\/li>\n<\/ul>\n<\/li>\n<\/ul>\n<\/div>\n<p><em>Pierre-Antoine Desplaces &amp; Lou Richard<\/em><\/p>\n<p><strong>Introduction<\/strong><\/p>\n<p>L\u2019Article 1 de la D\u00e9claration des Nations-Unies sur l\u2019\u00c9limination de la Violence contre les Femmes proclam\u00e9 le 20 d\u00e9cembre 1993, d\u00e9finit le terme \u00ab\u00a0violence contre les femmes\u00a0\u00bb de la mani\u00e8re suivante :<\/p>\n<p><em>Tout acte de violence bas\u00e9 sur le genre qui cause ou qui risque de causer des dommages ou souffrances physiques, sexuels ou psychologiques, y compris des menaces de tels actes, la coercition ou la privation arbitraire des libert\u00e9s, que cela se passe en public ou en priv\u00e9.<\/em> [1]<em><sup><br \/>\n<\/sup><\/em><\/p>\n<p>Des violences conjugales aux agressions sexuelles, en passant par le harc\u00e8lement au travail, les femmes subissent depuis toujours diverses formes de violences. Longtemps ignor\u00e9, ce ph\u00e9nom\u00e8ne est devenu au fil des ann\u00e9es, notamment \u00e0 la suite de la r\u00e9volution sexuelle en 1970, une des pr\u00e9occupations majeures de notre soci\u00e9t\u00e9, aujourd&#8217;hui au centre de l&#8217;actualit\u00e9.<\/p>\n<p>Le but de ce projet est d&#8217;observer quand et comment les deux journaux concern\u00e9s abordent le th\u00e8me de la violence contre les femmes, comment cette approche \u00e9volue et quels \u00e9v\u00e8nements causent cette \u00e9volution.<\/p>\n<p>Jusqu&#8217;au d\u00e9but du XX<sup>e<\/sup> si\u00e8cle, les femmes sont tr\u00e8s peu consid\u00e9r\u00e9es, ont peu d&#8217;autonomie et tr\u00e8s peu de droits. Dans certaines r\u00e9gions de Suisse o\u00f9 le Code Napol\u00e9on est introduit, les femmes sont sous la tutelle d&#8217;un homme toute leur vie, d&#8217;abord de leur p\u00e8re puis de leur mari.\u00a0[2] \u00c0 partir de la premi\u00e8re guerre mondiale en 1914, malgr\u00e9 la naissance de la premi\u00e8re vague f\u00e9ministe qui vise \u00e0 \u00e9tablir une \u00e9galit\u00e9 entre les hommes et les femmes, on parle de violences sur les femmes seulement pour les cas de viol par des soldats ennemis.<\/p>\n<p>Avec l&#8217;arriv\u00e9e de la deuxi\u00e8me vague f\u00e9ministe, originaire des \u00c9tats-Unis en 1970, qui vise \u00e0 remettre en question la position de la femme dans le monde du travail, au sein du foyer ou sa sexualit\u00e9 et les droits li\u00e9s \u00e0 la procr\u00e9ation, les femmes revendiquent le droit \u00e0 disposer librement de leur corps et attirent l&#8217;attention sur les violences domestiques, suivies par les m\u00e9dias qui commencent \u00e0 d\u00e9noncer les maltraitances conjugales et les diverses agressions subies par les femmes. [3]\n<p>Les femmes sont soumises \u00e0 diff\u00e9rents types de violence : physique, sexuelles, mais \u00e9galement psychologiques, ainsi que par le biais de leur int\u00e9gration dans la soci\u00e9t\u00e9, notamment dans le monde du travail ou en politique. Nous essaierons dans notre \u00e9tude d&#8217;identifier lesquelles de ces violences apparaissent et comment leur repr\u00e9sentation \u00e9volue dans le corpus donn\u00e9.<\/p>\n<p>Notre probl\u00e9matique est ax\u00e9e sur l&#8217;apparition et la fr\u00e9quence des ph\u00e9nom\u00e8nes de violences contre les femmes dans la presse Suisse, \u00e0 travers l&#8217;exemple des journaux la <em>Gazette de Lausanne<\/em> et le <em>Journal de Gen\u00e8ve<\/em> entre 1900 et 1998. Quand apparaissent-ils ? Avec quel d\u00e9calage par rapport \u00e0 leur \u00e9mergence originale ? Quelle est leur r\u00e9silience : leur apparition est-elle ponctuelle ou soutenue ?<\/p>\n<p>&nbsp;<\/p>\n<p>Bibliographie<\/p>\n[1] Groupe de Travail de l&#8217;ONG sur la Violence Contre les Femmes, <em>Glossaire de la Violence Contre les Femmes<\/em>, 2007, 22p.<\/p>\n[2] HEAD-K\u00d6NIG, Anne-Lise et MOTTU-WEBER, Liliane, <em>Femmes et discriminations en Suisse : le poids de l&#8217;histoire<\/em>, XVI<sup>e<\/sup>-d\u00e9but XX<sup>e <\/sup>si\u00e8cle (droit, \u00e9ducation, \u00e9conomie, justice), Gen\u00e8ve : Publications du D\u00e9partement d&#8217;histoire \u00e9conomique, 1999, 235p.<\/p>\n[3] MOSCONI, Nicole, \u00ab Mai 68 : le f\u00e9minisme de la deuxi\u00e8me vague et l\u2019analyse du sexisme en \u00e9ducation \u00bb, <em>Les Sciences de l&#8217;\u00e9ducation &#8211; Pour l&#8217;\u00c8re nouvelle<\/em>, Vol. 41 n\u00b03, 2008, p. 117-140.<\/p>\n","protected":false},"excerpt":{"rendered":"<p>Tables des mati\u00e8res Introduction M\u00e9thodologie R\u00e9sultats Analyse Conclusion Pierre-Antoine Desplaces &amp; Lou Richard Introduction L\u2019Article 1 de la D\u00e9claration des Nations-Unies sur l\u2019\u00c9limination de la Violence contre les Femmes proclam\u00e9 le 20 d\u00e9cembre 1993, d\u00e9finit le terme \u00ab\u00a0violence contre les<\/p>\n","protected":false},"author":1001793,"featured_media":0,"parent":912,"menu_order":0,"comment_status":"closed","ping_status":"closed","template":"","meta":{"_seopress_robots_primary_cat":"","_seopress_titles_title":"","_seopress_titles_desc":"","_seopress_robots_index":"","footnotes":""},"class_list":["post-1138","page","type-page","status-publish"],"_links":{"self":[{"href":"https:\/\/wp.unil.ch\/histoireparlesdonnees\/wp-json\/wp\/v2\/pages\/1138","targetHints":{"allow":["GET"]}}],"collection":[{"href":"https:\/\/wp.unil.ch\/histoireparlesdonnees\/wp-json\/wp\/v2\/pages"}],"about":[{"href":"https:\/\/wp.unil.ch\/histoireparlesdonnees\/wp-json\/wp\/v2\/types\/page"}],"author":[{"embeddable":true,"href":"https:\/\/wp.unil.ch\/histoireparlesdonnees\/wp-json\/wp\/v2\/users\/1001793"}],"replies":[{"embeddable":true,"href":"https:\/\/wp.unil.ch\/histoireparlesdonnees\/wp-json\/wp\/v2\/comments?post=1138"}],"version-history":[{"count":0,"href":"https:\/\/wp.unil.ch\/histoireparlesdonnees\/wp-json\/wp\/v2\/pages\/1138\/revisions"}],"up":[{"embeddable":true,"href":"https:\/\/wp.unil.ch\/histoireparlesdonnees\/wp-json\/wp\/v2\/pages\/912"}],"wp:attachment":[{"href":"https:\/\/wp.unil.ch\/histoireparlesdonnees\/wp-json\/wp\/v2\/media?parent=1138"}],"curies":[{"name":"wp","href":"https:\/\/api.w.org\/{rel}","templated":true}]}}