{"id":1133,"date":"2018-05-30T18:01:30","date_gmt":"2018-05-30T16:01:30","guid":{"rendered":"http:\/\/wp.unil.ch\/histoireparlesdonnees\/?page_id=1133"},"modified":"2018-05-31T12:50:12","modified_gmt":"2018-05-31T10:50:12","slug":"etude-de-levolution-des-revendications-feministes-a-travers-mai-68-basee-sur-les-archives-de-la-gazette-de-lausanne-et-du-journal-de-geneve","status":"publish","type":"page","link":"https:\/\/wp.unil.ch\/histoireparlesdonnees\/les-travaux-2017-2018\/etude-de-levolution-des-revendications-feministes-a-travers-mai-68-basee-sur-les-archives-de-la-gazette-de-lausanne-et-du-journal-de-geneve\/","title":{"rendered":"\u00c9tude de l\u2019\u00e9volution des revendications f\u00e9ministes \u00e0 travers Mai 68 bas\u00e9e sur les archives de la Gazette de Lausanne et du Journal de Gen\u00e8ve"},"content":{"rendered":"<p>Par Simon Canales, Claudio Loureiro &amp; Jordan Willemin<\/p>\n<p>&nbsp;<\/p>\n<p><strong>Table des mati\u00e8res<\/strong><\/p>\n<ul>\n<li><a href=\"https:\/\/wp.unil.ch\/histoireparlesdonnees\/les-travaux-2017-2018\/etude-de-levolution-des-revendications-feministes-a-travers-mai-68-basee-sur-les-archives-de-la-gazette-de-lausanne-et-du-journal-de-geneve\/introduction\/\">Introduction<\/a>\n<ul>\n<li>Mai 68: un ph\u00e9nom\u00e8ne global<\/li>\n<li>Mouvements f\u00e9ministes en Suisse<\/li>\n<li>Impact sur le f\u00e9minisme en France<\/li>\n<li>Corpus d&#8217;\u00e9tude et probl\u00e9matique<\/li>\n<\/ul>\n<\/li>\n<li><a href=\"https:\/\/wp.unil.ch\/histoireparlesdonnees\/les-travaux-2017-2018\/etude-de-levolution-des-revendications-feministes-a-travers-mai-68-basee-sur-les-archives-de-la-gazette-de-lausanne-et-du-journal-de-geneve\/methodologie\/\">M\u00e9thodologie<\/a><\/li>\n<li><a href=\"https:\/\/wp.unil.ch\/histoireparlesdonnees\/les-travaux-2017-2018\/etude-de-levolution-des-revendications-feministes-a-travers-mai-68-basee-sur-les-archives-de-la-gazette-de-lausanne-et-du-journal-de-geneve\/analyse\/\">Analyse<\/a>\n<ul>\n<li>Mai 68<\/li>\n<li>Revendications f\u00e9ministes<\/li>\n<li>Evolution du f\u00e9minsime<\/li>\n<li>Br\u00e8ve analyse qualitative<\/li>\n<\/ul>\n<\/li>\n<li><a href=\"https:\/\/wp.unil.ch\/histoireparlesdonnees\/les-travaux-2017-2018\/etude-de-levolution-des-revendications-feministes-a-travers-mai-68-basee-sur-les-archives-de-la-gazette-de-lausanne-et-du-journal-de-geneve\/conclusion\/\">Conclusion<\/a><\/li>\n<\/ul>\n<p>&nbsp;<\/p>\n<p style=\"text-align: center\"><a href=\"https:\/\/wp.unil.ch\/histoireparlesdonnees\/les-travaux-2017-2018\/etude-de-levolution-des-revendications-feministes-a-travers-mai-68-basee-sur-les-archives-de-la-gazette-de-lausanne-et-du-journal-de-geneve\/introduction\/\">suivant &gt;<\/a><\/p>\n<p>&nbsp;<\/p>\n","protected":false},"excerpt":{"rendered":"<p>Par Simon Canales, Claudio Loureiro &amp; Jordan Willemin &nbsp; Table des mati\u00e8res Introduction Mai 68: un ph\u00e9nom\u00e8ne global Mouvements f\u00e9ministes en Suisse Impact sur le f\u00e9minisme en France Corpus d&#8217;\u00e9tude et probl\u00e9matique M\u00e9thodologie Analyse Mai 68 Revendications f\u00e9ministes Evolution du<\/p>\n","protected":false},"author":1001612,"featured_media":0,"parent":912,"menu_order":0,"comment_status":"closed","ping_status":"closed","template":"","meta":{"_seopress_robots_primary_cat":"","_seopress_titles_title":"","_seopress_titles_desc":"","_seopress_robots_index":"","footnotes":""},"class_list":["post-1133","page","type-page","status-publish"],"_links":{"self":[{"href":"https:\/\/wp.unil.ch\/histoireparlesdonnees\/wp-json\/wp\/v2\/pages\/1133","targetHints":{"allow":["GET"]}}],"collection":[{"href":"https:\/\/wp.unil.ch\/histoireparlesdonnees\/wp-json\/wp\/v2\/pages"}],"about":[{"href":"https:\/\/wp.unil.ch\/histoireparlesdonnees\/wp-json\/wp\/v2\/types\/page"}],"author":[{"embeddable":true,"href":"https:\/\/wp.unil.ch\/histoireparlesdonnees\/wp-json\/wp\/v2\/users\/1001612"}],"replies":[{"embeddable":true,"href":"https:\/\/wp.unil.ch\/histoireparlesdonnees\/wp-json\/wp\/v2\/comments?post=1133"}],"version-history":[{"count":0,"href":"https:\/\/wp.unil.ch\/histoireparlesdonnees\/wp-json\/wp\/v2\/pages\/1133\/revisions"}],"up":[{"embeddable":true,"href":"https:\/\/wp.unil.ch\/histoireparlesdonnees\/wp-json\/wp\/v2\/pages\/912"}],"wp:attachment":[{"href":"https:\/\/wp.unil.ch\/histoireparlesdonnees\/wp-json\/wp\/v2\/media?parent=1133"}],"curies":[{"name":"wp","href":"https:\/\/api.w.org\/{rel}","templated":true}]}}