{"id":1089,"date":"2018-05-30T17:25:02","date_gmt":"2018-05-30T15:25:02","guid":{"rendered":"http:\/\/wp.unil.ch\/histoireparlesdonnees\/?page_id=1089"},"modified":"2018-05-30T17:57:48","modified_gmt":"2018-05-30T15:57:48","slug":"analyse-thematique-industrie-militaire","status":"publish","type":"page","link":"https:\/\/wp.unil.ch\/histoireparlesdonnees\/les-travaux-2017-2018\/les-femmes-dans-le-domaine-industriel-pendant-les-periodes-de-guerre\/analyses\/analyse-thematique-industrie-militaire\/","title":{"rendered":"Analyse Th\u00e9matique : Industrie Militaire"},"content":{"rendered":"<p class=\"Standard\" style=\"text-align: justify;text-indent: .5in\"><span lang=\"FR-CH\">Enfin, pour v\u00e9rifier notre hypoth\u00e8se que la guerre est responsable en partie d&#8217;une int\u00e9gration plus importante des femmes dans les domaines industriels, nous avons filtr\u00e9 le corpus de tous les articles ne contenant pas les mots \u00ab\u00a0militaire\u00a0\u00bb et \u00ab\u00a0femme\u00a0\u00bb. Nos r\u00e9sultats sont diff\u00e9rents pour la p\u00e9riode de la Premi\u00e8re Guerre mondiale et de celle de la Seconde. Les classes de mots trouv\u00e9es pour la premi\u00e8re p\u00e9riode sont plus g\u00e9n\u00e9riques et le mot \u00ab\u00a0femme\u00a0\u00bb appara\u00eet avec un faible pourcentage dans toutes les classes. Ce qui ne nous permet pas de r\u00e9aliser une corr\u00e9lation entre les femmes et les \u00e9v\u00e9nements militaires ou le travail.<\/span><\/p>\n<p class=\"Standard\" style=\"text-align: justify\"><span lang=\"FR-CH\">\u00a0<\/span><\/p>\n<p class=\"Standard\" style=\"text-align: justify;text-indent: .5in\"><span lang=\"FR-CH\">Cependant, sur les 5 classes obtenues lors de l&#8217;analyse de Reinert de la seconde p\u00e9riode, le mot \u00ab\u00a0femme\u00a0\u00bb appara\u00eet avec un faible pourcentage (20%) dans les articles en relation avec l&#8217;industrie militaire indiquant que les femmes ont particip\u00e9 \u00e0 la production militaire. L&#8217;autre classe contient des mots qui ne sont pas en rapport avec le travail, mais plut\u00f4t la famille et\/ou les descriptions de lieux. Le ph\u00e9nom\u00e8ne de guerre qui am\u00e8nerait les femmes \u00e0 travailler en industrie est donc faiblement perceptible \u00e0 travers les m\u00e9dias.<\/span><\/p>\n<p>&nbsp;<\/p>\n<p style=\"text-align: center\"><a href=\"https:\/\/wp.unil.ch\/histoireparlesdonnees\/les-travaux-2017-2018\/les-femmes-dans-le-domaine-industriel-pendant-les-periodes-de-guerre\/analyses\/analyses-approfondies\/\">?<\/a><\/p>\n<p style=\"text-align: center\"><a href=\"https:\/\/wp.unil.ch\/histoireparlesdonnees\/les-travaux-2017-2018\/les-femmes-dans-le-domaine-industriel-pendant-les-periodes-de-guerre\/analyses\/\">Retour aux Analyses<\/a><\/p>\n<p style=\"text-align: center\"><a href=\"https:\/\/wp.unil.ch\/histoireparlesdonnees\/les-travaux-2017-2018\/les-femmes-dans-le-domaine-industriel-pendant-les-periodes-de-guerre\/conclusion\/\">Conclusion<\/a><\/p>\n","protected":false},"excerpt":{"rendered":"<p>Enfin, pour v\u00e9rifier notre hypoth\u00e8se que la guerre est responsable en partie d&#8217;une int\u00e9gration plus importante des femmes dans les domaines industriels, nous avons filtr\u00e9 le corpus de tous les articles ne contenant pas les mots \u00ab\u00a0militaire\u00a0\u00bb et \u00ab\u00a0femme\u00a0\u00bb. Nos<\/p>\n","protected":false},"author":1001793,"featured_media":0,"parent":1004,"menu_order":0,"comment_status":"closed","ping_status":"closed","template":"","meta":{"_seopress_robots_primary_cat":"","_seopress_titles_title":"","_seopress_titles_desc":"","_seopress_robots_index":"","footnotes":""},"class_list":["post-1089","page","type-page","status-publish"],"_links":{"self":[{"href":"https:\/\/wp.unil.ch\/histoireparlesdonnees\/wp-json\/wp\/v2\/pages\/1089","targetHints":{"allow":["GET"]}}],"collection":[{"href":"https:\/\/wp.unil.ch\/histoireparlesdonnees\/wp-json\/wp\/v2\/pages"}],"about":[{"href":"https:\/\/wp.unil.ch\/histoireparlesdonnees\/wp-json\/wp\/v2\/types\/page"}],"author":[{"embeddable":true,"href":"https:\/\/wp.unil.ch\/histoireparlesdonnees\/wp-json\/wp\/v2\/users\/1001793"}],"replies":[{"embeddable":true,"href":"https:\/\/wp.unil.ch\/histoireparlesdonnees\/wp-json\/wp\/v2\/comments?post=1089"}],"version-history":[{"count":0,"href":"https:\/\/wp.unil.ch\/histoireparlesdonnees\/wp-json\/wp\/v2\/pages\/1089\/revisions"}],"up":[{"embeddable":true,"href":"https:\/\/wp.unil.ch\/histoireparlesdonnees\/wp-json\/wp\/v2\/pages\/1004"}],"wp:attachment":[{"href":"https:\/\/wp.unil.ch\/histoireparlesdonnees\/wp-json\/wp\/v2\/media?parent=1089"}],"curies":[{"name":"wp","href":"https:\/\/api.w.org\/{rel}","templated":true}]}}