{"id":1077,"date":"2018-05-30T17:13:54","date_gmt":"2018-05-30T15:13:54","guid":{"rendered":"http:\/\/wp.unil.ch\/histoireparlesdonnees\/?page_id=1077"},"modified":"2018-05-30T17:48:20","modified_gmt":"2018-05-30T15:48:20","slug":"bibliographie","status":"publish","type":"page","link":"https:\/\/wp.unil.ch\/histoireparlesdonnees\/les-travaux-2017-2018\/les-femmes-dans-le-domaine-industriel-pendant-les-periodes-de-guerre\/bibliographie\/","title":{"rendered":"Bibliographie"},"content":{"rendered":"<ul>\n<li>RAMBAL Julie, <em>La femme au foyer, m\u00e9nag\u00e8re triomphante,<\/em> Le Temps, 17 Janvier 2017<\/li>\n<li>WAILLY Jeanne-Marie, <em>Les diff\u00e9rentes phases du travail des femmes dans l&#8217;industrie,<\/em> Innovations (n<sup>o<\/sup> 20), De Boeck Sup\u00e9rieur, 2004, p. 131-146<\/li>\n<li>Constitution suisse, Article 151.1, <em>Loi f\u00e9d\u00e9rale sur l&#8217;\u00e9galit\u00e9 entre femmes et hommes, <\/em>24 mars 199<\/li>\n<\/ul>\n<p>&nbsp;<\/p>\n<p style=\"text-align: center\"><a href=\"https:\/\/wp.unil.ch\/histoireparlesdonnees\/les-travaux-2017-2018\/les-femmes-dans-le-domaine-industriel-pendant-les-periodes-de-guerre\/conclusion\/\">?<\/a><\/p>\n<p style=\"text-align: center\"><a href=\"https:\/\/wp.unil.ch\/histoireparlesdonnees\/les-travaux-2017-2018\/les-femmes-dans-le-domaine-industriel-pendant-les-periodes-de-guerre\/\">Retour au sommaire<\/a><\/p>\n","protected":false},"excerpt":{"rendered":"<p>RAMBAL Julie, La femme au foyer, m\u00e9nag\u00e8re triomphante, Le Temps, 17 Janvier 2017 WAILLY Jeanne-Marie, Les diff\u00e9rentes phases du travail des femmes dans l&#8217;industrie, Innovations (no 20), De Boeck Sup\u00e9rieur, 2004, p. 131-146 Constitution suisse, Article 151.1, Loi f\u00e9d\u00e9rale sur<\/p>\n","protected":false},"author":1001793,"featured_media":0,"parent":998,"menu_order":0,"comment_status":"closed","ping_status":"closed","template":"","meta":{"_seopress_robots_primary_cat":"","_seopress_titles_title":"","_seopress_titles_desc":"","_seopress_robots_index":"","footnotes":""},"class_list":["post-1077","page","type-page","status-publish"],"_links":{"self":[{"href":"https:\/\/wp.unil.ch\/histoireparlesdonnees\/wp-json\/wp\/v2\/pages\/1077","targetHints":{"allow":["GET"]}}],"collection":[{"href":"https:\/\/wp.unil.ch\/histoireparlesdonnees\/wp-json\/wp\/v2\/pages"}],"about":[{"href":"https:\/\/wp.unil.ch\/histoireparlesdonnees\/wp-json\/wp\/v2\/types\/page"}],"author":[{"embeddable":true,"href":"https:\/\/wp.unil.ch\/histoireparlesdonnees\/wp-json\/wp\/v2\/users\/1001793"}],"replies":[{"embeddable":true,"href":"https:\/\/wp.unil.ch\/histoireparlesdonnees\/wp-json\/wp\/v2\/comments?post=1077"}],"version-history":[{"count":0,"href":"https:\/\/wp.unil.ch\/histoireparlesdonnees\/wp-json\/wp\/v2\/pages\/1077\/revisions"}],"up":[{"embeddable":true,"href":"https:\/\/wp.unil.ch\/histoireparlesdonnees\/wp-json\/wp\/v2\/pages\/998"}],"wp:attachment":[{"href":"https:\/\/wp.unil.ch\/histoireparlesdonnees\/wp-json\/wp\/v2\/media?parent=1077"}],"curies":[{"name":"wp","href":"https:\/\/api.w.org\/{rel}","templated":true}]}}