{"id":1071,"date":"2018-05-30T17:09:23","date_gmt":"2018-05-30T15:09:23","guid":{"rendered":"http:\/\/wp.unil.ch\/histoireparlesdonnees\/?page_id=1071"},"modified":"2018-06-08T15:43:52","modified_gmt":"2018-06-08T13:43:52","slug":"conclusion-et-references-bibliographiques","status":"publish","type":"page","link":"https:\/\/wp.unil.ch\/histoireparlesdonnees\/les-travaux-2017-2018\/la-mode-et-le-vetement-feminins-au-xxeme-siecle\/conclusion-et-references-bibliographiques\/","title":{"rendered":"Conclusion et r\u00e9f\u00e9rences bibliographiques"},"content":{"rendered":"<p><span style=\"font-weight: 400\">Il est apparu au cours de cette analyse que la Gazette de Lausanne autant que le Journal de Gen\u00e8ve suivent de pr\u00e8s les \u00e9volutions de la mode \u00e0 travers leurs rubriques sp\u00e9cialis\u00e9es. L&#8217;int\u00e9r\u00eat est particuli\u00e8rement marqu\u00e9 \u00e0 partir des ann\u00e9es 1960. Cela dit, les occurrences de termes se rapportant au v\u00eatement sont pr\u00e9sentes en dehors des colonnes qui traitent de la mode, et leur analyse r\u00e9v\u00e8le parfois des d\u00e9calages avec les nouvelles habitudes vestimentaires. Aussi l&#8217;int\u00e9r\u00eat pour la mode est grandissant dans nos sources \u00e0 partir des ann\u00e9es 1960, et pour la mode f\u00e9minine en particulier. Si le traitement de la mode en tant que sujet diff\u00e8re d&#8217;un genre \u00e0 l&#8217;autre, nous avons relev\u00e9 des indices qui sugg\u00e8rent qu&#8217;il se distingue aussi d&#8217;un journal \u00e0 l&#8217;autre.<\/span><\/p>\n<p><span style=\"font-weight: 400\">Les archives de la GDL et du JDG constituant une source riche et volumineuse, les pistes d&#8217;approfondissements des questions soulev\u00e9es ici sont nombreuses. De nouvelles strat\u00e9gies d&#8217;approches pourront permettre de cibler et isoler d&#8217;autres portions de textes d&#8217;int\u00e9r\u00eat, sur l&#8217;introduction du pantalon dans le vestiaire f\u00e9minin en particulier, et l&#8217;analyse pourra \u00eatre approfondie en utilisant notamment de nouveaux outils quantitatifs. <\/span><\/p>\n<p><span style=\"font-weight: 400\">Il serait particuli\u00e8rement int\u00e9ressant de mener une analyse quantitative sur le mod\u00e8le de celle effectu\u00e9e par le journaliste Jean Abbiateci. Ce dernier, dans son article publi\u00e9 le 2 mai 2018 dans le Temps<sup><a id=\"ref23\" title=\"Texte de la note\" href=\"#fn23\">23<\/a><\/sup><\/span><span style=\"font-weight: 400\">, s&#8217;interroge sur la place des femmes dans le quotidien suisse en d\u00e9terminant la part occup\u00e9e par les femmes dans les \u00e9ditoriaux, les portraits, les photos ainsi qu&#8217;en tant que contributeur et expert. Une telle \u00e9tude permettrait de mettre en perspective les questions de recherche trait\u00e9es ici, notamment en cherchant \u00e0 d\u00e9terminer qui \u00e9crit les contenus sur la mode dans cette presse, et comment les femmes et leur habit sont montr\u00e9s \u00e0 travers les portraits photographiques pr\u00e9sents dans ces archives<\/span><\/p>\n<p>&nbsp;<\/p>\n<h4>R\u00e9f\u00e9rences bibliographiques<\/h4>\n<p><span style=\"font-weight: 400\">ALAC Patrik, <\/span><i><span style=\"font-weight: 400\">La grande histoire du Bikini, <\/span><\/i><span style=\"font-weight: 400\">New-York, Parkstone, 2002.<\/span><\/p>\n<p><span style=\"font-weight: 400\">BARD Christine, <\/span><i><span style=\"font-weight: 400\">Ce que soul\u00e8ve la jupe. Identit\u00e9s, transgressions, r\u00e9sistances, <\/span><\/i><span style=\"font-weight: 400\">Paris, Autrement, 2010.<\/span><\/p>\n<p><span style=\"font-weight: 400\">BARD Christine, PELLEGRIN Nicole (dir.), &#8220;Introduction. Femmes travesties : un &#8220;mauvais&#8221; genre&#8221;, <\/span><i><span style=\"font-weight: 400\">Clio. Histoire, femmes et soci\u00e9t\u00e9s<\/span><\/i><span style=\"font-weight: 400\">, n\u00b010, 1999, pp.1-9.<\/span><\/p>\n<p><span style=\"font-weight: 400\">BARD Christine, <\/span><i><span style=\"font-weight: 400\">Les femmes dans la soci\u00e9t\u00e9 fran\u00e7aise au XX<\/span><\/i><i><span style=\"font-weight: 400\">e<\/span><\/i><i><span style=\"font-weight: 400\"> si\u00e8cle<\/span><\/i><span style=\"font-weight: 400\">, Paris, Armand Colin, 2001.<\/span><\/p>\n<p><span style=\"font-weight: 400\">BARD Christine,<\/span><i><span style=\"font-weight: 400\"> Une histoire politique du pantalon<\/span><\/i><span style=\"font-weight: 400\">, Paris, Seuil, 2010.<\/span><\/p>\n<p><span style=\"font-weight: 400\">CLAVIEN Alain, <\/span><i><span style=\"font-weight: 400\">Grandeur et mis\u00e8res de la presse politique : le match Gazette de Lausanne\u00a0&#8211; Journal de Gen\u00e8ve, <\/span><\/i><span style=\"font-weight: 400\">Lausanne, Antipodes, 2010.<\/span><\/p>\n<p><span style=\"font-weight: 400\">DESLANDRES Yvonne (dir.), MULLER Florence, <\/span><i><span style=\"font-weight: 400\">Histoire de la mode au XX<\/span><\/i><i><span style=\"font-weight: 400\">\u00e8me<\/span><\/i><i><span style=\"font-weight: 400\"> si\u00e8cle,<\/span><\/i><span style=\"font-weight: 400\"> Paris, Somogy, 1986.<\/span><\/p>\n<p><span style=\"font-weight: 400\">GORI Gigliola, &#8220;F\u00e9minit\u00e9 et esth\u00e9tique sportive dans l\u2019Italie fasciste&#8221;, <\/span><i><span style=\"font-weight: 400\">Clio. Histoire\u201a femmes et soci\u00e9t\u00e9s, <\/span><\/i><span style=\"font-weight: 400\">n\u00b023, 2006, pp.93-118.<\/span><\/p>\n<p><span style=\"font-weight: 400\">FOGG Marnie, <\/span><i><span style=\"font-weight: 400\">Tout sur la mode : Panorama des chefs-d&#8217;oeuvre et des techniques<\/span><\/i><span style=\"font-weight: 400\">, Paris, Flammarion, 2013.<\/span><\/p>\n<p><span style=\"font-weight: 400\">HERITIER Franc?oise, <\/span><i><span style=\"font-weight: 400\">Hommes, femmes : la construction de la diffe?rence<\/span><\/i><span style=\"font-weight: 400\">, Paris, Le Pommier, 2014.<\/span><\/p>\n<p><span style=\"font-weight: 400\">REMAURY Bruno, <\/span><i><span style=\"font-weight: 400\">Dictionnaire de la mode au XX<\/span><\/i><i><span style=\"font-weight: 400\">e<\/span><\/i><i><span style=\"font-weight: 400\"> si\u00e8cle<\/span><\/i><span style=\"font-weight: 400\">, Paris, Du Regard, 1994.<\/span><\/p>\n<p><span style=\"font-weight: 400\">TOURRE-MALEN Catherine, &#8220;Des chaussures, des talons et des femmes&#8221;, <\/span><i><span style=\"font-weight: 400\">Ethnologie Fran\u00e7aise<\/span><\/i><span style=\"font-weight: 400\">, n\u00b04 &#8211; vol. 41, 2011, pp.727-739.<\/span><\/p>\n<p>&nbsp;<\/p>\n<hr \/>\n<p><a href=\"#ref23\">?<\/a><sup><a id=\"fn23\"><\/a>23<\/sup> ABBIATECI Jean, &#8220;Quelle place pour les femmes dans le Temps ?? &#8220;, <em>Le Temps<\/em>, 02\/05\/2018, https:\/\/www.letemps.ch\/societe\/place-femmes-temps.<\/p>\n<p>&nbsp;<\/p>\n<p style=\"text-align: center\"><a href=\"https:\/\/wp.unil.ch\/histoireparlesdonnees\/les-travaux-2017-2018\/la-mode-et-le-vetement-feminins-au-xxeme-siecle\/analyse-lexicographique-des-archives-du-temps\/\">&lt; pr\u00e9c\u00e9dent<\/a><\/p>\n","protected":false},"excerpt":{"rendered":"<p>Il est apparu au cours de cette analyse que la Gazette de Lausanne autant que le Journal de Gen\u00e8ve suivent de pr\u00e8s les \u00e9volutions de la mode \u00e0 travers leurs rubriques sp\u00e9cialis\u00e9es. L&#8217;int\u00e9r\u00eat est particuli\u00e8rement marqu\u00e9 \u00e0 partir des ann\u00e9es<\/p>\n","protected":false},"author":1001612,"featured_media":0,"parent":1019,"menu_order":0,"comment_status":"closed","ping_status":"closed","template":"","meta":{"_seopress_robots_primary_cat":"","_seopress_titles_title":"","_seopress_titles_desc":"","_seopress_robots_index":"","footnotes":""},"class_list":["post-1071","page","type-page","status-publish"],"_links":{"self":[{"href":"https:\/\/wp.unil.ch\/histoireparlesdonnees\/wp-json\/wp\/v2\/pages\/1071","targetHints":{"allow":["GET"]}}],"collection":[{"href":"https:\/\/wp.unil.ch\/histoireparlesdonnees\/wp-json\/wp\/v2\/pages"}],"about":[{"href":"https:\/\/wp.unil.ch\/histoireparlesdonnees\/wp-json\/wp\/v2\/types\/page"}],"author":[{"embeddable":true,"href":"https:\/\/wp.unil.ch\/histoireparlesdonnees\/wp-json\/wp\/v2\/users\/1001612"}],"replies":[{"embeddable":true,"href":"https:\/\/wp.unil.ch\/histoireparlesdonnees\/wp-json\/wp\/v2\/comments?post=1071"}],"version-history":[{"count":0,"href":"https:\/\/wp.unil.ch\/histoireparlesdonnees\/wp-json\/wp\/v2\/pages\/1071\/revisions"}],"up":[{"embeddable":true,"href":"https:\/\/wp.unil.ch\/histoireparlesdonnees\/wp-json\/wp\/v2\/pages\/1019"}],"wp:attachment":[{"href":"https:\/\/wp.unil.ch\/histoireparlesdonnees\/wp-json\/wp\/v2\/media?parent=1071"}],"curies":[{"name":"wp","href":"https:\/\/api.w.org\/{rel}","templated":true}]}}