{"id":1045,"date":"2018-05-30T16:57:13","date_gmt":"2018-05-30T14:57:13","guid":{"rendered":"http:\/\/wp.unil.ch\/histoireparlesdonnees\/?page_id=1045"},"modified":"2018-06-08T15:44:58","modified_gmt":"2018-06-08T13:44:58","slug":"1045-2","status":"publish","type":"page","link":"https:\/\/wp.unil.ch\/histoireparlesdonnees\/les-travaux-2017-2018\/la-mode-et-le-vetement-feminins-au-xxeme-siecle\/1045-2\/","title":{"rendered":"Le v\u00eatement f\u00e9minin r\u00e9invent\u00e9 au XX\u00e8me si\u00e8cle"},"content":{"rendered":"<p><span style=\"font-weight: 400\">Tout au long du XX<\/span><span style=\"font-weight: 400\">\u00e8me<\/span><span style=\"font-weight: 400\"> si\u00e8cle, la silhouette f\u00e9minine id\u00e9alis\u00e9e et les usages vestimentaires dont nous sommes d\u00e9positaires connaissent d\u2019importantes transformations dont les r\u00e9volutions culturelles et sociales qui jalonnent l\u2019histoire du si\u00e8cle en question en Europe sont \u00e0 l\u2019origine.<\/span><\/p>\n<figure id=\"attachment_1049\" aria-describedby=\"caption-attachment-1049\" style=\"width: 182px\" class=\"wp-caption alignleft\"><img alt=\"\" loading=\"lazy\" decoding=\"async\" class=\"wp-image-1049 size-full\" src=\"https:\/\/wp.unil.ch\/histoireparlesdonnees\/files\/2018\/05\/Copie-de-GDL-21.01.1887.png\" alt=\"\" width=\"182\" height=\"184\" \/><figcaption id=\"caption-attachment-1049\" class=\"wp-caption-text\"><em>La Gazette de Lausanne<\/em>, 12.01.1887, p.4.<\/figcaption><\/figure>\n<p><span style=\"font-weight: 400\">L&#8217;homme fait son entr\u00e9e dans le XX\u00e8me si\u00e8cle portant le v\u00eatement comme un uniforme, dont la neutralit\u00e9 ainsi que la silhouette sobre et droite tranchent avec la coquetterie et la diversit\u00e9 du vestiaire f\u00e9minin. La silhouette id\u00e9ale, en 8 ou en S, donne du volume aux hanches et \u00e0 la poitrine en resserrant la taille et comprimant les c\u00f4tes, parfois au moyen du corset<sup><a id=\"ref3\" title=\"Texte de la note\" href=\"#fn3\"> 3<\/a><\/sup>.\u00a0<\/span><\/p>\n<p>&nbsp;<\/p>\n<p>&nbsp;<\/p>\n<p>&nbsp;<\/p>\n<p>&nbsp;<\/p>\n<figure id=\"attachment_1213\" aria-describedby=\"caption-attachment-1213\" style=\"width: 242px\" class=\"wp-caption alignright\"><img alt=\"\" loading=\"lazy\" decoding=\"async\" class=\"wp-image-1213 size-full\" src=\"https:\/\/wp.unil.ch\/histoireparlesdonnees\/files\/2018\/05\/Copie-de-GDL-07.02.1926-page-de-la-femme-1.png\" alt=\"\" width=\"242\" height=\"523\" srcset=\"https:\/\/wp.unil.ch\/histoireparlesdonnees\/files\/2018\/05\/Copie-de-GDL-07.02.1926-page-de-la-femme-1.png 242w, https:\/\/wp.unil.ch\/histoireparlesdonnees\/files\/2018\/05\/Copie-de-GDL-07.02.1926-page-de-la-femme-1-139x300.png 139w\" sizes=\"auto, (max-width: 242px) 100vw, 242px\" \/><figcaption id=\"caption-attachment-1213\" class=\"wp-caption-text\"><em>La Gazette de Lausanne<\/em>, 07.02.1926, p.4.<\/figcaption><\/figure>\n<p><span style=\"font-weight: 400\">Tr\u00e8s vite, la mode vestimentaire des femmes se masculinise. Durant la Premi\u00e8re Guerre Mondiale, certaines femmes portent le pantalon lorsqu&#8217;elles remplacent, dans les usines ou aux champs par exemple, les hommes partis au front, mais son usage comme v\u00eatement du quotidien reste peu commun jusque dans les ann\u00e9es 1950<sup><a id=\"ref4\" title=\"Texte de la note\" href=\"#fn4\">4<\/a><\/sup><\/span><span style=\"font-weight: 400\">. Au courant des Ann\u00e9es Folles, cette tendance \u00e0 la masculinisation de la femme se poursuit, l\u2019usage du corset se fait plus rare et la silhouette f\u00e9minine s\u2019affine. Il faut attendre la fin de la Seconde Guerre Mondiale, qui tout comme le conflit qui l\u2019a pr\u00e9c\u00e9d\u00e9e virilise les femmes, pour voir la mode f\u00e9minine renouer avec la f\u00e9minit\u00e9. La phrase de Christine Bard \u00e0 ce sujet t\u00e9moigne des deux ph\u00e9nom\u00e8nes : \u00ab La Seconde Guerre mondiale, comme la premi\u00e8re, est accus\u00e9e d&#8217;avoir virilis\u00e9 les femmes \u00bb<sup><a id=\"ref5\" title=\"Texte de la note\" href=\"#fn5\">5<\/a><\/sup>.<\/span><\/p>\n<p>&nbsp;<\/p>\n<p>&nbsp;<\/p>\n<p>&nbsp;<\/p>\n<p>&nbsp;<\/p>\n<p>&nbsp;<\/p>\n<p>&nbsp;<\/p>\n<p>&nbsp;<\/p>\n<figure id=\"attachment_1052\" aria-describedby=\"caption-attachment-1052\" style=\"width: 316px\" class=\"wp-caption alignleft\"><img alt=\"\" loading=\"lazy\" decoding=\"async\" class=\"wp-image-1052 size-full\" src=\"https:\/\/wp.unil.ch\/histoireparlesdonnees\/files\/2018\/05\/Copie-de-JDG-21.03.1956-page-8-Pour-nos-lectrices-Mode-et-Beaut\u00e9.png\" alt=\"\" width=\"316\" height=\"566\" srcset=\"https:\/\/wp.unil.ch\/histoireparlesdonnees\/files\/2018\/05\/Copie-de-JDG-21.03.1956-page-8-Pour-nos-lectrices-Mode-et-Beaut\u00e9.png 316w, https:\/\/wp.unil.ch\/histoireparlesdonnees\/files\/2018\/05\/Copie-de-JDG-21.03.1956-page-8-Pour-nos-lectrices-Mode-et-Beaut\u00e9-167x300.png 167w\" sizes=\"auto, (max-width: 316px) 100vw, 316px\" \/><figcaption id=\"caption-attachment-1052\" class=\"wp-caption-text\">&#8220;Pour nos lectrices Mode et Beaut\u00e9&#8221;, Le Journal de Gen\u00e8ve, 21.03.1956, p.8.<\/figcaption><\/figure>\n<p><span style=\"font-weight: 400\">\u00ab En 1947, Christian Dior annonce qu&#8217;il les \u00ab ref\u00e9minise \u00bb\u00bb<\/span><span style=\"font-weight: 400\"><sup><a id=\"ref6\" title=\"Texte de la note\" href=\"#fn6\">6<\/a><\/sup> annonce Christine Bard. Alors que le port du pantalon s&#8217;ancre durablement dans les usages des femmes \u00e0 cette \u00e9poque, le New Look de Christian Dior les v\u00eatit de vestes cintr\u00e9es, de jupes amples. La haute-couture connait son second \u00e2ge d\u2019or<sup><a id=\"ref7\" title=\"Texte de la note\" href=\"#fn7\">7<\/a><\/sup><\/span><span style=\"font-weight: 400\"> et avec lui, un style qualifi\u00e9 de glamour, corset\u00e9, qui signe le retour de la silhouette en S dans la mode et les canons de beaut\u00e9 f\u00e9minins<sup><a id=\"ref8\" title=\"Texte de la note\" href=\"#fn8\">8<\/a><\/sup><\/span><span style=\"font-weight: 400\">. On commence \u00e0 voir port\u00e9s des talons hauts, qui de m\u00eame soulignent les formes du corps. Les ann\u00e9es 1960 sont \u00e9galement marqu\u00e9es par la commercialisation de la mini-jupe<\/span> <span style=\"font-weight: 400\">par Mary Quant \u00e0 Londres (en 1962). Le lancement de l\u2019habit par le styliste Delahaye conna\u00eet cependant un succ\u00e8s tr\u00e8s timide au courant de l\u2019ann\u00e9e 1963 et il faut attendre 1965 pour que son usage se popularise en France suite \u00e0 l&#8217;adoption de la tendance par le couturier fran\u00e7ais Courr\u00e8ges<sup><a id=\"ref9\" title=\"Texte de la note\" href=\"#fn9\">9<\/a><\/sup><\/span><span style=\"font-weight: 400\">. C\u2019est aussi \u00e0 cette p\u00e9riode que le bikini se r\u00e9pand sur les plages d\u2019Europe (notamment en France), malgr\u00e9 sa pr\u00e9sentation bien ant\u00e9rieure par Louis R\u00e9ard (en 1946)<sup><a id=\"ref10\" title=\"Texte de la note\" href=\"#fn10\">10<\/a><\/sup><\/span><span style=\"font-weight: 400\">. Bikini et mini-jupe<\/span> <span style=\"font-weight: 400\">constituent des exemples de r\u00e9volutions qui ont amorc\u00e9 un radical pas en avant dans la mode vestimentaire f\u00e9minine.<\/span><\/p>\n<p>&nbsp;<\/p>\n<p>&nbsp;<\/p>\n<figure id=\"attachment_1054\" aria-describedby=\"caption-attachment-1054\" style=\"width: 159px\" class=\"wp-caption alignright\"><img alt=\"\" loading=\"lazy\" decoding=\"async\" class=\"wp-image-1054 size-full\" src=\"https:\/\/wp.unil.ch\/histoireparlesdonnees\/files\/2018\/05\/Copie-de-LNQ-25.05.1995-page-26.png\" alt=\"\" width=\"159\" height=\"232\" \/><figcaption id=\"caption-attachment-1054\" class=\"wp-caption-text\">Le Nouveau Quotidien, 25.05.1995, p.26.<\/figcaption><\/figure>\n<p><span style=\"font-weight: 400\">Mais puisque la mode au courant du XX<\/span><span style=\"font-weight: 400\">\u00e8me<\/span><span style=\"font-weight: 400\"> si\u00e8cle conna\u00eet sans cesse des tendances parall\u00e8les et contradictoires, les silhouettes f\u00e9minines et masculines se voient de nouveau rapproch\u00e9es par les mouvements punks et hippies durant les ann\u00e9es 1960-1970. Il faut ainsi attendre le dernier quart du XX<\/span><span style=\"font-weight: 400\">\u00e8me<\/span><span style=\"font-weight: 400\"> si\u00e8cle pour que la tendance \u00e0 la f\u00e9minisation du vestiaire f\u00e9minin soit de nouveau soutenue par l\u2019essor de la lingerie f\u00e9minine, o\u00f9 la mode sera alors \u00e0 la jarretelle, tel que le souligne Christine Bard : \u00ab La \u00ab f\u00e9minit\u00e9 \u00bb est de retour, l&#8217;essor de la lingerie fine dans les ann\u00e9es 1990 (soutiens-gorge pigeonnants en dentelle et soie) en t\u00e9moigne, ainsi que le renouveau du porte-jarretelles et le succ\u00e8s des dim-up, commercialis\u00e9s en 1986 \u00bb<sup><a id=\"ref11\" title=\"Texte de la note\" href=\"#fn11\">11<\/a><\/sup><\/span><span style=\"font-weight: 400\">.<\/span><\/p>\n<hr \/>\n<p><a href=\"#ref3\">?<\/a><sup><a id=\"fn3\"><\/a>3<\/sup> REMAURY Bruno,?<em> Dictionnaire de la mode au XX\u00e8me? si\u00e8cle<\/em>, Paris, Du Regard, 1994, p.514.<br \/>\n<a href=\"#ref4\">?<\/a><sup><a id=\"fn4\"><\/a>4<\/sup> BARD Christine,? <em>Les femmes dans la soci\u00e9t\u00e9 fran\u00e7aise au XX\u00e8me? si\u00e8cle<\/em>, ?Paris, Armand Colin, 2001, p.264.<br \/>\n<a href=\"#ref5\">?<\/a><sup><a id=\"fn5\"><\/a>5<\/sup> <em>Ibidem<\/em>.<br \/>\n<a href=\"#ref6\">?<\/a><sup><a id=\"fn6\"><\/a>6<\/sup> <em>Ibidem<\/em>.<br \/>\n<a href=\"#ref7\">?<\/a><sup><a id=\"fn7\"><\/a>7<\/sup> FOGG Marnie,? <em>Tout sur la mode : Panorama des chefs-d\u2019\u0153uvre et des techniques<\/em>, Paris, Flammarion, 2013, p.299.<br \/>\n<a href=\"#ref8\">?<\/a><sup><a id=\"fn8\"><\/a>8<\/sup> BARD Christine,? <em>Les femmes dans la soci\u00e9t\u00e9 fran\u00e7aise au XX\u00e8me? si\u00e8cle<\/em>, <em>op. cit.<\/em>, p.264. L&#8217;auteure cite la \u00abgu\u00eapi\u00e8re de Marcel Rochas\u00bb, le port du bustier est \u00e9galement remarquable.<br \/>\n<a href=\"#ref9\">?<\/a><sup><a id=\"fn9\"><\/a>9<\/sup> DESLANDRES Yvonne, MULLER Florence (dir.),? <em>Histoire de la mode au XX\u00e8me? si\u00e8cle<\/em>, ?Paris, Somogy, 1986, p.256.<br \/>\n<a href=\"#ref10\">?<\/a><sup><a id=\"fn10\"><\/a>10<\/sup> ALAC Patrik,? <em>La grande histoire du Bikini<\/em>, New-York, Parkstone, 2002, p.8.<br \/>\n<a href=\"#ref11\">?<\/a><sup><a id=\"fn11\"><\/a>11<\/sup> BARD Christine, ?<em>Les femmes dans la soci\u00e9t\u00e9 fran\u00e7aise au XX\u00e8me si\u00e8cle<\/em>, ?<em>op. cit.<\/em>, p.265.<\/p>\n<p>&nbsp;<\/p>\n<p>&nbsp;<\/p>\n<p style=\"text-align: center\"><a href=\"https:\/\/wp.unil.ch\/histoireparlesdonnees\/les-travaux-2017-2018\/la-mode-et-le-vetement-feminins-au-xxeme-siecle\/\">&lt; pr\u00e9c\u00e9dent<\/a>\u00a0 \u00a0 |\u00a0 \u00a0 <a href=\"https:\/\/wp.unil.ch\/histoireparlesdonnees\/les-travaux-2017-2018\/la-mode-et-le-vetement-feminins-au-xxeme-siecle\/analyse-lexicographique-des-archives-du-temps\/\">suivant &gt;<\/a><\/p>\n","protected":false},"excerpt":{"rendered":"<p>Tout au long du XX\u00e8me si\u00e8cle, la silhouette f\u00e9minine id\u00e9alis\u00e9e et les usages vestimentaires dont nous sommes d\u00e9positaires connaissent d\u2019importantes transformations dont les r\u00e9volutions culturelles et sociales qui jalonnent l\u2019histoire du si\u00e8cle en question en Europe sont \u00e0 l\u2019origine. L&#8217;homme<\/p>\n","protected":false},"author":1001612,"featured_media":0,"parent":1019,"menu_order":0,"comment_status":"closed","ping_status":"closed","template":"","meta":{"_seopress_robots_primary_cat":"","_seopress_titles_title":"","_seopress_titles_desc":"","_seopress_robots_index":"","footnotes":""},"class_list":["post-1045","page","type-page","status-publish"],"_links":{"self":[{"href":"https:\/\/wp.unil.ch\/histoireparlesdonnees\/wp-json\/wp\/v2\/pages\/1045","targetHints":{"allow":["GET"]}}],"collection":[{"href":"https:\/\/wp.unil.ch\/histoireparlesdonnees\/wp-json\/wp\/v2\/pages"}],"about":[{"href":"https:\/\/wp.unil.ch\/histoireparlesdonnees\/wp-json\/wp\/v2\/types\/page"}],"author":[{"embeddable":true,"href":"https:\/\/wp.unil.ch\/histoireparlesdonnees\/wp-json\/wp\/v2\/users\/1001612"}],"replies":[{"embeddable":true,"href":"https:\/\/wp.unil.ch\/histoireparlesdonnees\/wp-json\/wp\/v2\/comments?post=1045"}],"version-history":[{"count":0,"href":"https:\/\/wp.unil.ch\/histoireparlesdonnees\/wp-json\/wp\/v2\/pages\/1045\/revisions"}],"up":[{"embeddable":true,"href":"https:\/\/wp.unil.ch\/histoireparlesdonnees\/wp-json\/wp\/v2\/pages\/1019"}],"wp:attachment":[{"href":"https:\/\/wp.unil.ch\/histoireparlesdonnees\/wp-json\/wp\/v2\/media?parent=1045"}],"curies":[{"name":"wp","href":"https:\/\/api.w.org\/{rel}","templated":true}]}}