{"id":1038,"date":"2018-05-30T16:42:34","date_gmt":"2018-05-30T14:42:34","guid":{"rendered":"http:\/\/wp.unil.ch\/histoireparlesdonnees\/?page_id=1038"},"modified":"2018-05-30T16:58:50","modified_gmt":"2018-05-30T14:58:50","slug":"conclusion","status":"publish","type":"page","link":"https:\/\/wp.unil.ch\/histoireparlesdonnees\/les-travaux-2017-2018\/la-perception-du-feminisme-par-la-gazette-de-lausanne-le-journal-de-geneve-et-le-nouveau-quotidien-entre-1958-et-1998\/conclusion\/","title":{"rendered":"Conclusion"},"content":{"rendered":"<h2><span style=\"font-weight: 400\">Probl\u00e8me et limitations<\/span><\/h2>\n<p><span style=\"font-weight: 400\">Durant l\u2019\u00e9tude, certains probl\u00e8mes et limitations ont \u00e9t\u00e9 identifi\u00e9s. Tout d\u2019abord, les corpus cr\u00e9\u00e9s automatiquement peuvent \u00eatre incomplets: l\u2019absence d\u2019un mot cl\u00e9 n\u2019implique pas forc\u00e9ment que le sujet n\u2019est pas trait\u00e9 et, au contraire, la pr\u00e9sence d\u2019un mot cl\u00e9 ne signifie pas que le sujet soit le th\u00e8me principal d\u2019un article. Il aurait aussi \u00e9t\u00e9 souhaitable de filtrer les article qualitativement mais leur nombre est beaucoup trop nombreux pour rendre cette t\u00e2che r\u00e9alisable en un temps raisonnable.<\/span><\/p>\n<p><span style=\"font-weight: 400\">De plus, les journaux \u00e9tudi\u00e9s abordent principalement des sujets locaux et en particulier de sujets politis\u00e9s, ce qui introduit un biais. Cela a notamment pour effet d\u2019associer plus le f\u00e9minisme \u00e0 des partis politiques qu\u2019\u00e0 d\u2019autres luttes sociales. <\/span><\/p>\n<h2><span style=\"font-weight: 400\">Pour finir&#8230;\u00a0<\/span><\/h2>\n<p><span style=\"font-weight: 400\">Les analyses effectu\u00e9es montrent que le f\u00e9minisme est un sujet politis\u00e9 malgr\u00e9 le biais des sources. Toutefois, il serait pr\u00e9matur\u00e9 de conclure que lorsque les femmes sont mentionn\u00e9es dans un contexte professionnel, ces articles parlent aussi de f\u00e9minisme. Enfin, le f\u00e9minisme s\u2019associe ou est associ\u00e9 aux autre luttes sociales durant cette p\u00e9riode et au travers des sources.<\/span><\/p>\n<p style=\"text-align: center\"><a href=\"https:\/\/wp.unil.ch\/histoireparlesdonnees\/les-travaux-2017-2018\/la-perception-du-feminisme-par-la-gazette-de-lausanne-le-journal-de-geneve-et-le-nouveau-quotidien-entre-1958-et-1998\/analyse\/\">&lt;<\/a> <a href=\"https:\/\/wp.unil.ch\/histoireparlesdonnees\/bibliographie\/\">&gt;<\/a><\/p>\n<p>&nbsp;<\/p>\n","protected":false},"excerpt":{"rendered":"<p>Probl\u00e8me et limitations Durant l\u2019\u00e9tude, certains probl\u00e8mes et limitations ont \u00e9t\u00e9 identifi\u00e9s. Tout d\u2019abord, les corpus cr\u00e9\u00e9s automatiquement peuvent \u00eatre incomplets: l\u2019absence d\u2019un mot cl\u00e9 n\u2019implique pas forc\u00e9ment que le sujet n\u2019est pas trait\u00e9 et, au contraire, la pr\u00e9sence d\u2019un<\/p>\n","protected":false},"author":1001793,"featured_media":0,"parent":1005,"menu_order":0,"comment_status":"closed","ping_status":"closed","template":"","meta":{"_seopress_robots_primary_cat":"","_seopress_titles_title":"","_seopress_titles_desc":"","_seopress_robots_index":"","footnotes":""},"class_list":["post-1038","page","type-page","status-publish"],"_links":{"self":[{"href":"https:\/\/wp.unil.ch\/histoireparlesdonnees\/wp-json\/wp\/v2\/pages\/1038","targetHints":{"allow":["GET"]}}],"collection":[{"href":"https:\/\/wp.unil.ch\/histoireparlesdonnees\/wp-json\/wp\/v2\/pages"}],"about":[{"href":"https:\/\/wp.unil.ch\/histoireparlesdonnees\/wp-json\/wp\/v2\/types\/page"}],"author":[{"embeddable":true,"href":"https:\/\/wp.unil.ch\/histoireparlesdonnees\/wp-json\/wp\/v2\/users\/1001793"}],"replies":[{"embeddable":true,"href":"https:\/\/wp.unil.ch\/histoireparlesdonnees\/wp-json\/wp\/v2\/comments?post=1038"}],"version-history":[{"count":0,"href":"https:\/\/wp.unil.ch\/histoireparlesdonnees\/wp-json\/wp\/v2\/pages\/1038\/revisions"}],"up":[{"embeddable":true,"href":"https:\/\/wp.unil.ch\/histoireparlesdonnees\/wp-json\/wp\/v2\/pages\/1005"}],"wp:attachment":[{"href":"https:\/\/wp.unil.ch\/histoireparlesdonnees\/wp-json\/wp\/v2\/media?parent=1038"}],"curies":[{"name":"wp","href":"https:\/\/api.w.org\/{rel}","templated":true}]}}