{"id":1021,"date":"2018-05-30T16:40:31","date_gmt":"2018-05-30T14:40:31","guid":{"rendered":"http:\/\/wp.unil.ch\/histoireparlesdonnees\/?page_id=1021"},"modified":"2018-05-30T16:58:09","modified_gmt":"2018-05-30T14:58:09","slug":"analyse","status":"publish","type":"page","link":"https:\/\/wp.unil.ch\/histoireparlesdonnees\/les-travaux-2017-2018\/la-perception-du-feminisme-par-la-gazette-de-lausanne-le-journal-de-geneve-et-le-nouveau-quotidien-entre-1958-et-1998\/analyse\/","title":{"rendered":"Analyse"},"content":{"rendered":"<p><span style=\"font-weight: 400\">Afin d\u2019aborder ce vaste sujet, plusieurs hypoth\u00e8ses ont \u00e9t\u00e9 \u00e9mises. <\/span><\/p>\n<p><span style=\"font-weight: 400\">Tout d\u2019abord, les recherches de contextualisation m\u00e8nent \u00e0 penser que <\/span><b>le sujet de f\u00e9minisme est per\u00e7u comme un sujet politique<\/b><span style=\"font-weight: 400\">.<\/span><\/p>\n<p><span style=\"font-weight: 400\">Ensuite, des hypoth\u00e8ses de recherches ont \u00e9t\u00e9 extraites d\u2019une premi\u00e8re analyse (Reinert) des donn\u00e9es disponibles et les deux axes d&#8217;approfondissement suivants ont \u00e9t\u00e9s retenu:<\/span><\/p>\n<ul>\n<li style=\"font-weight: 400\"><span style=\"font-weight: 400\">Le JdG, la GdL et le NQ <\/span><b>per\u00e7oivent les femmes dans le monde du travail comme un sujet f\u00e9ministe. <\/b><\/li>\n<li style=\"font-weight: 400\"><span style=\"font-weight: 400\">Le JdG, la GdL et le NQ <\/span><b>associent les mouvements f\u00e9ministes aux autres luttes sociales. <\/b><\/li>\n<\/ul>\n<h2><b>Le f\u00e9minisme per\u00e7u comme sujet politique ?<\/b><\/h2>\n<p><span style=\"font-weight: 400\">La <\/span><b>premi\u00e8re hypoth\u00e8se<\/b><span style=\"font-weight: 400\"> a \u00e9t\u00e9 faite sur la base de la contextualisation et d\u00e8s les premi\u00e8res analyses Reinert plusieurs r\u00e9sultats allaient dans ce sens. En effet, avec le corpus \u00c9tat, les sujets<\/span><\/p>\n<p><span style=\"font-weight: 400\">\u00a0sont tr\u00e8s vari\u00e9s (politique,\u00a0<\/span><span style=\"font-weight: 400\">c<\/span>rime, international, \u00e9conomie), toutefois, lorsque l\u2019\u00e9tude de son intersection et faite, le sujet \u201cpolitique\u201d sort particuli\u00e8rement du lot comme on le voit sur l\u2019image ci-dessous, ce qui montre la connotation politique du f\u00e9minisme.<\/p>\n<p><img alt=\"\" loading=\"lazy\" decoding=\"async\" class=\"wp-image-1022 aligncenter\" src=\"https:\/\/wp.unil.ch\/histoireparlesdonnees\/files\/2018\/05\/im1-300x193.png\" alt=\"\" width=\"531\" height=\"342\" srcset=\"https:\/\/wp.unil.ch\/histoireparlesdonnees\/files\/2018\/05\/im1-300x193.png 300w, https:\/\/wp.unil.ch\/histoireparlesdonnees\/files\/2018\/05\/im1-768x494.png 768w, https:\/\/wp.unil.ch\/histoireparlesdonnees\/files\/2018\/05\/im1-1024x659.png 1024w, https:\/\/wp.unil.ch\/histoireparlesdonnees\/files\/2018\/05\/im1.png 1364w\" sizes=\"auto, (max-width: 531px) 100vw, 531px\" \/><\/p>\n<p><span style=\"font-weight: 400\">De plus, en particulier pour les acteurs: personnalit\u00e9s publiques et m\u00e9dias, on remarque que la distribution de sujets devient tr\u00e8s politique d\u00e8s que l\u2019on \u00e9tudie son intersection avec f\u00e9minisme. Ceci met en valeur que m\u00eame dans les corpus qui ne parlent pas directement de politique, quand on croise avec \u201cf\u00e9minisme\u201d on revient toujours \u00e0 des sujets politiques.<\/span><\/p>\n<h2><b>Les femmes dans le monde du travail per\u00e7u comme sujet f\u00e9ministe ?<\/b><\/h2>\n<p><span style=\"font-weight: 400\">La <\/span><b>seconde hypoth\u00e8se<\/b><span style=\"font-weight: 400\"> est venue du fait que dans le corpus d\u2019intersection entre Entreprise et F\u00e9minisme ci-dessous, la classe principale identifi\u00e9e est relative aux conditions de la femme dans l&#8217;entreprise, alors que dans le corpus Entreprise simple, ce sujet est trop peu trait\u00e9 pour \u00eatre d\u00e9tect\u00e9. <\/span><\/p>\n<p><img alt=\"\" loading=\"lazy\" decoding=\"async\" class=\"wp-image-1024 aligncenter\" src=\"https:\/\/wp.unil.ch\/histoireparlesdonnees\/files\/2018\/05\/im2-300x202.png\" alt=\"\" width=\"548\" height=\"369\" srcset=\"https:\/\/wp.unil.ch\/histoireparlesdonnees\/files\/2018\/05\/im2-300x202.png 300w, https:\/\/wp.unil.ch\/histoireparlesdonnees\/files\/2018\/05\/im2-768x517.png 768w, https:\/\/wp.unil.ch\/histoireparlesdonnees\/files\/2018\/05\/im2-1024x689.png 1024w, https:\/\/wp.unil.ch\/histoireparlesdonnees\/files\/2018\/05\/im2.png 1310w\" sizes=\"auto, (max-width: 548px) 100vw, 548px\" \/><\/p>\n<p><span style=\"font-weight: 400\">Cela signifierait que le sujet de la position des femmes dans les entreprises est trait\u00e9 uniquement lorsque l&#8217;article parle de f\u00e9minisme, et que la presse romande per\u00e7oit les femmes dans le monde du travail comme un sujet principalement f\u00e9ministe.<\/span><\/p>\n<p><span style=\"font-weight: 400\">Pour tester cette hypoth\u00e8se, une intersection a \u00e9t\u00e9 faite entre le corpus Entreprise et le mot femme, puis cette m\u00eame intersection a \u00e9t\u00e9 crois\u00e9e avec le corpus f\u00e9minisme. Le r\u00e9sultat de ces intersections successives est que seulement 2,1% des articles parlant de femmes et d\u2019entreprises parlent \u00e9galement de f\u00e9minisme. Ceci tend \u00e0 infirmer l\u2019hypoth\u00e8se que le sujet des femmes dans les entreprises est majoritairement per\u00e7u comme f\u00e9ministe. Cependant, en regardant qualitativement la teneur des articles dans l\u2019intersection entre Entreprise et femme on s\u2019aper\u00e7oit que la plupart d\u2019entre eux ne mentionnent le mot entreprise qu\u2019en passant. Le monde de l\u2019entreprise, ou le fonctionnement d\u2019une entreprise en particulier, ne sont pas les sujets principaux de la majorit\u00e9 de ces articles. Au vu de cette observation, il n\u2019est pas possible de confirmer ou d\u2019infirmer notre hypoth\u00e8se de d\u00e9part sur la base d\u2019analyses suppl\u00e9mentaires.<\/span><\/p>\n<h2><b>Le f\u00e9minisme amalgam\u00e9 aux autre luttes sociales ?<\/b><\/h2>\n<p><span style=\"font-weight: 400\">La <\/span><b>troisi\u00e8me hypoth\u00e8se<\/b><span style=\"font-weight: 400\"> vient du fait que le dendrogramme de l\u2019intersection de \u2018Partis politiques\u2019 avec \u2018F\u00e9minisme\u2019 \u00a0ci-dessous pr\u00e9sente une classe contenant des mots comme \u2018noir\u2019 ou \u2018pacifiste\u2019, ce qui tend \u00e0 montrer une certaine convergence des luttes avec, entre autre, les manifestations contre la guerre ou encore d\u00e9fendant les droits des personnes noires.<\/span><\/p>\n<p><img alt=\"\" loading=\"lazy\" decoding=\"async\" class=\"wp-image-1025 aligncenter\" src=\"https:\/\/wp.unil.ch\/histoireparlesdonnees\/files\/2018\/05\/im3-300x206.png\" alt=\"\" width=\"578\" height=\"397\" srcset=\"https:\/\/wp.unil.ch\/histoireparlesdonnees\/files\/2018\/05\/im3-300x206.png 300w, https:\/\/wp.unil.ch\/histoireparlesdonnees\/files\/2018\/05\/im3-768x528.png 768w, https:\/\/wp.unil.ch\/histoireparlesdonnees\/files\/2018\/05\/im3-1024x704.png 1024w, https:\/\/wp.unil.ch\/histoireparlesdonnees\/files\/2018\/05\/im3.png 1256w\" sizes=\"auto, (max-width: 578px) 100vw, 578px\" \/><\/p>\n<p><span style=\"font-weight: 400\">Pour confirmer ou infirmer cette hypoth\u00e8se, la d\u00e9marche d\u00e9crite ci-apr\u00e8s a \u00e9t\u00e9 adopt\u00e9e. <\/span><\/p>\n<p><span style=\"font-weight: 400\">Une \u00e9tude quantitative a \u00e9t\u00e9 r\u00e9alis\u00e9e. Tout d\u2019abord, une analyse fr\u00e9quentielle a \u00e9t\u00e9 effectu\u00e9e gr\u00e2ce \u00e0 un nouveau corpus constitu\u00e9 de textes repr\u00e9sentant les luttes sociales. Les mots cl\u00e9s utilis\u00e9s pour le cr\u00e9er sont les suivants: <\/span><\/p>\n<ul>\n<li style=\"font-weight: 400\"><span style=\"font-weight: 400\">pacifiste\/pacifisme<\/span><\/li>\n<li style=\"font-weight: 400\"><span style=\"font-weight: 400\">raciste\/racisme<\/span><\/li>\n<li style=\"font-weight: 400\"><span style=\"font-weight: 400\">mouvement\/droit des noir(s)<\/span><\/li>\n<li style=\"font-weight: 400\"><span style=\"font-weight: 400\">mouvement\/manifestation antiraciste<\/span><\/li>\n<li style=\"font-weight: 400\"><span style=\"font-weight: 400\">mouvement\/manifestation\/d\u00e9l\u00e9gation syndicaliste<\/span><\/li>\n<li style=\"font-weight: 400\"><span style=\"font-weight: 400\">mouvement\/manifestation\/d\u00e9l\u00e9gation ouvrier<\/span><\/li>\n<li style=\"font-weight: 400\"><span style=\"font-weight: 400\">\u00e9cologie\/\u00e9cologisme\/\u00e9cologiste<\/span><\/li>\n<li style=\"font-weight: 400\"><span style=\"font-weight: 400\">luttes sociales<\/span><\/li>\n<li style=\"font-weight: 400\"><span style=\"font-weight: 400\">mots cl\u00e9s li\u00e9s aux mouvements LGBT<\/span><\/li>\n<\/ul>\n<p><span style=\"font-weight: 400\">Ensuite, une \u00e9tude bas\u00e9e sur du <\/span><i><span style=\"font-weight: 400\">topic modelling<\/span><\/i><span style=\"font-weight: 400\">, et de l&#8217;\u00e9tude de dendrogrammes Chi2 a \u00e9t\u00e9e effectu\u00e9e et une <\/span><i><span style=\"font-weight: 400\">sentiment analysis<\/span><\/i><span style=\"font-weight: 400\"> a \u00e9t\u00e9 r\u00e9alis\u00e9e. Enfin une \u00e9tude qualitative a \u00e9t\u00e9e faite. <\/span><\/p>\n<p><span style=\"font-weight: 400\">Un premier indice qui tend \u00e0 confirmer l\u2019hypoth\u00e8se est que l\u2019intersection entre le corpus de lutte sociales et f\u00e9minisme semble importante en taille. En effet 13% des articles parlant de f\u00e9minisme parlent aussi d\u2019autres luttes sociales. <\/span><\/p>\n<p><span style=\"font-weight: 400\">De plus, 2% des articles parlant de luttes sociales parlent aussi de f\u00e9minisme ce qui est beaucoup moins . <\/span><\/p>\n<p>&nbsp;<\/p>\n<p><span style=\"font-weight: 400\">En ce qui concerne l\u2019analyse fr\u00e9quentielle, les graphiques suivant ont \u00e9t\u00e9 obtenus:<\/span><\/p>\n<p><img alt=\"\" loading=\"lazy\" decoding=\"async\" class=\"wp-image-1026 alignleft\" src=\"https:\/\/wp.unil.ch\/histoireparlesdonnees\/files\/2018\/05\/im4-300x163.png\" alt=\"\" width=\"466\" height=\"253\" srcset=\"https:\/\/wp.unil.ch\/histoireparlesdonnees\/files\/2018\/05\/im4-300x163.png 300w, https:\/\/wp.unil.ch\/histoireparlesdonnees\/files\/2018\/05\/im4-768x418.png 768w, https:\/\/wp.unil.ch\/histoireparlesdonnees\/files\/2018\/05\/im4-1024x557.png 1024w, https:\/\/wp.unil.ch\/histoireparlesdonnees\/files\/2018\/05\/im4.png 1202w\" sizes=\"auto, (max-width: 466px) 100vw, 466px\" \/><\/p>\n<p><img alt=\"\" loading=\"lazy\" decoding=\"async\" class=\"wp-image-1027 alignleft\" src=\"https:\/\/wp.unil.ch\/histoireparlesdonnees\/files\/2018\/05\/im5-300x166.png\" alt=\"\" width=\"464\" height=\"256\" srcset=\"https:\/\/wp.unil.ch\/histoireparlesdonnees\/files\/2018\/05\/im5-300x166.png 300w, https:\/\/wp.unil.ch\/histoireparlesdonnees\/files\/2018\/05\/im5-768x424.png 768w, https:\/\/wp.unil.ch\/histoireparlesdonnees\/files\/2018\/05\/im5-1024x565.png 1024w, https:\/\/wp.unil.ch\/histoireparlesdonnees\/files\/2018\/05\/im5-600x330.png 600w, https:\/\/wp.unil.ch\/histoireparlesdonnees\/files\/2018\/05\/im5.png 1200w\" sizes=\"auto, (max-width: 464px) 100vw, 464px\" \/><img alt=\"\" loading=\"lazy\" decoding=\"async\" class=\"wp-image-1028 alignleft\" src=\"https:\/\/wp.unil.ch\/histoireparlesdonnees\/files\/2018\/05\/im6-300x176.png\" alt=\"\" width=\"461\" height=\"270\" srcset=\"https:\/\/wp.unil.ch\/histoireparlesdonnees\/files\/2018\/05\/im6-300x176.png 300w, https:\/\/wp.unil.ch\/histoireparlesdonnees\/files\/2018\/05\/im6-768x451.png 768w, https:\/\/wp.unil.ch\/histoireparlesdonnees\/files\/2018\/05\/im6-1024x601.png 1024w, https:\/\/wp.unil.ch\/histoireparlesdonnees\/files\/2018\/05\/im6.png 1166w\" sizes=\"auto, (max-width: 461px) 100vw, 461px\" \/><\/p>\n<p><span style=\"font-weight: 400\">D\u2019important pics de pr\u00e9sence de l\u2019association entre f\u00e9minisme et d\u2019autres mouvements de luttes sont notables<\/span><\/p>\n<p><span style=\"font-weight: 400\">En premier lieu en 1981, des manifestations pacifistes ont lieu en Europe et les mouvements f\u00e9ministes s\u2019y associent particuli\u00e8rement. <\/span><\/p>\n<p><span style=\"font-weight: 400\">En 1987, des associations fr\u00e9quentes sont faites aussi avec les mouvements \u00e9cologistes mais cela est principalement due au fait que les \u00e9lections f\u00e9d\u00e9rales ont lieu et que les f\u00e9ministes apportent leur soutien \u00e0 ces partis. <\/span><\/p>\n<p><span style=\"font-weight: 400\">En 1991, un pic est \u00e9galement observ\u00e9 mais caus\u00e9 par les \u00e9lections f\u00e9d\u00e9rales et cantonales auxquelles les mouvements f\u00e9ministes participe aux cot\u00e9s des autre mouvements sociaux.<\/span><\/p>\n<p><span style=\"font-weight: 400\">En 1995, bien que cette ann\u00e9e est \u00e0 nouveau celle des \u00e9lections, aucun pic n\u2019appara\u00eet. Toutefois aucune explication venant de la contextualisation n&#8217;explique ce ph\u00e9nom\u00e8ne, mis \u00e0 part le fait que ce ne soit pas \u00e0 la fois une ann\u00e9e d&#8217;\u00e9lections f\u00e9d\u00e9rales et cantonales. <\/span><\/p>\n<p><span style=\"font-weight: 400\">Ainsi, ces pics confirment l\u2019association particuli\u00e8re entre les mouvements f\u00e9ministes et les autres luttes sociales ou mouvements politiques.<\/span><\/p>\n<p><span style=\"font-weight: 400\">Ces pics ne couvrant pas toute la p\u00e9riode \u00e9tudi\u00e9e, une \u00e9tude qualitative a \u00e9t\u00e9 men\u00e9e afin d\u2019\u00e9tudier si m\u00eame hors des p\u00e9riodes \u00e9lectorales cette association est faite. Cette analyse, bien que partielle, a confirm\u00e9 l&#8217;hypoth\u00e8se. Deux des exemples notables sont des articles d\u2019association de mouvement de causes f\u00e9ministes \u00e0 des mouvements pacifiste et \u00e0 des mouvements LGBT:<\/span><\/p>\n<p><span style=\"font-weight: 400\">\u201c&#8230; participation plus large que par le pass\u00e9 d&#8217;autres secteurs de la population : repr\u00e9sentants de groupes minoritaires, en particulier noirs et \u00abchicanos\u00bb ainsi que plusieurs d\u00e9l\u00e9gations de syndicalistes et d&#8217;organisations f\u00e9ministes.\u201d<\/span><\/p>\n<p><span style=\"font-weight: 400\">\u201cLa pr\u00e9sidente du PS valaisan, a compar\u00e9 la lutte des homosexuels avec celle du mouvement f\u00e9ministe pour l&#8217;\u00e9galit\u00e9 des droits. \u201d<\/span><\/p>\n<p><span style=\"font-weight: 400\">Une \u00e9tude plus dynamique a \u00e9galement \u00e9t\u00e9 r\u00e9alis\u00e9e gr\u00e2ce \u00e0 des dendrogrammes chi2 mais aucun r\u00e9sultat viable n\u2019a pu \u00eatre extrait. En effet, les sujets n\u2019ont pas beaucoup \u00e9volu\u00e9s au cours de la p\u00e9riode \u00e9tudi\u00e9 (et sur le corpus d\u2019intersection de f\u00e9minisme et luttes sociales) et aucun pic notables n\u2019ont pu \u00eatre utilis\u00e9s pour tirer des conclusions.<\/span><\/p>\n<p style=\"text-align: center\"><a href=\"https:\/\/wp.unil.ch\/histoireparlesdonnees\/les-travaux-2017-2018\/la-perception-du-feminisme-par-la-gazette-de-lausanne-le-journal-de-geneve-et-le-nouveau-quotidien-entre-1958-et-1998\/methodologie\/\">&lt;<\/a> <a href=\"https:\/\/wp.unil.ch\/histoireparlesdonnees\/les-travaux-2017-2018\/la-perception-du-feminisme-par-la-gazette-de-lausanne-le-journal-de-geneve-et-le-nouveau-quotidien-entre-1958-et-1998\/conclusion\/\">&gt;<\/a><\/p>\n","protected":false},"excerpt":{"rendered":"<p>Afin d\u2019aborder ce vaste sujet, plusieurs hypoth\u00e8ses ont \u00e9t\u00e9 \u00e9mises. Tout d\u2019abord, les recherches de contextualisation m\u00e8nent \u00e0 penser que le sujet de f\u00e9minisme est per\u00e7u comme un sujet politique. Ensuite, des hypoth\u00e8ses de recherches ont \u00e9t\u00e9 extraites d\u2019une premi\u00e8re<\/p>\n","protected":false},"author":1001793,"featured_media":0,"parent":1005,"menu_order":0,"comment_status":"closed","ping_status":"closed","template":"","meta":{"_seopress_robots_primary_cat":"","_seopress_titles_title":"","_seopress_titles_desc":"","_seopress_robots_index":"","footnotes":""},"class_list":["post-1021","page","type-page","status-publish"],"_links":{"self":[{"href":"https:\/\/wp.unil.ch\/histoireparlesdonnees\/wp-json\/wp\/v2\/pages\/1021","targetHints":{"allow":["GET"]}}],"collection":[{"href":"https:\/\/wp.unil.ch\/histoireparlesdonnees\/wp-json\/wp\/v2\/pages"}],"about":[{"href":"https:\/\/wp.unil.ch\/histoireparlesdonnees\/wp-json\/wp\/v2\/types\/page"}],"author":[{"embeddable":true,"href":"https:\/\/wp.unil.ch\/histoireparlesdonnees\/wp-json\/wp\/v2\/users\/1001793"}],"replies":[{"embeddable":true,"href":"https:\/\/wp.unil.ch\/histoireparlesdonnees\/wp-json\/wp\/v2\/comments?post=1021"}],"version-history":[{"count":0,"href":"https:\/\/wp.unil.ch\/histoireparlesdonnees\/wp-json\/wp\/v2\/pages\/1021\/revisions"}],"up":[{"embeddable":true,"href":"https:\/\/wp.unil.ch\/histoireparlesdonnees\/wp-json\/wp\/v2\/pages\/1005"}],"wp:attachment":[{"href":"https:\/\/wp.unil.ch\/histoireparlesdonnees\/wp-json\/wp\/v2\/media?parent=1021"}],"curies":[{"name":"wp","href":"https:\/\/api.w.org\/{rel}","templated":true}]}}