{"id":1019,"date":"2018-05-30T16:46:57","date_gmt":"2018-05-30T14:46:57","guid":{"rendered":"http:\/\/wp.unil.ch\/histoireparlesdonnees\/?page_id=1019"},"modified":"2018-06-08T15:45:00","modified_gmt":"2018-06-08T13:45:00","slug":"la-mode-et-le-vetement-feminins-au-xxeme-siecle","status":"publish","type":"page","link":"https:\/\/wp.unil.ch\/histoireparlesdonnees\/les-travaux-2017-2018\/la-mode-et-le-vetement-feminins-au-xxeme-siecle\/","title":{"rendered":"La mode et le v\u00eatement f\u00e9minins au XX\u00e8me si\u00e8cle"},"content":{"rendered":"<p><span style=\"font-weight: 400\">Par Marie Vionnet et Robin Kreling.<\/span><\/p>\n<p>&nbsp;<\/p>\n<h3><em>Perceptions du Journal de Gen\u00e8ve et de la Gazette de Lausanne<\/em><\/h3>\n<ul>\n<li><a href=\"https:\/\/wp.unil.ch\/histoireparlesdonnees\/1045-2\/\">Le v\u00eatement f\u00e9minin r\u00e9invent\u00e9 au XX\u00e8me si\u00e8cle<\/a><\/li>\n<li><a href=\"https:\/\/wp.unil.ch\/histoireparlesdonnees\/les-travaux-2017-2018\/la-mode-et-le-vetement-feminins-au-xxeme-siecle\/analyse-lexicographique-des-archives-du-temps\/\">Analyse<\/a><\/li>\n<li><a href=\"https:\/\/wp.unil.ch\/histoireparlesdonnees\/les-travaux-2017-2018\/la-mode-et-le-vetement-feminins-au-xxeme-siecle\/conclusion-et-references-bibliographiques\/\">Conclusion et r\u00e9f\u00e9rences bibliographiques<\/a><\/li>\n<\/ul>\n<p>&nbsp;<\/p>\n<h4><b>Introduction<\/b><\/h4>\n<p style=\"text-align: left\"><span style=\"font-weight: 400\">Alors que le port de certains v\u00eatements est au c\u0153ur de scandales actuels (le port du voile dans l\u2019espace public fait d\u00e9bat en France, les chauffeurs de bus d\u2019une commune fran\u00e7aise portent la jupe car le short est interdit)<sup><a id=\"ref1\" title=\"Texte de la note\" href=\"#fn1\">1<\/a><\/sup><\/span><span style=\"font-weight: 400\">, les contraintes autour de l\u2019habillement semblent encore pr\u00e9sentes et ce de mani\u00e8re genr\u00e9e. Les codes diff\u00e8rent selon les sexes, l&#8217;asym\u00e9trie est marqu\u00e9e : coquetterie et fantaisie vestimentaires sont en grande partie associ\u00e9es \u00e0 un vestiaire f\u00e9minin tandis que le costume masculin continue \u00e0 ressembler \u00e0 un uniforme. Ces diff\u00e9rences en termes de normes vestimentaires sont influenc\u00e9es par l\u2019image v\u00e9hicul\u00e9e par la presse qui fa\u00e7onne certains aspects de nos repr\u00e9sentations sur les rapports homme\/femme. En ce sens, le v\u00eatement s\u2019av\u00e8re un attribut d\u2019int\u00e9r\u00eat pour l\u2019histoire sociale : son \u00e9tude est r\u00e9v\u00e9latrice des consid\u00e9rations pratiques de celui ou celle qui le porte (le confort, la robustesse de l\u2019habit) ainsi que des consid\u00e9rations symboliques (signifier un r\u00f4le, un statut, marquer l\u2019appartenance \u00e0 un groupe), tant d\u2019\u00e9l\u00e9ments qui mettent en lumi\u00e8re les choix individuels et l\u2019influence culturelle du porteur. Toutes ces composantes sont autant d\u2019indices montrant l\u2019int\u00e9r\u00eat de l\u2019\u00e9tude de la mode et du v\u00eatement pour comprendre la construction du genre et l\u2019\u00e9volution de la place des femmes dans la soci\u00e9t\u00e9 occidentale.<\/span><\/p>\n<p style=\"text-align: left\"><span style=\"font-weight: 400\">Int\u00e9ress\u00e9s par la place des femmes au sein de la soci\u00e9t\u00e9 romande telle que d\u00e9crite par la presse locale, nous avons \u00e0 notre disposition un corpus d\u2019\u00e9tude regroupant les archives des journaux <\/span><i><span style=\"font-weight: 400\">Journal de Gen\u00e8ve (JDG)<\/span><\/i><span style=\"font-weight: 400\"> et <\/span><i><span style=\"font-weight: 400\">Gazette de Lausanne (GDL)<\/span><\/i><span style=\"font-weight: 400\"> afin de nous pencher sur les changements que la mode vestimentaire, et en particulier celle f\u00e9minine, a connu au cours du XX<\/span><span style=\"font-weight: 400\">\u00e8me <\/span><span style=\"font-weight: 400\">si\u00e8cle en Suisse romande. La question de recherche suivante constitue le fil rouge suivi au long de ce rapport : comment la presse romande rend-elle compte des \u00e9volutions des usages vestimentaires et de la perception de la silhouette f\u00e9minine que connaissent les femmes en Suisse au XX<\/span><span style=\"font-weight: 400\">\u00e8me <\/span><span style=\"font-weight: 400\">si\u00e8cle ?<\/span><\/p>\n<p style=\"text-align: left\"><span style=\"font-weight: 400\">Comme le d\u00e9crit le <\/span><i><span style=\"font-weight: 400\">Dictionnaire historique de la Suisse<\/span><\/i><span style=\"font-weight: 400\"> en \u00e9voquant l&#8217;habillement de la population helv\u00e9tique au XX<\/span><span style=\"font-weight: 400\">\u00e8me<\/span><span style=\"font-weight: 400\"> si\u00e8cle : \u00ab <\/span><span style=\"font-weight: 400\">En l&#8217;absence de mode sp\u00e9cifiquement suisse, les \u00e9lites urbaines et rurales suivaient avec un l\u00e9ger retard ce qui se faisait dans les centres europ\u00e9ens, c&#8217;est-\u00e0-dire la mode de la bourgeoisie parisienne<\/span><span style=\"font-weight: 400\"> \u00bb<sup><a id=\"ref2\" title=\"Texte de la note\" href=\"#fn2\">2<\/a><\/sup><\/span><span style=\"font-weight: 400\">. Nous baserons donc notre \u00e9tude de l&#8217;\u00e9volution de la mode vestimentaire f\u00e9minine en Suisse en op\u00e9rant de nombreux rapprochements avec les grands bouleversements par lesquels est pass\u00e9e la mode du v\u00eatement en capitale fran\u00e7aise.<\/span><\/p>\n<hr \/>\n<p><a href=\"#ref1\">?<\/a><sup><a id=\"fn1\"><\/a>1<\/sup> SIMON Marie, &#8220;Canicule \u00e0 Nantes : des conducteurs de bus portent la jupe &#8220;, <em>Le Figaro<\/em>, 21\/06\/2017.<\/p>\n<p><a href=\"#ref2\">?<\/a><sup><a id=\"fn2\"><\/a>2<\/sup> DUBLER Anne-Marie, &#8220;Habillement &#8221; in JORIO Marco (dir.), <em>Dictionnaire historique de la Suisse<\/em>, Berne, Schwabe, 08\/03\/2010.<\/p>\n<p>&nbsp;<\/p>\n<p style=\"text-align: center\"><a href=\"https:\/\/wp.unil.ch\/histoireparlesdonnees\/les-travaux-2017-2018\/la-mode-et-le-vetement-feminins-au-xxeme-siecle\/1045-2\/\">suivant &gt;<\/a><\/p>\n","protected":false},"excerpt":{"rendered":"<p>Par Marie Vionnet et Robin Kreling. &nbsp; Perceptions du Journal de Gen\u00e8ve et de la Gazette de Lausanne Le v\u00eatement f\u00e9minin r\u00e9invent\u00e9 au XX\u00e8me si\u00e8cle Analyse Conclusion et r\u00e9f\u00e9rences bibliographiques &nbsp; Introduction Alors que le port de certains v\u00eatements est<\/p>\n","protected":false},"author":1001612,"featured_media":0,"parent":912,"menu_order":0,"comment_status":"closed","ping_status":"closed","template":"","meta":{"_seopress_robots_primary_cat":"","_seopress_titles_title":"","_seopress_titles_desc":"","_seopress_robots_index":"","footnotes":""},"class_list":["post-1019","page","type-page","status-publish"],"_links":{"self":[{"href":"https:\/\/wp.unil.ch\/histoireparlesdonnees\/wp-json\/wp\/v2\/pages\/1019","targetHints":{"allow":["GET"]}}],"collection":[{"href":"https:\/\/wp.unil.ch\/histoireparlesdonnees\/wp-json\/wp\/v2\/pages"}],"about":[{"href":"https:\/\/wp.unil.ch\/histoireparlesdonnees\/wp-json\/wp\/v2\/types\/page"}],"author":[{"embeddable":true,"href":"https:\/\/wp.unil.ch\/histoireparlesdonnees\/wp-json\/wp\/v2\/users\/1001612"}],"replies":[{"embeddable":true,"href":"https:\/\/wp.unil.ch\/histoireparlesdonnees\/wp-json\/wp\/v2\/comments?post=1019"}],"version-history":[{"count":0,"href":"https:\/\/wp.unil.ch\/histoireparlesdonnees\/wp-json\/wp\/v2\/pages\/1019\/revisions"}],"up":[{"embeddable":true,"href":"https:\/\/wp.unil.ch\/histoireparlesdonnees\/wp-json\/wp\/v2\/pages\/912"}],"wp:attachment":[{"href":"https:\/\/wp.unil.ch\/histoireparlesdonnees\/wp-json\/wp\/v2\/media?parent=1019"}],"curies":[{"name":"wp","href":"https:\/\/api.w.org\/{rel}","templated":true}]}}