{"id":1011,"date":"2018-05-30T16:21:50","date_gmt":"2018-05-30T14:21:50","guid":{"rendered":"http:\/\/wp.unil.ch\/histoireparlesdonnees\/?page_id=1011"},"modified":"2018-05-30T17:57:41","modified_gmt":"2018-05-30T15:57:41","slug":"analyses-approfondies","status":"publish","type":"page","link":"https:\/\/wp.unil.ch\/histoireparlesdonnees\/les-travaux-2017-2018\/les-femmes-dans-le-domaine-industriel-pendant-les-periodes-de-guerre\/analyses\/analyses-approfondies\/","title":{"rendered":"Analyses Approfondies"},"content":{"rendered":"<p class=\"Standard\" style=\"text-align: justify;text-indent: .5in\"><span lang=\"FR-CH\">A la suite de cette analyse nous avons restreint le corpus plus drastiquement en filtrant les articles du corpus de mani\u00e8re \u00e0 ce qu&#8217;ils contiennent au moins le mot \u00ab\u00a0femme\u00a0\u00bb puis soit les mots \u00ab\u00a0industrie\u00a0\u00bb, \u00ab\u00a0travail\u00a0\u00bb ou \u00ab\u00a0ouvri\u00e8re\u00a0\u00bb. Le mot \u00ab\u00a0femme\u00a0\u00bb se trouvait dans une classe ayant trait aux lois du travail. Parmi les autres classes nous avons obtenu une classe traitant de la spiritualit\u00e9 ou \u00e9v\u00e9nements mondiaux (\u00ab\u00a0invasion\u00a0\u00bb, \u00ab\u00a0d\u00e9claration\u00a0\u00bb et le nom de diff\u00e9rents pays). Cela nous a montr\u00e9 que les femmes n&#8217;\u00e9taient pas associ\u00e9es aux questions du monde ni de spiritualit\u00e9, mais plut\u00f4t au travail et \u00e0 la politique int\u00e9rieure dans la Gazette de Lausanne et le Journal de Gen\u00e8ve. Cette analyse Reinert a donc en partie confirm\u00e9 notre hypoth\u00e8se du fait que les femmes et le mot industrie ou ouvrier sont associ\u00e9s. Il nous est entre autres apparu que dans cette m\u00eame classe apparaissent des mots tels que \u00ab\u00a0l\u00e9gislation\u00a0\u00bb ou \u00ab\u00a0loi\u00a0\u00bb pouvant indiquer le fait que les lois r\u00e9gissant le travail des femmes \u00e0 cette \u00e9poque est une question beaucoup relat\u00e9e dans les m\u00e9dias, ce qui indique que potentiellement des d\u00e9bats \u00e9taient ouverts sur le sujet.<\/span><\/p>\n<p class=\"Standard\" style=\"text-align: justify\"><span lang=\"FR-CH\">\u00a0<img alt=\"\" loading=\"lazy\" decoding=\"async\" class=\"alignnone size-full wp-image-1132\" src=\"https:\/\/wp.unil.ch\/histoireparlesdonnees\/files\/2018\/05\/approfondies.png\" alt=\"\" width=\"889\" height=\"681\" srcset=\"https:\/\/wp.unil.ch\/histoireparlesdonnees\/files\/2018\/05\/approfondies.png 889w, https:\/\/wp.unil.ch\/histoireparlesdonnees\/files\/2018\/05\/approfondies-300x230.png 300w, https:\/\/wp.unil.ch\/histoireparlesdonnees\/files\/2018\/05\/approfondies-768x588.png 768w\" sizes=\"auto, (max-width: 889px) 100vw, 889px\" \/><\/span><\/p>\n<p>&nbsp;<\/p>\n<p class=\"Standard\" style=\"text-align: justify;text-indent: .5in\"><span lang=\"FR-CH\">Afin de restreindre le corpus nous avons effectu\u00e9 une analyse de Reinert sur un corpus en prenant des articles contenant au moins le mot \u00ab\u00a0femme\u00a0\u00bb et le mot \u00ab\u00a0industrie\u00a0\u00bb. L&#8217;analyse Reinert de ce sous-corpus d\u2019environ 6400 articles a montr\u00e9 une classe de mot contenant le mot \u00ab\u00a0femme\u00a0\u00bb ainsi que les mots \u00ab\u00a0travail\u00a0\u00bb, \u00ab\u00a0main-d\u2019\u0153uvre\u00a0\u00bb, \u00ab\u00a0ouvrier\u00a0\u00bb, \u00ab\u00a0salaire\u00a0\u00bb, \u00ab\u00a0usine\u00a0\u00bb avec un pourcentage 24%. Indiquant cette fois clairement que les femmes travaillant dans l&#8217;industrie \u00e9tait un sujet trait\u00e9 dans les m\u00e9dias. Cette classe se trouve, contrairement \u00e0 la premi\u00e8re analyse Reinert (articles contenant le mot \u00ab\u00a0ouvri\u00e8re\u00a0\u00bb), \u00e9loign\u00e9e dans l\u2019arbre de la classe de la description. <\/span><\/p>\n<p><img alt=\"\" loading=\"lazy\" decoding=\"async\" class=\"alignnone size-full wp-image-1134\" src=\"https:\/\/wp.unil.ch\/histoireparlesdonnees\/files\/2018\/05\/approfndies02.png\" alt=\"\" width=\"1042\" height=\"717\" srcset=\"https:\/\/wp.unil.ch\/histoireparlesdonnees\/files\/2018\/05\/approfndies02.png 1042w, https:\/\/wp.unil.ch\/histoireparlesdonnees\/files\/2018\/05\/approfndies02-300x206.png 300w, https:\/\/wp.unil.ch\/histoireparlesdonnees\/files\/2018\/05\/approfndies02-768x528.png 768w, https:\/\/wp.unil.ch\/histoireparlesdonnees\/files\/2018\/05\/approfndies02-1024x705.png 1024w\" sizes=\"auto, (max-width: 1042px) 100vw, 1042px\" \/><\/p>\n<p class=\"Standard\" style=\"text-align: justify;text-indent: .5in\"><span lang=\"FR-CH\">Nous avons aussi not\u00e9 que l&#8217;importance du mot \u00ab\u00a0main d&#8217;\u0153uvre\u00a0\u00bb est beaucoup plus grande dans cette classe de mots que dans la classe du travail trouv\u00e9 lors de la premi\u00e8re analyse. La main-d\u2019\u0153uvre \u00e9tant un mot d\u00e9signant les classes d&#8217;ouvriers non-dirigeantes, nous en avons conclu que les femmes n&#8217;avaient pas autant acc\u00e8s aux postes d&#8217;importance dans l&#8217;industrie que les hommes ou que l\u2019acc\u00e8s aux hauts postes n\u2019\u00e9tait pas un sujet beaucoup trait\u00e9 par les m\u00e9dias et que cela d\u00e9coulait simplement de l\u2019augmentation de la proportion de femmes par rapport aux hommes.<\/span><\/p>\n<p>&nbsp;<\/p>\n<p style=\"text-align: center\"><a href=\"https:\/\/wp.unil.ch\/histoireparlesdonnees\/les-travaux-2017-2018\/les-femmes-dans-le-domaine-industriel-pendant-les-periodes-de-guerre\/analyses\/analyse-generale\/\">?<\/a><\/p>\n<p style=\"text-align: center\"><a href=\"https:\/\/wp.unil.ch\/histoireparlesdonnees\/les-travaux-2017-2018\/les-femmes-dans-le-domaine-industriel-pendant-les-periodes-de-guerre\/analyses\/\">Retour aux Analyses<\/a><\/p>\n<p style=\"text-align: center\"><a href=\"https:\/\/wp.unil.ch\/histoireparlesdonnees\/les-travaux-2017-2018\/les-femmes-dans-le-domaine-industriel-pendant-les-periodes-de-guerre\/analyses\/analyse-thematique-industrie-militaire\/\">?<\/a><\/p>\n","protected":false},"excerpt":{"rendered":"<p>A la suite de cette analyse nous avons restreint le corpus plus drastiquement en filtrant les articles du corpus de mani\u00e8re \u00e0 ce qu&#8217;ils contiennent au moins le mot \u00ab\u00a0femme\u00a0\u00bb puis soit les mots \u00ab\u00a0industrie\u00a0\u00bb, \u00ab\u00a0travail\u00a0\u00bb ou \u00ab\u00a0ouvri\u00e8re\u00a0\u00bb. Le mot<\/p>\n","protected":false},"author":1001612,"featured_media":0,"parent":1004,"menu_order":0,"comment_status":"closed","ping_status":"closed","template":"","meta":{"_seopress_robots_primary_cat":"","_seopress_titles_title":"","_seopress_titles_desc":"","_seopress_robots_index":"","footnotes":""},"class_list":["post-1011","page","type-page","status-publish"],"_links":{"self":[{"href":"https:\/\/wp.unil.ch\/histoireparlesdonnees\/wp-json\/wp\/v2\/pages\/1011","targetHints":{"allow":["GET"]}}],"collection":[{"href":"https:\/\/wp.unil.ch\/histoireparlesdonnees\/wp-json\/wp\/v2\/pages"}],"about":[{"href":"https:\/\/wp.unil.ch\/histoireparlesdonnees\/wp-json\/wp\/v2\/types\/page"}],"author":[{"embeddable":true,"href":"https:\/\/wp.unil.ch\/histoireparlesdonnees\/wp-json\/wp\/v2\/users\/1001612"}],"replies":[{"embeddable":true,"href":"https:\/\/wp.unil.ch\/histoireparlesdonnees\/wp-json\/wp\/v2\/comments?post=1011"}],"version-history":[{"count":0,"href":"https:\/\/wp.unil.ch\/histoireparlesdonnees\/wp-json\/wp\/v2\/pages\/1011\/revisions"}],"up":[{"embeddable":true,"href":"https:\/\/wp.unil.ch\/histoireparlesdonnees\/wp-json\/wp\/v2\/pages\/1004"}],"wp:attachment":[{"href":"https:\/\/wp.unil.ch\/histoireparlesdonnees\/wp-json\/wp\/v2\/media?parent=1011"}],"curies":[{"name":"wp","href":"https:\/\/api.w.org\/{rel}","templated":true}]}}