{"id":1007,"date":"2018-05-30T16:20:37","date_gmt":"2018-05-30T14:20:37","guid":{"rendered":"http:\/\/wp.unil.ch\/histoireparlesdonnees\/?page_id=1007"},"modified":"2018-05-30T17:39:16","modified_gmt":"2018-05-30T15:39:16","slug":"hypotheses","status":"publish","type":"page","link":"https:\/\/wp.unil.ch\/histoireparlesdonnees\/les-travaux-2017-2018\/les-femmes-dans-le-domaine-industriel-pendant-les-periodes-de-guerre\/analyses\/hypotheses\/","title":{"rendered":"Hypoth\u00e8ses"},"content":{"rendered":"<p class=\"Standard\" style=\"text-align: justify;text-indent: .5in\"><span lang=\"FR-CH\">Notre premi\u00e8re hypoth\u00e8se en choisissant cette p\u00e9riode de temps est qu&#8217;il existe bel et bien une relation entre les p\u00e9riodes de guerres et l&#8217;int\u00e9gration des femmes dans le monde de l&#8217;industrie. C&#8217;est dans l&#8217;optique de trouver une classe de mot d\u00e9notant ce fait que nous avons effectu\u00e9 un premier filtrage suivi d&#8217;une analyse de Reinert. Une autre de nos hypoth\u00e8ses est que les femmes avaient moins acc\u00e8s aux postes de dirigeants ou sous-dirigeants. <\/span><\/p>\n<p class=\"Standard\" style=\"text-align: justify;text-indent: .5in\"><span lang=\"FR-CH\">\u00a0<\/span><\/p>\n<p class=\"Standard\" style=\"text-align: justify;text-indent: .5in\"><span lang=\"FR-CH\">Avec comme hypoth\u00e8se premi\u00e8re que la guerre a impact\u00e9 la situation des femmes en industrie, l\u2019analyse suivante questionne le corpus sur la m\u00e9diatisation de ce ph\u00e9nom\u00e8ne. Quelle connotation les femmes ouvri\u00e8res avaient lorsque qu&#8217;on en parlait dans le JDG ou la GDL\u00a0? Quel type d&#8217;\u00e9v\u00e9nements \u00e9taient relat\u00e9s\u00a0? La guerre a-t-elle eu un effet sur les positions hi\u00e9rarchiques des femmes en industrie\u00a0?<\/span><\/p>\n<p>&nbsp;<\/p>\n<p style=\"text-align: center\"><a href=\"https:\/\/wp.unil.ch\/histoireparlesdonnees\/les-travaux-2017-2018\/les-femmes-dans-le-domaine-industriel-pendant-les-periodes-de-guerre\/analyses\/\">Retour aux Analyses<\/a><\/p>\n<p style=\"text-align: center\"><a href=\"https:\/\/wp.unil.ch\/histoireparlesdonnees\/les-travaux-2017-2018\/les-femmes-dans-le-domaine-industriel-pendant-les-periodes-de-guerre\/analyses\/analyse-generale\/\">?<\/a><\/p>\n","protected":false},"excerpt":{"rendered":"<p>Notre premi\u00e8re hypoth\u00e8se en choisissant cette p\u00e9riode de temps est qu&#8217;il existe bel et bien une relation entre les p\u00e9riodes de guerres et l&#8217;int\u00e9gration des femmes dans le monde de l&#8217;industrie. C&#8217;est dans l&#8217;optique de trouver une classe de mot<\/p>\n","protected":false},"author":1001612,"featured_media":0,"parent":1004,"menu_order":0,"comment_status":"closed","ping_status":"closed","template":"","meta":{"_seopress_robots_primary_cat":"","_seopress_titles_title":"","_seopress_titles_desc":"","_seopress_robots_index":"","footnotes":""},"class_list":["post-1007","page","type-page","status-publish"],"_links":{"self":[{"href":"https:\/\/wp.unil.ch\/histoireparlesdonnees\/wp-json\/wp\/v2\/pages\/1007","targetHints":{"allow":["GET"]}}],"collection":[{"href":"https:\/\/wp.unil.ch\/histoireparlesdonnees\/wp-json\/wp\/v2\/pages"}],"about":[{"href":"https:\/\/wp.unil.ch\/histoireparlesdonnees\/wp-json\/wp\/v2\/types\/page"}],"author":[{"embeddable":true,"href":"https:\/\/wp.unil.ch\/histoireparlesdonnees\/wp-json\/wp\/v2\/users\/1001612"}],"replies":[{"embeddable":true,"href":"https:\/\/wp.unil.ch\/histoireparlesdonnees\/wp-json\/wp\/v2\/comments?post=1007"}],"version-history":[{"count":0,"href":"https:\/\/wp.unil.ch\/histoireparlesdonnees\/wp-json\/wp\/v2\/pages\/1007\/revisions"}],"up":[{"embeddable":true,"href":"https:\/\/wp.unil.ch\/histoireparlesdonnees\/wp-json\/wp\/v2\/pages\/1004"}],"wp:attachment":[{"href":"https:\/\/wp.unil.ch\/histoireparlesdonnees\/wp-json\/wp\/v2\/media?parent=1007"}],"curies":[{"name":"wp","href":"https:\/\/api.w.org\/{rel}","templated":true}]}}