{"id":1000,"date":"2018-05-30T16:17:25","date_gmt":"2018-05-30T14:17:25","guid":{"rendered":"http:\/\/wp.unil.ch\/histoireparlesdonnees\/?page_id=1000"},"modified":"2018-05-30T17:53:07","modified_gmt":"2018-05-30T15:53:07","slug":"contexte","status":"publish","type":"page","link":"https:\/\/wp.unil.ch\/histoireparlesdonnees\/les-travaux-2017-2018\/les-femmes-dans-le-domaine-industriel-pendant-les-periodes-de-guerre\/contexte\/","title":{"rendered":"Contexte"},"content":{"rendered":"<p class=\"Standard\" style=\"text-align: justify;text-indent: .5in\"><span lang=\"FR-CH\">Au d\u00e9but du XIX\u00e8me si\u00e8cle, la place des femmes au travail dans l&#8217;industrie se fait difficilement dans une soci\u00e9t\u00e9 de l&#8217;\u00e9poque fortement patriarcale. Les femmes sont consid\u00e9r\u00e9es comme ayant moins de force physique par les hommes et se voient rarement confier des postes o\u00f9 celle-ci est requise. Les hommes occupant alors la majorit\u00e9 des postes de dirigeants, n&#8217;accordent aux femmes que des travaux qui requi\u00e8rent g\u00e9n\u00e9ralement patience et docilit\u00e9 plut\u00f4t que de la force physique. Les domaines o\u00f9 les femmes sont alors le plus pr\u00e9sentes sont les industries du textile et aussi les mines pour le criblage. La soci\u00e9t\u00e9 de l&#8217;\u00e9poque \u00e9tant domin\u00e9e par l&#8217;homme, les femmes n&#8217;ont jamais acc\u00e8s aux postes comportant des responsabilit\u00e9s ou des d\u00e9cisions et de ce fait sont toujours au plus bas de la hi\u00e9rarchie. Une forte disparit\u00e9 salariale entre hommes et femmes existe aussi alors<a href=\"#_ftn1\" name=\"_ftnref1\">[1]<\/a>. <\/span><\/p>\n<p>&nbsp;<\/p>\n<p class=\"Standard\" style=\"text-align: justify;text-indent: .5in\"><span lang=\"FR-CH\">La plupart des femmes travaillant en industrie ne sont pas mari\u00e9es, elles sont g\u00e9n\u00e9ralement jeunes, m\u00e8res c\u00e9libataires ou veuves. La femme qui se marie est souvent rel\u00e9gu\u00e9e au foyer. De plus, ces femmes ne sont majoritairement ni bourgeoises ni nobles<a href=\"#_ftn2\" name=\"_ftnref2\">[2]<\/a>. <\/span><\/p>\n<p>&nbsp;<\/p>\n<p class=\"Standard\" style=\"text-align: justify;text-indent: .5in\"><span lang=\"FR-CH\">Pendant la p\u00e9riode de r\u00e9volution industrielle (XIX\u00e8me si\u00e8cle), la situation des femmes \u00e9volue peu. Bien que des mouvements f\u00e9ministes existent et luttent pour l&#8217;\u00e9galit\u00e9, non pas des sexes, mais salariale, presqu&#8217;aucune mesure l\u00e9gislative n&#8217;est prise. Il faut remarquer que l&#8217;image de la femme dans la soci\u00e9t\u00e9 patriarcale est celle de la femme au foyer qui s&#8217;occupe du m\u00e9nage et des enfants<a href=\"#_ftn3\" name=\"_ftnref3\">[3]<\/a>. C&#8217;est une des raisons pour laquelle les hommes sont alors peu enclin \u00e0 accorder des droits qui favoriseraient les ouvri\u00e8res. Cependant m\u00eame si les femmes n&#8217;obtiennent quasiment aucun droit suppl\u00e9mentaire, le pourcentage de femme qui travaillent en usine augmente. Ceci peut \u00eatre expliqu\u00e9 notamment par le fait que les machines d\u00e9valorisent la force physique de l&#8217;homme et les employeurs pr\u00e9f\u00e8rent employer les femmes qui sont alors une main-d\u2019\u0153uvre moins ch\u00e8re. <\/span><\/p>\n<p>&nbsp;<\/p>\n<p class=\"Standard\" style=\"text-align: justify;text-indent: .5in\"><span lang=\"FR-CH\">En 1914 lorsque la guerre \u00e9clate, cette situation change profond\u00e9ment dans les pays impliqu\u00e9s. Durant la p\u00e9riode de guerre, Les femmes sont amen\u00e9es \u00e0 remplacer les hommes qui doivent quitter leurs places de travail dans tous les domaines. Dans les usines, elles passent de leur travail souvent r\u00e9p\u00e9titif et p\u00e9nible (ouvri\u00e8re sur une cha\u00eene de montage, blanchisseuse de textile) \u00e0 des m\u00e9tiers comportant plus de responsabilit\u00e9s. Contrairement aux ann\u00e9es ant\u00e9rieures \u00e0 la guerre, l&#8217;id\u00e9e que les femmes n&#8217;ont pas leurs places dans des usines dispara\u00eet et au contraire elles sont encourag\u00e9es \u00e0 prendre part dans l&#8217;industrie. D&#8217;autre part, les gouvernements doivent mobiliser de la main-d\u2019\u0153uvre pour l&#8217;industrie militaire : production de munition et d&#8217;armes. Les femmes sont souvent appel\u00e9es \u00e0 travailler dans cette nouvelle industrie (qui n&#8217;est pas r\u00e9ellement diff\u00e9rente de la plupart des cha\u00eenes de montages)<a href=\"#_ftn4\" name=\"_ftnref4\">[4]<\/a>. <\/span><\/p>\n<p>&nbsp;<\/p>\n<p class=\"Standard\" style=\"text-align: justify;text-indent: .5in\"><span lang=\"FR-CH\">Apr\u00e8s la guerre, les femmes se voient plus souvent confier des t\u00e2ches. Toutefois, le mouvement revient partiellement en arri\u00e8re \u00e0 la fin de la guerre. Les hommes reprennent leurs postes \u00e0 l&#8217;usine et les femmes sont pouss\u00e9es \u00e0 revenir au foyer pour avoir des enfants et compenser les pertes humaines de la guerre. De plus, nombreux sont les hommes qui sont bless\u00e9s dans leur fiert\u00e9 de se voir remplac\u00e9s par des femmes \u00e0 l&#8217;\u00e9poque. Si bien qu&#8217;apr\u00e8s la guerre la situation reprend \u00e0 presque son cours d&#8217;avant-guerre, avec des nouveaux opposants au travail des femmes. On note, en revanche, qu&#8217;apr\u00e8s cet \u00e9v\u00e9nement, la question de la discrimination se pose. Les femmes ont, en quelque sorte, administr\u00e9 une preuve flagrante qu&#8217;elles \u00e9taient bien plus capables au travail que ce que les hommes auraient voulu admettre avant la guerre<a href=\"#_ftn5\" name=\"_ftnref5\">[5]<\/a>. <\/span><\/p>\n<p>&nbsp;<\/p>\n<p class=\"Standard\" style=\"text-align: justify;text-indent: .5in\"><span lang=\"FR-CH\">La Deuxi\u00e8me Guerre mondiale cr\u00e9e une mobilisation d&#8217;hommes plus importante encore et les femmes prennent alors encore beaucoup plus de place dans l&#8217;industrie (civile et militaire). En France, cela ne dure gu\u00e8re car le gouvernement impose le mod\u00e8le de femme au foyer, notamment en interdisant aux entreprises d&#8217;engager une femme mari\u00e9e. Cette situation change \u00e0 la lib\u00e9ration o\u00f9 les hommes et les femmes acqui\u00e8rent des droits \u00e9gaux au travail<a href=\"#_ftn6\" name=\"_ftnref6\">[6]<\/a>. <\/span><\/p>\n<p>&nbsp;<\/p>\n<p class=\"Standard\" style=\"text-align: justify;text-indent: .5in\"><span lang=\"FR-CH\">Comme l&#8217;indique le graphique ci-dessous, les ouvri\u00e8res sont mentionn\u00e9es dans le Journal de Gen\u00e8ve et la Gazette de Lausanne plus encore qu&#8217;\u00e0 l&#8217;habituel dans les p\u00e9riodes de guerre. Cela indique une m\u00e9diatisation plus importante des femmes ouvri\u00e8res et nous permet de dire que les pol\u00e9miques et d\u00e9bats sur l&#8217;\u00e9galit\u00e9 homme-femme au travail ont fait rage pendant ces ann\u00e9es-l\u00e0. En France, l&#8217;\u00e9galit\u00e9 en droit entre homme et femme face au travail entre dans la constitution en 1946, tandis qu&#8217;en Suisse le d\u00e9bat n&#8217;aboutit pas et l&#8217;article sur l&#8217;\u00e9galit\u00e9 face au travail n&#8217;entrera en vigueur qu&#8217;en 1996 soit 50 ans apr\u00e8s la France<a href=\"#_ftn7\" name=\"_ftnref7\">[7]<\/a>.<\/span><\/p>\n<p>&nbsp;<\/p>\n<p><img alt=\"\" loading=\"lazy\" decoding=\"async\" class=\"alignnone size-full wp-image-1123\" src=\"https:\/\/wp.unil.ch\/histoireparlesdonnees\/files\/2018\/05\/ouvri.png\" alt=\"\" width=\"1453\" height=\"319\" srcset=\"https:\/\/wp.unil.ch\/histoireparlesdonnees\/files\/2018\/05\/ouvri.png 1453w, https:\/\/wp.unil.ch\/histoireparlesdonnees\/files\/2018\/05\/ouvri-300x66.png 300w, https:\/\/wp.unil.ch\/histoireparlesdonnees\/files\/2018\/05\/ouvri-768x169.png 768w, https:\/\/wp.unil.ch\/histoireparlesdonnees\/files\/2018\/05\/ouvri-1024x225.png 1024w\" sizes=\"auto, (max-width: 1453px) 100vw, 1453px\" \/><\/p>\n<p style=\"text-align: center\">Taux d&#8217;apparition du mot &#8220;ouvri\u00e8re&#8221; dans les archives du Temps\u00a0issu de https:\/\/www.letempsarchives.ch\/recherche<\/p>\n<p>&nbsp;<\/p>\n<p class=\"Standard\" style=\"text-align: justify;text-indent: .5in\"><span lang=\"FR-CH\" style=\"color: #1f1f1f;background: white\">Au terme de notre d\u00e9marche de contextualisation nous nous apercevons, que la disparit\u00e9 homme femme dans l&#8217;industrie n&#8217;est pas uniforme (hommes majoritaires dans la m\u00e9tallurgie avant la guerre contre femmes majoritaires dans le textile) et les r\u00f4les sont clairement r\u00e9partis selon une hi\u00e9rarchie dans laquelle les femmes n&#8217;ont acc\u00e8s qu&#8217;aux postes les plus bas. Les femmes ont d\u00fb se faire une place dans le monde de l&#8217;usine en acceptant les t\u00e2ches les plus ingrates et p\u00e9nible. Elles ont d\u00fb sacrifier leur fiert\u00e9 et leur salaire pour pouvoir s&#8217;affirmer dans un monde dirig\u00e9, au d\u00e9part, par le machisme d&#8217;une soci\u00e9t\u00e9 patriarcale qui craignait de les voir se d\u00e9marquer. Elles ont d\u00fb casser leur cage qu&#8217;est le mod\u00e8le de la femme au foyer et prouver aux hommes qu&#8217;elles avaient autant droit qu&#8217;eux au travail. Et en ce sens, toutes les ouvri\u00e8res et travailleuses de l&#8217;\u00e9poque ont contribu\u00e9 au mouvement qui allait dans le sens de l&#8217;\u00e9galit\u00e9 salariale et juridique homme femme dans le monde du travail.<\/span><\/p>\n<p style=\"text-align: center\"><a href=\"https:\/\/wp.unil.ch\/histoireparlesdonnees\/les-travaux-2017-2018\/les-femmes-dans-le-domaine-industriel-pendant-les-periodes-de-guerre\/\">Retour au sommaire<\/a><\/p>\n<p style=\"text-align: center\"><a href=\"https:\/\/wp.unil.ch\/histoireparlesdonnees\/les-travaux-2017-2018\/les-femmes-dans-le-domaine-industriel-pendant-les-periodes-de-guerre\/methodologie\/\">?<\/a><\/p>\n<p>&nbsp;<\/p>\n<p><a href=\"#_ftnref1\" name=\"_ftn1\">[1]<\/a>WAILLY Jeanne-Marie, <em>Les diff\u00e9rentes phases du travail des femmes dans l&#8217;industrie,<\/em> Innovations (n<sup>o<\/sup> 20), De Boeck Sup\u00e9rieur, 2004, p. 131-146<\/p>\n<p><a href=\"#_ftnref2\" name=\"_ftn2\">[2]<\/a><em>Ibidem<\/em><\/p>\n<p><a href=\"#_ftnref3\" name=\"_ftn3\">[3]<\/a><em>Ibidem<\/em><\/p>\n<p><a href=\"#_ftnref4\" name=\"_ftn4\">[4]<\/a>WAILLY Jeanne-Marie, <em>Les diff\u00e9rentes phases du travail des femmes dans l&#8217;industrie,<\/em> Innovations (n<sup>o<\/sup> 20), De Boeck Sup\u00e9rieur, 2004, p. 131-146<\/p>\n<p><a href=\"#_ftnref5\" name=\"_ftn5\">[5]<\/a><em>Ibidem<\/em><\/p>\n<p><a href=\"#_ftnref6\" name=\"_ftn6\">[6]<\/a><em>Ibidem<\/em><\/p>\n<p><a href=\"#_ftnref7\" name=\"_ftn7\">[7]<\/a>Constitution suisse, Article 151.1, <em>Loi f\u00e9d\u00e9rale sur l&#8217;\u00e9galit\u00e9 entre femmes et hommes, <\/em>24 mars 1995<\/p>\n","protected":false},"excerpt":{"rendered":"<p>Au d\u00e9but du XIX\u00e8me si\u00e8cle, la place des femmes au travail dans l&#8217;industrie se fait difficilement dans une soci\u00e9t\u00e9 de l&#8217;\u00e9poque fortement patriarcale. Les femmes sont consid\u00e9r\u00e9es comme ayant moins de force physique par les hommes et se voient rarement<\/p>\n","protected":false},"author":1001612,"featured_media":0,"parent":998,"menu_order":0,"comment_status":"closed","ping_status":"closed","template":"","meta":{"_seopress_robots_primary_cat":"","_seopress_titles_title":"","_seopress_titles_desc":"","_seopress_robots_index":"","footnotes":""},"class_list":["post-1000","page","type-page","status-publish"],"_links":{"self":[{"href":"https:\/\/wp.unil.ch\/histoireparlesdonnees\/wp-json\/wp\/v2\/pages\/1000","targetHints":{"allow":["GET"]}}],"collection":[{"href":"https:\/\/wp.unil.ch\/histoireparlesdonnees\/wp-json\/wp\/v2\/pages"}],"about":[{"href":"https:\/\/wp.unil.ch\/histoireparlesdonnees\/wp-json\/wp\/v2\/types\/page"}],"author":[{"embeddable":true,"href":"https:\/\/wp.unil.ch\/histoireparlesdonnees\/wp-json\/wp\/v2\/users\/1001612"}],"replies":[{"embeddable":true,"href":"https:\/\/wp.unil.ch\/histoireparlesdonnees\/wp-json\/wp\/v2\/comments?post=1000"}],"version-history":[{"count":0,"href":"https:\/\/wp.unil.ch\/histoireparlesdonnees\/wp-json\/wp\/v2\/pages\/1000\/revisions"}],"up":[{"embeddable":true,"href":"https:\/\/wp.unil.ch\/histoireparlesdonnees\/wp-json\/wp\/v2\/pages\/998"}],"wp:attachment":[{"href":"https:\/\/wp.unil.ch\/histoireparlesdonnees\/wp-json\/wp\/v2\/media?parent=1000"}],"curies":[{"name":"wp","href":"https:\/\/api.w.org\/{rel}","templated":true}]}}