{"id":427,"date":"2013-11-06T08:57:14","date_gmt":"2013-11-06T07:57:14","guid":{"rendered":"http:\/\/wp.unil.ch\/hispanica-helvetica\/?page_id=427"},"modified":"2024-03-31T16:55:17","modified_gmt":"2024-03-31T14:55:17","slug":"bienvenidos","status":"publish","type":"page","link":"https:\/\/wp.unil.ch\/hispanica-helvetica\/","title":{"rendered":"BIENVENIDOS"},"content":{"rendered":"\n<p><strong><span style=\"color: #0000ff\">PRESENTACI\u00d3N<\/span><\/strong><\/p>\n\n\n\n<p class=\"has-black-color has-text-color\"><span style=\"color: #0000ff\">HISPANICA HELVETICA es una colecci\u00f3n de publicaciones cuyo objetivo es difundir las investigaciones de los hispanistas suizos mediante la edici\u00f3n tanto de tesis de doctorado como de trabajos de profesores, redactados en lengua espa\u00f1ola.<\/span><\/p>\n\n\n\n<p class=\"has-text-color\" style=\"color:#0071a1\"><span style=\"color: #0000ff\">Los t\u00cdtulos que <span style=\"color: #3366ff\">integran<\/span> nuestro cat\u00e1logo incluyen estudios sobre lengua, ling\u00fc\u00edstica, filolog\u00eda y literatura espa\u00f1olas, y comparten un rasgo com\u00fan: la calidad investigadora y de edici\u00f3n.<\/span><\/p>\n\n\n\n<p><span style=\"color: #0000ff\">Fundada en 1991, HISPANICA HELVETICA publica una obra anual de una tirada de 300 ejemplares y su distribuci\u00f3n corre a cargo de P\u00f3rtico Librer\u00edas (Zaragoza). <\/span><\/p>\n\n\n\n<p><span style=\"color: #0000ff\">Todos los libros de HISPANICA HELVETICA est\u00e1n disponibles en Open Acces en la plataforma <a style=\"color: #0000ff\" href=\"https:\/\/www.e-periodica.ch\/digbib\/volumes?UID=his-001\" target=\"_blank\" rel=\"noopener noreferrer\"><strong>e-periodica <\/strong><\/a>despu\u00e9s de un periodo de embargo de 12 meses.\u00a0 Adem\u00e1s, los autores pueden difundir los trabajos publicados en la colecci\u00f3n en otras bases de datos de acceso abierto sin ning\u00fan tipo de embargo. HISPANICA HELVETICA contribuye as\u00ed a ofrecer la m\u00e1xima visibilidad a las investigaciones de los hispanistas suizos.<\/span><\/p>\n\n\n<p><strong><span style=\"color: #0000ff\">EQUIPO<\/span> <span style=\"color: #0000ff\">EDITORIAL<\/span><\/strong><\/p>\n\n\n<div class=\"wp-block-columns is-layout-flex wp-container-core-columns-is-layout-9d6595d7 wp-block-columns-is-layout-flex\">\n<div class=\"wp-block-column is-layout-flow wp-block-column-is-layout-flow\">\n<div class=\"wp-block-media-text alignwide is-stacked-on-mobile is-vertically-aligned-top\"><figure class=\"wp-block-media-text__media\"><img alt=\"\" loading=\"lazy\" decoding=\"async\" width=\"750\" height=\"852\" src=\"https:\/\/wp.unil.ch\/hispanica-helvetica\/files\/2021\/02\/1612_Rayol-4rogne-1-e1618228871490.jpg\" alt=\"\" class=\"wp-image-823 size-full\" \/><\/figure><div class=\"wp-block-media-text__content\">\n<p class=\"has-text-color\" style=\"color:#0642e5\"><strong>DIRECTORA<\/strong><\/p>\n\n\n\n<div class=\"wp-block-group\"><div class=\"wp-block-group__inner-container is-layout-flow wp-block-group-is-layout-flow\">\n<p class=\"has-text-align-left has-text-color\" style=\"color:#0642e5\">Victoria B\u00c9GUELIN-ARGIM\u00d3N<\/p>\n\n\n\n<p class=\"has-text-align-left has-text-color\" style=\"color:#0642e5\">Ma\u00eetre d&rsquo;enseignement et de recherche-Universit\u00e9 de Lausanne<\/p>\n\n\n\n<p class=\"has-text-color\" style=\"color:#0621e5;font-size:10px\">  <a href=\"mailto:victoria.beguelin-argimon@unil.ch\">victoria.beguelin-argimon@unil.ch<\/a><\/p>\n<\/div><\/div>\n\n\n\n<div class=\"wp-block-columns is-layout-flex wp-container-core-columns-is-layout-9d6595d7 wp-block-columns-is-layout-flex\">\n<div class=\"wp-block-column is-layout-flow wp-block-column-is-layout-flow\"><\/div>\n<\/div>\n<\/div><\/div>\n\n\n\n<\/p>\n<\/div>\n\n\n\n<div class=\"wp-block-column is-layout-flow wp-block-column-is-layout-flow\">\n<div class=\"wp-block-media-text alignwide is-stacked-on-mobile is-vertically-aligned-top\" style=\"grid-template-columns:46% auto\"><figure class=\"wp-block-media-text__media\"><img alt=\"\" loading=\"lazy\" decoding=\"async\" width=\"615\" height=\"870\" src=\"https:\/\/wp.unil.ch\/hispanica-helvetica\/files\/2021\/02\/Antonio2.jpg\" alt=\"\" class=\"wp-image-877 size-full\" srcset=\"https:\/\/wp.unil.ch\/hispanica-helvetica\/files\/2021\/02\/Antonio2.jpg 615w, https:\/\/wp.unil.ch\/hispanica-helvetica\/files\/2021\/02\/Antonio2-212x300.jpg 212w\" sizes=\"auto, (max-width: 615px) 100vw, 615px\" \/><\/figure><div class=\"wp-block-media-text__content\">\n<p class=\"has-text-color\" style=\"color:#0621e5\"><strong>EDITOR<\/strong><\/p>\n\n\n\n<p class=\"has-text-align-left has-text-color\" style=\"color:#0621e5\">Antonio LARA POZUELO <\/p>\n\n\n\n<p class=\"has-text-align-left has-text-color\" style=\"color:#0621e5\">    <\/p>\n\n\n\n<p class=\"has-text-align-left has-text-color\" style=\"color:#0621e5\"> Catedr\u00e1tico honorario de literatura espa\u00f1ola-Universit\u00e9 de Lausanne<\/p>\n\n\n\n<p class=\"has-text-color\" style=\"color:#0621e5;font-size:10px\"><a href=\"mailto:antonio.larapozuelo@unil.ch\">antonio.larapozuelo@unil.ch<\/a><\/p>\n<\/div><\/div>\n<\/div>\n\n\n\n<div class=\"wp-block-column is-layout-flow wp-block-column-is-layout-flow\">\n<div class=\"wp-block-media-text alignwide is-stacked-on-mobile is-vertically-aligned-top\" style=\"grid-template-columns:45% auto\"><figure class=\"wp-block-media-text__media\"><img alt=\"\" loading=\"lazy\" decoding=\"async\" width=\"447\" height=\"643\" src=\"https:\/\/wp.unil.ch\/hispanica-helvetica\/files\/2021\/02\/Mariela-de-La-Torre.jpg\" alt=\"\" class=\"wp-image-819 size-full\" srcset=\"https:\/\/wp.unil.ch\/hispanica-helvetica\/files\/2021\/02\/Mariela-de-La-Torre.jpg 447w, https:\/\/wp.unil.ch\/hispanica-helvetica\/files\/2021\/02\/Mariela-de-La-Torre-209x300.jpg 209w\" sizes=\"auto, (max-width: 447px) 100vw, 447px\" \/><\/figure><div class=\"wp-block-media-text__content\">\n<p class=\"has-text-color\" style=\"color:#0621e5\"><strong>EDITORA<\/strong><\/p>\n\n\n\n<p class=\"has-text-color\" style=\"color:#0635e5\">Mariela DE LA TORRE <\/p>\n\n\n\n<p class=\"has-text-color\" style=\"color:#0635e5\"> <\/p>\n\n\n\n<p class=\"has-text-color\" style=\"color:#0635e5\">Professeure titulaire- Universit\u00e9 de Fribourg                                                                                                                                 <\/p>\n\n\n\n<p class=\"has-text-color\" style=\"color:#0635e5;font-size:10px\">    <\/p>\n\n\n\n<p><\/p>\n\n\n\n<p class=\"has-text-color\" style=\"color:#0635e5;font-size:10px\"><a href=\"mailto:mariela.delatorre@unifr.ch\" data-type=\"mailto\" data-id=\"mailto:mariela.delatorre@unifr.ch\">mariela.delatorre@unifr.ch<\/a><\/p>\n<\/div><\/div>\n<\/div>\n<\/div>\n\n\n\n<p><span style=\"color: #0000ff\"><strong>PATROCINADORES<\/strong><\/span><\/p>\n\n\n\n<p class=\"has-text-align-left\"><span style=\"color: #0000ff\">La colecci\u00f3n HISPANICA HELVETICA&nbsp; est\u00e1 subvencionada por la<\/span> <a href=\"https:\/\/www.assh.ch\/fr\/sseh\/die-gesellschaft.html\" target=\"_blank\" rel=\"noopener noreferrer\"><em><span style=\"color: #0000ff\">Sociedad<\/span> <span style=\"color: #0000ff\">Suiza<\/span><\/em><em><span style=\"color: #0000ff\"> de Estudios<\/span> <span style=\"color: #0000ff\">Hisp\u00e1nicos<\/span><\/em> <span style=\"color: #0000ff\">(SSEH)&nbsp;<\/span><\/a> <span style=\"color: #0000ff\">y la<\/span>&nbsp;<span style=\"color: #0000ff\"><em><a href=\"https:\/\/www.sagw.ch\/fr\/sagw.html\" target=\"_blank\" rel=\"noopener noreferrer\"><span style=\"color: #0000ff\"> Acad\u00e9mie Suisse des Sciences Soc<\/span><\/a><\/em><em><a href=\"https:\/\/www.sagw.ch\/fr\/sagw.html\" target=\"_blank\" rel=\"noopener noreferrer\"><span style=\"color: #0000ff\">iales et Humaines (ASSH).<\/span><\/a><\/em><\/span><\/p>\n\n\n<div class=\"wp-block-image\">\n<figure class=\"aligncenter size-large\"><img alt=\"\" decoding=\"async\" src=\"https:\/\/wp.unil.ch\/hispanica-helvetica\/files\/2013\/11\/SSEH-logo-e1612639774854.jpg\" alt=\"\" class=\"wp-image-503\" \/><\/figure>\n<\/div>\n\n<div class=\"wp-block-image\">\n<figure class=\"aligncenter size-large\"><img alt=\"\" loading=\"lazy\" decoding=\"async\" width=\"600\" height=\"119\" src=\"https:\/\/wp.unil.ch\/hispanica-helvetica\/files\/2013\/11\/1_Logo_SAGW-2013-sw-e1612640599481.jpg\" alt=\"\" class=\"wp-image-502\" \/><\/figure>\n<\/div>\n\n\n<h2 class=\"wp-block-heading\"><\/h2>\n\n\n\n<p><\/p>\n","protected":false},"excerpt":{"rendered":"<p>PRESENTACI\u00d3N HISPANICA HELVETICA es una colecci\u00f3n de publicaciones cuyo objetivo es difundir las investigaciones de los hispanistas suizos mediante la edici\u00f3n tanto de tesis de doctorado como de trabajos de &hellip; <\/p>\n","protected":false},"author":1225,"featured_media":0,"parent":0,"menu_order":0,"comment_status":"closed","ping_status":"closed","template":"","meta":{"_seopress_robots_primary_cat":"","_seopress_titles_title":"","_seopress_titles_desc":"","_seopress_robots_index":"","footnotes":""},"class_list":["post-427","page","type-page","status-publish"],"_links":{"self":[{"href":"https:\/\/wp.unil.ch\/hispanica-helvetica\/wp-json\/wp\/v2\/pages\/427","targetHints":{"allow":["GET"]}}],"collection":[{"href":"https:\/\/wp.unil.ch\/hispanica-helvetica\/wp-json\/wp\/v2\/pages"}],"about":[{"href":"https:\/\/wp.unil.ch\/hispanica-helvetica\/wp-json\/wp\/v2\/types\/page"}],"author":[{"embeddable":true,"href":"https:\/\/wp.unil.ch\/hispanica-helvetica\/wp-json\/wp\/v2\/users\/1225"}],"replies":[{"embeddable":true,"href":"https:\/\/wp.unil.ch\/hispanica-helvetica\/wp-json\/wp\/v2\/comments?post=427"}],"version-history":[{"count":1,"href":"https:\/\/wp.unil.ch\/hispanica-helvetica\/wp-json\/wp\/v2\/pages\/427\/revisions"}],"predecessor-version":[{"id":980,"href":"https:\/\/wp.unil.ch\/hispanica-helvetica\/wp-json\/wp\/v2\/pages\/427\/revisions\/980"}],"wp:attachment":[{"href":"https:\/\/wp.unil.ch\/hispanica-helvetica\/wp-json\/wp\/v2\/media?parent=427"}],"curies":[{"name":"wp","href":"https:\/\/api.w.org\/{rel}","templated":true}]}}