{"id":155,"date":"2013-06-26T10:42:39","date_gmt":"2013-06-26T08:42:39","guid":{"rendered":"http:\/\/wp.unil.ch\/hispanica-helvetica\/?page_id=155"},"modified":"2021-04-12T15:58:22","modified_gmt":"2021-04-12T13:58:22","slug":"archivos-2","status":"publish","type":"page","link":"https:\/\/wp.unil.ch\/hispanica-helvetica\/archivos-2\/","title":{"rendered":"N\u00daMEROS ANTERIORES"},"content":{"rendered":"<h5><span style=\"color: #3366ff\">Los vol\u00famenes 1-29 de Hispanica Helvetica est\u00e1n disponibles en formato pdf en la siguiente direcci\u00f3n:<\/span><\/h5>\n<p><span style=\"color: #3366ff\"><a style=\"color: #3366ff\" href=\"https:\/\/www.e-periodica.ch\/digbib\/volumes?UID=his-001\"> https:\/\/www.e-periodica.ch\/digbib\/volumes?UID=his-001<\/a><\/span><\/p>\n<table style=\"height: 3931px\" border=\"0\" width=\"624\">\n<tbody>\n<tr style=\"height: 268px\">\n<td style=\"width: 205px;height: 268px\"><span style=\"color: #3366ff\"><img loading=\"lazy\" decoding=\"async\" class=\"wp-image-59 alignnone\" src=\"https:\/\/wp.unil.ch\/hispanica-helvetica\/files\/2013\/06\/HH1.jpg\" alt=\"HH1\" width=\"120\" height=\"173\" srcset=\"https:\/\/wp.unil.ch\/hispanica-helvetica\/files\/2013\/06\/HH1.jpg 557w, https:\/\/wp.unil.ch\/hispanica-helvetica\/files\/2013\/06\/HH1-208x300.jpg 208w\" sizes=\"auto, (max-width: 120px) 100vw, 120px\" \/><\/span><\/p>\n<p style=\"text-align: left\"><span style=\"color: #3366ff\"><a style=\"color: #3366ff\" href=\"https:\/\/wp.unil.ch\/hispanica-helvetica\/files\/2013\/06\/HH01.pdf\">La autobiograf\u00eda &#8211; \u00edndice<\/a><\/span><\/p>\n<\/td>\n<td style=\"width: 209px;height: 268px\">\n<p><img loading=\"lazy\" decoding=\"async\" class=\"wp-image-60 alignnone\" src=\"https:\/\/wp.unil.ch\/hispanica-helvetica\/files\/2013\/06\/HH2.jpg\" alt=\"HH2\" width=\"122\" height=\"173\" srcset=\"https:\/\/wp.unil.ch\/hispanica-helvetica\/files\/2013\/06\/HH2.jpg 563w, https:\/\/wp.unil.ch\/hispanica-helvetica\/files\/2013\/06\/HH2-211x300.jpg 211w\" sizes=\"auto, (max-width: 122px) 100vw, 122px\" \/><\/p>\n<p><a href=\"https:\/\/wp.unil.ch\/hispanica-helvetica\/files\/2013\/06\/HH02.pdf\"><span style=\"color: #3366ff\">De Raimundo Lulio al Vatilcano II &#8211; \u00edndice<\/span><\/a><a href=\"https:\/\/wp.unil.ch\/hispanica-helvetica\/files\/2013\/06\/HH02.pdf\"><br \/>\n<\/a><\/td>\n<\/tr>\n<tr style=\"height: 270px\">\n<td style=\"width: 205px;height: 270px\">\n<p>\u00a0<img loading=\"lazy\" decoding=\"async\" src=\"https:\/\/wp.unil.ch\/hispanica-helvetica\/files\/2013\/06\/HH3.jpg\" alt=\"HH3\" width=\"122\" height=\"173\" \/><\/p>\n<p><span style=\"color: #3366ff\"><a style=\"color: #3366ff\" href=\"https:\/\/wp.unil.ch\/hispanica-helvetica\/files\/2013\/06\/HH03.pdf\">Religiosidad cotidiana en la narrativa reciente hispanocaribe\u00f1a &#8211; \u00edndice<\/a><\/span><\/td>\n<td style=\"width: 209px;height: 270px\">\n<p>\u00a0<a href=\"https:\/\/wp.unil.ch\/hispanica-helvetica\/files\/2013\/06\/HH04.pdf\"><img loading=\"lazy\" decoding=\"async\" src=\"https:\/\/wp.unil.ch\/hispanica-helvetica\/files\/2013\/06\/HH4.jpg\" alt=\"HH4\" width=\"125\" height=\"176\" \/><\/a><\/p>\n<p><span style=\"color: #3366ff\"><a style=\"color: #3366ff\" href=\"https:\/\/wp.unil.ch\/hispanica-helvetica\/files\/2013\/06\/HH04.pdf\">Estudios de literatura y ling\u00fc\u00edstica espa\u00f1ola &#8211; \u00edndice<\/a><\/span><\/td>\n<\/tr>\n<tr style=\"height: 267px\">\n<td style=\"width: 205px;height: 267px\">\n<p>\u00a0<a href=\"https:\/\/wp.unil.ch\/hispanica-helvetica\/files\/2013\/06\/HH05.pdf\"><img loading=\"lazy\" decoding=\"async\" class=\"wp-image-63 alignnone\" src=\"https:\/\/wp.unil.ch\/hispanica-helvetica\/files\/2013\/06\/HH5.jpg\" alt=\"HH5\" width=\"122\" height=\"173\" srcset=\"https:\/\/wp.unil.ch\/hispanica-helvetica\/files\/2013\/06\/HH5.jpg 565w, https:\/\/wp.unil.ch\/hispanica-helvetica\/files\/2013\/06\/HH5-211x300.jpg 211w\" sizes=\"auto, (max-width: 122px) 100vw, 122px\" \/><\/a><\/p>\n<p><span style=\"color: #3366ff\"><a style=\"color: #3366ff\" href=\"https:\/\/wp.unil.ch\/hispanica-helvetica\/files\/2013\/06\/HH05.pdf\">La b\u00fasqueda de la \u00ab\u00a0palabra real\u00a0\u00bb en la obra de Augusto Roa Bastos &#8211; \u00edndice<\/a><\/span><\/td>\n<td style=\"width: 209px;height: 267px\">\n<p>\u00a0<a href=\"https:\/\/wp.unil.ch\/hispanica-helvetica\/files\/2013\/06\/HH6.jpg\"><img loading=\"lazy\" decoding=\"async\" class=\"wp-image-64 alignnone\" src=\"https:\/\/wp.unil.ch\/hispanica-helvetica\/files\/2013\/06\/HH6.jpg\" alt=\"TROPICOS\" width=\"122\" height=\"173\" srcset=\"https:\/\/wp.unil.ch\/hispanica-helvetica\/files\/2013\/06\/HH6.jpg 565w, https:\/\/wp.unil.ch\/hispanica-helvetica\/files\/2013\/06\/HH6-211x300.jpg 211w\" sizes=\"auto, (max-width: 122px) 100vw, 122px\" \/><\/a><\/p>\n<p><a href=\"https:\/\/wp.unil.ch\/hispanica-helvetica\/files\/2013\/06\/HH06.pdf\"><span style=\"color: #3366ff\">Tr\u00f3picos y t\u00f3picos &#8211; \u00edndice<\/span><\/a><\/td>\n<\/tr>\n<tr style=\"height: 247px\">\n<td style=\"width: 205px;height: 247px\">\n<p>\u00a0<a href=\"https:\/\/wp.unil.ch\/hispanica-helvetica\/files\/2013\/06\/HH07.pdf\"><img loading=\"lazy\" decoding=\"async\" class=\"wp-image-65 alignnone\" src=\"https:\/\/wp.unil.ch\/hispanica-helvetica\/files\/2013\/06\/HH7.jpg\" alt=\"HH7\" width=\"121\" height=\"173\" srcset=\"https:\/\/wp.unil.ch\/hispanica-helvetica\/files\/2013\/06\/HH7.jpg 562w, https:\/\/wp.unil.ch\/hispanica-helvetica\/files\/2013\/06\/HH7-210x300.jpg 210w\" sizes=\"auto, (max-width: 121px) 100vw, 121px\" \/><\/a><\/p>\n<p><span style=\"color: #3366ff\"><a style=\"color: #3366ff\" href=\"https:\/\/wp.unil.ch\/hispanica-helvetica\/files\/2013\/06\/HH07.pdf\">La novela y el cuento frente a frente &#8211; \u00edndice<\/a><\/span><\/td>\n<td style=\"width: 209px;height: 247px\">\n<p><a href=\"https:\/\/wp.unil.ch\/hispanica-helvetica\/files\/2013\/06\/HH08.pdf\"><img loading=\"lazy\" decoding=\"async\" class=\"wp-image-66 alignnone\" src=\"https:\/\/wp.unil.ch\/hispanica-helvetica\/files\/2013\/06\/HH8.jpg\" alt=\"HH8\" width=\"123\" height=\"187\" \/><\/a><\/p>\n<p><span style=\"color: #3366ff\"><a style=\"color: #3366ff\" href=\"https:\/\/wp.unil.ch\/hispanica-helvetica\/files\/2013\/06\/HH08.pdf\">Literatura de matrimonio &#8211; \u00edndice<\/a><\/span><\/td>\n<\/tr>\n<tr style=\"height: 268px\">\n<td style=\"width: 205px;height: 268px\">\n<p><a href=\"https:\/\/wp.unil.ch\/hispanica-helvetica\/files\/2013\/06\/HH09.pdf\"><img loading=\"lazy\" decoding=\"async\" class=\"wp-image-67 alignnone\" src=\"https:\/\/wp.unil.ch\/hispanica-helvetica\/files\/2013\/06\/HH9.jpg\" alt=\"HH9\" width=\"123\" height=\"173\" srcset=\"https:\/\/wp.unil.ch\/hispanica-helvetica\/files\/2013\/06\/HH9.jpg 570w, https:\/\/wp.unil.ch\/hispanica-helvetica\/files\/2013\/06\/HH9-213x300.jpg 213w\" sizes=\"auto, (max-width: 123px) 100vw, 123px\" \/><\/a><\/p>\n<p><span style=\"color: #3366ff\"><a style=\"color: #3366ff\" href=\"https:\/\/wp.unil.ch\/hispanica-helvetica\/files\/2013\/06\/HH09.pdf\">Estudios de poes\u00eda translig\u00fce &#8211; \u00edndice<\/a><\/span><\/td>\n<td style=\"width: 209px;height: 268px\">\n<p><a href=\"https:\/\/wp.unil.ch\/hispanica-helvetica\/files\/2013\/06\/HH10.jpg\"><img loading=\"lazy\" decoding=\"async\" class=\"wp-image-68 alignnone\" src=\"https:\/\/wp.unil.ch\/hispanica-helvetica\/files\/2013\/06\/HH10.jpg\" alt=\"HH10\" width=\"125\" height=\"173\" srcset=\"https:\/\/wp.unil.ch\/hispanica-helvetica\/files\/2013\/06\/HH10.jpg 577w, https:\/\/wp.unil.ch\/hispanica-helvetica\/files\/2013\/06\/HH10-216x300.jpg 216w\" sizes=\"auto, (max-width: 125px) 100vw, 125px\" \/><\/a><\/p>\n<p><a href=\"https:\/\/wp.unil.ch\/hispanica-helvetica\/files\/2013\/06\/HH10.pdf\"><span style=\"color: #3366ff\">Vocabulario hist\u00f3rico en relatos geogr\u00e1ficos del siglo XVIII (Virreinato del Per\u00fa) &#8211; \u00edndice<\/span><\/a><\/td>\n<\/tr>\n<tr style=\"height: 267px\">\n<td style=\"width: 205px;height: 267px\">\n<p>\u00a0<a href=\"https:\/\/wp.unil.ch\/hispanica-helvetica\/files\/2013\/06\/HH11.jpg\"><img loading=\"lazy\" decoding=\"async\" class=\"wp-image-69 alignnone\" src=\"https:\/\/wp.unil.ch\/hispanica-helvetica\/files\/2013\/06\/HH11.jpg\" alt=\"HH11\" width=\"121\" height=\"173\" srcset=\"https:\/\/wp.unil.ch\/hispanica-helvetica\/files\/2013\/06\/HH11.jpg 562w, https:\/\/wp.unil.ch\/hispanica-helvetica\/files\/2013\/06\/HH11-210x300.jpg 210w\" sizes=\"auto, (max-width: 121px) 100vw, 121px\" \/><\/a><\/p>\n<p><span style=\"color: #3366ff\"><a style=\"color: #3366ff\" href=\"https:\/\/wp.unil.ch\/hispanica-helvetica\/files\/2013\/06\/HH11.pdf\">Epistolario completo &#8211; \u00edndice<\/a><\/span><\/td>\n<td style=\"width: 209px;height: 267px\">\n<p>\u00a0<a href=\"https:\/\/wp.unil.ch\/hispanica-helvetica\/files\/2013\/06\/HH12.jpg\"><img loading=\"lazy\" decoding=\"async\" class=\"wp-image-70 alignnone\" src=\"https:\/\/wp.unil.ch\/hispanica-helvetica\/files\/2013\/06\/HH12.jpg\" alt=\"HH12\" width=\"123\" height=\"207\" \/><\/a><\/p>\n<p><span style=\"color: #3366ff\"><a style=\"color: #3366ff\" href=\"https:\/\/wp.unil.ch\/hispanica-helvetica\/files\/2013\/06\/HH12.pdf\">Benito P\u00e9rez Gald\u00f3s y el cuento literario como sistema &#8211; \u00edndice<\/a><\/span><\/td>\n<\/tr>\n<tr style=\"height: 247px\">\n<td style=\"width: 205px;height: 247px\">\n<p>\u00a0<a href=\"https:\/\/wp.unil.ch\/hispanica-helvetica\/files\/2013\/06\/HH13.jpg\"><img loading=\"lazy\" decoding=\"async\" class=\"wp-image-71 alignnone\" src=\"https:\/\/wp.unil.ch\/hispanica-helvetica\/files\/2013\/06\/HH13.jpg\" alt=\"HH13\" width=\"123\" height=\"173\" srcset=\"https:\/\/wp.unil.ch\/hispanica-helvetica\/files\/2013\/06\/HH13.jpg 570w, https:\/\/wp.unil.ch\/hispanica-helvetica\/files\/2013\/06\/HH13-213x300.jpg 213w\" sizes=\"auto, (max-width: 123px) 100vw, 123px\" \/><\/a><\/p>\n<p><span style=\"color: #3366ff\"><a style=\"color: #3366ff\" href=\"https:\/\/wp.unil.ch\/hispanica-helvetica\/archivos-2\/\">Topograf\u00edas del doble lugar &#8211; \u00edndice<\/a><\/span><\/td>\n<td style=\"width: 209px;height: 247px\">\n<p>\u00a0<a href=\"https:\/\/wp.unil.ch\/hispanica-helvetica\/files\/2013\/06\/HH14.jpg\"><img loading=\"lazy\" decoding=\"async\" class=\"wp-image-72 alignnone\" src=\"https:\/\/wp.unil.ch\/hispanica-helvetica\/files\/2013\/06\/HH14.jpg\" alt=\"HH14\" width=\"122\" height=\"173\" srcset=\"https:\/\/wp.unil.ch\/hispanica-helvetica\/files\/2013\/06\/HH14.jpg 564w, https:\/\/wp.unil.ch\/hispanica-helvetica\/files\/2013\/06\/HH14-211x300.jpg 211w\" sizes=\"auto, (max-width: 122px) 100vw, 122px\" \/><\/a><\/p>\n<p><span style=\"color: #3366ff\"><a style=\"color: #3366ff\" href=\"https:\/\/wp.unil.ch\/hispanica-helvetica\/files\/2013\/06\/HH14.pdf\">Conversaciones estrechamente vigiladas &#8211; \u00edndice<\/a><\/span><\/td>\n<\/tr>\n<tr style=\"height: 267px\">\n<td style=\"width: 205px;height: 267px\">\n<p>\u00a0<a href=\"https:\/\/wp.unil.ch\/hispanica-helvetica\/files\/2013\/06\/HH15.jpg\"><img loading=\"lazy\" decoding=\"async\" class=\"wp-image-73 alignnone\" src=\"https:\/\/wp.unil.ch\/hispanica-helvetica\/files\/2013\/06\/HH15.jpg\" alt=\"PUBLICIDAD\" width=\"124\" height=\"173\" srcset=\"https:\/\/wp.unil.ch\/hispanica-helvetica\/files\/2013\/06\/HH15.jpg 572w, https:\/\/wp.unil.ch\/hispanica-helvetica\/files\/2013\/06\/HH15-214x300.jpg 214w\" sizes=\"auto, (max-width: 124px) 100vw, 124px\" \/><\/a><\/p>\n<p><a href=\"https:\/\/wp.unil.ch\/hispanica-helvetica\/files\/2013\/06\/HH15.pdf\"><span style=\"color: #3366ff\">La publicidad en escena &#8211; \u00edndice<\/span><\/a><\/td>\n<td style=\"width: 209px;height: 267px\">\n<p>\u00a0<a href=\"https:\/\/wp.unil.ch\/hispanica-helvetica\/files\/2013\/06\/HH16.jpg\"><img loading=\"lazy\" decoding=\"async\" class=\"wp-image-74 alignnone\" src=\"https:\/\/wp.unil.ch\/hispanica-helvetica\/files\/2013\/06\/HH16.jpg\" alt=\"HH16\" width=\"122\" height=\"173\" srcset=\"https:\/\/wp.unil.ch\/hispanica-helvetica\/files\/2013\/06\/HH16.jpg 565w, https:\/\/wp.unil.ch\/hispanica-helvetica\/files\/2013\/06\/HH16-211x300.jpg 211w\" sizes=\"auto, (max-width: 122px) 100vw, 122px\" \/><\/a><\/p>\n<p><span style=\"color: #3366ff\"><a style=\"color: #3366ff\" href=\"https:\/\/wp.unil.ch\/hispanica-helvetica\/files\/2013\/06\/HH16.pdf\">Roger Wolfe y el neorrealismo espa\u00f1ol de finales del siglo XX &#8211; \u00edndice<\/a><\/span><\/td>\n<\/tr>\n<tr style=\"height: 288px\">\n<td style=\"width: 205px;height: 288px\">\n<p>\u00a0<a href=\"https:\/\/wp.unil.ch\/hispanica-helvetica\/files\/2013\/06\/HH17.jpg\"><img loading=\"lazy\" decoding=\"async\" class=\"wp-image-75 alignnone\" src=\"https:\/\/wp.unil.ch\/hispanica-helvetica\/files\/2013\/06\/HH17.jpg\" alt=\"HH17\" width=\"122\" height=\"173\" srcset=\"https:\/\/wp.unil.ch\/hispanica-helvetica\/files\/2013\/06\/HH17.jpg 564w, https:\/\/wp.unil.ch\/hispanica-helvetica\/files\/2013\/06\/HH17-211x300.jpg 211w\" sizes=\"auto, (max-width: 122px) 100vw, 122px\" \/><\/a><\/p>\n<p><span style=\"color: #3366ff\"><a style=\"color: #3366ff\" href=\"https:\/\/wp.unil.ch\/hispanica-helvetica\/files\/2013\/06\/HH17.pdf\">Voces andaluzas (o usadas por autores andaluces) que faltan en el Diccionario de la Academia Espa\u00f1ola (1920) &#8211; \u00edndice<\/a><\/span><\/td>\n<td style=\"width: 209px;height: 288px\">\n<p>\u00a0<a href=\"https:\/\/wp.unil.ch\/hispanica-helvetica\/files\/2013\/06\/HH18.pdf\"><img loading=\"lazy\" decoding=\"async\" class=\"wp-image-76 alignnone\" src=\"https:\/\/wp.unil.ch\/hispanica-helvetica\/files\/2013\/06\/HH18.jpg\" alt=\"HH18\" width=\"122\" height=\"173\" srcset=\"https:\/\/wp.unil.ch\/hispanica-helvetica\/files\/2013\/06\/HH18.jpg 565w, https:\/\/wp.unil.ch\/hispanica-helvetica\/files\/2013\/06\/HH18-211x300.jpg 211w\" sizes=\"auto, (max-width: 122px) 100vw, 122px\" \/><\/a><\/p>\n<p><span style=\"color: #3366ff\"><a style=\"color: #3366ff\" href=\"https:\/\/wp.unil.ch\/hispanica-helvetica\/files\/2013\/06\/HH18.pdf\">El cuerpo presente &#8211; \u00edndice<\/a><\/span><\/td>\n<\/tr>\n<tr style=\"height: 246px\">\n<td style=\"width: 205px;height: 246px\">\n<p>\u00a0<a href=\"https:\/\/wp.unil.ch\/hispanica-helvetica\/files\/2013\/06\/HH19.jpg\"><img loading=\"lazy\" decoding=\"async\" class=\"wp-image-77 alignnone\" src=\"https:\/\/wp.unil.ch\/hispanica-helvetica\/files\/2013\/06\/HH19.jpg\" alt=\"HH19\" width=\"122\" height=\"173\" srcset=\"https:\/\/wp.unil.ch\/hispanica-helvetica\/files\/2013\/06\/HH19.jpg 565w, https:\/\/wp.unil.ch\/hispanica-helvetica\/files\/2013\/06\/HH19-211x300.jpg 211w\" sizes=\"auto, (max-width: 122px) 100vw, 122px\" \/><\/a><\/p>\n<p><a href=\"https:\/\/wp.unil.ch\/hispanica-helvetica\/files\/2013\/06\/HH19.pdf\"><span style=\"color: #3366ff\">Refranes famosissimos y prouechosos glosados &#8211; \u00edndice<\/span><\/a><\/td>\n<td style=\"width: 209px;height: 246px\">\n<p>\u00a0<a href=\"https:\/\/wp.unil.ch\/hispanica-helvetica\/files\/2013\/06\/HH20.jpg\"><img loading=\"lazy\" decoding=\"async\" class=\"wp-image-78 alignnone\" src=\"https:\/\/wp.unil.ch\/hispanica-helvetica\/files\/2013\/06\/HH20.jpg\" alt=\"HH20\" width=\"122\" height=\"173\" srcset=\"https:\/\/wp.unil.ch\/hispanica-helvetica\/files\/2013\/06\/HH20.jpg 565w, https:\/\/wp.unil.ch\/hispanica-helvetica\/files\/2013\/06\/HH20-211x300.jpg 211w\" sizes=\"auto, (max-width: 122px) 100vw, 122px\" \/><\/a><\/p>\n<p><span style=\"color: #3366ff\"><a style=\"color: #3366ff\" href=\"https:\/\/wp.unil.ch\/hispanica-helvetica\/files\/2013\/06\/HH20.pdf\">\u00c1lvaro Cunqueiro. La aventura del contar &#8211; \u00edndice<\/a><\/span><\/td>\n<\/tr>\n<tr style=\"height: 267px\">\n<td style=\"width: 205px;height: 267px\">\n<p>\u00a0<a href=\"https:\/\/wp.unil.ch\/hispanica-helvetica\/files\/2013\/06\/HH21.jpg\"><img loading=\"lazy\" decoding=\"async\" class=\"wp-image-79 alignnone\" src=\"https:\/\/wp.unil.ch\/hispanica-helvetica\/files\/2013\/06\/HH21.jpg\" alt=\"HH21\" width=\"122\" height=\"173\" srcset=\"https:\/\/wp.unil.ch\/hispanica-helvetica\/files\/2013\/06\/HH21.jpg 564w, https:\/\/wp.unil.ch\/hispanica-helvetica\/files\/2013\/06\/HH21-211x300.jpg 211w\" sizes=\"auto, (max-width: 122px) 100vw, 122px\" \/><\/a><\/p>\n<p><span style=\"color: #3366ff\"><a style=\"color: #3366ff\" href=\"https:\/\/wp.unil.ch\/hispanica-helvetica\/files\/2013\/06\/HH-21-indice-intro2.pdf\">Relaciones hispanoportuguesas en textos del siglo XVIII &#8211; \u00edndice e introducci\u00f3n<\/a><\/span><\/td>\n<td style=\"width: 209px;height: 267px\">\n<p>\u00a0<a href=\"https:\/\/wp.unil.ch\/hispanica-helvetica\/files\/2013\/06\/HH22.jpg\"><img loading=\"lazy\" decoding=\"async\" class=\"wp-image-80 alignnone\" src=\"https:\/\/wp.unil.ch\/hispanica-helvetica\/files\/2013\/06\/HH22.jpg\" alt=\"HH22\" width=\"122\" height=\"173\" srcset=\"https:\/\/wp.unil.ch\/hispanica-helvetica\/files\/2013\/06\/HH22.jpg 565w, https:\/\/wp.unil.ch\/hispanica-helvetica\/files\/2013\/06\/HH22-211x300.jpg 211w\" sizes=\"auto, (max-width: 122px) 100vw, 122px\" \/><\/a><\/p>\n<p><a href=\"https:\/\/wp.unil.ch\/hispanica-helvetica\/files\/2013\/06\/HH-22-indice-intro21.pdf\"><span style=\"color: #3366ff\">La geograf\u00eda en los relatos de viajes castellanos del ocaso de la Edad Media &#8211; \u00edndice e introducci\u00f3n<\/span><\/a><\/td>\n<\/tr>\n<tr style=\"height: 267px\">\n<td style=\"width: 205px;height: 267px\">\n<p>\u00a0<a href=\"https:\/\/wp.unil.ch\/hispanica-helvetica\/files\/2013\/06\/HH23.jpg\"><img loading=\"lazy\" decoding=\"async\" class=\"wp-image-81 alignnone\" src=\"https:\/\/wp.unil.ch\/hispanica-helvetica\/files\/2013\/06\/HH23.jpg\" alt=\"HH23\" width=\"122\" height=\"173\" srcset=\"https:\/\/wp.unil.ch\/hispanica-helvetica\/files\/2013\/06\/HH23.jpg 565w, https:\/\/wp.unil.ch\/hispanica-helvetica\/files\/2013\/06\/HH23-211x300.jpg 211w\" sizes=\"auto, (max-width: 122px) 100vw, 122px\" \/><\/a><\/p>\n<p><span style=\"color: #3366ff\"><a style=\"color: #3366ff\" href=\"https:\/\/wp.unil.ch\/hispanica-helvetica\/files\/2013\/06\/HH-23-indice-intro2.pdf\">Claves del entorno ideol\u00f3gico del Poema de Alfonso XI &#8211; \u00edndice e introducci\u00f3n<\/a><\/span><\/td>\n<td style=\"width: 209px;height: 267px\">\n<p>\u00a0<a href=\"https:\/\/wp.unil.ch\/hispanica-helvetica\/files\/2013\/06\/HH24.jpg\"><img loading=\"lazy\" decoding=\"async\" class=\"wp-image-82 alignnone\" src=\"https:\/\/wp.unil.ch\/hispanica-helvetica\/files\/2013\/06\/HH24.jpg\" alt=\"HH24\" width=\"122\" height=\"173\" srcset=\"https:\/\/wp.unil.ch\/hispanica-helvetica\/files\/2013\/06\/HH24.jpg 565w, https:\/\/wp.unil.ch\/hispanica-helvetica\/files\/2013\/06\/HH24-211x300.jpg 211w\" sizes=\"auto, (max-width: 122px) 100vw, 122px\" \/><\/a><\/p>\n<p><span style=\"color: #3366ff\"><a style=\"color: #3366ff\" href=\"https:\/\/wp.unil.ch\/hispanica-helvetica\/files\/2013\/06\/HH-24-indice-intro2.pdf\">Mito, tragedia y metateatro en el teatro espa\u00f1ol del siglo XX &#8211; \u00edndice e introducci\u00f3n<\/a><\/span><\/td>\n<\/tr>\n<tr style=\"height: 288px\">\n<td style=\"width: 205px;height: 288px\">\n<p><a href=\"https:\/\/wp.unil.ch\/hispanica-helvetica\/files\/2013\/06\/HH25.jpg\"><img loading=\"lazy\" decoding=\"async\" class=\"wp-image-553 alignleft\" src=\"https:\/\/wp.unil.ch\/hispanica-helvetica\/files\/2013\/06\/HH25.jpg\" alt=\"HH25\" width=\"111\" height=\"173\" srcset=\"https:\/\/wp.unil.ch\/hispanica-helvetica\/files\/2013\/06\/HH25.jpg 514w, https:\/\/wp.unil.ch\/hispanica-helvetica\/files\/2013\/06\/HH25-192x300.jpg 192w\" sizes=\"auto, (max-width: 111px) 100vw, 111px\" \/><\/a><\/p>\n<p><span style=\"color: #3366ff\"><a style=\"color: #3366ff\" href=\"https:\/\/wp.unil.ch\/hispanica-helvetica\/files\/2013\/06\/HH-25-indice-intro.pdf\">Estudios sobre el espa\u00f1ol colonial de la Audiencia de Quito &#8211; \u00edndice e introducci\u00f3n<\/a><\/span><\/td>\n<td style=\"width: 209px;height: 288px\">\n<p><a href=\"https:\/\/wp.unil.ch\/hispanica-helvetica\/files\/2014\/11\/HH-26-Portada-1.jpg\"><img loading=\"lazy\" decoding=\"async\" class=\"alignleft wp-image-603\" src=\"https:\/\/wp.unil.ch\/hispanica-helvetica\/files\/2014\/11\/HH-26-Portada-1.jpg\" alt=\"HH 26 Portada-1\" width=\"120\" height=\"170\" srcset=\"https:\/\/wp.unil.ch\/hispanica-helvetica\/files\/2014\/11\/HH-26-Portada-1.jpg 565w, https:\/\/wp.unil.ch\/hispanica-helvetica\/files\/2014\/11\/HH-26-Portada-1-211x300.jpg 211w\" sizes=\"auto, (max-width: 120px) 100vw, 120px\" \/><\/a><\/p>\n<p><span style=\"color: #3366ff\"><a style=\"color: #3366ff\" href=\"https:\/\/wp.unil.ch\/hispanica-helvetica\/files\/2013\/06\/Paque-veas-que-te-pido-perd\u00f3n-en-delante-toda-Espa\u00f1a.pdf\">Pa&rsquo;que veas que te pido perd\u00f3n en delante toda Espa\u00f1a &#8211; \u00edndice e introducci\u00f3n<\/a><\/span><\/td>\n<\/tr>\n<tr style=\"height: 279px\">\n<td style=\"width: 205px;height: 279px\">\n<p><img alt=\"\" loading=\"lazy\" decoding=\"async\" class=\"alignnone wp-image-634\" src=\"https:\/\/wp.unil.ch\/hispanica-helvetica\/files\/2015\/12\/HH27-Portada-212x300.jpg\" alt=\"\" width=\"123\" height=\"173\" \/><\/p>\n<p><span style=\"color: #000080\"><a style=\"color: #000080\" href=\"https:\/\/wp.unil.ch\/hispanica-helvetica\/files\/2015\/12\/HH27-Primeras-p\u00e1ginas.pdf\" rel=\"\"><span style=\"color: #3366ff\">Condicionalidad y concesividad en judeoespa\u00f1ol moderno escrito &#8211; \u00edndice e introducci\u00f3n<\/span><\/a><\/span><\/td>\n<td style=\"width: 209px;height: 279px\">\n<p><img alt=\"\" loading=\"lazy\" decoding=\"async\" class=\"alignnone wp-image-666\" src=\"https:\/\/wp.unil.ch\/hispanica-helvetica\/files\/2017\/01\/HH28-Portada-e1523791744235.jpg\" alt=\"\" width=\"121\" height=\"173\" \/><\/p>\n<p><span style=\"color: #3366ff\"><a style=\"color: #3366ff\" href=\"https:\/\/wp.unil.ch\/hispanica-helvetica\/files\/2017\/01\/HH28-Indice-e-introducci\u00f3n.pdf\">Poes\u00edas desconocidas del Siglo de Oro recuperadas de la Biblioteca de Ginebra &#8211; \u00edndice e introducci\u00f3n<\/a><\/span><\/td>\n<\/tr>\n<tr style=\"height: 201px\">\n<td style=\"width: 205px;height: 201px\">\n<p><img loading=\"lazy\" decoding=\"async\" class=\"alignnone wp-image-732\" src=\"https:\/\/wp.unil.ch\/hispanica-helvetica\/files\/2019\/12\/HH-29-portada-212x300.jpg\" alt=\"HH29-\u00cdndice + primer cap\u00edtulo\" width=\"122\" height=\"172\" srcset=\"https:\/\/wp.unil.ch\/hispanica-helvetica\/files\/2019\/12\/HH-29-portada-212x300.jpg 212w, https:\/\/wp.unil.ch\/hispanica-helvetica\/files\/2019\/12\/HH-29-portada-724x1024.jpg 724w, https:\/\/wp.unil.ch\/hispanica-helvetica\/files\/2019\/12\/HH-29-portada-768x1086.jpg 768w, https:\/\/wp.unil.ch\/hispanica-helvetica\/files\/2019\/12\/HH-29-portada-624x882.jpg 624w, https:\/\/wp.unil.ch\/hispanica-helvetica\/files\/2019\/12\/HH-29-portada.jpg 849w\" sizes=\"auto, (max-width: 122px) 100vw, 122px\" \/><\/p>\n<p><span style=\"color: #3366ff\"><a style=\"color: #3366ff\" href=\"https:\/\/wp.unil.ch\/hispanica-helvetica\/files\/2018\/04\/HH-29-Indice-primer-cap\u00edtulo.pdf\">El libro sefard\u00ed <em>La g\u00fcerta de oro<\/em> de David M. At\u00edas (Liorna, 1778). Edici\u00f3n y estudio ling\u00fc\u00edstico del verbo &#8211; \u00edndice\u00a0 y primer<\/a><a style=\"color: #3366ff\" href=\"https:\/\/wp.unil.ch\/hispanica-helvetica\/files\/2018\/04\/HH-29-Indice-primer-cap\u00edtulo.pdf\"> cap\u00edtulo<\/a><\/span><\/td>\n<td style=\"width: 209px;height: 201px\">\n<p><a href=\"https:\/\/wp.unil.ch\/hispanica-helvetica\/files\/2019\/12\/HH-30-portada.jpg\"><img loading=\"lazy\" decoding=\"async\" class=\"alignnone wp-image-729\" src=\"https:\/\/wp.unil.ch\/hispanica-helvetica\/files\/2019\/12\/HH-30-portada-212x300.jpg\" alt=\"HH30-\u00cdndice e introducci\u00f3n\" width=\"122\" height=\"172\" srcset=\"https:\/\/wp.unil.ch\/hispanica-helvetica\/files\/2019\/12\/HH-30-portada-212x300.jpg 212w, https:\/\/wp.unil.ch\/hispanica-helvetica\/files\/2019\/12\/HH-30-portada-724x1024.jpg 724w, https:\/\/wp.unil.ch\/hispanica-helvetica\/files\/2019\/12\/HH-30-portada-768x1086.jpg 768w, https:\/\/wp.unil.ch\/hispanica-helvetica\/files\/2019\/12\/HH-30-portada-624x882.jpg 624w, https:\/\/wp.unil.ch\/hispanica-helvetica\/files\/2019\/12\/HH-30-portada.jpg 849w\" sizes=\"auto, (max-width: 122px) 100vw, 122px\" \/><\/a><\/p>\n<p><a href=\"https:\/\/wp.unil.ch\/hispanica-helvetica\/files\/2019\/12\/HH-30-indice-intro.pdf\"><span style=\"color: #3366ff\">Entre avenidas, calzadas y carreteras redescubrimos La Habana. Estudio ling\u00fc\u00edstico de los nombres de sus calles &#8211; \u00edndice e introducci\u00f3n<\/span><\/a><\/td>\n<\/tr>\n<tr style=\"height: 407px\">\n<td style=\"width: 205px;height: 407px\">\n<p><span style=\"color: #333399\"><img alt=\"\" loading=\"lazy\" decoding=\"async\" class=\"alignnone size-medium wp-image-749\" src=\"https:\/\/wp.unil.ch\/hispanica-helvetica\/files\/2020\/08\/Portada-HH31-212x300.jpg\" alt=\"\" width=\"212\" height=\"300\" \/><\/span><\/p>\n<p><span style=\"color: #3366ff\"><a style=\"color: #3366ff\" href=\"https:\/\/wp.unil.ch\/hispanica-helvetica\/files\/2020\/08\/Indice-prologo-introduccion-HH-31.pdf\">Vocabulario andaluz (ilustrado). Antonio Alcal\u00e1 Venceslada. \u00cdndice, pr\u00f3logo e introducci\u00f3n<\/a><\/span><\/td>\n<td style=\"width: 209px;height: 407px\"><\/td>\n<\/tr>\n<\/tbody>\n<\/table>\n<p><\/p>\n","protected":false},"excerpt":{"rendered":"<p>Los vol\u00famenes 1-29 de Hispanica Helvetica est\u00e1n disponibles en formato pdf en la siguiente direcci\u00f3n: https:\/\/www.e-periodica.ch\/digbib\/volumes?UID=his-001 La autobiograf\u00eda &#8211; \u00edndice De Raimundo Lulio al Vatilcano II &#8211; \u00edndice \u00a0 Religiosidad &hellip; <\/p>\n","protected":false},"author":1225,"featured_media":0,"parent":0,"menu_order":3,"comment_status":"closed","ping_status":"closed","template":"","meta":{"_seopress_robots_primary_cat":"","_seopress_titles_title":"","_seopress_titles_desc":"","_seopress_robots_index":"","footnotes":""},"class_list":["post-155","page","type-page","status-publish"],"_links":{"self":[{"href":"https:\/\/wp.unil.ch\/hispanica-helvetica\/wp-json\/wp\/v2\/pages\/155","targetHints":{"allow":["GET"]}}],"collection":[{"href":"https:\/\/wp.unil.ch\/hispanica-helvetica\/wp-json\/wp\/v2\/pages"}],"about":[{"href":"https:\/\/wp.unil.ch\/hispanica-helvetica\/wp-json\/wp\/v2\/types\/page"}],"author":[{"embeddable":true,"href":"https:\/\/wp.unil.ch\/hispanica-helvetica\/wp-json\/wp\/v2\/users\/1225"}],"replies":[{"embeddable":true,"href":"https:\/\/wp.unil.ch\/hispanica-helvetica\/wp-json\/wp\/v2\/comments?post=155"}],"version-history":[{"count":0,"href":"https:\/\/wp.unil.ch\/hispanica-helvetica\/wp-json\/wp\/v2\/pages\/155\/revisions"}],"wp:attachment":[{"href":"https:\/\/wp.unil.ch\/hispanica-helvetica\/wp-json\/wp\/v2\/media?parent=155"}],"curies":[{"name":"wp","href":"https:\/\/api.w.org\/{rel}","templated":true}]}}