{"id":116,"date":"2013-06-26T09:40:32","date_gmt":"2013-06-26T07:40:32","guid":{"rendered":"http:\/\/wp.unil.ch\/hispanica-helvetica\/?page_id=116"},"modified":"2021-04-12T18:14:38","modified_gmt":"2021-04-12T16:14:38","slug":"pedidos","status":"publish","type":"page","link":"https:\/\/wp.unil.ch\/hispanica-helvetica\/pedidos\/","title":{"rendered":"PEDIDOS"},"content":{"rendered":"<ul>\n<li><span style=\"color: #0000ff\">PEDIDOS EN SUIZA Y PEDIDOS DE MIEMBROS DE LA SOCIEDAD SUIZA DE ESTUDIOS HISP\u00c1NICOS (SSEH), escriba a la siguiente direcci\u00f3n:<\/span><\/li>\n<\/ul>\n<p><span style=\"color: #0000ff\"><!-- [if gte mso 9]&gt;--><\/span><\/p>\n<p><span style=\"color: #0000ff\"><!-- [if gte mso 9]&gt;--><\/span><\/p>\n<p><span style=\"color: #0000ff\"><!-- [if gte mso 9]&gt;--><\/span><\/p>\n<p class=\"MsoNormal\" style=\"padding-left: 30px\"><span style=\"color: #0000ff\"><span lang=\"ES-TRAD\" style=\"font-family: 'Times','serif'\">\u00a0<\/span><b><span lang=\"ES-TRAD\" style=\"font-family: 'Times','serif'\"><a href=\"mailto:hispanica.helvetica@unil.ch\"><span style=\"color: #0000ff\">hispanica.helvetica@unil.ch<\/span><\/a><\/span><\/b><\/span><\/p>\n<ul>\n<li><span style=\"color: #0000ff\">Indique siempre:<\/span><\/li>\n<\/ul>\n<ol>\n<li><span style=\"color: #0000ff\">Nombre y direcci\u00f3n postal completos<\/span><\/li>\n<li><span style=\"color: #0000ff\">Libro o libros que desea recibir: autor y t\u00edtulo<\/span><\/li>\n<li><span style=\"color: #0000ff\">N\u00famero de ejemplares<\/span><\/li>\n<\/ol>\n<ul>\n<li><span style=\"color: #0000ff\">LISTA DE PRECIOS PARA PEDIDOS EN SUIZA O PARA MIEMBROS DE LA SOCIEDAD SUIZA DE ESTUDIOS HISP\u00c1NICOS (SSEH):<\/span><\/li>\n<\/ul>\n<p style=\"padding-left: 30px\"><span style=\"color: #3366ff\"><a style=\"color: #3366ff\" href=\"https:\/\/wp.unil.ch\/hispanica-helvetica\/files\/2021\/04\/HH-precios-2021.pdf\"><span style=\"color: #0000ff\">HH precios-2021<\/span><\/a><\/span><\/p>\n<ul>\n<li><span style=\"color: #0000ff\">PEDIDOS DEL RESTO DEL MUNDO, dir\u00edjase a P\u00f3rtico Librer\u00edas:<\/span><\/li>\n<\/ul>\n<p style=\"padding-left: 30px\"><span style=\"color: #0000ff\"><a href=\"https:\/\/wp.unil.ch\/hispanica-helvetica\/files\/2013\/06\/Pedidos-Portico-3.pdf\"><span style=\"color: #0000ff\">Pedidos P\u00f3rtico<\/span><\/a><\/span><\/p>\n<p><span style=\"color: #0000ff\">\u00a0<\/span><\/p>\n<p><span style=\"color: #0000ff\">\u00a0<\/span><\/p>\n<p><span style=\"color: #0000ff\">\u00a0<\/span><\/p>\n","protected":false},"excerpt":{"rendered":"<p>PEDIDOS EN SUIZA Y PEDIDOS DE MIEMBROS DE LA SOCIEDAD SUIZA DE ESTUDIOS HISP\u00c1NICOS (SSEH), escriba a la siguiente direcci\u00f3n: \u00a0hispanica.helvetica@unil.ch Indique siempre: Nombre y direcci\u00f3n postal completos Libro o &hellip; <\/p>\n","protected":false},"author":1225,"featured_media":0,"parent":0,"menu_order":4,"comment_status":"closed","ping_status":"closed","template":"","meta":{"_seopress_robots_primary_cat":"","_seopress_titles_title":"","_seopress_titles_desc":"","_seopress_robots_index":"","footnotes":""},"class_list":["post-116","page","type-page","status-publish"],"_links":{"self":[{"href":"https:\/\/wp.unil.ch\/hispanica-helvetica\/wp-json\/wp\/v2\/pages\/116","targetHints":{"allow":["GET"]}}],"collection":[{"href":"https:\/\/wp.unil.ch\/hispanica-helvetica\/wp-json\/wp\/v2\/pages"}],"about":[{"href":"https:\/\/wp.unil.ch\/hispanica-helvetica\/wp-json\/wp\/v2\/types\/page"}],"author":[{"embeddable":true,"href":"https:\/\/wp.unil.ch\/hispanica-helvetica\/wp-json\/wp\/v2\/users\/1225"}],"replies":[{"embeddable":true,"href":"https:\/\/wp.unil.ch\/hispanica-helvetica\/wp-json\/wp\/v2\/comments?post=116"}],"version-history":[{"count":0,"href":"https:\/\/wp.unil.ch\/hispanica-helvetica\/wp-json\/wp\/v2\/pages\/116\/revisions"}],"wp:attachment":[{"href":"https:\/\/wp.unil.ch\/hispanica-helvetica\/wp-json\/wp\/v2\/media?parent=116"}],"curies":[{"name":"wp","href":"https:\/\/api.w.org\/{rel}","templated":true}]}}