{"id":6,"date":"2019-11-28T16:00:19","date_gmt":"2019-11-28T15:00:19","guid":{"rendered":"http:\/\/wp.unil.ch\/modele\/?page_id=6"},"modified":"2025-10-10T14:43:54","modified_gmt":"2025-10-10T12:43:54","slug":"home","status":"publish","type":"page","link":"https:\/\/wp.unil.ch\/herens\/","title":{"rendered":"Accueil"},"content":{"rendered":"\n<p class=\"has-primary-color has-text-color\"><em>Val d&rsquo;H\u00e9rens 1950\/2050<\/em> <em>&#8211; Vies, images et pratiques d&rsquo;un territoire en mutation<\/em> est un projet alliant recherche, recherche participative, m\u00e9diation scientifique et d\u00e9marche artistique qui invite les citoyen\u00b7ne\u00b7s \u00e0 questionner l&rsquo;\u00e9volution du territoire dans un contexte de changements climatiques, mais aussi de transition \u00e9cologique et num\u00e9rique.<br><br>Habitant\u00b7e\u00b7s, chercheur\u00b7e\u00b7s, artistes et visiteur\u00b7euse\u00b7s du Val d&rsquo;H\u00e9rens enqu\u00eatent ensemble sur les enjeux et les impacts des changements globaux sur la vie en montagne.<\/p>\n\n\n\n<p class=\"has-text-align-center has-light-background-color has-accent-background-color has-text-color has-background has-link-color wp-elements-15424404dbd3ef9c5846f664c5a86ef9\">SITE WEB ACTUELLEMENT EN COURS DE MISE \u00c0 JOUR. <br>Merci pour votre compr\u00e9hension.<\/p>\n\n\n\n<div class=\"wp-block-columns is-layout-flex wp-container-core-columns-is-layout-9d6595d7 wp-block-columns-is-layout-flex\">\n<div class=\"wp-block-column is-layout-flow wp-block-column-is-layout-flow\">\n<figure class=\"wp-block-image size-large is-resized\"><img alt=\"\" loading=\"lazy\" decoding=\"async\" width=\"1024\" height=\"741\" src=\"https:\/\/wp.unil.ch\/herens\/files\/2021\/08\/la-forclaz-IMG_6348-1940-2020-1024x741.jpg\" alt=\"\" class=\"wp-image-1578\" style=\"width:512px;height:371px\" srcset=\"https:\/\/wp.unil.ch\/herens\/files\/2021\/08\/la-forclaz-IMG_6348-1940-2020-1024x741.jpg 1024w, https:\/\/wp.unil.ch\/herens\/files\/2021\/08\/la-forclaz-IMG_6348-1940-2020-300x217.jpg 300w, https:\/\/wp.unil.ch\/herens\/files\/2021\/08\/la-forclaz-IMG_6348-1940-2020-768x556.jpg 768w, https:\/\/wp.unil.ch\/herens\/files\/2021\/08\/la-forclaz-IMG_6348-1940-2020-540x391.jpg 540w, https:\/\/wp.unil.ch\/herens\/files\/2021\/08\/la-forclaz-IMG_6348-1940-2020-1080x782.jpg 1080w, https:\/\/wp.unil.ch\/herens\/files\/2021\/08\/la-forclaz-IMG_6348-1940-2020.jpg 1243w\" sizes=\"auto, (max-width: 1024px) 100vw, 1024px\" \/><figcaption class=\"wp-element-caption\">\u00a9Alain Bron et sa famille &#8211; La Forclaz 1940\/2020<\/figcaption><\/figure>\n<\/div>\n\n\n\n<div class=\"wp-block-column is-layout-flow wp-block-column-is-layout-flow\">\n<h4 class=\"wp-block-heading has-normal-font-size\">VOS IMAGES ANCIENNES NOUS INT\u00c9RESSENT !<\/h4>\n\n\n\n<p class=\"has-primary-color has-text-color has-small-font-size\">Des photos de famille ou de s\u00e9jours dans le Val d\u2019H\u00e9rens sont gard\u00e9es bien au chaud dans vos albums, ou dans un tiroir ? C\u2019est le moment de les sortir !&nbsp;<br><br>Contactez-nous pour participer avec vos images \u00e0 la constitution  d&rsquo;un album photo collaboratif historique et une cartographie unique de l\u2019\u00e9volution du Val d\u2019H\u00e9rens ces 120 derni\u00e8res ann\u00e9es !&nbsp;<br><br>Pour plus d&rsquo;informations, voir la page <a href=\"https:\/\/wp.unil.ch\/herens\/participer\/\">Participer<\/a>.<\/p>\n\n\n\n<p class=\"has-primary-color has-text-color\"><br><\/p>\n<\/div>\n<\/div>\n\n\n\n<figure class=\"wp-block-image alignwide size-large\"><img alt=\"\" loading=\"lazy\" decoding=\"async\" width=\"1024\" height=\"592\" src=\"https:\/\/wp.unil.ch\/herens\/files\/2024\/04\/Temperatures_texte_2024-1024x592.png\" alt=\"\" class=\"wp-image-2152\" srcset=\"https:\/\/wp.unil.ch\/herens\/files\/2024\/04\/Temperatures_texte_2024-1024x592.png 1024w, https:\/\/wp.unil.ch\/herens\/files\/2024\/04\/Temperatures_texte_2024-300x173.png 300w, https:\/\/wp.unil.ch\/herens\/files\/2024\/04\/Temperatures_texte_2024-768x444.png 768w, https:\/\/wp.unil.ch\/herens\/files\/2024\/04\/Temperatures_texte_2024-1536x888.png 1536w, https:\/\/wp.unil.ch\/herens\/files\/2024\/04\/Temperatures_texte_2024-540x312.png 540w, https:\/\/wp.unil.ch\/herens\/files\/2024\/04\/Temperatures_texte_2024-1080x624.png 1080w, https:\/\/wp.unil.ch\/herens\/files\/2024\/04\/Temperatures_texte_2024.png 1888w\" sizes=\"auto, (max-width: 1024px) 100vw, 1024px\" \/><figcaption class=\"wp-element-caption\">Source : https:\/\/showyourstripes.in<\/figcaption><\/figure>\n","protected":false},"excerpt":{"rendered":"<p>Val d&rsquo;H\u00e9rens 1950\/2050 &#8211; Vies, images et pratiques d&rsquo;un territoire en mutation est un projet alliant recherche, recherche participative, m\u00e9diation scientifique et d\u00e9marche artistique qui invite les citoyen\u00b7ne\u00b7s&hellip;<\/p>\n","protected":false},"author":108,"featured_media":622,"parent":0,"menu_order":0,"comment_status":"closed","ping_status":"closed","template":"template-full-width-cover.php","meta":{"_seopress_robots_primary_cat":"","_seopress_titles_title":"","_seopress_titles_desc":"","_seopress_robots_index":"","_EventAllDay":false,"_EventTimezone":"","_EventStartDate":"","_EventEndDate":"","_EventStartDateUTC":"","_EventEndDateUTC":"","_EventShowMap":false,"_EventShowMapLink":false,"_EventURL":"","_EventCost":"","_EventCostDescription":"","_EventCurrencySymbol":"","_EventCurrencyCode":"","_EventCurrencyPosition":"","_EventDateTimeSeparator":"","_EventTimeRangeSeparator":"","_EventOrganizerID":[],"_EventVenueID":[],"_OrganizerEmail":"","_OrganizerPhone":"","_OrganizerWebsite":"","_VenueAddress":"","_VenueCity":"","_VenueCountry":"","_VenueProvince":"","_VenueState":"","_VenueZip":"","_VenuePhone":"","_VenueURL":"","_VenueStateProvince":"","_VenueLat":"","_VenueLng":"","_VenueShowMap":false,"_VenueShowMapLink":false,"footnotes":""},"class_list":["post-6","page","type-page","status-publish","has-post-thumbnail"],"_links":{"self":[{"href":"https:\/\/wp.unil.ch\/herens\/wp-json\/wp\/v2\/pages\/6","targetHints":{"allow":["GET"]}}],"collection":[{"href":"https:\/\/wp.unil.ch\/herens\/wp-json\/wp\/v2\/pages"}],"about":[{"href":"https:\/\/wp.unil.ch\/herens\/wp-json\/wp\/v2\/types\/page"}],"author":[{"embeddable":true,"href":"https:\/\/wp.unil.ch\/herens\/wp-json\/wp\/v2\/users\/108"}],"replies":[{"embeddable":true,"href":"https:\/\/wp.unil.ch\/herens\/wp-json\/wp\/v2\/comments?post=6"}],"version-history":[{"count":3,"href":"https:\/\/wp.unil.ch\/herens\/wp-json\/wp\/v2\/pages\/6\/revisions"}],"predecessor-version":[{"id":2154,"href":"https:\/\/wp.unil.ch\/herens\/wp-json\/wp\/v2\/pages\/6\/revisions\/2154"}],"wp:featuredmedia":[{"embeddable":true,"href":"https:\/\/wp.unil.ch\/herens\/wp-json\/wp\/v2\/media\/622"}],"wp:attachment":[{"href":"https:\/\/wp.unil.ch\/herens\/wp-json\/wp\/v2\/media?parent=6"}],"curies":[{"name":"wp","href":"https:\/\/api.w.org\/{rel}","templated":true}]}}