{"id":195,"date":"2021-05-04T13:08:33","date_gmt":"2021-05-04T11:08:33","guid":{"rendered":"https:\/\/wp.unil.ch\/herens\/?page_id=195"},"modified":"2022-08-09T17:09:20","modified_gmt":"2022-08-09T15:09:20","slug":"explorer","status":"publish","type":"page","link":"https:\/\/wp.unil.ch\/herens\/explorer\/","title":{"rendered":"Explorer"},"content":{"rendered":"\n<h2 class=\"has-buttons-background-color has-text-color wp-block-heading\" id=\"les-avancees-des-enquetes\">Les avanc\u00e9es des enqu\u00eates<\/h2>\n\n\n\n<p>Les enqu\u00eates d\u00e9marreront durant l&rsquo;\u00e9t\u00e9 2021. D\u00e8s l&rsquo;automne 2022, suivez leurs avancements sur cette page !\u00a0Vous y trouverez <a rel=\"noreferrer noopener\" href=\"https:\/\/view.genial.ly\/602ab1b85c1ea56eadbba55c\" target=\"_blank\">plusieurs fa\u00e7ons de les d\u00e9couvrir<\/a>\u2026<\/p>\n\n\n\n<!-- iframe plugin v.6.0 wordpress.org\/plugins\/iframe\/ -->\n<iframe loading=\"lazy\" frameborder=\"0\" width=\"1200\" height=\"675\" 0=\"style=&quot;position:\" 1=\"absolute;\" 2=\"top:\" 3=\"0;\" 4=\"left:\" 5=\"0;\" 6=\"width=100%  height=100%\" src=\"https:\/\/view.genial.ly\/602ab1b85c1ea56eadbba55c\" type=\"text\/html\" allowscriptaccess=\"always\" allowfullscreen=\"true\" scrolling=\"yes\" allownetworking=\"all\" class=\"iframe-class\"><\/iframe>\n\n\n\n\n<p><\/p>\n","protected":false},"excerpt":{"rendered":"<p>Les avanc\u00e9es des enqu\u00eates Les enqu\u00eates d\u00e9marreront durant l&rsquo;\u00e9t\u00e9 2021. D\u00e8s l&rsquo;automne 2022, suivez leurs avancements sur cette page !\u00a0Vous y trouverez plusieurs fa\u00e7ons de les d\u00e9couvrir\u2026<\/p>\n","protected":false},"author":108,"featured_media":557,"parent":0,"menu_order":3,"comment_status":"closed","ping_status":"closed","template":"template-full-width-cover.php","meta":{"_seopress_robots_primary_cat":"","_seopress_titles_title":"","_seopress_titles_desc":"","_seopress_robots_index":"","_EventAllDay":false,"_EventTimezone":"","_EventStartDate":"","_EventEndDate":"","_EventStartDateUTC":"","_EventEndDateUTC":"","_EventShowMap":false,"_EventShowMapLink":false,"_EventURL":"","_EventCost":"","_EventCostDescription":"","_EventCurrencySymbol":"","_EventCurrencyCode":"","_EventCurrencyPosition":"","_EventDateTimeSeparator":"","_EventTimeRangeSeparator":"","_EventOrganizerID":[],"_EventVenueID":[],"_OrganizerEmail":"","_OrganizerPhone":"","_OrganizerWebsite":"","_VenueAddress":"","_VenueCity":"","_VenueCountry":"","_VenueProvince":"","_VenueState":"","_VenueZip":"","_VenuePhone":"","_VenueURL":"","_VenueStateProvince":"","_VenueLat":"","_VenueLng":"","_VenueShowMap":false,"_VenueShowMapLink":false,"footnotes":""},"class_list":["post-195","page","type-page","status-publish","has-post-thumbnail"],"_links":{"self":[{"href":"https:\/\/wp.unil.ch\/herens\/wp-json\/wp\/v2\/pages\/195","targetHints":{"allow":["GET"]}}],"collection":[{"href":"https:\/\/wp.unil.ch\/herens\/wp-json\/wp\/v2\/pages"}],"about":[{"href":"https:\/\/wp.unil.ch\/herens\/wp-json\/wp\/v2\/types\/page"}],"author":[{"embeddable":true,"href":"https:\/\/wp.unil.ch\/herens\/wp-json\/wp\/v2\/users\/108"}],"replies":[{"embeddable":true,"href":"https:\/\/wp.unil.ch\/herens\/wp-json\/wp\/v2\/comments?post=195"}],"version-history":[{"count":0,"href":"https:\/\/wp.unil.ch\/herens\/wp-json\/wp\/v2\/pages\/195\/revisions"}],"wp:featuredmedia":[{"embeddable":true,"href":"https:\/\/wp.unil.ch\/herens\/wp-json\/wp\/v2\/media\/557"}],"wp:attachment":[{"href":"https:\/\/wp.unil.ch\/herens\/wp-json\/wp\/v2\/media?parent=195"}],"curies":[{"name":"wp","href":"https:\/\/api.w.org\/{rel}","templated":true}]}}