{"id":187,"date":"2021-05-04T13:06:20","date_gmt":"2021-05-04T11:06:20","guid":{"rendered":"https:\/\/wp.unil.ch\/herens\/?page_id=187"},"modified":"2024-08-12T16:46:24","modified_gmt":"2024-08-12T14:46:24","slug":"decouvrir","status":"publish","type":"page","link":"https:\/\/wp.unil.ch\/herens\/decouvrir\/","title":{"rendered":"D\u00e9couvrir"},"content":{"rendered":"\n<h2 class=\"wp-block-heading has-buttons-background-color has-text-color\" id=\"le-projet\">LE projet<\/h2>\n\n\n\n<p class=\"has-primary-color has-text-color\">Mis sur pied par le <a rel=\"noreferrer noopener\" href=\"https:\/\/www.unil.ch\/centre-montagne\/fr\/home.html\" target=\"_blank\">Centre interdisciplinaire de recherche sur la montagne<\/a> (CIRM) et le <a href=\"https:\/\/www.unil.ch\/scms\/fr\/home.html\">Service Culture et M\u00e9diation scientifique<\/a> (SCMS) de l\u2019Universit\u00e9 de Lausanne en collaboration et avec le soutien de diff\u00e9rents <a rel=\"noreferrer noopener\" href=\"https:\/\/wp.unil.ch\/herens\/a-propos\/\" target=\"_blank\">partenaires<\/a>,&nbsp;<em>Val d\u2019H\u00e9rens 1950\/2050<\/em> est un projet associant  recherche participative, m\u00e9diation scientifique et d\u00e9marche artistique qui souhaite permettre aux habitant\u00b7e\u00b7s et aux chercheur\u00b7e\u00b7s de mieux comprendre ce que veut dire vivre en montagne dans un contexte de changements climatiques \u00e0 travers 8 volets th\u00e9matiques.&nbsp;<br><br>Les citoyen\u00b7ne\u00b7s sont invit\u00e9s \u00e0 participer activement \u00e0 cette enqu\u00eate interdisciplinaire. Les volets th\u00e9matiques abordent notamment le d\u00e9veloppement \u00e9conomique et touristique, l\u2019\u00e9volution des paysages, de la v\u00e9g\u00e9tation (limite sup\u00e9rieure de la for\u00eat et plantes patrimoniales), la transmission de la m\u00e9moire sonore des lieux, ou encore l\u2019\u00e9volution des pratiques telles que l\u2019alpinisme ou le tourisme de nature.&nbsp;<br><\/p>\n\n\n\n<h2 class=\"wp-block-heading has-buttons-background-color has-text-color\" id=\"les-9-volets-thematiques\">LES 8 volets th\u00c9matiques \/ 2021-2023<\/h2>\n\n\n\n<div class=\"wp-block-columns is-layout-flex wp-container-core-columns-is-layout-9d6595d7 wp-block-columns-is-layout-flex\">\n<div class=\"wp-block-column is-layout-flow wp-block-column-is-layout-flow\">\n<div class=\"wp-block-cover is-light\" style=\"min-height:350px;aspect-ratio:unset;\"><span aria-hidden=\"true\" class=\"wp-block-cover__background has-secondary-background-color has-background-dim-40 has-background-dim\"><\/span><img alt=\"\" loading=\"lazy\" decoding=\"async\" width=\"1800\" height=\"1200\" class=\"wp-block-cover__image-background wp-image-513\" alt=\"\" src=\"https:\/\/wp.unil.ch\/herens\/files\/2021\/05\/Pyramides_Mclivaz_1800_1200_72.jpg\" data-object-fit=\"cover\" srcset=\"https:\/\/wp.unil.ch\/herens\/files\/2021\/05\/Pyramides_Mclivaz_1800_1200_72.jpg 1800w, https:\/\/wp.unil.ch\/herens\/files\/2021\/05\/Pyramides_Mclivaz_1800_1200_72-300x200.jpg 300w, https:\/\/wp.unil.ch\/herens\/files\/2021\/05\/Pyramides_Mclivaz_1800_1200_72-1024x683.jpg 1024w, https:\/\/wp.unil.ch\/herens\/files\/2021\/05\/Pyramides_Mclivaz_1800_1200_72-768x512.jpg 768w, https:\/\/wp.unil.ch\/herens\/files\/2021\/05\/Pyramides_Mclivaz_1800_1200_72-1536x1024.jpg 1536w, https:\/\/wp.unil.ch\/herens\/files\/2021\/05\/Pyramides_Mclivaz_1800_1200_72-540x360.jpg 540w, https:\/\/wp.unil.ch\/herens\/files\/2021\/05\/Pyramides_Mclivaz_1800_1200_72-1080x720.jpg 1080w\" sizes=\"auto, (max-width: 1800px) 100vw, 1800px\" \/><div class=\"wp-block-cover__inner-container is-layout-flow wp-block-cover-is-layout-flow\">\n<p class=\"has-text-align-center has-light-background-color has-text-color\" style=\"font-size:22px\"><strong><a href=\"https:\/\/wp.unil.ch\/herens\/paysage\/\" data-type=\"URL\">LES PAYSAGES DU VAL D&rsquo;H\u00c9RENS : \u00c9VOLUTIONS ET PERCEPTIONS<\/a><\/strong><\/p>\n<\/div><\/div>\n<\/div>\n\n\n\n<div class=\"wp-block-column is-layout-flow wp-block-column-is-layout-flow\">\n<div class=\"wp-block-cover is-light\" style=\"min-height:350px;aspect-ratio:unset;\"><span aria-hidden=\"true\" class=\"wp-block-cover__background has-secondary-background-color has-background-dim-40 has-background-dim\"><\/span><img alt=\"\" loading=\"lazy\" decoding=\"async\" width=\"800\" height=\"1200\" class=\"wp-block-cover__image-background wp-image-516\" alt=\"\" src=\"https:\/\/wp.unil.ch\/herens\/files\/2021\/05\/mihaly-koles-orWXObO27GI-unsplash.jpg\" style=\"object-position:62% 21%\" data-object-fit=\"cover\" data-object-position=\"62% 21%\" srcset=\"https:\/\/wp.unil.ch\/herens\/files\/2021\/05\/mihaly-koles-orWXObO27GI-unsplash.jpg 800w, https:\/\/wp.unil.ch\/herens\/files\/2021\/05\/mihaly-koles-orWXObO27GI-unsplash-200x300.jpg 200w, https:\/\/wp.unil.ch\/herens\/files\/2021\/05\/mihaly-koles-orWXObO27GI-unsplash-683x1024.jpg 683w, https:\/\/wp.unil.ch\/herens\/files\/2021\/05\/mihaly-koles-orWXObO27GI-unsplash-768x1152.jpg 768w, https:\/\/wp.unil.ch\/herens\/files\/2021\/05\/mihaly-koles-orWXObO27GI-unsplash-540x810.jpg 540w\" sizes=\"auto, (max-width: 800px) 100vw, 800px\" \/><div class=\"wp-block-cover__inner-container is-layout-flow wp-block-cover-is-layout-flow\">\n<p class=\"has-text-align-center has-light-background-color has-text-color\" style=\"font-size:22px\"><strong><a href=\"https:\/\/wp.unil.ch\/herens\/economie\/\" data-type=\"post\" data-id=\"841\">QUELLES \u00c9VOLUTIONS DU D\u00c9VELOPPEMENT SOCIO-\u00c9CONOMIQUE DANS LE VAL D&rsquo;H\u00c9RENS ?<\/a><\/strong><\/p>\n<\/div><\/div>\n<\/div>\n<\/div>\n\n\n\n<div class=\"wp-block-columns is-layout-flex wp-container-core-columns-is-layout-9d6595d7 wp-block-columns-is-layout-flex\">\n<div class=\"wp-block-column is-layout-flow wp-block-column-is-layout-flow\">\n<div class=\"wp-block-cover is-light\" style=\"min-height:350px;aspect-ratio:unset;\"><span aria-hidden=\"true\" class=\"wp-block-cover__background has-secondary-background-color has-background-dim-30 has-background-dim\"><\/span><img alt=\"\" loading=\"lazy\" decoding=\"async\" width=\"800\" height=\"1200\" class=\"wp-block-cover__image-background wp-image-311\" alt=\"\" src=\"https:\/\/wp.unil.ch\/herens\/files\/2021\/05\/Mont-Mine-Glacier_Evolene_artiom-vallat-unsplash.jpg\" data-object-fit=\"cover\" srcset=\"https:\/\/wp.unil.ch\/herens\/files\/2021\/05\/Mont-Mine-Glacier_Evolene_artiom-vallat-unsplash.jpg 800w, https:\/\/wp.unil.ch\/herens\/files\/2021\/05\/Mont-Mine-Glacier_Evolene_artiom-vallat-unsplash-200x300.jpg 200w, https:\/\/wp.unil.ch\/herens\/files\/2021\/05\/Mont-Mine-Glacier_Evolene_artiom-vallat-unsplash-683x1024.jpg 683w, https:\/\/wp.unil.ch\/herens\/files\/2021\/05\/Mont-Mine-Glacier_Evolene_artiom-vallat-unsplash-768x1152.jpg 768w, https:\/\/wp.unil.ch\/herens\/files\/2021\/05\/Mont-Mine-Glacier_Evolene_artiom-vallat-unsplash-540x810.jpg 540w\" sizes=\"auto, (max-width: 800px) 100vw, 800px\" \/><div class=\"wp-block-cover__inner-container is-layout-flow wp-block-cover-is-layout-flow\">\n<p class=\"has-text-align-center has-light-background-color has-text-color\" style=\"font-size:22px\"><strong><a href=\"https:\/\/wp.unil.ch\/herens\/climat\/\" data-type=\"post\" data-id=\"605\">QUELLES SONT LES PERCEPTIONS CLIMATIQUES DANS LE VAL D&rsquo;H\u00c9RENS ?&nbsp;<\/a><\/strong><\/p>\n<\/div><\/div>\n<\/div>\n\n\n\n<div class=\"wp-block-column is-layout-flow wp-block-column-is-layout-flow\">\n<div class=\"wp-block-cover is-light\" style=\"min-height:350px;aspect-ratio:unset;\"><span aria-hidden=\"true\" class=\"wp-block-cover__background has-secondary-background-color has-background-dim-40 has-background-dim\"><\/span><img alt=\"\" loading=\"lazy\" decoding=\"async\" width=\"1803\" height=\"1200\" class=\"wp-block-cover__image-background wp-image-533\" alt=\"\" src=\"https:\/\/wp.unil.ch\/herens\/files\/2021\/05\/Dent-Blanche_sylvain-mauroux-unsplash-1.jpg\" style=\"object-position:79% 23%\" data-object-fit=\"cover\" data-object-position=\"79% 23%\" srcset=\"https:\/\/wp.unil.ch\/herens\/files\/2021\/05\/Dent-Blanche_sylvain-mauroux-unsplash-1.jpg 1803w, https:\/\/wp.unil.ch\/herens\/files\/2021\/05\/Dent-Blanche_sylvain-mauroux-unsplash-1-300x200.jpg 300w, https:\/\/wp.unil.ch\/herens\/files\/2021\/05\/Dent-Blanche_sylvain-mauroux-unsplash-1-1024x682.jpg 1024w, https:\/\/wp.unil.ch\/herens\/files\/2021\/05\/Dent-Blanche_sylvain-mauroux-unsplash-1-768x511.jpg 768w, https:\/\/wp.unil.ch\/herens\/files\/2021\/05\/Dent-Blanche_sylvain-mauroux-unsplash-1-1536x1022.jpg 1536w, https:\/\/wp.unil.ch\/herens\/files\/2021\/05\/Dent-Blanche_sylvain-mauroux-unsplash-1-540x359.jpg 540w, https:\/\/wp.unil.ch\/herens\/files\/2021\/05\/Dent-Blanche_sylvain-mauroux-unsplash-1-1080x719.jpg 1080w\" sizes=\"auto, (max-width: 1803px) 100vw, 1803px\" \/><div class=\"wp-block-cover__inner-container is-layout-flow wp-block-cover-is-layout-flow\">\n<p class=\"has-text-align-center has-light-background-color has-text-color\" style=\"font-size:22px\"><strong><a href=\"https:\/\/wp.unil.ch\/herens\/sports\/\" data-type=\"post\" data-id=\"808\">QUELS IMPACTS DES CHANGEMENTS CLIMATIQUES SUR LA PRATIQUE DE L\u2019ALPINISME ?<\/a><\/strong><\/p>\n<\/div><\/div>\n<\/div>\n\n\n\n<div class=\"wp-block-column is-layout-flow wp-block-column-is-layout-flow\">\n<div class=\"wp-block-cover is-light\" style=\"min-height:350px;aspect-ratio:unset;\"><span aria-hidden=\"true\" class=\"wp-block-cover__background has-secondary-background-color has-background-dim-40 has-background-dim\"><\/span><img alt=\"\" loading=\"lazy\" decoding=\"async\" width=\"1800\" height=\"1200\" class=\"wp-block-cover__image-background wp-image-1224\" alt=\"\" src=\"https:\/\/wp.unil.ch\/herens\/files\/2021\/06\/tap-4845407_1920.jpeg\" style=\"object-position:36% 46%\" data-object-fit=\"cover\" data-object-position=\"36% 46%\" srcset=\"https:\/\/wp.unil.ch\/herens\/files\/2021\/06\/tap-4845407_1920.jpeg 1800w, https:\/\/wp.unil.ch\/herens\/files\/2021\/06\/tap-4845407_1920-300x200.jpeg 300w, https:\/\/wp.unil.ch\/herens\/files\/2021\/06\/tap-4845407_1920-1024x683.jpeg 1024w, https:\/\/wp.unil.ch\/herens\/files\/2021\/06\/tap-4845407_1920-768x512.jpeg 768w, https:\/\/wp.unil.ch\/herens\/files\/2021\/06\/tap-4845407_1920-1536x1024.jpeg 1536w, https:\/\/wp.unil.ch\/herens\/files\/2021\/06\/tap-4845407_1920-540x360.jpeg 540w, https:\/\/wp.unil.ch\/herens\/files\/2021\/06\/tap-4845407_1920-1080x720.jpeg 1080w\" sizes=\"auto, (max-width: 1800px) 100vw, 1800px\" \/><div class=\"wp-block-cover__inner-container is-layout-flow wp-block-cover-is-layout-flow\">\n<p class=\"has-text-align-center has-light-background-color has-text-color\" style=\"font-size:22px\"><strong><a href=\"https:\/\/wp.unil.ch\/herens\/arbres\/\" data-type=\"post\" data-id=\"503\">QUELS SONT LES FACTEURS DE L&rsquo;ENVIRONNEMENT QUI EXPLIQUENT LA CROISSANCE DES ARBRES EN ALTITUDE ?<\/a><\/strong><\/p>\n<\/div><\/div>\n<\/div>\n<\/div>\n\n\n\n<div class=\"wp-block-columns is-layout-flex wp-container-core-columns-is-layout-9d6595d7 wp-block-columns-is-layout-flex\">\n<div class=\"wp-block-column is-layout-flow wp-block-column-is-layout-flow\">\n<div class=\"wp-block-cover is-light\" style=\"min-height:350px;aspect-ratio:unset;\"><span aria-hidden=\"true\" class=\"wp-block-cover__background has-secondary-background-color has-background-dim-40 has-background-dim\"><\/span><img alt=\"\" loading=\"lazy\" decoding=\"async\" width=\"1807\" height=\"1200\" class=\"wp-block-cover__image-background wp-image-541\" alt=\"\" src=\"https:\/\/wp.unil.ch\/herens\/files\/2021\/05\/Alpen_Edelweis_Leontopodium_alpinum_2.jpg\" data-object-fit=\"cover\" srcset=\"https:\/\/wp.unil.ch\/herens\/files\/2021\/05\/Alpen_Edelweis_Leontopodium_alpinum_2.jpg 1807w, https:\/\/wp.unil.ch\/herens\/files\/2021\/05\/Alpen_Edelweis_Leontopodium_alpinum_2-300x199.jpg 300w, https:\/\/wp.unil.ch\/herens\/files\/2021\/05\/Alpen_Edelweis_Leontopodium_alpinum_2-1024x680.jpg 1024w, https:\/\/wp.unil.ch\/herens\/files\/2021\/05\/Alpen_Edelweis_Leontopodium_alpinum_2-768x510.jpg 768w, https:\/\/wp.unil.ch\/herens\/files\/2021\/05\/Alpen_Edelweis_Leontopodium_alpinum_2-1536x1020.jpg 1536w, https:\/\/wp.unil.ch\/herens\/files\/2021\/05\/Alpen_Edelweis_Leontopodium_alpinum_2-540x359.jpg 540w, https:\/\/wp.unil.ch\/herens\/files\/2021\/05\/Alpen_Edelweis_Leontopodium_alpinum_2-1080x717.jpg 1080w\" sizes=\"auto, (max-width: 1807px) 100vw, 1807px\" \/><div class=\"wp-block-cover__inner-container is-layout-flow wp-block-cover-is-layout-flow\">\n<p class=\"has-text-align-center has-light-background-color has-text-color\" style=\"font-size:22px\"><strong><a href=\"https:\/\/wp.unil.ch\/herens\/plantes\/\" data-type=\"post\" data-id=\"964\">LES PLANTES PATRIMONIALES, T\u00c9MOINS DES CHANGEMENTS CLIMATIQUES<\/a><\/strong><\/p>\n<\/div><\/div>\n<\/div>\n\n\n\n<div class=\"wp-block-column is-layout-flow wp-block-column-is-layout-flow\">\n<div class=\"wp-block-cover is-light\" style=\"min-height:350px;aspect-ratio:unset;\"><span aria-hidden=\"true\" class=\"wp-block-cover__background has-secondary-background-color has-background-dim-40 has-background-dim\"><\/span><img alt=\"\" loading=\"lazy\" decoding=\"async\" width=\"800\" height=\"1200\" class=\"wp-block-cover__image-background wp-image-624\" alt=\"\" src=\"https:\/\/wp.unil.ch\/herens\/files\/2021\/06\/sebastian-pociecha-LltzcvrRArQ-unsplash.jpg\" style=\"object-position:63% 37%\" data-object-fit=\"cover\" data-object-position=\"63% 37%\" srcset=\"https:\/\/wp.unil.ch\/herens\/files\/2021\/06\/sebastian-pociecha-LltzcvrRArQ-unsplash.jpg 800w, https:\/\/wp.unil.ch\/herens\/files\/2021\/06\/sebastian-pociecha-LltzcvrRArQ-unsplash-200x300.jpg 200w, https:\/\/wp.unil.ch\/herens\/files\/2021\/06\/sebastian-pociecha-LltzcvrRArQ-unsplash-683x1024.jpg 683w, https:\/\/wp.unil.ch\/herens\/files\/2021\/06\/sebastian-pociecha-LltzcvrRArQ-unsplash-768x1152.jpg 768w, https:\/\/wp.unil.ch\/herens\/files\/2021\/06\/sebastian-pociecha-LltzcvrRArQ-unsplash-540x810.jpg 540w\" sizes=\"auto, (max-width: 800px) 100vw, 800px\" \/><div class=\"wp-block-cover__inner-container is-layout-flow wp-block-cover-is-layout-flow\">\n<p class=\"has-text-align-center has-light-background-color has-text-color\" style=\"font-size:22px\"><strong><a href=\"https:\/\/wp.unil.ch\/herens\/chasse\/\" data-type=\"post\" data-id=\"865\">L&rsquo;\u00c9VOLUTION DES  CHASSES DE MONTAGNE DANS LES ALPES<\/a><\/strong><\/p>\n<\/div><\/div>\n<\/div>\n\n\n\n<div class=\"wp-block-column is-layout-flow wp-block-column-is-layout-flow\">\n<div class=\"wp-block-cover is-light\" style=\"min-height:350px;aspect-ratio:unset;\"><span aria-hidden=\"true\" class=\"wp-block-cover__background has-background-dim-40 has-background-dim\"><\/span><img alt=\"\" loading=\"lazy\" decoding=\"async\" width=\"1800\" height=\"1200\" class=\"wp-block-cover__image-background wp-image-542\" alt=\"\" src=\"https:\/\/wp.unil.ch\/herens\/files\/2021\/05\/franco-antonio-giovanella-PVDWaEhSIAg-unsplash.jpg\" data-object-fit=\"cover\" srcset=\"https:\/\/wp.unil.ch\/herens\/files\/2021\/05\/franco-antonio-giovanella-PVDWaEhSIAg-unsplash.jpg 1800w, https:\/\/wp.unil.ch\/herens\/files\/2021\/05\/franco-antonio-giovanella-PVDWaEhSIAg-unsplash-300x200.jpg 300w, https:\/\/wp.unil.ch\/herens\/files\/2021\/05\/franco-antonio-giovanella-PVDWaEhSIAg-unsplash-1024x683.jpg 1024w, https:\/\/wp.unil.ch\/herens\/files\/2021\/05\/franco-antonio-giovanella-PVDWaEhSIAg-unsplash-768x512.jpg 768w, https:\/\/wp.unil.ch\/herens\/files\/2021\/05\/franco-antonio-giovanella-PVDWaEhSIAg-unsplash-1536x1024.jpg 1536w, https:\/\/wp.unil.ch\/herens\/files\/2021\/05\/franco-antonio-giovanella-PVDWaEhSIAg-unsplash-540x360.jpg 540w, https:\/\/wp.unil.ch\/herens\/files\/2021\/05\/franco-antonio-giovanella-PVDWaEhSIAg-unsplash-1080x720.jpg 1080w\" sizes=\"auto, (max-width: 1800px) 100vw, 1800px\" \/><div class=\"wp-block-cover__inner-container is-layout-flow wp-block-cover-is-layout-flow\">\n<p class=\"has-text-align-center has-light-background-color has-text-color\" style=\"font-size:22px\"><strong><a href=\"https:\/\/wp.unil.ch\/herens\/herison\">H\u00e9rISon \/\/ QUELLE MEMOIRE SONORE DES LIEUX ?<\/a><\/strong><\/p>\n<\/div><\/div>\n<\/div>\n<\/div>\n\n\n\n<div class=\"wp-block-columns is-layout-flex wp-container-core-columns-is-layout-9d6595d7 wp-block-columns-is-layout-flex\">\n<div class=\"wp-block-column is-layout-flow wp-block-column-is-layout-flow\"><\/div>\n\n\n\n<div class=\"wp-block-column is-layout-flow wp-block-column-is-layout-flow\"><\/div>\n\n\n\n<div class=\"wp-block-column is-layout-flow wp-block-column-is-layout-flow\"><\/div>\n<\/div>\n\n\n\n<h2 class=\"wp-block-heading\" id=\"passe-present-futur\">pass\u00c9 \/ Pr\u00c9sent \/ futur<\/h2>\n\n\n\n<p>Le projet s&rsquo;articule autour de 3 composantes temporelles.<\/p>\n\n\n\n<div class=\"wp-block-group\"><div class=\"wp-block-group__inner-container is-layout-flow wp-block-group-is-layout-flow\">\n<p class=\"has-secondary-background-color has-background\"><strong>Pass\u00e9 &#8211; Recueillir et partager l\u2019histoire vivante\u202f<\/strong><\/p>\n\n\n\n<p>Collecter des t\u00e9moignages, des savoirs et autres informations aupr\u00e8s des\u202fhabitant\u00b7e\u00b7s\u202f(photographies, cartes anciennes,\u202fconnaissances li\u00e9es aux plantes patrimoniales,\u202fetc.) et rendre accessible cette documentation, notamment gr\u00e2ce \u00e0 une mise en r\u00e9cit par la population et les\u202fchercheur\u00b7e\u00b7s.\u202f\u202f&nbsp;<\/p>\n\n\n\n<p class=\"has-text-align-center has-buttons-background-background-color has-background\"><strong>Pr\u00e9sent -\u202f\u00c9tablissement\u202fde diagnostics partag\u00e9s <\/strong><\/p>\n\n\n\n<p>Mesurer les impacts des changements climatiques dans l\u2019environnement proche et percevoir les signes de ces transformations\u202f\u00e0\u202ftravers l\u2019observation des paysages ou de la biodiversit\u00e9 et les projets de sciences participatives.\u202f\u202f&nbsp;<\/p>\n\n\n\n<p class=\"has-text-align-right has-accent-background-color has-background\"><strong>Futur &#8211; Imaginer les possibles <\/strong><\/p>\n\n\n\n<p>Utiliser les mod\u00e8les scientifiques, la perception et l\u2019imagination des\u202fparticipant\u00b7e\u00b7s\u202fpour\u202f\u00e9tablir\u202fdes\u202fsc\u00e9narios\u202fprospectifs (focus groupes, ateliers,\u202f\u00e9changes\u202flors de\u202frandonn\u00e9es\u202fou autres\u202factivit\u00e9s).<\/p>\n<\/div><\/div>\n","protected":false},"excerpt":{"rendered":"<p>LE projet Mis sur pied par le Centre interdisciplinaire de recherche sur la montagne (CIRM) et le Service Culture et M\u00e9diation scientifique (SCMS) de l\u2019Universit\u00e9 de Lausanne en&hellip;<\/p>\n","protected":false},"author":108,"featured_media":310,"parent":0,"menu_order":1,"comment_status":"closed","ping_status":"closed","template":"template-full-width-cover.php","meta":{"_seopress_robots_primary_cat":"","_seopress_titles_title":"","_seopress_titles_desc":"","_seopress_robots_index":"","_EventAllDay":false,"_EventTimezone":"","_EventStartDate":"","_EventEndDate":"","_EventStartDateUTC":"","_EventEndDateUTC":"","_EventShowMap":false,"_EventShowMapLink":false,"_EventURL":"","_EventCost":"","_EventCostDescription":"","_EventCurrencySymbol":"","_EventCurrencyCode":"","_EventCurrencyPosition":"","_EventDateTimeSeparator":"","_EventTimeRangeSeparator":"","_EventOrganizerID":[],"_EventVenueID":[],"_OrganizerEmail":"","_OrganizerPhone":"","_OrganizerWebsite":"","_VenueAddress":"","_VenueCity":"","_VenueCountry":"","_VenueProvince":"","_VenueState":"","_VenueZip":"","_VenuePhone":"","_VenueURL":"","_VenueStateProvince":"","_VenueLat":"","_VenueLng":"","_VenueShowMap":false,"_VenueShowMapLink":false,"footnotes":""},"class_list":["post-187","page","type-page","status-publish","has-post-thumbnail"],"_links":{"self":[{"href":"https:\/\/wp.unil.ch\/herens\/wp-json\/wp\/v2\/pages\/187","targetHints":{"allow":["GET"]}}],"collection":[{"href":"https:\/\/wp.unil.ch\/herens\/wp-json\/wp\/v2\/pages"}],"about":[{"href":"https:\/\/wp.unil.ch\/herens\/wp-json\/wp\/v2\/types\/page"}],"author":[{"embeddable":true,"href":"https:\/\/wp.unil.ch\/herens\/wp-json\/wp\/v2\/users\/108"}],"replies":[{"embeddable":true,"href":"https:\/\/wp.unil.ch\/herens\/wp-json\/wp\/v2\/comments?post=187"}],"version-history":[{"count":1,"href":"https:\/\/wp.unil.ch\/herens\/wp-json\/wp\/v2\/pages\/187\/revisions"}],"predecessor-version":[{"id":2159,"href":"https:\/\/wp.unil.ch\/herens\/wp-json\/wp\/v2\/pages\/187\/revisions\/2159"}],"wp:featuredmedia":[{"embeddable":true,"href":"https:\/\/wp.unil.ch\/herens\/wp-json\/wp\/v2\/media\/310"}],"wp:attachment":[{"href":"https:\/\/wp.unil.ch\/herens\/wp-json\/wp\/v2\/media?parent=187"}],"curies":[{"name":"wp","href":"https:\/\/api.w.org\/{rel}","templated":true}]}}