{"id":6044,"date":"2023-01-25T11:26:07","date_gmt":"2023-01-25T10:26:07","guid":{"rendered":"https:\/\/wp.unil.ch\/hecoutreach\/?page_id=6044"},"modified":"2023-07-19T18:09:28","modified_gmt":"2023-07-19T16:09:28","slug":"initiatives","status":"publish","type":"page","link":"https:\/\/wp.unil.ch\/hecoutreach\/fr\/initiatives\/","title":{"rendered":"Innovation"},"content":{"rendered":"\n<p>Nous pla\u00e7ons l&rsquo;innovation au c\u0153ur de notre enseignement. Nous d\u00e9dions cette rubrique \u00e0 diff\u00e9rentes initiatives p\u00e9dagogiques qui font de HEC Lausanne une institution pionni\u00e8re dans le monde de l&rsquo;\u00e9ducation. <\/p>\n\n\n\n<div class=\"wp-block-query is-layout-flow wp-block-query-is-layout-flow\"><ul class=\"wp-block-post-template is-layout-flow wp-block-post-template-is-layout-flow\"><li class=\"wp-block-post post-8460 post type-post status-publish format-standard has-post-thumbnail category-esg-fr category-initiatives-fr category-recherche\">\n\n<div class=\"wp-block-columns alignwide is-layout-flex wp-container-core-columns-is-layout-9d6595d7 wp-block-columns-is-layout-flex\">\n<div class=\"wp-block-column is-layout-flow wp-block-column-is-layout-flow\" style=\"flex-basis:33.33%\"><figure class=\"wp-block-post-featured-image\"><a href=\"https:\/\/wp.unil.ch\/hecoutreach\/fr\/3-projets-en-video-pour-penser-et-accompagner-la-transformation-ecologique-et-sociale\/\" target=\"_self\"  ><img loading=\"lazy\" decoding=\"async\" width=\"1196\" height=\"666\" src=\"https:\/\/wp.unil.ch\/hecoutreach\/files\/2025\/06\/1719390705993.m-e1768484388196.jpg\" class=\"attachment-post-thumbnail size-post-thumbnail wp-post-image\" alt=\"3 projets en vid\u00e9o pour penser et accompagner la transformation \u00e9cologique et sociale\" style=\"object-fit:cover;\" srcset=\"https:\/\/wp.unil.ch\/hecoutreach\/files\/2025\/06\/1719390705993.m-e1768484388196.jpg 1196w, https:\/\/wp.unil.ch\/hecoutreach\/files\/2025\/06\/1719390705993.m-e1768484388196-300x167.jpg 300w, https:\/\/wp.unil.ch\/hecoutreach\/files\/2025\/06\/1719390705993.m-e1768484388196-1024x570.jpg 1024w, https:\/\/wp.unil.ch\/hecoutreach\/files\/2025\/06\/1719390705993.m-e1768484388196-150x84.jpg 150w, https:\/\/wp.unil.ch\/hecoutreach\/files\/2025\/06\/1719390705993.m-e1768484388196-768x428.jpg 768w, https:\/\/wp.unil.ch\/hecoutreach\/files\/2025\/06\/1719390705993.m-e1768484388196-540x301.jpg 540w, https:\/\/wp.unil.ch\/hecoutreach\/files\/2025\/06\/1719390705993.m-e1768484388196-1080x601.jpg 1080w\" sizes=\"auto, (max-width: 1196px) 100vw, 1196px\" \/><\/a><\/figure><\/div>\n\n\n\n<div class=\"wp-block-column is-vertically-aligned-center is-layout-flow wp-block-column-is-layout-flow\" style=\"flex-basis:66.67%\"><h2 class=\"wp-block-post-title\"><a href=\"https:\/\/wp.unil.ch\/hecoutreach\/fr\/3-projets-en-video-pour-penser-et-accompagner-la-transformation-ecologique-et-sociale\/\" target=\"_self\" >3 projets en vid\u00e9o pour penser et accompagner la transformation \u00e9cologique et sociale<\/a><\/h2>\n\n<div class=\"wp-block-post-date\"><time datetime=\"2025-06-05T12:32:38+02:00\">5 juin 2025<\/time><\/div>\n\n<div class=\"wp-block-post-excerpt\"><p class=\"wp-block-post-excerpt__excerpt\">Financ\u00e9s dans le cadre du programme STRIVE de l\u2019UNIL, ces projets interdisciplinaires, port\u00e9s notamment par des chercheur\u00b7es de HEC Lausanne, explorent des leviers concrets de transition en mati\u00e8re<\/p><p class=\"wp-block-post-excerpt__more-text\"><a class=\"wp-block-post-excerpt__more-link\" href=\"https:\/\/wp.unil.ch\/hecoutreach\/fr\/3-projets-en-video-pour-penser-et-accompagner-la-transformation-ecologique-et-sociale\/\">Lire plus<\/a><\/p><\/div><\/div>\n<\/div>\n\n<\/li><li class=\"wp-block-post post-8373 post type-post status-publish format-standard has-post-thumbnail category-initiatives-fr\">\n\n<div class=\"wp-block-columns alignwide is-layout-flex wp-container-core-columns-is-layout-9d6595d7 wp-block-columns-is-layout-flex\">\n<div class=\"wp-block-column is-layout-flow wp-block-column-is-layout-flow\" style=\"flex-basis:33.33%\"><figure class=\"wp-block-post-featured-image\"><a href=\"https:\/\/wp.unil.ch\/hecoutreach\/fr\/avec-la-salle-scale-hec-lausanne-redefinit-son-espace-dapprentissage-en-mode-futuriste\/\" target=\"_self\"  ><img loading=\"lazy\" decoding=\"async\" width=\"1600\" height=\"890\" src=\"https:\/\/wp.unil.ch\/hecoutreach\/files\/2025\/04\/vignette-outreach-2.png\" class=\"attachment-post-thumbnail size-post-thumbnail wp-post-image\" alt=\"Avec la salle SCALE, HEC Lausanne red\u00e9finit son espace d\u2019apprentissage en mode futuriste\" style=\"object-fit:cover;\" srcset=\"https:\/\/wp.unil.ch\/hecoutreach\/files\/2025\/04\/vignette-outreach-2.png 1600w, https:\/\/wp.unil.ch\/hecoutreach\/files\/2025\/04\/vignette-outreach-2-300x167.png 300w, https:\/\/wp.unil.ch\/hecoutreach\/files\/2025\/04\/vignette-outreach-2-1024x570.png 1024w, https:\/\/wp.unil.ch\/hecoutreach\/files\/2025\/04\/vignette-outreach-2-150x83.png 150w, https:\/\/wp.unil.ch\/hecoutreach\/files\/2025\/04\/vignette-outreach-2-768x427.png 768w, https:\/\/wp.unil.ch\/hecoutreach\/files\/2025\/04\/vignette-outreach-2-1536x854.png 1536w, https:\/\/wp.unil.ch\/hecoutreach\/files\/2025\/04\/vignette-outreach-2-540x300.png 540w, https:\/\/wp.unil.ch\/hecoutreach\/files\/2025\/04\/vignette-outreach-2-1080x601.png 1080w, https:\/\/wp.unil.ch\/hecoutreach\/files\/2025\/04\/vignette-outreach-2-1320x734.png 1320w\" sizes=\"auto, (max-width: 1600px) 100vw, 1600px\" \/><\/a><\/figure><\/div>\n\n\n\n<div class=\"wp-block-column is-vertically-aligned-center is-layout-flow wp-block-column-is-layout-flow\" style=\"flex-basis:66.67%\"><h2 class=\"wp-block-post-title\"><a href=\"https:\/\/wp.unil.ch\/hecoutreach\/fr\/avec-la-salle-scale-hec-lausanne-redefinit-son-espace-dapprentissage-en-mode-futuriste\/\" target=\"_self\" >Avec la salle SCALE, HEC Lausanne red\u00e9finit son espace d\u2019apprentissage en mode futuriste<\/a><\/h2>\n\n<div class=\"wp-block-post-date\"><time datetime=\"2025-05-05T15:37:34+02:00\">5 mai 2025<\/time><\/div>\n\n<div class=\"wp-block-post-excerpt\"><p class=\"wp-block-post-excerpt__excerpt\">Et si une salle de cours prenait des allures de laboratoire d\u2019interactions ? \u00c0 HEC Lausanne, la salle SCALE (Student Centered and Active Learning Environment) incarne ce virage<\/p><p class=\"wp-block-post-excerpt__more-text\"><a class=\"wp-block-post-excerpt__more-link\" href=\"https:\/\/wp.unil.ch\/hecoutreach\/fr\/avec-la-salle-scale-hec-lausanne-redefinit-son-espace-dapprentissage-en-mode-futuriste\/\">Lire plus<\/a><\/p><\/div><\/div>\n<\/div>\n\n<\/li><li class=\"wp-block-post post-7971 post type-post status-publish format-standard has-post-thumbnail category-initiatives-fr\">\n\n<div class=\"wp-block-columns alignwide is-layout-flex wp-container-core-columns-is-layout-9d6595d7 wp-block-columns-is-layout-flex\">\n<div class=\"wp-block-column is-layout-flow wp-block-column-is-layout-flow\" style=\"flex-basis:33.33%\"><figure class=\"wp-block-post-featured-image\"><a href=\"https:\/\/wp.unil.ch\/hecoutreach\/fr\/le-machine-learning-sinvite-en-bande-dessinee\/\" target=\"_self\"  ><img loading=\"lazy\" decoding=\"async\" width=\"1600\" height=\"890\" src=\"https:\/\/wp.unil.ch\/hecoutreach\/files\/2024\/10\/Vignette-OUTREACH-17.jpg\" class=\"attachment-post-thumbnail size-post-thumbnail wp-post-image\" alt=\"Le machine learning s\u2019invite en bande dessin\u00e9e\" style=\"object-fit:cover;\" srcset=\"https:\/\/wp.unil.ch\/hecoutreach\/files\/2024\/10\/Vignette-OUTREACH-17.jpg 1600w, https:\/\/wp.unil.ch\/hecoutreach\/files\/2024\/10\/Vignette-OUTREACH-17-300x167.jpg 300w, https:\/\/wp.unil.ch\/hecoutreach\/files\/2024\/10\/Vignette-OUTREACH-17-1024x570.jpg 1024w, https:\/\/wp.unil.ch\/hecoutreach\/files\/2024\/10\/Vignette-OUTREACH-17-150x83.jpg 150w, https:\/\/wp.unil.ch\/hecoutreach\/files\/2024\/10\/Vignette-OUTREACH-17-768x427.jpg 768w, https:\/\/wp.unil.ch\/hecoutreach\/files\/2024\/10\/Vignette-OUTREACH-17-1536x854.jpg 1536w, https:\/\/wp.unil.ch\/hecoutreach\/files\/2024\/10\/Vignette-OUTREACH-17-540x300.jpg 540w, https:\/\/wp.unil.ch\/hecoutreach\/files\/2024\/10\/Vignette-OUTREACH-17-1080x601.jpg 1080w, https:\/\/wp.unil.ch\/hecoutreach\/files\/2024\/10\/Vignette-OUTREACH-17-1320x734.jpg 1320w\" sizes=\"auto, (max-width: 1600px) 100vw, 1600px\" \/><\/a><\/figure><\/div>\n\n\n\n<div class=\"wp-block-column is-vertically-aligned-center is-layout-flow wp-block-column-is-layout-flow\" style=\"flex-basis:66.67%\"><h2 class=\"wp-block-post-title\"><a href=\"https:\/\/wp.unil.ch\/hecoutreach\/fr\/le-machine-learning-sinvite-en-bande-dessinee\/\" target=\"_self\" >Le machine learning s\u2019invite en bande dessin\u00e9e<\/a><\/h2>\n\n<div class=\"wp-block-post-date\"><time datetime=\"2024-10-21T16:40:32+02:00\">21 octobre 2024<\/time><\/div>\n\n<div class=\"wp-block-post-excerpt\"><p class=\"wp-block-post-excerpt__excerpt\">Expliquer le machine learning de mani\u00e8re ludique et simple, est-ce vraiment possible ? Gautier Stauffer, professeur \u00e0 HEC Lausanne (UNIL), et ses co-auteurs ont relev\u00e9 le d\u00e9fi et<\/p><p class=\"wp-block-post-excerpt__more-text\"><a class=\"wp-block-post-excerpt__more-link\" href=\"https:\/\/wp.unil.ch\/hecoutreach\/fr\/le-machine-learning-sinvite-en-bande-dessinee\/\">Lire plus<\/a><\/p><\/div><\/div>\n<\/div>\n\n<\/li><\/ul><\/div>\n","protected":false},"excerpt":{"rendered":"<p>Nous pla\u00e7ons l&rsquo;innovation au c\u0153ur de notre enseignement. Nous d\u00e9dions cette rubrique \u00e0 diff\u00e9rentes initiatives p\u00e9dagogiques qui font de HEC Lausanne une institution pionni\u00e8re dans le monde de&hellip;<\/p>\n","protected":false},"author":1002469,"featured_media":0,"parent":0,"menu_order":4,"comment_status":"closed","ping_status":"closed","template":"","meta":{"_seopress_robots_primary_cat":"","_seopress_titles_title":"","_seopress_titles_desc":"","_seopress_robots_index":"","footnotes":""},"class_list":["post-6044","page","type-page","status-publish","has-post-thumbnail"],"_links":{"self":[{"href":"https:\/\/wp.unil.ch\/hecoutreach\/fr\/wp-json\/wp\/v2\/pages\/6044","targetHints":{"allow":["GET"]}}],"collection":[{"href":"https:\/\/wp.unil.ch\/hecoutreach\/fr\/wp-json\/wp\/v2\/pages"}],"about":[{"href":"https:\/\/wp.unil.ch\/hecoutreach\/fr\/wp-json\/wp\/v2\/types\/page"}],"author":[{"embeddable":true,"href":"https:\/\/wp.unil.ch\/hecoutreach\/fr\/wp-json\/wp\/v2\/users\/1002469"}],"replies":[{"embeddable":true,"href":"https:\/\/wp.unil.ch\/hecoutreach\/fr\/wp-json\/wp\/v2\/comments?post=6044"}],"version-history":[{"count":1,"href":"https:\/\/wp.unil.ch\/hecoutreach\/fr\/wp-json\/wp\/v2\/pages\/6044\/revisions"}],"predecessor-version":[{"id":8675,"href":"https:\/\/wp.unil.ch\/hecoutreach\/fr\/wp-json\/wp\/v2\/pages\/6044\/revisions\/8675"}],"wp:attachment":[{"href":"https:\/\/wp.unil.ch\/hecoutreach\/fr\/wp-json\/wp\/v2\/media?parent=6044"}],"curies":[{"name":"wp","href":"https:\/\/api.w.org\/{rel}","templated":true}]}}