{"id":6041,"date":"2023-01-25T09:24:58","date_gmt":"2023-01-25T08:24:58","guid":{"rendered":"https:\/\/wp.unil.ch\/hecoutreach\/?page_id=6041"},"modified":"2024-02-14T16:10:44","modified_gmt":"2024-02-14T15:10:44","slug":"centres","status":"publish","type":"page","link":"https:\/\/wp.unil.ch\/hecoutreach\/fr\/centres\/","title":{"rendered":"Centres"},"content":{"rendered":"\n<p>Notre facult\u00e9 dispose de <a href=\"https:\/\/www.unil.ch\/hec\/home\/menuinst\/recherche\/instituts-et-laboratoires.html\">nombreux p\u00f4les de comp\u00e9tences <\/a>&#8211; centres, instituts, laboratoires. Dans cette rubrique, nous annon\u00e7ons la cr\u00e9ation de nouveaux p\u00f4les et pr\u00e9sentons une s\u00e9lection de r\u00e9alisations de nos centres et instituts. <\/p>\n\n\n\n<div class=\"wp-block-query is-layout-flow wp-block-query-is-layout-flow\"><ul class=\"wp-block-post-template is-layout-flow wp-block-post-template-is-layout-flow\"><li class=\"wp-block-post post-9057 post type-post status-publish format-standard has-post-thumbnail category-centres category-economie-et-societe category-recherche\">\n\n<div class=\"wp-block-columns is-layout-flex wp-container-core-columns-is-layout-9d6595d7 wp-block-columns-is-layout-flex\">\n<div class=\"wp-block-column is-layout-flow wp-block-column-is-layout-flow\" style=\"flex-basis:33.33%\"><figure class=\"wp-block-post-featured-image\"><a href=\"https:\/\/wp.unil.ch\/hecoutreach\/fr\/predire-limprevisible-vers-de-meilleures-previsions-economiques\/\" target=\"_self\"  ><img loading=\"lazy\" decoding=\"async\" width=\"1280\" height=\"713\" src=\"https:\/\/wp.unil.ch\/hecoutreach\/files\/2026\/02\/maxwell_joe-ai-9343075_1280-e1771944784723.png\" class=\"attachment-post-thumbnail size-post-thumbnail wp-post-image\" alt=\"Pr\u00e9dire l&rsquo;impr\u00e9visible : vers de meilleures pr\u00e9visions \u00e9conomiques\" style=\"object-fit:cover;\" srcset=\"https:\/\/wp.unil.ch\/hecoutreach\/files\/2026\/02\/maxwell_joe-ai-9343075_1280-e1771944784723.png 1280w, https:\/\/wp.unil.ch\/hecoutreach\/files\/2026\/02\/maxwell_joe-ai-9343075_1280-e1771944784723-300x167.png 300w, https:\/\/wp.unil.ch\/hecoutreach\/files\/2026\/02\/maxwell_joe-ai-9343075_1280-e1771944784723-1024x570.png 1024w, https:\/\/wp.unil.ch\/hecoutreach\/files\/2026\/02\/maxwell_joe-ai-9343075_1280-e1771944784723-150x84.png 150w, https:\/\/wp.unil.ch\/hecoutreach\/files\/2026\/02\/maxwell_joe-ai-9343075_1280-e1771944784723-768x428.png 768w, https:\/\/wp.unil.ch\/hecoutreach\/files\/2026\/02\/maxwell_joe-ai-9343075_1280-e1771944784723-540x301.png 540w, https:\/\/wp.unil.ch\/hecoutreach\/files\/2026\/02\/maxwell_joe-ai-9343075_1280-e1771944784723-1080x602.png 1080w\" sizes=\"auto, (max-width: 1280px) 100vw, 1280px\" \/><\/a><\/figure><\/div>\n\n\n\n<div class=\"wp-block-column is-vertically-aligned-center is-layout-flow wp-block-column-is-layout-flow\" style=\"flex-basis:66.66%\"><h2 class=\"wp-block-post-title\"><a href=\"https:\/\/wp.unil.ch\/hecoutreach\/fr\/predire-limprevisible-vers-de-meilleures-previsions-economiques\/\" target=\"_self\" >Pr\u00e9dire l&rsquo;impr\u00e9visible : vers de meilleures pr\u00e9visions \u00e9conomiques<\/a><\/h2>\n\n<div class=\"wp-block-post-date\"><time datetime=\"2026-02-26T08:24:45+01:00\">26 f\u00e9vrier 2026<\/time><\/div>\n\n<div class=\"wp-block-post-excerpt\"><p class=\"wp-block-post-excerpt__excerpt\">Nous vivons une \u00e9poque marqu\u00e9e par l\u2019impr\u00e9visibilit\u00e9, qu\u2019il s\u2019agisse de l\u2019\u00e9conomie mondiale, du climat ou de la g\u00e9opolitique. Anticiper les risques est devenu essentiel pour renforcer la r\u00e9silience<\/p><p class=\"wp-block-post-excerpt__more-text\"><a class=\"wp-block-post-excerpt__more-link\" href=\"https:\/\/wp.unil.ch\/hecoutreach\/fr\/predire-limprevisible-vers-de-meilleures-previsions-economiques\/\">Lire plus<\/a><\/p><\/div><\/div>\n<\/div>\n\n<\/li><li class=\"wp-block-post post-8940 post type-post status-publish format-standard has-post-thumbnail category-centres category-esg-fr category-finance-et-assurances category-recherche\">\n\n<div class=\"wp-block-columns is-layout-flex wp-container-core-columns-is-layout-9d6595d7 wp-block-columns-is-layout-flex\">\n<div class=\"wp-block-column is-layout-flow wp-block-column-is-layout-flow\" style=\"flex-basis:33.33%\"><figure class=\"wp-block-post-featured-image\"><a href=\"https:\/\/wp.unil.ch\/hecoutreach\/fr\/impact-environnemental-la-face-cachee-de-la-finance-suisse\/\" target=\"_self\"  ><img loading=\"lazy\" decoding=\"async\" width=\"1600\" height=\"890\" src=\"https:\/\/wp.unil.ch\/hecoutreach\/files\/2026\/01\/banner-outreach-2.png\" class=\"attachment-post-thumbnail size-post-thumbnail wp-post-image\" alt=\"Impact environnemental\u00a0: la face cach\u00e9e de la finance suisse\" style=\"object-fit:cover;\" srcset=\"https:\/\/wp.unil.ch\/hecoutreach\/files\/2026\/01\/banner-outreach-2.png 1600w, https:\/\/wp.unil.ch\/hecoutreach\/files\/2026\/01\/banner-outreach-2-300x167.png 300w, https:\/\/wp.unil.ch\/hecoutreach\/files\/2026\/01\/banner-outreach-2-1024x570.png 1024w, https:\/\/wp.unil.ch\/hecoutreach\/files\/2026\/01\/banner-outreach-2-150x83.png 150w, https:\/\/wp.unil.ch\/hecoutreach\/files\/2026\/01\/banner-outreach-2-768x427.png 768w, https:\/\/wp.unil.ch\/hecoutreach\/files\/2026\/01\/banner-outreach-2-1536x854.png 1536w, https:\/\/wp.unil.ch\/hecoutreach\/files\/2026\/01\/banner-outreach-2-540x300.png 540w, https:\/\/wp.unil.ch\/hecoutreach\/files\/2026\/01\/banner-outreach-2-1080x601.png 1080w, https:\/\/wp.unil.ch\/hecoutreach\/files\/2026\/01\/banner-outreach-2-1320x734.png 1320w\" sizes=\"auto, (max-width: 1600px) 100vw, 1600px\" \/><\/a><\/figure><\/div>\n\n\n\n<div class=\"wp-block-column is-vertically-aligned-center is-layout-flow wp-block-column-is-layout-flow\" style=\"flex-basis:66.66%\"><h2 class=\"wp-block-post-title\"><a href=\"https:\/\/wp.unil.ch\/hecoutreach\/fr\/impact-environnemental-la-face-cachee-de-la-finance-suisse\/\" target=\"_self\" >Impact environnemental\u00a0: la face cach\u00e9e de la finance suisse<\/a><\/h2>\n\n<div class=\"wp-block-post-date\"><time datetime=\"2026-01-28T07:42:10+01:00\">28 janvier 2026<\/time><\/div>\n\n<div class=\"wp-block-post-excerpt\"><p class=\"wp-block-post-excerpt__excerpt\">La Suisse affiche des \u00e9missions de CO\u2082 relativement modestes sur son territoire. Mais si l\u2019on suit la trace de l\u2019argent qu\u2019elle investit \u00e0 l\u2019\u00e9tranger, le tableau s\u2019assombrit. Chaque<\/p><p class=\"wp-block-post-excerpt__more-text\"><a class=\"wp-block-post-excerpt__more-link\" href=\"https:\/\/wp.unil.ch\/hecoutreach\/fr\/impact-environnemental-la-face-cachee-de-la-finance-suisse\/\">Lire plus<\/a><\/p><\/div><\/div>\n<\/div>\n\n<\/li><li class=\"wp-block-post post-8389 post type-post status-publish format-standard has-post-thumbnail category-centres category-esg-fr category-finance-et-assurances category-recherche\">\n\n<div class=\"wp-block-columns is-layout-flex wp-container-core-columns-is-layout-9d6595d7 wp-block-columns-is-layout-flex\">\n<div class=\"wp-block-column is-layout-flow wp-block-column-is-layout-flow\" style=\"flex-basis:33.33%\"><figure class=\"wp-block-post-featured-image\"><a href=\"https:\/\/wp.unil.ch\/hecoutreach\/fr\/comprendre-la-transition-immobiliere-en-suisse-au-travers-des-permis-de-construire\/\" target=\"_self\"  ><img loading=\"lazy\" decoding=\"async\" width=\"1600\" height=\"890\" src=\"https:\/\/wp.unil.ch\/hecoutreach\/files\/2025\/05\/vignette-outreach-11.png\" class=\"attachment-post-thumbnail size-post-thumbnail wp-post-image\" alt=\"Comprendre la transition immobili\u00e8re en Suisse au travers des permis de construire\" style=\"object-fit:cover;\" srcset=\"https:\/\/wp.unil.ch\/hecoutreach\/files\/2025\/05\/vignette-outreach-11.png 1600w, https:\/\/wp.unil.ch\/hecoutreach\/files\/2025\/05\/vignette-outreach-11-300x167.png 300w, https:\/\/wp.unil.ch\/hecoutreach\/files\/2025\/05\/vignette-outreach-11-1024x570.png 1024w, https:\/\/wp.unil.ch\/hecoutreach\/files\/2025\/05\/vignette-outreach-11-150x83.png 150w, https:\/\/wp.unil.ch\/hecoutreach\/files\/2025\/05\/vignette-outreach-11-768x427.png 768w, https:\/\/wp.unil.ch\/hecoutreach\/files\/2025\/05\/vignette-outreach-11-1536x854.png 1536w, https:\/\/wp.unil.ch\/hecoutreach\/files\/2025\/05\/vignette-outreach-11-540x300.png 540w, https:\/\/wp.unil.ch\/hecoutreach\/files\/2025\/05\/vignette-outreach-11-1080x601.png 1080w, https:\/\/wp.unil.ch\/hecoutreach\/files\/2025\/05\/vignette-outreach-11-1320x734.png 1320w\" sizes=\"auto, (max-width: 1600px) 100vw, 1600px\" \/><\/a><\/figure><\/div>\n\n\n\n<div class=\"wp-block-column is-vertically-aligned-center is-layout-flow wp-block-column-is-layout-flow\" style=\"flex-basis:66.66%\"><h2 class=\"wp-block-post-title\"><a href=\"https:\/\/wp.unil.ch\/hecoutreach\/fr\/comprendre-la-transition-immobiliere-en-suisse-au-travers-des-permis-de-construire\/\" target=\"_self\" >Comprendre la transition immobili\u00e8re en Suisse au travers des permis de construire<\/a><\/h2>\n\n<div class=\"wp-block-post-date\"><time datetime=\"2025-05-14T08:08:00+02:00\">14 mai 2025<\/time><\/div>\n\n<div class=\"wp-block-post-excerpt\"><p class=\"wp-block-post-excerpt__excerpt\">Comment \u00e9valuer concr\u00e8tement les progr\u00e8s du secteur immobilier suisse vers la neutralit\u00e9 carbone ? En exploitant les donn\u00e9es de permis de construire. C\u2019est ce que propose le dernier<\/p><p class=\"wp-block-post-excerpt__more-text\"><a class=\"wp-block-post-excerpt__more-link\" href=\"https:\/\/wp.unil.ch\/hecoutreach\/fr\/comprendre-la-transition-immobiliere-en-suisse-au-travers-des-permis-de-construire\/\">Lire plus<\/a><\/p><\/div><\/div>\n<\/div>\n\n<\/li><\/ul><\/div>\n\n\n\n<div class=\"wp-block-buttons is-content-justification-center is-layout-flex wp-container-core-buttons-is-layout-16018d1d wp-block-buttons-is-layout-flex\">\n<div class=\"wp-block-button has-custom-font-size has-small-font-size\"><a class=\"wp-block-button__link has-accent-background-color has-background wp-element-button\" href=\"https:\/\/wp.unil.ch\/hecoutreach\/fr\/category\/centres\/\" style=\"border-radius:0px\">Cliquez pour voir plus d&rsquo;articles<\/a><\/div>\n<\/div>\n","protected":false},"excerpt":{"rendered":"<p>Notre facult\u00e9 dispose de nombreux p\u00f4les de comp\u00e9tences &#8211; centres, instituts, laboratoires. Dans cette rubrique, nous annon\u00e7ons la cr\u00e9ation de nouveaux p\u00f4les et pr\u00e9sentons une s\u00e9lection de r\u00e9alisations&hellip;<\/p>\n","protected":false},"author":1002469,"featured_media":0,"parent":0,"menu_order":3,"comment_status":"closed","ping_status":"closed","template":"","meta":{"_seopress_robots_primary_cat":"","_seopress_titles_title":"","_seopress_titles_desc":"","_seopress_robots_index":"","footnotes":""},"class_list":["post-6041","page","type-page","status-publish","has-post-thumbnail"],"_links":{"self":[{"href":"https:\/\/wp.unil.ch\/hecoutreach\/fr\/wp-json\/wp\/v2\/pages\/6041","targetHints":{"allow":["GET"]}}],"collection":[{"href":"https:\/\/wp.unil.ch\/hecoutreach\/fr\/wp-json\/wp\/v2\/pages"}],"about":[{"href":"https:\/\/wp.unil.ch\/hecoutreach\/fr\/wp-json\/wp\/v2\/types\/page"}],"author":[{"embeddable":true,"href":"https:\/\/wp.unil.ch\/hecoutreach\/fr\/wp-json\/wp\/v2\/users\/1002469"}],"replies":[{"embeddable":true,"href":"https:\/\/wp.unil.ch\/hecoutreach\/fr\/wp-json\/wp\/v2\/comments?post=6041"}],"version-history":[{"count":3,"href":"https:\/\/wp.unil.ch\/hecoutreach\/fr\/wp-json\/wp\/v2\/pages\/6041\/revisions"}],"predecessor-version":[{"id":7288,"href":"https:\/\/wp.unil.ch\/hecoutreach\/fr\/wp-json\/wp\/v2\/pages\/6041\/revisions\/7288"}],"wp:attachment":[{"href":"https:\/\/wp.unil.ch\/hecoutreach\/fr\/wp-json\/wp\/v2\/media?parent=6041"}],"curies":[{"name":"wp","href":"https:\/\/api.w.org\/{rel}","templated":true}]}}