{"id":6004,"date":"2023-01-25T11:25:13","date_gmt":"2023-01-25T10:25:13","guid":{"rendered":"https:\/\/wp.unil.ch\/hecoutreach\/?page_id=6004"},"modified":"2024-02-19T12:26:14","modified_gmt":"2024-02-19T11:26:14","slug":"entrepreneuriat","status":"publish","type":"page","link":"https:\/\/wp.unil.ch\/hecoutreach\/fr\/entrepreneuriat\/","title":{"rendered":"Entrepreneuriat"},"content":{"rendered":"\n<p>A HEC Lausanne, nous encourageons et cultivons l&rsquo;esprit entrepreneurial. Retrouvez ici des exemples de travaux de recherche et de projets pens\u00e9s et r\u00e9alis\u00e9s par des membres de la communaut\u00e9 HEC.<\/p>\n\n\n\n<div class=\"wp-block-query is-layout-flow wp-block-query-is-layout-flow\"><ul class=\"wp-block-post-template is-layout-flow wp-block-post-template-is-layout-flow\"><li class=\"wp-block-post post-9099 post type-post status-publish format-standard has-post-thumbnail category-entrepreneuriat\">\n\n<div class=\"wp-block-columns is-layout-flex wp-container-core-columns-is-layout-9d6595d7 wp-block-columns-is-layout-flex\">\n<div class=\"wp-block-column is-layout-flow wp-block-column-is-layout-flow\" style=\"flex-basis:33.33%\"><figure class=\"wp-block-post-featured-image\"><a href=\"https:\/\/wp.unil.ch\/hecoutreach\/fr\/quanthome-une-histoire-entrepreneuriale-nee-sur-les-bancs-de-hec-lausanne\/\" target=\"_self\"  ><img loading=\"lazy\" decoding=\"async\" width=\"1600\" height=\"890\" src=\"https:\/\/wp.unil.ch\/hecoutreach\/files\/2026\/03\/illusatration.png\" class=\"attachment-post-thumbnail size-post-thumbnail wp-post-image\" alt=\"Quanthome : une histoire entrepreneuriale n\u00e9e sur les bancs de HEC Lausanne\" style=\"object-fit:cover;\" srcset=\"https:\/\/wp.unil.ch\/hecoutreach\/files\/2026\/03\/illusatration.png 1600w, https:\/\/wp.unil.ch\/hecoutreach\/files\/2026\/03\/illusatration-300x167.png 300w, https:\/\/wp.unil.ch\/hecoutreach\/files\/2026\/03\/illusatration-1024x570.png 1024w, https:\/\/wp.unil.ch\/hecoutreach\/files\/2026\/03\/illusatration-150x83.png 150w, https:\/\/wp.unil.ch\/hecoutreach\/files\/2026\/03\/illusatration-768x427.png 768w, https:\/\/wp.unil.ch\/hecoutreach\/files\/2026\/03\/illusatration-1536x854.png 1536w, https:\/\/wp.unil.ch\/hecoutreach\/files\/2026\/03\/illusatration-540x300.png 540w, https:\/\/wp.unil.ch\/hecoutreach\/files\/2026\/03\/illusatration-1080x601.png 1080w, https:\/\/wp.unil.ch\/hecoutreach\/files\/2026\/03\/illusatration-1320x734.png 1320w\" sizes=\"auto, (max-width: 1600px) 100vw, 1600px\" \/><\/a><\/figure><\/div>\n\n\n\n<div class=\"wp-block-column is-vertically-aligned-center is-layout-flow wp-block-column-is-layout-flow\" style=\"flex-basis:66.66%\"><h2 class=\"wp-block-post-title\"><a href=\"https:\/\/wp.unil.ch\/hecoutreach\/fr\/quanthome-une-histoire-entrepreneuriale-nee-sur-les-bancs-de-hec-lausanne\/\" target=\"_self\" >Quanthome : une histoire entrepreneuriale n\u00e9e sur les bancs de HEC Lausanne<\/a><\/h2>\n\n<div class=\"wp-block-post-date\"><time datetime=\"2026-03-05T07:37:08+01:00\">5 mars 2026<\/time><\/div>\n\n<div class=\"wp-block-post-excerpt\"><p class=\"wp-block-post-excerpt__excerpt\">L\u2019histoire d\u00e9bute en 2017: Oscar Delabranche et Ali Baghdadi se rencontrent lors d\u2019un ap\u00e9ritif du Comit\u00e9 HEC, le 1er jour de leurs \u00e9tudes. Quelques ann\u00e9es plus tard, les<\/p><p class=\"wp-block-post-excerpt__more-text\"><a class=\"wp-block-post-excerpt__more-link\" href=\"https:\/\/wp.unil.ch\/hecoutreach\/fr\/quanthome-une-histoire-entrepreneuriale-nee-sur-les-bancs-de-hec-lausanne\/\">Lire plus<\/a><\/p><\/div><\/div>\n<\/div>\n\n<\/li><li class=\"wp-block-post post-8835 post type-post status-publish format-standard has-post-thumbnail category-entrepreneuriat\">\n\n<div class=\"wp-block-columns is-layout-flex wp-container-core-columns-is-layout-9d6595d7 wp-block-columns-is-layout-flex\">\n<div class=\"wp-block-column is-layout-flow wp-block-column-is-layout-flow\" style=\"flex-basis:33.33%\"><figure class=\"wp-block-post-featured-image\"><a href=\"https:\/\/wp.unil.ch\/hecoutreach\/fr\/de-hec-lausanne-a-un-studio-dart-experientiel\/\" target=\"_self\"  ><img loading=\"lazy\" decoding=\"async\" width=\"1920\" height=\"1071\" src=\"https:\/\/wp.unil.ch\/hecoutreach\/files\/2025\/12\/image-article-didier-schwarz.jpg\" class=\"attachment-post-thumbnail size-post-thumbnail wp-post-image\" alt=\"De HEC Lausanne \u00e0 un studio d\u2019art exp\u00e9rientiel\" style=\"object-fit:cover;\" srcset=\"https:\/\/wp.unil.ch\/hecoutreach\/files\/2025\/12\/image-article-didier-schwarz.jpg 1920w, https:\/\/wp.unil.ch\/hecoutreach\/files\/2025\/12\/image-article-didier-schwarz-300x167.jpg 300w, https:\/\/wp.unil.ch\/hecoutreach\/files\/2025\/12\/image-article-didier-schwarz-1024x571.jpg 1024w, https:\/\/wp.unil.ch\/hecoutreach\/files\/2025\/12\/image-article-didier-schwarz-150x84.jpg 150w, https:\/\/wp.unil.ch\/hecoutreach\/files\/2025\/12\/image-article-didier-schwarz-768x428.jpg 768w, https:\/\/wp.unil.ch\/hecoutreach\/files\/2025\/12\/image-article-didier-schwarz-1536x857.jpg 1536w, https:\/\/wp.unil.ch\/hecoutreach\/files\/2025\/12\/image-article-didier-schwarz-540x301.jpg 540w, https:\/\/wp.unil.ch\/hecoutreach\/files\/2025\/12\/image-article-didier-schwarz-1080x602.jpg 1080w, https:\/\/wp.unil.ch\/hecoutreach\/files\/2025\/12\/image-article-didier-schwarz-1320x736.jpg 1320w\" sizes=\"auto, (max-width: 1920px) 100vw, 1920px\" \/><\/a><\/figure><\/div>\n\n\n\n<div class=\"wp-block-column is-vertically-aligned-center is-layout-flow wp-block-column-is-layout-flow\" style=\"flex-basis:66.66%\"><h2 class=\"wp-block-post-title\"><a href=\"https:\/\/wp.unil.ch\/hecoutreach\/fr\/de-hec-lausanne-a-un-studio-dart-experientiel\/\" target=\"_self\" >De HEC Lausanne \u00e0 un studio d\u2019art exp\u00e9rientiel<\/a><\/h2>\n\n<div class=\"wp-block-post-date\"><time datetime=\"2026-01-06T14:27:05+01:00\">6 janvier 2026<\/time><\/div>\n\n<div class=\"wp-block-post-excerpt\"><p class=\"wp-block-post-excerpt__excerpt\">Comment un Master en Syst\u00e8mes d\u2019Information a fa\u00e7onn\u00e9 le parcours d\u2019un alumnus. Dans un article publi\u00e9 par Business Because le 28 novembre 2025, on d\u00e9couvre l\u2019histoire peu commune<\/p><p class=\"wp-block-post-excerpt__more-text\"><a class=\"wp-block-post-excerpt__more-link\" href=\"https:\/\/wp.unil.ch\/hecoutreach\/fr\/de-hec-lausanne-a-un-studio-dart-experientiel\/\">Lire plus<\/a><\/p><\/div><\/div>\n<\/div>\n\n<\/li><li class=\"wp-block-post post-7895 post type-post status-publish format-standard has-post-thumbnail category-entrepreneuriat category-entrepreneurship\">\n\n<div class=\"wp-block-columns is-layout-flex wp-container-core-columns-is-layout-9d6595d7 wp-block-columns-is-layout-flex\">\n<div class=\"wp-block-column is-layout-flow wp-block-column-is-layout-flow\" style=\"flex-basis:33.33%\"><figure class=\"wp-block-post-featured-image\"><a href=\"https:\/\/wp.unil.ch\/hecoutreach\/fr\/retraide-une-initiative-innovante-pour-reduire-les-couts-de-la-sante\/\" target=\"_self\"  ><img loading=\"lazy\" decoding=\"async\" width=\"1600\" height=\"890\" src=\"https:\/\/wp.unil.ch\/hecoutreach\/files\/2024\/09\/Vignette-OUTREACH-15.jpg\" class=\"attachment-post-thumbnail size-post-thumbnail wp-post-image\" alt=\"Retr\u2019aide\u00a0: une initiative innovante pour r\u00e9duire les co\u00fbts de la sant\u00e9\" style=\"object-fit:cover;\" srcset=\"https:\/\/wp.unil.ch\/hecoutreach\/files\/2024\/09\/Vignette-OUTREACH-15.jpg 1600w, https:\/\/wp.unil.ch\/hecoutreach\/files\/2024\/09\/Vignette-OUTREACH-15-300x167.jpg 300w, https:\/\/wp.unil.ch\/hecoutreach\/files\/2024\/09\/Vignette-OUTREACH-15-1024x570.jpg 1024w, https:\/\/wp.unil.ch\/hecoutreach\/files\/2024\/09\/Vignette-OUTREACH-15-150x83.jpg 150w, https:\/\/wp.unil.ch\/hecoutreach\/files\/2024\/09\/Vignette-OUTREACH-15-768x427.jpg 768w, https:\/\/wp.unil.ch\/hecoutreach\/files\/2024\/09\/Vignette-OUTREACH-15-1536x854.jpg 1536w, https:\/\/wp.unil.ch\/hecoutreach\/files\/2024\/09\/Vignette-OUTREACH-15-540x300.jpg 540w, https:\/\/wp.unil.ch\/hecoutreach\/files\/2024\/09\/Vignette-OUTREACH-15-1080x601.jpg 1080w, https:\/\/wp.unil.ch\/hecoutreach\/files\/2024\/09\/Vignette-OUTREACH-15-1320x734.jpg 1320w\" sizes=\"auto, (max-width: 1600px) 100vw, 1600px\" \/><\/a><\/figure><\/div>\n\n\n\n<div class=\"wp-block-column is-vertically-aligned-center is-layout-flow wp-block-column-is-layout-flow\" style=\"flex-basis:66.66%\"><h2 class=\"wp-block-post-title\"><a href=\"https:\/\/wp.unil.ch\/hecoutreach\/fr\/retraide-une-initiative-innovante-pour-reduire-les-couts-de-la-sante\/\" target=\"_self\" >Retr\u2019aide\u00a0: une initiative innovante pour r\u00e9duire les co\u00fbts de la sant\u00e9<\/a><\/h2>\n\n<div class=\"wp-block-post-date\"><time datetime=\"2024-09-19T11:46:24+02:00\">19 septembre 2024<\/time><\/div>\n\n<div class=\"wp-block-post-excerpt\"><p class=\"wp-block-post-excerpt__excerpt\">A HEC Lausanne (UNIL), l&rsquo;esprit entrepreneurial est fortement encourag\u00e9 et de nombreux\u00b7euses \u00e9tudiant\u00b7e\u00b7s et dipl\u00f4m\u00e9\u00b7e\u00b7s proposent des solutions pour r\u00e9pondre aux d\u00e9fis de notre soci\u00e9t\u00e9. Parmi ces initiatives,<\/p><p class=\"wp-block-post-excerpt__more-text\"><a class=\"wp-block-post-excerpt__more-link\" href=\"https:\/\/wp.unil.ch\/hecoutreach\/fr\/retraide-une-initiative-innovante-pour-reduire-les-couts-de-la-sante\/\">Lire plus<\/a><\/p><\/div><\/div>\n<\/div>\n\n<\/li><\/ul><\/div>\n","protected":false},"excerpt":{"rendered":"<p>A HEC Lausanne, nous encourageons et cultivons l&rsquo;esprit entrepreneurial. Retrouvez ici des exemples de travaux de recherche et de projets pens\u00e9s et r\u00e9alis\u00e9s par des membres de la&hellip;<\/p>\n","protected":false},"author":1002469,"featured_media":0,"parent":0,"menu_order":2,"comment_status":"closed","ping_status":"closed","template":"","meta":{"_seopress_robots_primary_cat":"","_seopress_titles_title":"","_seopress_titles_desc":"","_seopress_robots_index":"","footnotes":""},"class_list":["post-6004","page","type-page","status-publish","has-post-thumbnail"],"_links":{"self":[{"href":"https:\/\/wp.unil.ch\/hecoutreach\/fr\/wp-json\/wp\/v2\/pages\/6004","targetHints":{"allow":["GET"]}}],"collection":[{"href":"https:\/\/wp.unil.ch\/hecoutreach\/fr\/wp-json\/wp\/v2\/pages"}],"about":[{"href":"https:\/\/wp.unil.ch\/hecoutreach\/fr\/wp-json\/wp\/v2\/types\/page"}],"author":[{"embeddable":true,"href":"https:\/\/wp.unil.ch\/hecoutreach\/fr\/wp-json\/wp\/v2\/users\/1002469"}],"replies":[{"embeddable":true,"href":"https:\/\/wp.unil.ch\/hecoutreach\/fr\/wp-json\/wp\/v2\/comments?post=6004"}],"version-history":[{"count":2,"href":"https:\/\/wp.unil.ch\/hecoutreach\/fr\/wp-json\/wp\/v2\/pages\/6004\/revisions"}],"predecessor-version":[{"id":7394,"href":"https:\/\/wp.unil.ch\/hecoutreach\/fr\/wp-json\/wp\/v2\/pages\/6004\/revisions\/7394"}],"wp:attachment":[{"href":"https:\/\/wp.unil.ch\/hecoutreach\/fr\/wp-json\/wp\/v2\/media?parent=6004"}],"curies":[{"name":"wp","href":"https:\/\/api.w.org\/{rel}","templated":true}]}}