{"id":5448,"date":"2022-12-01T15:40:39","date_gmt":"2022-12-01T14:40:39","guid":{"rendered":"https:\/\/wp.unil.ch\/hecimpact2\/home\/"},"modified":"2026-03-26T09:08:39","modified_gmt":"2026-03-26T08:08:39","slug":"home","status":"publish","type":"page","link":"https:\/\/wp.unil.ch\/hecoutreach\/fr\/","title":{"rendered":"Accueil"},"content":{"rendered":"\n<div class=\"wp-block-cover alignfull is-light homepage-image\" style=\"min-height:25vw;aspect-ratio:unset;\"><img alt=\"\" decoding=\"async\" class=\"wp-block-cover__image-background wp-image-9083 size-full\" alt=\"\" src=\"https:\/\/wp.unil.ch\/hecoutreach\/files\/2026\/02\/dreamstime_gigamatescu.jpg\" data-object-fit=\"cover\" \/><span aria-hidden=\"true\" class=\"wp-block-cover__background has-background-dim-70 has-background-dim wp-block-cover__gradient-background has-background-gradient\" style=\"background-color:#a78da0;background:linear-gradient(135deg,rgb(238,238,238) 0%,rgb(0,0,0) 100%)\"><\/span><div class=\"wp-block-cover__inner-container is-layout-flow wp-block-cover-is-layout-flow\"><ul class=\"wp-block-latest-posts__list has-dates wp-block-latest-posts has-large-font-size\"><li><a class=\"wp-block-latest-posts__post-title\" href=\"https:\/\/wp.unil.ch\/hecoutreach\/fr\/styles-parentaux-un-impact-fort-sur-leconomie-et-la-societe\/\">Styles parentaux\u00a0: un impact fort sur l\u2019\u00e9conomie et la soci\u00e9t\u00e9<\/a><time datetime=\"2026-03-26T09:04:33+01:00\" class=\"wp-block-latest-posts__post-date\">26 mars 2026<\/time><div class=\"wp-block-latest-posts__post-excerpt\">Le style parental joue un r\u00f4le important car il d\u00e9finit l\u2019attention dont b\u00e9n\u00e9ficie un enfant. Mais il a \u00e9galement un impact consid\u00e9rable sur la culture et l&rsquo;\u00e9conomie, les parents r\u00e9agissant diff\u00e9remment \u00e0 certaines situations. Ainsi les styles \u00e9ducatifs peuvent accentuer les in\u00e9galit\u00e9s sociales, influencer la m\u00e9canique des quartiers et&hellip;<\/div><\/li>\n<\/ul>\n\n\n<div class=\"wp-block-buttons is-content-justification-center is-layout-flex wp-container-core-buttons-is-layout-16018d1d wp-block-buttons-is-layout-flex\">\n<div class=\"wp-block-button\"><a class=\"wp-block-button__link wp-element-button\" href=\"https:\/\/wp.unil.ch\/hecoutreach\/fr\/styles-parentaux-un-impact-fort-sur-leconomie-et-la-societe\/\">Lire la suite<\/a><\/div>\n<\/div>\n<\/div><\/div>\n\n\n\n<div style=\"height:35px\" aria-hidden=\"true\" class=\"wp-block-spacer\"><\/div>\n\n\n\n<div class=\"wp-block-query is-layout-flow wp-block-query-is-layout-flow\">\n<p class=\"indent-265em\"><strong>Nos derniers articles<\/strong><\/p>\n\n\n<ul class=\"wp-block-post-template is-layout-flow wp-block-post-template-is-layout-flow\"><li class=\"wp-block-post post-9079 post type-post status-publish format-standard has-post-thumbnail category-economie-et-societe category-recherche\">\n\n<div class=\"wp-block-columns alignfull are-vertically-aligned-center is-layout-flex wp-container-core-columns-is-layout-9d6595d7 wp-block-columns-is-layout-flex\">\n<div class=\"wp-block-column is-vertically-aligned-center is-layout-flow wp-block-column-is-layout-flow\" style=\"flex-basis:25%\"><figure class=\"wp-block-post-featured-image\"><a href=\"https:\/\/wp.unil.ch\/hecoutreach\/fr\/styles-parentaux-un-impact-fort-sur-leconomie-et-la-societe\/\" target=\"_self\"  ><img loading=\"lazy\" decoding=\"async\" width=\"1800\" height=\"1002\" src=\"https:\/\/wp.unil.ch\/hecoutreach\/files\/2026\/02\/dreamstime_gigamatescu-e1774512639663.jpg\" class=\"attachment-post-thumbnail size-post-thumbnail wp-post-image\" alt=\"Styles parentaux\u00a0: un impact fort sur l\u2019\u00e9conomie et la soci\u00e9t\u00e9\" style=\"object-fit:cover;\" srcset=\"https:\/\/wp.unil.ch\/hecoutreach\/files\/2026\/02\/dreamstime_gigamatescu-e1774512639663.jpg 1800w, https:\/\/wp.unil.ch\/hecoutreach\/files\/2026\/02\/dreamstime_gigamatescu-e1774512639663-300x167.jpg 300w, https:\/\/wp.unil.ch\/hecoutreach\/files\/2026\/02\/dreamstime_gigamatescu-e1774512639663-1024x570.jpg 1024w, https:\/\/wp.unil.ch\/hecoutreach\/files\/2026\/02\/dreamstime_gigamatescu-e1774512639663-150x84.jpg 150w, https:\/\/wp.unil.ch\/hecoutreach\/files\/2026\/02\/dreamstime_gigamatescu-e1774512639663-768x428.jpg 768w, https:\/\/wp.unil.ch\/hecoutreach\/files\/2026\/02\/dreamstime_gigamatescu-e1774512639663-1536x855.jpg 1536w, https:\/\/wp.unil.ch\/hecoutreach\/files\/2026\/02\/dreamstime_gigamatescu-e1774512639663-540x301.jpg 540w, https:\/\/wp.unil.ch\/hecoutreach\/files\/2026\/02\/dreamstime_gigamatescu-e1774512639663-1080x601.jpg 1080w, https:\/\/wp.unil.ch\/hecoutreach\/files\/2026\/02\/dreamstime_gigamatescu-e1774512639663-1320x735.jpg 1320w\" sizes=\"auto, (max-width: 1800px) 100vw, 1800px\" \/><\/a><\/figure><\/div>\n\n\n\n<div class=\"wp-block-column is-vertically-aligned-center is-layout-flow wp-block-column-is-layout-flow\" style=\"flex-basis:75%\"><h2 class=\"wp-block-post-title\"><a href=\"https:\/\/wp.unil.ch\/hecoutreach\/fr\/styles-parentaux-un-impact-fort-sur-leconomie-et-la-societe\/\" target=\"_self\" >Styles parentaux\u00a0: un impact fort sur l\u2019\u00e9conomie et la soci\u00e9t\u00e9<\/a><\/h2>\n\n<div class=\"wp-block-post-date\"><time datetime=\"2026-03-26T09:04:33+01:00\">26 mars 2026<\/time><\/div>\n\n<div class=\"wp-block-post-excerpt\"><p class=\"wp-block-post-excerpt__excerpt\">Le style parental joue un r\u00f4le important car il d\u00e9finit l\u2019attention dont b\u00e9n\u00e9ficie un enfant. Mais il a \u00e9galement un impact consid\u00e9rable sur la culture et l&rsquo;\u00e9conomie, les<\/p><p class=\"wp-block-post-excerpt__more-text\"><a class=\"wp-block-post-excerpt__more-link\" href=\"https:\/\/wp.unil.ch\/hecoutreach\/fr\/styles-parentaux-un-impact-fort-sur-leconomie-et-la-societe\/\">Lire plus<\/a><\/p><\/div><\/div>\n<\/div>\n\n<\/li><li class=\"wp-block-post post-9124 post type-post status-publish format-standard has-post-thumbnail category-digitalisation-et-technologie category-finance-et-assurances category-recherche category-strategie-developpement-et-marketing\">\n\n<div class=\"wp-block-columns alignfull are-vertically-aligned-center is-layout-flex wp-container-core-columns-is-layout-9d6595d7 wp-block-columns-is-layout-flex\">\n<div class=\"wp-block-column is-vertically-aligned-center is-layout-flow wp-block-column-is-layout-flow\" style=\"flex-basis:25%\"><figure class=\"wp-block-post-featured-image\"><a href=\"https:\/\/wp.unil.ch\/hecoutreach\/fr\/predire-limprevisible-lia-pour-comprendre-les-decisions-des-ceos\/\" target=\"_self\"  ><img loading=\"lazy\" decoding=\"async\" width=\"1920\" height=\"1080\" src=\"https:\/\/wp.unil.ch\/hecoutreach\/files\/2026\/03\/mike-kononov-lfv0v3_2h6s-unsplash-1.jpg\" class=\"attachment-post-thumbnail size-post-thumbnail wp-post-image\" alt=\"Pr\u00e9dire l&rsquo;impr\u00e9visible : l&rsquo;IA pour comprendre les d\u00e9cisions des CEOs\" style=\"object-fit:cover;\" srcset=\"https:\/\/wp.unil.ch\/hecoutreach\/files\/2026\/03\/mike-kononov-lfv0v3_2h6s-unsplash-1.jpg 1920w, https:\/\/wp.unil.ch\/hecoutreach\/files\/2026\/03\/mike-kononov-lfv0v3_2h6s-unsplash-1-300x169.jpg 300w, https:\/\/wp.unil.ch\/hecoutreach\/files\/2026\/03\/mike-kononov-lfv0v3_2h6s-unsplash-1-1024x576.jpg 1024w, https:\/\/wp.unil.ch\/hecoutreach\/files\/2026\/03\/mike-kononov-lfv0v3_2h6s-unsplash-1-150x84.jpg 150w, https:\/\/wp.unil.ch\/hecoutreach\/files\/2026\/03\/mike-kononov-lfv0v3_2h6s-unsplash-1-768x432.jpg 768w, https:\/\/wp.unil.ch\/hecoutreach\/files\/2026\/03\/mike-kononov-lfv0v3_2h6s-unsplash-1-1536x864.jpg 1536w, https:\/\/wp.unil.ch\/hecoutreach\/files\/2026\/03\/mike-kononov-lfv0v3_2h6s-unsplash-1-540x304.jpg 540w, https:\/\/wp.unil.ch\/hecoutreach\/files\/2026\/03\/mike-kononov-lfv0v3_2h6s-unsplash-1-1080x608.jpg 1080w, https:\/\/wp.unil.ch\/hecoutreach\/files\/2026\/03\/mike-kononov-lfv0v3_2h6s-unsplash-1-1320x743.jpg 1320w\" sizes=\"auto, (max-width: 1920px) 100vw, 1920px\" \/><\/a><\/figure><\/div>\n\n\n\n<div class=\"wp-block-column is-vertically-aligned-center is-layout-flow wp-block-column-is-layout-flow\" style=\"flex-basis:75%\"><h2 class=\"wp-block-post-title\"><a href=\"https:\/\/wp.unil.ch\/hecoutreach\/fr\/predire-limprevisible-lia-pour-comprendre-les-decisions-des-ceos\/\" target=\"_self\" >Pr\u00e9dire l&rsquo;impr\u00e9visible : l&rsquo;IA pour comprendre les d\u00e9cisions des CEOs<\/a><\/h2>\n\n<div class=\"wp-block-post-date\"><time datetime=\"2026-03-12T14:58:58+01:00\">12 mars 2026<\/time><\/div>\n\n<div class=\"wp-block-post-excerpt\"><p class=\"wp-block-post-excerpt__excerpt\">Nous vivons une \u00e9poque impr\u00e9visible, que ce soit en mati\u00e8re d&rsquo;\u00e9conomie mondiale, de climat ou de g\u00e9opolitique. Il est important d&rsquo;anticiper les risques pour assurer la r\u00e9silience future<\/p><p class=\"wp-block-post-excerpt__more-text\"><a class=\"wp-block-post-excerpt__more-link\" href=\"https:\/\/wp.unil.ch\/hecoutreach\/fr\/predire-limprevisible-lia-pour-comprendre-les-decisions-des-ceos\/\">Lire plus<\/a><\/p><\/div><\/div>\n<\/div>\n\n<\/li><li class=\"wp-block-post post-9099 post type-post status-publish format-standard has-post-thumbnail category-entrepreneuriat\">\n\n<div class=\"wp-block-columns alignfull are-vertically-aligned-center is-layout-flex wp-container-core-columns-is-layout-9d6595d7 wp-block-columns-is-layout-flex\">\n<div class=\"wp-block-column is-vertically-aligned-center is-layout-flow wp-block-column-is-layout-flow\" style=\"flex-basis:25%\"><figure class=\"wp-block-post-featured-image\"><a href=\"https:\/\/wp.unil.ch\/hecoutreach\/fr\/quanthome-une-histoire-entrepreneuriale-nee-sur-les-bancs-de-hec-lausanne\/\" target=\"_self\"  ><img loading=\"lazy\" decoding=\"async\" width=\"1600\" height=\"890\" src=\"https:\/\/wp.unil.ch\/hecoutreach\/files\/2026\/03\/illusatration.png\" class=\"attachment-post-thumbnail size-post-thumbnail wp-post-image\" alt=\"Quanthome : une histoire entrepreneuriale n\u00e9e sur les bancs de HEC Lausanne\" style=\"object-fit:cover;\" srcset=\"https:\/\/wp.unil.ch\/hecoutreach\/files\/2026\/03\/illusatration.png 1600w, https:\/\/wp.unil.ch\/hecoutreach\/files\/2026\/03\/illusatration-300x167.png 300w, https:\/\/wp.unil.ch\/hecoutreach\/files\/2026\/03\/illusatration-1024x570.png 1024w, https:\/\/wp.unil.ch\/hecoutreach\/files\/2026\/03\/illusatration-150x83.png 150w, https:\/\/wp.unil.ch\/hecoutreach\/files\/2026\/03\/illusatration-768x427.png 768w, https:\/\/wp.unil.ch\/hecoutreach\/files\/2026\/03\/illusatration-1536x854.png 1536w, https:\/\/wp.unil.ch\/hecoutreach\/files\/2026\/03\/illusatration-540x300.png 540w, https:\/\/wp.unil.ch\/hecoutreach\/files\/2026\/03\/illusatration-1080x601.png 1080w, https:\/\/wp.unil.ch\/hecoutreach\/files\/2026\/03\/illusatration-1320x734.png 1320w\" sizes=\"auto, (max-width: 1600px) 100vw, 1600px\" \/><\/a><\/figure><\/div>\n\n\n\n<div class=\"wp-block-column is-vertically-aligned-center is-layout-flow wp-block-column-is-layout-flow\" style=\"flex-basis:75%\"><h2 class=\"wp-block-post-title\"><a href=\"https:\/\/wp.unil.ch\/hecoutreach\/fr\/quanthome-une-histoire-entrepreneuriale-nee-sur-les-bancs-de-hec-lausanne\/\" target=\"_self\" >Quanthome : une histoire entrepreneuriale n\u00e9e sur les bancs de HEC Lausanne<\/a><\/h2>\n\n<div class=\"wp-block-post-date\"><time datetime=\"2026-03-05T07:37:08+01:00\">5 mars 2026<\/time><\/div>\n\n<div class=\"wp-block-post-excerpt\"><p class=\"wp-block-post-excerpt__excerpt\">L\u2019histoire d\u00e9bute en 2017: Oscar Delabranche et Ali Baghdadi se rencontrent lors d\u2019un ap\u00e9ritif du Comit\u00e9 HEC, le 1er jour de leurs \u00e9tudes. Quelques ann\u00e9es plus tard, les<\/p><p class=\"wp-block-post-excerpt__more-text\"><a class=\"wp-block-post-excerpt__more-link\" href=\"https:\/\/wp.unil.ch\/hecoutreach\/fr\/quanthome-une-histoire-entrepreneuriale-nee-sur-les-bancs-de-hec-lausanne\/\">Lire plus<\/a><\/p><\/div><\/div>\n<\/div>\n\n<\/li><\/ul><\/div>\n\n\n\n<div class=\"wp-block-buttons is-content-justification-center is-layout-flex wp-container-core-buttons-is-layout-16018d1d wp-block-buttons-is-layout-flex\">\n<div class=\"wp-block-button\"><a class=\"wp-block-button__link wp-element-button\" href=\"https:\/\/wp.unil.ch\/hecoutreach\/fr\/posts\/\">Cliquez pour voir plus d&rsquo;articles<\/a><\/div>\n<\/div>\n","protected":false},"excerpt":{"rendered":"<p>os derniers articles <\/p>\n","protected":false},"author":1002469,"featured_media":0,"parent":0,"menu_order":0,"comment_status":"closed","ping_status":"closed","template":"","meta":{"_seopress_robots_primary_cat":"","_seopress_titles_title":"","_seopress_titles_desc":"","_seopress_robots_index":"","footnotes":""},"class_list":["post-5448","page","type-page","status-publish","has-post-thumbnail"],"_links":{"self":[{"href":"https:\/\/wp.unil.ch\/hecoutreach\/fr\/wp-json\/wp\/v2\/pages\/5448","targetHints":{"allow":["GET"]}}],"collection":[{"href":"https:\/\/wp.unil.ch\/hecoutreach\/fr\/wp-json\/wp\/v2\/pages"}],"about":[{"href":"https:\/\/wp.unil.ch\/hecoutreach\/fr\/wp-json\/wp\/v2\/types\/page"}],"author":[{"embeddable":true,"href":"https:\/\/wp.unil.ch\/hecoutreach\/fr\/wp-json\/wp\/v2\/users\/1002469"}],"replies":[{"embeddable":true,"href":"https:\/\/wp.unil.ch\/hecoutreach\/fr\/wp-json\/wp\/v2\/comments?post=5448"}],"version-history":[{"count":4,"href":"https:\/\/wp.unil.ch\/hecoutreach\/fr\/wp-json\/wp\/v2\/pages\/5448\/revisions"}],"predecessor-version":[{"id":9158,"href":"https:\/\/wp.unil.ch\/hecoutreach\/fr\/wp-json\/wp\/v2\/pages\/5448\/revisions\/9158"}],"wp:attachment":[{"href":"https:\/\/wp.unil.ch\/hecoutreach\/fr\/wp-json\/wp\/v2\/media?parent=5448"}],"curies":[{"name":"wp","href":"https:\/\/api.w.org\/{rel}","templated":true}]}}