{"id":2014,"date":"2022-09-22T16:38:57","date_gmt":"2022-09-22T14:38:57","guid":{"rendered":"https:\/\/wp.unil.ch\/hecgraduation\/?page_id=2014"},"modified":"2022-11-24T15:24:06","modified_gmt":"2022-11-24T14:24:06","slug":"bachelor","status":"publish","type":"page","link":"https:\/\/wp.unil.ch\/hecgraduation\/bachelor\/","title":{"rendered":"Graduation Bachelor HEC Lausanne"},"content":{"rendered":"\n<p>Vivez en direct les moments forts des c\u00e9l\u00e9brations de fin d&rsquo;\u00e9tude de bachelor :<\/p>\n\n\n\n<figure class=\"wp-block-embed is-type-video is-provider-youtube wp-block-embed-youtube wp-embed-aspect-16-9 wp-has-aspect-ratio\"><div class=\"wp-block-embed__wrapper\">\n<iframe loading=\"lazy\" title=\"C\u00e9l\u00e9bration de fin d&#039;\u00e9tudes Bachelor 2022\" width=\"735\" height=\"413\" src=\"https:\/\/www.youtube.com\/embed\/z9For3h94Yc?feature=oembed\" frameborder=\"0\" allow=\"accelerometer; autoplay; clipboard-write; encrypted-media; gyroscope; picture-in-picture; web-share\" allowfullscreen><\/iframe>\n<\/div><\/figure>\n\n\n\n<h2 class=\"wp-block-heading\">F\u00e9licitations !<\/h2>\n\n\n\n<p>F\u00e9licitations \u00e0 toutes nos dipl\u00f4m\u00e9es et tous nos dipl\u00f4m\u00e9s de bachelor 2022!<\/p>\n\n\n\n<div class=\"wp-block-group tout-cacher\"><div class=\"wp-block-group__inner-container is-layout-constrained wp-block-group-is-layout-constrained\">\n<p>Venez c\u00e9l\u00e9brer la fin de vos \u00e9tudes et l\u2019obtention de votre dipl\u00f4me le <strong>dimanche 20 novembre 2022, \u00e0  13h45 (acc\u00e8s possible d\u00e8s 13h30), sur le campus UNIL<\/strong>.<\/p>\n\n\n\n<h3 class=\"wp-block-heading\">Programme<\/h3>\n\n\n\n<p><strong>C\u00e9l\u00e9bration Bachelor, dimanche 20 novembre 2022<\/strong><\/p>\n\n\n\n<ul class=\"wp-block-list\">\n<li><strong><strong>13h45<\/strong> (acc\u00e8s possible d\u00e8s 13h30): Accueil par l&rsquo;Amphip\u00f4le.<\/strong><br>Retrait des bracelets d&rsquo;acc\u00e8s par les dipl\u00f4m\u00e9\u00b7e\u00b7s exclusivement, <span style=\"text-decoration: underline\">sur pr\u00e9sentation de l&rsquo;Eticket personnel et d\u2019une pi\u00e8ce d\u2019identit\u00e9<\/span><span style=\"text-decoration: underline\"> valable (avec photo)<\/span><\/li>\n\n\n\n<li><strong>14h00<\/strong>: Ouverture des portes des auditoires Amphimax 350-351<\/li>\n\n\n\n<li><strong>14h30-16h: <\/strong>C\u00e9l\u00e9bration de fin d\u2019\u00e9tudes Bachelor<\/li>\n\n\n\n<li><strong>16h<\/strong>: Ap\u00e9ritif de cl\u00f4ture<\/li>\n\n\n\n<li><strong>17h<\/strong>: Fin de la manifestation<\/li>\n<\/ul>\n\n\n\n<p><strong>Seul\u00b7e\u00b7s les dipl\u00f4m\u00e9\u00b7e\u00b7s muni\u00b7e\u00b7s de leur Eticket personnalis\u00e9 et d\u2019une pi\u00e8ce d\u2019identit\u00e9 valable peuvent participer \u00e0 l\u2019\u00e9v\u00e8nement avec leurs 2 invit\u00e9\u00b7e\u00b7s.<\/strong>&nbsp;<strong><span style=\"text-decoration: underline\">Aucune exception ne sera faite<\/span>.<\/strong>&nbsp;Les personnes n\u2019ayant pas re\u00e7u d\u2019Eticket n\u2019ont pas compl\u00e9t\u00e9 leur inscription dans les temps, et ne seront pas autoris\u00e9es \u00e0 acc\u00e9der \u00e0 la c\u00e9l\u00e9bration.<\/p>\n\n\n\n<p>Seul\u00b7e\u00b7s deux accompagnant\u00b7e\u00b7s par gradu\u00e9\u00b7e\u00b7s sont autoris\u00e9s aussi bien \u00e0 la c\u00e9l\u00e9bration qu\u2019\u00e0 l\u2019ap\u00e9ritif qui suivra.<\/p>\n\n\n\n<p>Les dipl\u00f4mes ne seront pas distribu\u00e9s lors de la c\u00e9l\u00e9bration car ils sont maintenant envoy\u00e9s par poste apr\u00e8s chaque p\u00e9riode de commande de grade en ligne. Si vous ne l\u2019avez pas encore re\u00e7u, vous pouvez \u00e9crire \u00e0&nbsp;:&nbsp;<a href=\"mailto:bureaudesgrades@unil.ch\">bureaudesgrades@unil.ch<\/a>.<\/p>\n\n\n\n<h2 class=\"wp-block-heading\">Infos pratiques<\/h2>\n\n\n\n<p><strong>Diffusion en live-streaming : <\/strong>La c\u00e9l\u00e9bration de fin d\u2019\u00e9tudes Bachelor sera live-stream\u00e9e sur ce site web et sur <a href=\"https:\/\/www.youtube.com\/HECLausanneofficial\" target=\"_blank\" rel=\"noreferrer noopener\">YouTube<\/a>.<em> Aucun acc\u00e8s ne pourra \u00eatre autoris\u00e9 dans les b\u00e2timents Amphimax\/Amphip\u00f4le de l\u2019Universit\u00e9 de Lausanne le jour de la c\u00e9r\u00e9monie aux \u00e9ventuelles personnes qui accompagneraient les dipl\u00f4m\u00e9es et dipl\u00f4m\u00e9s, <span style=\"text-decoration: underline\">en sus<\/span> de leurs deux invit\u00e9\u00b7e\u00b7s.&nbsp;<\/em><\/p>\n\n\n\n<p><strong>Tenue vestimentaire:&nbsp;<\/strong>Les dipl\u00f4m\u00e9es et dipl\u00f4m\u00e9s peuvent opter pour la tenue de leur choix, sachant qu\u2019il est pr\u00e9vu un passage sur sc\u00e8ne avec rediffusion en direct sur les canaux de la facult\u00e9. Le chapeau acad\u00e9mique et pompon qui l\u2019accompagnent seront offerts pour l\u2019occasion par la Facult\u00e9 des HEC et l\u2019Association des Alumni HEC Lausanne.&nbsp;Les toges ne sont plus distribu\u00e9es.<\/p>\n\n\n\n<p><strong>Places de parc payantes et limit\u00e9es<\/strong>. Merci de privil\u00e9gier les transports publics.<\/p>\n\n\n\n<p>Nous ne disposons pas de service de vestiaire.<\/p>\n<\/div><\/div>\n","protected":false},"excerpt":{"rendered":"<p>Vivez en direct les moments forts des c\u00e9l\u00e9brations de fin d&rsquo;\u00e9tude de bachelor : F\u00e9licitations ! F\u00e9licitations \u00e0 toutes nos dipl\u00f4m\u00e9es et tous nos dipl\u00f4m\u00e9s de bachelor 2022! Venez c\u00e9l\u00e9brer &hellip; <\/p>\n","protected":false},"author":1002469,"featured_media":0,"parent":0,"menu_order":0,"comment_status":"closed","ping_status":"closed","template":"","meta":{"_seopress_robots_primary_cat":"","_seopress_titles_title":"","_seopress_titles_desc":"","_seopress_robots_index":"","footnotes":""},"class_list":["post-2014","page","type-page","status-publish"],"_links":{"self":[{"href":"https:\/\/wp.unil.ch\/hecgraduation\/wp-json\/wp\/v2\/pages\/2014","targetHints":{"allow":["GET"]}}],"collection":[{"href":"https:\/\/wp.unil.ch\/hecgraduation\/wp-json\/wp\/v2\/pages"}],"about":[{"href":"https:\/\/wp.unil.ch\/hecgraduation\/wp-json\/wp\/v2\/types\/page"}],"author":[{"embeddable":true,"href":"https:\/\/wp.unil.ch\/hecgraduation\/wp-json\/wp\/v2\/users\/1002469"}],"replies":[{"embeddable":true,"href":"https:\/\/wp.unil.ch\/hecgraduation\/wp-json\/wp\/v2\/comments?post=2014"}],"version-history":[{"count":0,"href":"https:\/\/wp.unil.ch\/hecgraduation\/wp-json\/wp\/v2\/pages\/2014\/revisions"}],"wp:attachment":[{"href":"https:\/\/wp.unil.ch\/hecgraduation\/wp-json\/wp\/v2\/media?parent=2014"}],"curies":[{"name":"wp","href":"https:\/\/api.w.org\/{rel}","templated":true}]}}