{"id":2054,"date":"2022-09-22T16:38:57","date_gmt":"2022-09-22T14:38:57","guid":{"rendered":"https:\/\/wp.unil.ch\/hecgraduation\/?page_id=2054"},"modified":"2022-11-24T11:55:37","modified_gmt":"2022-11-24T10:55:37","slug":"bachelor-en","status":"publish","type":"page","link":"https:\/\/wp.unil.ch\/hecgraduation\/en\/bachelor-en\/","title":{"rendered":"Graduation Bachelor HEC Lausanne"},"content":{"rendered":"\n<p>Live the highlights of the Bachelor Graduation Celebration:<\/p>\n\n\n\n<figure class=\"wp-block-embed is-type-video is-provider-youtube wp-block-embed-youtube wp-embed-aspect-16-9 wp-has-aspect-ratio\"><div class=\"wp-block-embed__wrapper\">\n<iframe loading=\"lazy\" title=\"C\u00e9l\u00e9bration de fin d&#039;\u00e9tudes Bachelor 2022\" width=\"735\" height=\"413\" src=\"https:\/\/www.youtube.com\/embed\/z9For3h94Yc?feature=oembed\" frameborder=\"0\" allow=\"accelerometer; autoplay; clipboard-write; encrypted-media; gyroscope; picture-in-picture; web-share\" allowfullscreen><\/iframe>\n<\/div><\/figure>\n\n\n\n<h3 class=\"wp-block-heading\">Congratulations!<\/h3>\n\n\n\n<p>Congratulations to all our 2022 Bachelor Graduates!<\/p>\n\n\n\n<div class=\"wp-block-group tout-cacher\"><div class=\"wp-block-group__inner-container is-layout-constrained wp-block-group-is-layout-constrained\">\n<p>Let\u2019s celebrate on <strong>Sunday, November 20, 2022, 1.45 pm (access possible from 1.30), UNIL Campus<\/strong>. <\/p>\n\n\n\n<h3 class=\"wp-block-heading\">Program<\/h3>\n\n\n\n<p><strong>Bachelor celebration, Sunday, November 20th, 2022<\/strong><\/p>\n\n\n\n<ul class=\"wp-block-list\">\n<li><strong><strong>13:45<\/strong> (possible access from 13:30): Welcome&nbsp; at Amphip\u00f4le<\/strong><br>Access wristband pick-up by the graduates exclusively and&nbsp;upon presentation of the Eticket and a valid ID with picture<\/li>\n\n\n\n<li><strong>14:00<\/strong>: Opening of the doors (Amphimax 350-351)<\/li>\n\n\n\n<li><strong>14:30-16:00: <\/strong>Graduation celebration<\/li>\n\n\n\n<li><strong>16:00<\/strong>: Reception drink<\/li>\n\n\n\n<li><strong>17:00<\/strong>: End of the event<\/li>\n<\/ul>\n\n\n\n<p><strong>Only the graduates with their personalized Eticket and valid ID can attend the event with their 2 guests.<\/strong> <strong><span style=\"text-decoration: underline\">No exception will be made<\/span>.<\/strong>&nbsp;Graduates who have not received their Eticket have not completed their registration in time and will not be admitted to the celebration.<\/p>\n\n\n\n<p>Only two guests per graduate are allowed at the celebration and at the aperitif that will follow.<\/p>\n\n\n\n<p>The diplomas will not be distributed at the celebration as they are now sent by post after each online degree ordering period. If you haven\u2019t received it yet, please write to: bureaudesgrades@unil.ch.<\/p>\n\n\n\n<h2 class=\"wp-block-heading\">Practical Information<\/h2>\n\n\n\n<p><strong>Live-streaming Broadcast: <\/strong>Relatives and friends can follow the ceremony remotely via live streaming, on this website and on <a href=\"https:\/\/www.youtube.com\/HECLausanneofficial\" target=\"_blank\" rel=\"noreferrer noopener\">YouTube<\/a>.&nbsp;<em>No access to the Amphimax\/Amphipole buildings at University of Lausanne will be allowed on the days of the ceremonies to any additional persons than the graduate and his\/her 2 guests.<\/em><\/p>\n\n\n\n<p><strong>Dress code: <\/strong>Graduates will be able to choose the attire of their choice, knowing that a passage on stage is planned with live broadcasting on the channels of the faculty. The academic hat and pompom will be offered to the graduates as gifts by HEC Lausanne and the Association des Alumni HEC Lausanne.&nbsp;Gowns are no longer distributed.<\/p>\n\n\n\n<p><strong>Parking spaces are limited and subject to a fee.<\/strong>&nbsp;It is highly recommended to take public transportation.<\/p>\n\n\n\n<p>No cloakroom available.<\/p>\n<\/div><\/div>\n","protected":false},"excerpt":{"rendered":"<p>Live the highlights of the Bachelor Graduation Celebration: Congratulations! Congratulations to all our 2022 Bachelor Graduates! Let\u2019s celebrate on Sunday, November 20, 2022, 1.45 pm (access possible from 1.30), UNIL &hellip; <\/p>\n","protected":false},"author":1002469,"featured_media":0,"parent":0,"menu_order":0,"comment_status":"closed","ping_status":"closed","template":"","meta":{"_seopress_robots_primary_cat":"","_seopress_titles_title":"","_seopress_titles_desc":"","_seopress_robots_index":"","footnotes":""},"class_list":["post-2054","page","type-page","status-publish"],"_links":{"self":[{"href":"https:\/\/wp.unil.ch\/hecgraduation\/en\/wp-json\/wp\/v2\/pages\/2054","targetHints":{"allow":["GET"]}}],"collection":[{"href":"https:\/\/wp.unil.ch\/hecgraduation\/en\/wp-json\/wp\/v2\/pages"}],"about":[{"href":"https:\/\/wp.unil.ch\/hecgraduation\/en\/wp-json\/wp\/v2\/types\/page"}],"author":[{"embeddable":true,"href":"https:\/\/wp.unil.ch\/hecgraduation\/en\/wp-json\/wp\/v2\/users\/1002469"}],"replies":[{"embeddable":true,"href":"https:\/\/wp.unil.ch\/hecgraduation\/en\/wp-json\/wp\/v2\/comments?post=2054"}],"version-history":[{"count":0,"href":"https:\/\/wp.unil.ch\/hecgraduation\/en\/wp-json\/wp\/v2\/pages\/2054\/revisions"}],"wp:attachment":[{"href":"https:\/\/wp.unil.ch\/hecgraduation\/en\/wp-json\/wp\/v2\/media?parent=2054"}],"curies":[{"name":"wp","href":"https:\/\/api.w.org\/{rel}","templated":true}]}}