{"id":206,"date":"2012-10-24T20:20:50","date_gmt":"2012-10-24T18:20:50","guid":{"rendered":"http:\/\/wp.unil.ch\/hardtkelab\/?page_id=206"},"modified":"2022-10-10T08:14:03","modified_gmt":"2022-10-10T06:14:03","slug":"sideshow-bobs","status":"publish","type":"page","link":"https:\/\/wp.unil.ch\/hardtkelab\/research-projects\/retired-projects\/sideshow-bobs\/","title":{"rendered":"Sideshow Bobs"},"content":{"rendered":"<p style=\"text-align: justify\"><a href=\"https:\/\/wp.unil.ch\/hardtkelab\/files\/2014\/12\/SideshowBob-e1418200489371.png\"><img alt=\"\" loading=\"lazy\" decoding=\"async\" class=\"wp-image-1104 size-full alignleft\" src=\"https:\/\/wp.unil.ch\/hardtkelab\/files\/2014\/12\/SideshowBob-e1418200489371.png\" alt=\"\" width=\"120\" height=\"214\" \/><\/a><\/p>\n<p style=\"text-align: justify\">Some aspects emerging from our research are\u00a0at the center of our attention but often interesting and fun to follow up nevertheless. Sometimes, we also have to perform some technical work as a preparation for the studies that we are truly interested in.\u00a0Sometimes, we are part of synergistic collaborations.<\/p>\n<p><a href=\"https:\/\/dev.biologists.org\/content\/146\/23\/dev183905\" target=\"_blank\" rel=\"noopener noreferrer\">Pietro Cattaneo<sup>\u2020<\/sup>, Moritz Graeff<sup>\u2020<\/sup>, Petra Marhava and Christian S. Hardtke (2019): <strong>Conditional effects of the epigenetic regulator JUMONJI 14 in Arabidopsis root growth. <span style=\"color: #ff9900\"><em>Development,<\/em><\/span><\/strong>\u00a0Vol.\u00a0<span class=\"highwire-cite-metadata-volume highwire-cite-metadata\">146: pp.\u00a0<\/span><span class=\"highwire-cite-metadata-pages highwire-cite-metadata\">dev183905<\/span>.<\/a><\/p>\n<p><a href=\"https:\/\/nph.onlinelibrary.wiley.com\/doi\/abs\/10.1111\/nph.15332\" target=\"_blank\" rel=\"noopener noreferrer\">Alja\u00a0van der Schuren, Catalin Voiniciuc, Jennifer Bragg, Karin Ljung, John Vogel, Markus Pauly\u00a0and Christian S. Hardtke<span style=\"font-size: small\">\u00a0<\/span>(2018): <strong>Broad spectrum developmental role of Brachypodium AUX1<em>. <span style=\"color: #ffcc00\"><span style=\"color: #ff9900\">New Phytologist,<\/span><\/span> <\/em><\/strong>Vol. 219: pp. 1216-1223.<\/a><\/p>\n<p><a href=\"https:\/\/academic.oup.com\/pcp\/article\/58\/9\/1519\/3904487\/BIG-BROTHER-Uncouples-Cell-Proliferation-from\" target=\"_blank\" rel=\"noopener noreferrer\">Pietro Cattaneo and Christian S. Hardtke (2017):\u00a0<strong><em>BIG BROTHER<\/em> uncouples cell proliferation from elongation in the Arabidopsis primary root.<\/strong> <span style=\"color: #ff9900\"><strong><em>Plant and Cell Physiology,<\/em><\/strong><\/span> Vol. 58: pp. 1519-1527<\/a><\/p>\n<p style=\"text-align: justify\"><a href=\"https:\/\/onlinelibrary.wiley.com\/doi\/10.1111\/nph.13225\/abstract\" target=\"_blank\" rel=\"noopener noreferrer\">Am\u00e9lia Amiguet-Vercher, Luca Santuari, Miguel Gonzalez-Guzman, Stephen Depuydt, Pedro L. Rodriguez and Christian S. Hardtke\u00a0(2014):\u00a0<strong>The\u00a0<em>IBO<\/em><\/strong><strong>\u00a0germination QTL encodes a phosphatase 2C-related variant with a non-synonymous amino acid change that interferes with abscisic acid signaling.\u00a0<\/strong><span style=\"color: #ff9900\"><strong><em>New Phytologist<\/em><\/strong>,<\/span> doi:10.1111\/nph.13225.<\/a><\/p>\n<p style=\"text-align: justify\"><a href=\"https:\/\/www.plantcell.org\/content\/early\/2014\/03\/06\/tpc.114.122903.abstract\" target=\"_blank\" rel=\"noopener noreferrer\">Florian Chevalier, Kaisa Nieminen, Juan Carlos S\u00e1nchez-Ferrero, Mar\u00eda Luisa Rodr\u00edguez, M\u00f3nica Chagoyen, Christian S. Hardtke and Pilar Cubas\u00a0(2014):\u00a0<strong>Strigolactone Promotes Degradation of DWARF14, an alpha-beta Hydrolase Essential for Strigolactone Signaling in Arabidopsis.<\/strong><strong>\u00a0<span style=\"color: #ff9900\"><em>T<\/em><\/span><\/strong><span style=\"color: #ff9900\"><strong><em>he Plant Cell<\/em><\/strong>,<\/span> doi:10.1105\/tpc.114.122903.<\/a><\/p>\n<p style=\"text-align: justify\"><a href=\"https:\/\/www.plantcell.org\/content\/early\/2013\/09\/16\/tpc.113.115352.abstract?sid=01509b39-4f33-4a78-836c-bf6bb9f92f19\" target=\"_blank\" rel=\"noopener noreferrer\">David B. Lowry, Tierney L. Logan, Luca Santuari, Christian S. Hardtke, James H. Richards, Leah J. DeRose-Wilson, John K. McKay, Saunak Sen, and Thomas E. Juenger (2013):\u00a0<strong>Expression Quantitative Trait Locus Mapping across Water Availability Environments Reveals Contrasting Associations with Genomic Features in Arabidopsis. <span style=\"color: #ff9900\"><em>The\u00a0Plant Cell<\/em><\/span><\/strong><span style=\"color: #ff9900\">,<\/span> doi:10.1105\/tpc.113.115352.<\/a><\/p>\n<p style=\"text-align: justify\"><a href=\"https:\/\/onlinelibrary.wiley.com\/doi\/10.1111\/jipb.12016\/abstract\" target=\"_blank\" rel=\"noopener noreferrer\">Konstantin Tomanov, Christian S. Hardtke, Ruchika Budhiraja, Rebecca Hermkes, George Coupland and Andreas Bachmair (2012):\u00a0<strong>SUMO Conjugating Enzyme with Active Site Mutation Acts as Dominant Negative Inhibitor of SUMO Conjugation in Arabidopsis.\u00a0<span style=\"color: #ff9900\"><em>Journal of Integrative Plant Biology<\/em><\/span><\/strong><span style=\"color: #ff9900\">,<\/span> Vol. 55: pp. 75-82.<\/a><\/p>\n<p style=\"text-align: justify\"><a href=\"https:\/\/www.plosgenetics.org\/article\/info%3Adoi%2F10.1371%2Fjournal.pgen.1002652\">Eavan Dorcey, Antia Rodriguez-Villalon, Paula Salinas, Luca Santuari, Sylvain Pradervand, Keith Harshman and Christian S. Hardtke (2012):\u00a0<strong>Context-dependent dual role of SKI8 homologs in mRNA synthesis and turnover.<\/strong>\u00a0<span style=\"color: #ff9900\"><em><strong>PLoS Genetics<\/strong><\/em>,<\/span> Vol. 8: e1002652.<\/a><\/p>\n<p style=\"text-align: justify\"><a href=\"https:\/\/f1000.com\/prime\/reports\/b\/2\/85\/\" target=\"_blank\" rel=\"noopener noreferrer\">Luca Santuari and Christian S. Hardtke (2010):\u00a0<strong>The case for resequencing studies of\u00a0<em>Arabidopsis thaliana<\/em>\u00a0accessions: mining the dark matter of natural genetic variation.\u00a0<\/strong><span style=\"color: #ff9900\"><strong><em>Faculty of 1000 Reports<\/em><\/strong>,<\/span> Vol 2: pp. 85.<\/a><\/p>\n<p style=\"text-align: justify\"><a href=\"https:\/\/onlinelibrary.wiley.com\/doi\/10.1111\/j.1469-8137.2010.03387.x\/abstract\" target=\"_blank\" rel=\"noopener noreferrer\">Julien Beuchat, Emanuele Scacchi, Danuse Tarkowska, Laura Ragni, Miroslav Strnad and Christian S. Hardtke (2010):\u00a0<strong><em>BRX<\/em>\u00a0promotes Arabidopsis shoot growth.<\/strong>\u00a0<span style=\"color: #ff9900\"><strong><em>New Phytologist<\/em><\/strong>,<\/span> Vol. 188:\u00a0pp. 23-29.<\/a><\/p>\n<p style=\"text-align: justify\"><a href=\"https:\/\/genomebiology.com\/2010\/11\/1\/R4\/abstract\" target=\"_blank\" rel=\"noopener noreferrer\">Luca Santuari, Sylvain Pradervand, Amelia-Maria Amiguet-Vercher, Jerome Thomas, Eavan Dorcey, Keith Harshman, Ioannis Xenarios, Thomas E. Juenger and Christian S. Hardtke (2010):\u00a0<strong>Substantial deletion overlap among divergent Arabidopsis genomes revealed by intersection of short reads and tiling arrays.<\/strong>\u00a0<span style=\"color: #ff9900\"><em><strong>Genome Biology<\/strong><\/em>,<\/span> Vol. 11: pp. R4.<\/a><\/p>\n<p style=\"text-align: justify\"><a href=\"https:\/\/www.cell.com\/trends\/plant-science\/abstract\/S1360-1385(09)00162-9\" target=\"_blank\" rel=\"noopener noreferrer\">S\u00e9bastien Haye and Christian S. Hardtke (2009):\u00a0<strong>The Roundtable on Sustainable Biofuels: plant scientist input needed.<\/strong>\u00a0<span style=\"color: #ff9900\"><strong><em>Trends in Plant Science<\/em><\/strong>,<\/span> Vol. 14: pp. 409-412.<\/a><\/p>\n<p style=\"text-align: justify\"><a href=\"https:\/\/www.nature.com\/msb\/journal\/v5\/n1\/full\/msb200879.html\" target=\"_blank\" rel=\"noopener noreferrer\">Stephanie Plantegenet, Johann Weber, Darlene R. Goldstein, Georg Zeller, Cindy Nussbaumer, Jerome Thomas, Detlef Weigel, Keith Harshman and Christian S. Hardtke (2009):<em>\u00a0<\/em><strong>Comprehensive analysis of Arabidopsis expression level polymorphisms with simple inheritance.\u00a0<\/strong><span style=\"color: #ff9900\"><em><strong>Molecular Systems Biology<\/strong><\/em>,<\/span> 5, 242.<\/a><\/p>\n<p style=\"text-align: justify\"><a href=\"https:\/\/onlinelibrary.wiley.com\/doi\/10.1111\/j.1365-313X.2004.02052.x\/abstract\" target=\"_blank\" rel=\"noopener noreferrer\">Corinne P. Cluis, C\u00e9line F. Mouchel and Christian S. Hardtke (2004):\u00a0<strong>The Arabidopsis transcription factor HY5 integrates light and hormone signaling pathways.<\/strong>\u00a0<span style=\"color: #ff9900\"><strong><em>The Plant Journal<\/em><\/strong>,<\/span> Vol. 38: pp. 332-347.<\/a><\/p>\n<p style=\"text-align: justify\"><a href=\"https:\/\/genomebiology.com\/2002\/3\/4\/research\/0016\/abstract\" target=\"_blank\" rel=\"noopener noreferrer\">Peter Kosarev, Klaus F.X. Mayer and Christian S. Hardtke (2002):\u00a0<strong>Evaluation and classification of RING finger domains encoded by the Arabidopsis genome.<\/strong>\u00a0<span style=\"color: #ff9900\"><strong><em>Genome Biology<\/em><\/strong>,<\/span> Vol. 3: pp. 16.1-16.12.<\/a><\/p>\n","protected":false},"excerpt":{"rendered":"<p>Some aspects emerging from our research are\u00a0at the center of our attention but often interesting and fun to follow up nevertheless. Sometimes, we also have to perform some technical work &hellip; <\/p>\n","protected":false},"author":1001,"featured_media":0,"parent":1217,"menu_order":1,"comment_status":"closed","ping_status":"closed","template":"","meta":{"_seopress_robots_primary_cat":"","_seopress_titles_title":"","_seopress_titles_desc":"","_seopress_robots_index":"","footnotes":""},"class_list":["post-206","page","type-page","status-publish"],"_links":{"self":[{"href":"https:\/\/wp.unil.ch\/hardtkelab\/wp-json\/wp\/v2\/pages\/206","targetHints":{"allow":["GET"]}}],"collection":[{"href":"https:\/\/wp.unil.ch\/hardtkelab\/wp-json\/wp\/v2\/pages"}],"about":[{"href":"https:\/\/wp.unil.ch\/hardtkelab\/wp-json\/wp\/v2\/types\/page"}],"author":[{"embeddable":true,"href":"https:\/\/wp.unil.ch\/hardtkelab\/wp-json\/wp\/v2\/users\/1001"}],"replies":[{"embeddable":true,"href":"https:\/\/wp.unil.ch\/hardtkelab\/wp-json\/wp\/v2\/comments?post=206"}],"version-history":[{"count":0,"href":"https:\/\/wp.unil.ch\/hardtkelab\/wp-json\/wp\/v2\/pages\/206\/revisions"}],"up":[{"embeddable":true,"href":"https:\/\/wp.unil.ch\/hardtkelab\/wp-json\/wp\/v2\/pages\/1217"}],"wp:attachment":[{"href":"https:\/\/wp.unil.ch\/hardtkelab\/wp-json\/wp\/v2\/media?parent=206"}],"curies":[{"name":"wp","href":"https:\/\/api.w.org\/{rel}","templated":true}]}}