{"id":656,"date":"2020-03-12T11:20:49","date_gmt":"2020-03-12T10:20:49","guid":{"rendered":"http:\/\/wp.unil.ch\/h2o\/?page_id=656"},"modified":"2021-01-14T16:33:40","modified_gmt":"2021-01-14T15:33:40","slug":"annulation2020","status":"publish","type":"page","link":"https:\/\/wp.unil.ch\/h2o\/annulation2020\/","title":{"rendered":"CORONAVIRUS"},"content":{"rendered":"\n<p>Madame, Monsieur, Cher\u00b7e Coll\u00e8gue,<\/p>\n\n\n\n<div><span style=\"color: #000000\">&nbsp;<\/span><span style=\"color: #000000\">En raison de l&rsquo;incertitude pesant sur la participation de plusieurs conf\u00e9renciers et conf\u00e9renci\u00e8res, ainsi que des auditeurs et auditrices aux Rencontres de l\u2019eau 2021, dans le contexte de l&rsquo;\u00e9pid\u00e9mie de COVID-19, <strong>le ColLaboratoire de l\u2019UNIL et la Maison de la Rivi\u00e8re ont pris la d\u00e9cision, avec regret, d\u2019annuler leur manifestation annuelle commune qui devait avoir lieu en mars prochain.<\/strong><\/span><\/div>\n\n\n\n<div>&nbsp;<\/div>\n\n\n\n<div>Cet \u00e9v\u00e9nement nous tient particuli\u00e8rement \u00e0 coeur et nous sommes persuad\u00e9s que cette 9\u00e8me \u00e9dition aurait \u00e9t\u00e9 comme chaque ann\u00e9e un beau moment de partage gr\u00e2ce \u00e0 vous.<\/div>\n\n\n\n<div>\n<div>&nbsp;<\/div>\n<div>Nous vous remercions pour votre compr\u00e9hension et restons \u00e0 disposition pour tout compl\u00e9ment d\u2019information.<\/div>\n<\/div>\n\n\n\n<div><span style=\"color: #000000\">&nbsp;<\/span><\/div>\n\n\n\n<div><span style=\"color: #000000\">Avec nos cordiales salutations,<\/span><\/div>\n\n\n\n<div><span style=\"color: #000000\">&nbsp;<\/span><\/div>\n\n\n\n<div><span style=\"color: #000000\">Le comit\u00e9 d\u2019organisation :<\/span><\/div>\n\n\n\n<div><span style=\"color: #000000\">&nbsp;<\/span><\/div>\n\n\n\n<div><span style=\"color: #000000\">Jean-Fran\u00e7ois Rubin, directeur, La Maison de la Rivi\u00e8re<\/span><\/div>\n\n\n\n<div><span style=\"color: #000000\">Christel Petit, responsable de l\u2019accueil, La <\/span>Maison de la Rivi\u00e8re<\/div>\n\n\n\n<div>Alain Kaufmann,&nbsp;Directeur, Le ColLaboratoire de l&rsquo;UNIL<\/div>\n","protected":false},"excerpt":{"rendered":"<p>Madame, Monsieur, Cher\u00b7e Coll\u00e8gue, &nbsp;En raison de l&rsquo;incertitude pesant sur la participation de plusieurs conf\u00e9renciers et conf\u00e9renci\u00e8res, ainsi que des auditeurs et auditrices aux Rencontres de l\u2019eau 2021, dans le &hellip; <\/p>\n","protected":false},"author":823,"featured_media":0,"parent":0,"menu_order":0,"comment_status":"closed","ping_status":"closed","template":"","meta":{"_seopress_robots_primary_cat":"","_seopress_titles_title":"","_seopress_titles_desc":"","_seopress_robots_index":"","footnotes":""},"class_list":["post-656","page","type-page","status-publish"],"_links":{"self":[{"href":"https:\/\/wp.unil.ch\/h2o\/wp-json\/wp\/v2\/pages\/656","targetHints":{"allow":["GET"]}}],"collection":[{"href":"https:\/\/wp.unil.ch\/h2o\/wp-json\/wp\/v2\/pages"}],"about":[{"href":"https:\/\/wp.unil.ch\/h2o\/wp-json\/wp\/v2\/types\/page"}],"author":[{"embeddable":true,"href":"https:\/\/wp.unil.ch\/h2o\/wp-json\/wp\/v2\/users\/823"}],"replies":[{"embeddable":true,"href":"https:\/\/wp.unil.ch\/h2o\/wp-json\/wp\/v2\/comments?post=656"}],"version-history":[{"count":0,"href":"https:\/\/wp.unil.ch\/h2o\/wp-json\/wp\/v2\/pages\/656\/revisions"}],"wp:attachment":[{"href":"https:\/\/wp.unil.ch\/h2o\/wp-json\/wp\/v2\/media?parent=656"}],"curies":[{"name":"wp","href":"https:\/\/api.w.org\/{rel}","templated":true}]}}