{"id":557,"date":"2019-01-14T11:54:21","date_gmt":"2019-01-14T10:54:21","guid":{"rendered":"http:\/\/wp.unil.ch\/h2o\/?page_id=557"},"modified":"2019-01-14T12:21:53","modified_gmt":"2019-01-14T11:21:53","slug":"2018-2","status":"publish","type":"page","link":"https:\/\/wp.unil.ch\/h2o\/archives\/2018-2\/","title":{"rendered":"&#8211; 2018"},"content":{"rendered":"<h1><img alt=\"\" loading=\"lazy\" decoding=\"async\" class=\"alignnone size-medium wp-image-517\" src=\"https:\/\/wp.unil.ch\/h2o\/files\/2017\/11\/Bandeau-2018_1000x288-01-300x86.png\" alt=\"\" width=\"300\" height=\"86\" srcset=\"https:\/\/wp.unil.ch\/h2o\/files\/2017\/11\/Bandeau-2018_1000x288-01-300x86.png 300w, https:\/\/wp.unil.ch\/h2o\/files\/2017\/11\/Bandeau-2018_1000x288-01-150x43.png 150w, https:\/\/wp.unil.ch\/h2o\/files\/2017\/11\/Bandeau-2018_1000x288-01-768x220.png 768w, https:\/\/wp.unil.ch\/h2o\/files\/2017\/11\/Bandeau-2018_1000x288-01-1024x293.png 1024w, https:\/\/wp.unil.ch\/h2o\/files\/2017\/11\/Bandeau-2018_1000x288-01-1000x288.png 1000w, https:\/\/wp.unil.ch\/h2o\/files\/2017\/11\/Bandeau-2018_1000x288-01-500x143.png 500w, https:\/\/wp.unil.ch\/h2o\/files\/2017\/11\/Bandeau-2018_1000x288-01.png 1920w\" sizes=\"auto, (max-width: 300px) 100vw, 300px\" \/><\/h1>\n<h1>PROGRAMME 2018 (<a href=\"https:\/\/wp.unil.ch\/h2o\/files\/2018\/05\/A4_Programme-PDF-Lefort_Plan-de-travail-2.png\">t\u00e9l\u00e9charger ici<\/a>)<\/h1>\n<p><strong>9h00 \u00a0 Mot de bienvenue<\/strong><br \/>\nJean-Fran\u00e7ois Rubin, Pr\u00e9sident de la Fondation de La Maison de la Rivi\u00e8re<br \/>\nAlain Kaufmann, Directeur Interface Sciences-Soci\u00e9t\u00e9, Universit\u00e9 de Lausanne Mod\u00e9ration par Laurent Bonnard, Journaliste<\/p>\n<p><strong>9h20 \u00a0 \u00ab\u00a0Le martin-p\u00eacheur, joyau des cours d&rsquo;eau. Mesures en faveur d&rsquo;une esp\u00e8ce prioritaire\u00a0\u00bb<\/strong><br \/>\nFran\u00e7ois Turrian, Directeur romand, Birdlife Suisse<\/p>\n<p><strong>9h40 \u00a0 \u00ab\u00a0Etude pr\u00e9liminaire de la niche trophique et spatiale du silure glane, esp\u00e8re non-indig\u00e8ne dans le L\u00e9man\u00a0\u00bb<\/strong><br \/>\nMarius Vuagnat-Kolter, Assistant, Gestion de la Nature, hepia<\/p>\n<p><strong>10h00 \u00a0 \u00ab\u00a0Projet solaire flottant au lac des Toules : en route vers une premi\u00e8re mondiale\u00a0\u00bb<\/strong><br \/>\nAntoine Stocker, Biologiste &amp; Ing. Gestion de la Nature, Drosera Ecologie Appliqu\u00e9e SA<br \/>\nGuillaume Fuchs, Responsable \u00e9clairage, Romande Energie Services SA<\/p>\n<p><strong>10h20 \u00a0 Pause &#8211; caf\u00e9, stands &amp; posters &#8211;<br \/>\n<\/strong><\/p>\n<p><strong>11h00 \u00a0 \u00ab\u00a0Le Seyou, une dynamique alluviale enfin retrouv\u00e9e\u00a0\u00bb<\/strong><br \/>\nGabriel Gerber, Ing. Gestion de la Nature, Prona SA<\/p>\n<p><strong>11h20 \u00a0 \u00ab\u00a0La ripisylve et sa relation hydrologique en cours d&rsquo;eau\u00a0\u00bb <\/strong><br \/>\nPaul Auvray, Ing. Science et ing\u00e9nierie de l&rsquo;environnement, EPFL<\/p>\n<p><strong>11h40 \u00a0 \u00ab\u00a0Analyse et mod\u00e9lisation et la balance de l&rsquo;eau dans la Tunisie centrale face au changement climatique : cas du bassin versant du Babhana\u00a0\u00bb<br \/>\n<\/strong>Maroua Ben Abdelmalek, Doctorante, Institut National Agronomique de Tunisie &amp; Assistance de recherche, Institut F\u00e9d\u00e9ral de la g\u00e9oscience et des ressources naturelles d&rsquo;Hanovre (projet CREM)<\/p>\n<p><strong>12h00 \u00a0 \u00ab\u00a0Usages, r\u00f4les et repr\u00e9sentations des glaciers dans le contexte des changements climatiques : l&rsquo;exemple de la Vall\u00e9e de Chamonix\u00a0\u00bb<br \/>\n<\/strong>Alexandre Savioz, Assistant-Doctorant, Institut de G\u00e9ographie et Durabilit\u00e9, FGSE, Unil<\/p>\n<p><strong>12h20 \u00a0 Pause &#8211; repas,\u00a0 stands &amp; posters<\/strong><\/p>\n<p><strong>14h00 \u00a0 \u00ab\u00a0L&rsquo;eau, contrainte et ressource pour le tourisme\u00a0\u00bb<br \/>\n<\/strong>Martin Calianno, Doctorant, Institut de G\u00e9ographie et Durabilit\u00e9, FGSE, Unil<\/p>\n<p><strong>14h20 \u00a0 \u00ab\u00a0Etude int\u00e9gr\u00e9e des impacts climatiques et anthropiques sur la gesion future de l&rsquo;eau \u00e0 l&rsquo;\u00e9chelle des territoires\u00a0\u00bb<\/strong><strong><br \/>\n<\/strong>Marianne Milano, Docteur, Institut de G\u00e9ographie et Durabilit\u00e9, FGSE, Unil\u00a0\u00a0\u00a0\u00a0\u00a0\u00a0\u00a0\u00a0\u00a0\u00a0\u00a0\u00a0\u00a0\u00a0\u00a0\u00a0\u00a0\u00a0\u00a0\u00a0 Emna Guermazi,Docteur,Institut de G\u00e9ographie et Durabilit\u00e9, FGSE, Unil\u00a0\u00a0\u00a0\u00a0\u00a0\u00a0\u00a0\u00a0\u00a0\u00a0\u00a0\u00a0\u00a0 Franck Yao, Institut de G\u00e9ographie et Durabilit\u00e9, FGSE, Unil<\/p>\n<p><strong>14h40 \u00a0 \u00ab\u00a0La m\u00e9tatranscriptomique au service des eaux us\u00e9es : un exemple d&rsquo;application\u00a0\u00bb<\/strong><strong><br \/>\n<\/strong>Julien Crovadore, Adjoint scientifique, Agronomie, hepia<\/p>\n<p><strong>15h00 \u00a0 Pause &#8211; stands &amp; posters<\/strong><\/p>\n<p><strong>15h15 \u00a0 \u00ab\u00a0Dans le lit du Rh\u00f4n\u00a0\u00bb &#8211; Projection du film et discussion avec la r\u00e9alisatrice<br \/>\n<\/strong>M\u00e9lanie Pitteloud, R\u00e9alisatrice<\/p>\n<p><strong>17h15 \u00a0 Mot de cl\u00f4ture<\/strong><br \/>\nJean-Fran\u00e7ois Rubin, Pr\u00e9sident de la Fondation de La Maison de la Rivi\u00e8re<br \/>\nAlain Kaufmann, Directeur Interface Sciences-Soci\u00e9t\u00e9, Universit\u00e9 de Lausanne Mod\u00e9ration par Laurent Bonnard, Journaliste<\/p>\n","protected":false},"excerpt":{"rendered":"<p>PROGRAMME 2018 (t\u00e9l\u00e9charger ici) 9h00 \u00a0 Mot de bienvenue Jean-Fran\u00e7ois Rubin, Pr\u00e9sident de la Fondation de La Maison de la Rivi\u00e8re Alain Kaufmann, Directeur Interface Sciences-Soci\u00e9t\u00e9, Universit\u00e9 de Lausanne Mod\u00e9ration &hellip; <\/p>\n","protected":false},"author":823,"featured_media":0,"parent":133,"menu_order":0,"comment_status":"closed","ping_status":"closed","template":"","meta":{"_seopress_robots_primary_cat":"","_seopress_titles_title":"","_seopress_titles_desc":"","_seopress_robots_index":"","footnotes":""},"class_list":["post-557","page","type-page","status-publish"],"_links":{"self":[{"href":"https:\/\/wp.unil.ch\/h2o\/wp-json\/wp\/v2\/pages\/557","targetHints":{"allow":["GET"]}}],"collection":[{"href":"https:\/\/wp.unil.ch\/h2o\/wp-json\/wp\/v2\/pages"}],"about":[{"href":"https:\/\/wp.unil.ch\/h2o\/wp-json\/wp\/v2\/types\/page"}],"author":[{"embeddable":true,"href":"https:\/\/wp.unil.ch\/h2o\/wp-json\/wp\/v2\/users\/823"}],"replies":[{"embeddable":true,"href":"https:\/\/wp.unil.ch\/h2o\/wp-json\/wp\/v2\/comments?post=557"}],"version-history":[{"count":0,"href":"https:\/\/wp.unil.ch\/h2o\/wp-json\/wp\/v2\/pages\/557\/revisions"}],"up":[{"embeddable":true,"href":"https:\/\/wp.unil.ch\/h2o\/wp-json\/wp\/v2\/pages\/133"}],"wp:attachment":[{"href":"https:\/\/wp.unil.ch\/h2o\/wp-json\/wp\/v2\/media?parent=557"}],"curies":[{"name":"wp","href":"https:\/\/api.w.org\/{rel}","templated":true}]}}