{"id":501,"date":"2017-11-08T14:34:50","date_gmt":"2017-11-08T13:34:50","guid":{"rendered":"http:\/\/wp.unil.ch\/h2o\/?page_id=501"},"modified":"2019-01-14T11:42:37","modified_gmt":"2019-01-14T10:42:37","slug":"2017-2","status":"publish","type":"page","link":"https:\/\/wp.unil.ch\/h2o\/archives\/2017-2\/","title":{"rendered":"&#8211; 2017"},"content":{"rendered":"<h5><img alt=\"\" loading=\"lazy\" decoding=\"async\" class=\"alignnone size-medium wp-image-472\" src=\"https:\/\/wp.unil.ch\/h2o\/files\/2016\/12\/cropped-Bandeau-2017_1000x288-01-1-e1481805321128-300x86.png\" alt=\"\" width=\"300\" height=\"86\" srcset=\"https:\/\/wp.unil.ch\/h2o\/files\/2016\/12\/cropped-Bandeau-2017_1000x288-01-1-e1481805321128-300x86.png 300w, https:\/\/wp.unil.ch\/h2o\/files\/2016\/12\/cropped-Bandeau-2017_1000x288-01-1-e1481805321128-150x43.png 150w, https:\/\/wp.unil.ch\/h2o\/files\/2016\/12\/cropped-Bandeau-2017_1000x288-01-1-e1481805321128-768x221.png 768w, https:\/\/wp.unil.ch\/h2o\/files\/2016\/12\/cropped-Bandeau-2017_1000x288-01-1-e1481805321128-500x144.png 500w, https:\/\/wp.unil.ch\/h2o\/files\/2016\/12\/cropped-Bandeau-2017_1000x288-01-1-e1481805321128.png 1000w\" sizes=\"auto, (max-width: 300px) 100vw, 300px\" \/><\/h5>\n<h1><\/h1>\n<h1>PROGRAMME 2017 (<a href=\"https:\/\/wp.unil.ch\/h2o\/files\/2017\/02\/REau2017_Programme.pdf\">t\u00e9l\u00e9charger ici<\/a>)<\/h1>\n<p><strong>9h00 \u00a0 Mot de bienvenue<\/strong><br \/>\nJean-Fran\u00e7ois Rubin, Pr\u00e9sident de la Fondation de La Maison de la Rivi\u00e8re<br \/>\nAlain Kaufmann, Directeur Interface Sciences-Soci\u00e9t\u00e9, Universit\u00e9 de Lausanne Mod\u00e9ration par Laurent Bonnard, Journaliste<\/p>\n<p><strong>9h20 \u00a0 \u00ab\u00a0Le L\u00e9man : exutoire de STEP ou ressource d&rsquo;eau potable ?\u00a0\u00bb<\/strong><br \/>\nChristophe Mechouk, Chef de la division Etudes et Construction, Service de l&rsquo;eau de Lausanne<\/p>\n<p><strong>9h40 \u00a0 \u00ab\u00a0Technologie de l&rsquo;osmose inverse pour r\u00e9utiliser l&rsquo;eau us\u00e9e et en faire de l&rsquo;eau potable (Singapour)\u00a0\u00bb<\/strong><br \/>\nEvelyne Fiechter-Widemann, W4W<\/p>\n<p><strong>10h00\u00a0 \u00ab\u00a0Succ\u00e8s du programme de r\u00e9duction des pesticides dans le Boiron\u00a0\u00bb<\/strong><br \/>\nDr. Nathalie Menetrey, Direction de l&rsquo;environnement, Protection des Eaux<\/p>\n<p><strong>10h20 \u00a0 Pause &#8211; caf\u00e9, stands &amp; posters &#8211;<br \/>\n<\/strong><\/p>\n<p><strong>11h00 \u00a0 \u00ab\u00a0Les truites \u00e0 l&rsquo;aube des changements climatiques\u00a0\u00bb<\/strong><br \/>\nAur\u00e9lie Rubin, Doctorante, UniBe &amp; La Maison de la Rivi\u00e8re<br \/>\nAlexandra Jost, Etudiante, HES-SO master<\/p>\n<p><strong>11h20 \u00a0 \u00ab\u00a0La rivi\u00e8re et le campus : recherche &#8211; action autour de la Chamberonne \u00e0 Dorigny\u00a0\u00bb <\/strong><br \/>\nJoana Guerrin, Ma\u00eetre de conf\u00e9rence en science politique, Universit\u00e9 de N\u00eemes (France) &amp; Charg\u00e9e de recherche, Unil<br \/>\nFrancesca Bariviera, Cheffe de projet &#8211; architecte, Unil &#8211; Unibat, domaine Planification et projets<\/p>\n<p><strong>11h40 \u00a0 \u00ab\u00a0Revitalisation et espace cours d&rsquo;eau &#8211; exemples de revitalisation et de suivis (CH)\u00a0\u00bb<br \/>\n<\/strong>Fran\u00e7ois Gerber, Directeur-adjoint, BIOTEC Biologie appliqu\u00e9e<\/p>\n<p><strong>12h00 \u00a0 \u00ab\u00a0La gestion des territoires immerg\u00e9s : r\u00e9alit\u00e9, r\u00eave, ou utopie ?\u00a0\u00bb<br \/>\n<\/strong>Pierre Martin, Directeur, Bathytec<\/p>\n<p><strong>12h20 \u00a0 Pause &#8211; repas,\u00a0 stands &amp; posters<\/strong><\/p>\n<p><strong>13h50 \u00a0 \u00ab\u00a0Am\u00e9nagement de la Thielle \u00e0 Yverdon : protection contre les crues et revitalisation\u00a0\u00bb<br \/>\n<\/strong>Simon Maedly, Ing\u00e9nieur en gestion de la nature, Biolconseils SA<\/p>\n<p><strong>14h10 \u00a0 \u00ab\u00a05 millions et 2 ans de chantier&#8230; Place \u00e0 la Dranse !\u00a0\u00bb<\/strong><strong><br \/>\n<\/strong>Antoine Stocker, Biologiste ing\u00e9nieur en gestion de la nature, Drosera SA<\/p>\n<p><strong>14h30 \u00a0 <\/strong><strong>Pr\u00e9sentation de travaux de Bachelor et Master par les \u00e9tudiants de hepia et de la HEIG-VD<br \/>\n<\/strong><\/p>\n<p><strong>15h50 \u00a0 Mot de cl\u00f4ture<\/strong><br \/>\nJean-Fran\u00e7ois Rubin, Pr\u00e9sident de la Fondation de La Maison de la Rivi\u00e8re<br \/>\nAlain Kaufmann, Directeur Interface Sciences-Soci\u00e9t\u00e9, Universit\u00e9 de Lausanne Mod\u00e9ration par Laurent Bonnard, Journaliste<\/p>\n","protected":false},"excerpt":{"rendered":"<p>PROGRAMME 2017 (t\u00e9l\u00e9charger ici) 9h00 \u00a0 Mot de bienvenue Jean-Fran\u00e7ois Rubin, Pr\u00e9sident de la Fondation de La Maison de la Rivi\u00e8re Alain Kaufmann, Directeur Interface Sciences-Soci\u00e9t\u00e9, Universit\u00e9 de Lausanne Mod\u00e9ration &hellip; <\/p>\n","protected":false},"author":823,"featured_media":0,"parent":133,"menu_order":0,"comment_status":"closed","ping_status":"closed","template":"sidebar-page.php","meta":{"_seopress_robots_primary_cat":"","_seopress_titles_title":"","_seopress_titles_desc":"","_seopress_robots_index":"","footnotes":""},"class_list":["post-501","page","type-page","status-publish"],"_links":{"self":[{"href":"https:\/\/wp.unil.ch\/h2o\/wp-json\/wp\/v2\/pages\/501","targetHints":{"allow":["GET"]}}],"collection":[{"href":"https:\/\/wp.unil.ch\/h2o\/wp-json\/wp\/v2\/pages"}],"about":[{"href":"https:\/\/wp.unil.ch\/h2o\/wp-json\/wp\/v2\/types\/page"}],"author":[{"embeddable":true,"href":"https:\/\/wp.unil.ch\/h2o\/wp-json\/wp\/v2\/users\/823"}],"replies":[{"embeddable":true,"href":"https:\/\/wp.unil.ch\/h2o\/wp-json\/wp\/v2\/comments?post=501"}],"version-history":[{"count":0,"href":"https:\/\/wp.unil.ch\/h2o\/wp-json\/wp\/v2\/pages\/501\/revisions"}],"up":[{"embeddable":true,"href":"https:\/\/wp.unil.ch\/h2o\/wp-json\/wp\/v2\/pages\/133"}],"wp:attachment":[{"href":"https:\/\/wp.unil.ch\/h2o\/wp-json\/wp\/v2\/media?parent=501"}],"curies":[{"name":"wp","href":"https:\/\/api.w.org\/{rel}","templated":true}]}}