{"id":185,"date":"2013-02-07T12:05:40","date_gmt":"2013-02-07T11:05:40","guid":{"rendered":"http:\/\/wp.unil.ch\/h2o\/?page_id=185"},"modified":"2014-10-13T16:03:44","modified_gmt":"2014-10-13T14:03:44","slug":"2013-2","status":"publish","type":"page","link":"https:\/\/wp.unil.ch\/h2o\/archives\/2013-2\/","title":{"rendered":"\u2013 2013"},"content":{"rendered":"<p style=\"text-align: left\"><a href=\"https:\/\/wp.unil.ch\/h2o\/files\/2013\/02\/Affiche-programme.pdf\"><img loading=\"lazy\" decoding=\"async\" class=\"size-full wp-image-250 alignright\" alt=\"Affiche-programme\" src=\"https:\/\/wp.unil.ch\/h2o\/files\/2013\/02\/Affiche-programme.png\" width=\"150\" height=\"212\" srcset=\"https:\/\/wp.unil.ch\/h2o\/files\/2013\/02\/Affiche-programme.png 150w, https:\/\/wp.unil.ch\/h2o\/files\/2013\/02\/Affiche-programme-106x150.png 106w\" sizes=\"auto, (max-width: 150px) 100vw, 150px\" \/><\/a><strong><\/strong><\/p>\n<p style=\"text-align: left\"><strong>8h30\u00a0Accueil<\/strong><\/p>\n<p><strong>9h00<\/strong> <strong>Mot de bienvenue<\/strong><br \/>\nJean-Fran\u00e7ois Rubin, Pr\u00e9sident de la Fondation de La Maison de la Rivi\u00e8re<br \/>\nAlain Kaufmann, Directeur Interface sciences-soci\u00e9t\u00e9, Universit\u00e9 de Lausanne<\/p>\n<p><strong>RENATURATION<\/strong><\/p>\n<p><strong>9h20\u00a0<\/strong>Peut-on revitaliser un cours d\u2019eau en agglom\u00e9ration au sens de la nouvelle loi sur<br \/>\nl\u2019am\u00e9nagement des cours d\u2019eau ?<br \/>\nFran\u00e7ois Gerber, Ing\u00e9nieur EPFL, BIOTEC Biologie appliqu\u00e9e SA<\/p>\n<p style=\"text-align: left\"><strong>9h40\u00a0<\/strong>Etude hydraulique sur mod\u00e8le physique de la 3e \u00e9tape de renaturation de l&rsquo;Aire<br \/>\nZsolt Vecserny\u00e9s, Prof. HES hepia<\/p>\n<p style=\"text-align: left\"><strong>10h00\u00a0<\/strong>D\u00e9termination, am\u00e9nagement et gestion de l&rsquo;espace cours d&rsquo;eau<br \/>\nSt\u00e9phane Bovier, Ing\u00e9nieur, Etat de Vaud<\/p>\n<p><strong>10h20 Pause &#8211; Stands et sessions de posters<br \/>\n<\/strong><span style=\"color: #000000;font-weight: bold\"><br \/>\nENERGIE<\/span><\/p>\n<p><strong>11h00\u00a0<\/strong>Etude d\u2019impact dans le cadre du projet de turbinage des torrents de Verbier<br \/>\n\u00e0 Bagnes<br \/>\nAntoine Stocker, Biologiste &#8211; Drosera Ecologie Appliqu\u00e9e SA<\/p>\n<p><strong>11h20\u00a0<\/strong>Redynamisation du Vieux-Rhin\u00a0et augmentation de d\u00e9bit r\u00e9serv\u00e9:<br \/>\ngains \u00e9cologiques<br \/>\nPatrick Durand, Directeur du bureau ECOTEC Environnement SA<strong><br \/>\n<\/strong><br \/>\n<strong>11h40\u00a0<\/strong>Effets des variations des rejets des centrales hydrauliques sur la faune piscicole Luca Solc\u00e0, CSD Ing\u00e9nieurs SA<\/p>\n<p><strong>12h00 Pause &#8211; Repas, stands et sessions de posters<br \/>\n<\/strong><span style=\"color: #000000;font-weight: bold\"><br \/>\nEDUCATION A L\u2019ENVIRONNEMENT ET BIODIVERSITE<\/span><\/p>\n<p><strong>13h30\u00a0<\/strong>Bioindication des cours d&rsquo;eaux r\u00e9alis\u00e9e par des \u00e9l\u00e8ves, un projet GLOBE<br \/>\nFran\u00e7ois Gingins, Co-pr\u00e9sident GLOBE Suisse, biologiste, enseignant HEP-VD<\/p>\n<p><strong>13h50\u00a0<\/strong>Jardin naturel de l&rsquo;UICN \u00e0 Gland: Valorisation \u00e9cologique des eaux m\u00e9t\u00e9oriques provenant de nouvelles constructions en 2010 et de l&rsquo;eau de regards creus\u00e9s en 1992 et en 2010 dans la nappe phr\u00e9atique<br \/>\nFlorian Meier, Ecologue conseil<\/p>\n<p><strong>14h10\u00a0<\/strong>Repenser la conservation des batraciens menac\u00e9s par de grands plans d\u2019eau temporaires<br \/>\nJ\u00e9r\u00f4me Pellet, Dr \u00e8s Sciences, karch<\/p>\n<p><strong>14h30\u00a0\u00a0\u00a0 Pause &#8211; Stands et sessions de posters\u00a0<\/strong><\/p>\n<p><strong>CONFERENCE DE CLOTURE<br \/>\n<\/strong><strong>15h\u00a0<\/strong>Liens entre les zones humides et les corridors \u00e9cologiques\u00a0: \u00e9tude de la faisabilit\u00e9 des corridors de migration de la faune sauvage dans les bassins des rivi\u00e8res Volta et Sissili au nord du Ghana<br \/>\nPaul Ou\u00e9draogo, Docteur en Ecologie, Conseiller Principal pour l\u2019Afrique<br \/>\nSecr\u00e9tariat de la Convention de Ramsar sur les Zones Humides<\/p>\n<p><strong>16h\u00a0Mot de cl\u00f4ture<br \/>\n<\/strong>Jean-Fran\u00e7ois Rubin, Pr\u00e9sident de la Fondation de La Maison de la Rivi\u00e8re<br \/>\nAlain Kaufmann, Directeur Interface sciences-soci\u00e9t\u00e9, Universit\u00e9 de Lausanne<\/p>\n","protected":false},"excerpt":{"rendered":"<p>8h30\u00a0Accueil 9h00 Mot de bienvenue Jean-Fran\u00e7ois Rubin, Pr\u00e9sident de la Fondation de La Maison de la Rivi\u00e8re Alain Kaufmann, Directeur Interface sciences-soci\u00e9t\u00e9, Universit\u00e9 de Lausanne RENATURATION 9h20\u00a0Peut-on revitaliser un cours &hellip; <\/p>\n","protected":false},"author":652,"featured_media":0,"parent":133,"menu_order":4,"comment_status":"closed","ping_status":"closed","template":"sidebar-page.php","meta":{"_seopress_robots_primary_cat":"","_seopress_titles_title":"","_seopress_titles_desc":"","_seopress_robots_index":"","footnotes":""},"class_list":["post-185","page","type-page","status-publish"],"_links":{"self":[{"href":"https:\/\/wp.unil.ch\/h2o\/wp-json\/wp\/v2\/pages\/185","targetHints":{"allow":["GET"]}}],"collection":[{"href":"https:\/\/wp.unil.ch\/h2o\/wp-json\/wp\/v2\/pages"}],"about":[{"href":"https:\/\/wp.unil.ch\/h2o\/wp-json\/wp\/v2\/types\/page"}],"author":[{"embeddable":true,"href":"https:\/\/wp.unil.ch\/h2o\/wp-json\/wp\/v2\/users\/652"}],"replies":[{"embeddable":true,"href":"https:\/\/wp.unil.ch\/h2o\/wp-json\/wp\/v2\/comments?post=185"}],"version-history":[{"count":0,"href":"https:\/\/wp.unil.ch\/h2o\/wp-json\/wp\/v2\/pages\/185\/revisions"}],"up":[{"embeddable":true,"href":"https:\/\/wp.unil.ch\/h2o\/wp-json\/wp\/v2\/pages\/133"}],"wp:attachment":[{"href":"https:\/\/wp.unil.ch\/h2o\/wp-json\/wp\/v2\/media?parent=185"}],"curies":[{"name":"wp","href":"https:\/\/api.w.org\/{rel}","templated":true}]}}