{"id":165,"date":"2012-10-10T10:30:37","date_gmt":"2012-10-10T08:30:37","guid":{"rendered":"http:\/\/wp.unil.ch\/h2o\/?page_id=165"},"modified":"2020-03-12T11:32:15","modified_gmt":"2020-03-12T10:32:15","slug":"inscriptions-2","status":"publish","type":"page","link":"https:\/\/wp.unil.ch\/h2o\/inscriptions-2\/","title":{"rendered":"Inscriptions"},"content":{"rendered":"<h4>Merci pour l&rsquo;int\u00e9r\u00eat que vous portez \u00e0 notre \u00e9v\u00e9nement !<\/h4>\n<h4><\/h4>\n<h4>Malheureusement les 9\u00e8mes Rencontres de l&rsquo;eau pr\u00e9vues vendredi 20 mars 2020 sont annul\u00e9es. <a href=\"https:\/\/wp.unil.ch\/h2o\/annulation2020\/\">Pour plus d&rsquo;information<\/a>.<\/h4>\n","protected":false},"excerpt":{"rendered":"<p>Merci pour l&rsquo;int\u00e9r\u00eat que vous portez \u00e0 notre \u00e9v\u00e9nement ! Malheureusement les 9\u00e8mes Rencontres de l&rsquo;eau pr\u00e9vues vendredi 20 mars 2020 sont annul\u00e9es. Pour plus d&rsquo;information.<\/p>\n","protected":false},"author":652,"featured_media":0,"parent":0,"menu_order":7,"comment_status":"closed","ping_status":"closed","template":"","meta":{"_seopress_robots_primary_cat":"","_seopress_titles_title":"","_seopress_titles_desc":"","_seopress_robots_index":"","footnotes":""},"class_list":["post-165","page","type-page","status-publish"],"_links":{"self":[{"href":"https:\/\/wp.unil.ch\/h2o\/wp-json\/wp\/v2\/pages\/165","targetHints":{"allow":["GET"]}}],"collection":[{"href":"https:\/\/wp.unil.ch\/h2o\/wp-json\/wp\/v2\/pages"}],"about":[{"href":"https:\/\/wp.unil.ch\/h2o\/wp-json\/wp\/v2\/types\/page"}],"author":[{"embeddable":true,"href":"https:\/\/wp.unil.ch\/h2o\/wp-json\/wp\/v2\/users\/652"}],"replies":[{"embeddable":true,"href":"https:\/\/wp.unil.ch\/h2o\/wp-json\/wp\/v2\/comments?post=165"}],"version-history":[{"count":0,"href":"https:\/\/wp.unil.ch\/h2o\/wp-json\/wp\/v2\/pages\/165\/revisions"}],"wp:attachment":[{"href":"https:\/\/wp.unil.ch\/h2o\/wp-json\/wp\/v2\/media?parent=165"}],"curies":[{"name":"wp","href":"https:\/\/api.w.org\/{rel}","templated":true}]}}