{"id":137,"date":"2012-10-01T10:39:10","date_gmt":"2012-10-01T08:39:10","guid":{"rendered":"http:\/\/wp.unil.ch\/h2o\/?page_id=137"},"modified":"2013-10-16T07:58:24","modified_gmt":"2013-10-16T05:58:24","slug":"2012-2","status":"publish","type":"page","link":"https:\/\/wp.unil.ch\/h2o\/archives\/2012-2\/","title":{"rendered":"\u2013 2012"},"content":{"rendered":"<h1><a href=\"https:\/\/wp.unil.ch\/h2o\/files\/2011\/12\/2012-prog_rencontre_h2o.pdf\"><img loading=\"lazy\" decoding=\"async\" alt=\"\" src=\"https:\/\/wp.unil.ch\/h2o\/files\/2011\/12\/EAU2012_signWEB_OK.png\" width=\"241\" height=\"170\" \/><\/a><\/h1>\n<h1>Programme\u00a0<a href=\"https:\/\/wp.unil.ch\/h2o\/files\/2011\/12\/2012-prog_rencontre_h2o.pdf\">(pdf \u00e0 t\u00e9l\u00e9charger)<\/a><\/h1>\n<p>08h30<br \/>\n<strong><em>Accueil<\/em><\/strong><\/p>\n<p>09h00<br \/>\n<strong><em>Mot de bienvenue<\/em><\/strong><br \/>\nJean-Fran\u00e7ois Rubin, dir. La Maison de la Rivi\u00e8re<br \/>\nAlain Kaufmann, dir. Interface sciences-soci\u00e9t\u00e9, UNIL<\/p>\n<p>09h15<br \/>\n<strong><em>R\u00e9gimes institutionnels de l\u2019eau<\/em><\/strong><br \/>\nPeter Knoepfel, Professeur ordinaire en analyse de politiques publiques et politiques de durabilit\u00e9 &#8211; IDHEAP\u00a0<a href=\"https:\/\/wp.unil.ch\/h2o\/files\/2012\/03\/Rencontres-de-leau-UNIL-2012-Knoepfel.pdf\">(support de conf\u00e9rence)<\/a><\/p>\n<p>09h45<br \/>\n<strong><em>Les usages de l\u2019eau ou la n\u00e9cessit\u00e9 d\u2019une approche int\u00e9gr\u00e9e<\/em><\/strong><br \/>\nEmmanuel Reynard, Professeur ordinaire de g\u00e9ographie physique &#8211; Universit\u00e9 de Lausanne<\/p>\n<p>10h15<br \/>\n<strong><em>Espace lac et cours d\u2019eau &#8211; au carrefour d\u2019int\u00e9r\u00eats divers parfois divergents&#8230;<\/em><br \/>\n<\/strong>R\u00e9gis Courdesse, Ing\u00e9nieur EPFL\/SIA et G\u00e9om\u00e8tre brevet\u00e9, Directeur et adm.-d\u00e9l\u00e9gu\u00e9 &#8211; Courdesse &amp; Associ\u00e9s<br \/>\nPhilippe Hohl, Chef de la division Economie hydraulique (EH) &#8211; Service des eaux, sols et assainissement &#8211; Etat de Vaud\u00a0<a href=\"https:\/\/wp.unil.ch\/h2o\/files\/2012\/03\/P_Hohl_renc_de_l_eau.pdf\">(support de conf\u00e9rence)<\/a><\/p>\n<p>11h00<br \/>\n<strong><em>Prise en compte des atteintes relatives \u00e0 l\u2019agriculture du Chablais dans le cadre de la 3\u00e8me correction du Rh\u00f4ne<\/em><\/strong><br \/>\nJean-Luc Martrou, Ing\u00e9nieur agronome &#8211; AGRIDEA : D\u00e9veloppement de l\u2019agriculture et de l\u2019espace rural<\/p>\n<p>11h30<br \/>\nSession de posters et d\u00e9jeuner<\/p>\n<p>13h00<br \/>\n<strong><em>La renaturation de l\u2019Aire, de la s\u00e9curit\u00e9 contre les crues au d\u00e9veloppement de la biodiversit\u00e9<\/em><\/strong><br \/>\nAlexandre Wisard, Directeur du service de renaturation des cours d\u2019eau &#8211; Direction G\u00e9n\u00e9rale de l\u2019Eau &#8211; Etat de Gen\u00e8ve<\/p>\n<p>13h30<br \/>\n<strong><em>Renaturation des cours d\u2019eau : les limites dans le cadre de la restauration d\u2019une dynamique fluviale naturelle<\/em><\/strong><br \/>\nAlain Maibach, Directeur, Dr \u00e8s Sciences et biologiste &#8211; Bureau d\u2019\u00e9tudes en environnement A. Maibach S\u00e0rl\u00a0<a href=\"https:\/\/wp.unil.ch\/h2o\/files\/2012\/03\/Alain_Maibach.pdf\">(support de conf\u00e9rence)<\/a><br \/>\nClaude-Alain Davoli, Ing. dipl. EPFL en G\u00e9nie rural\/Environnement &#8211; Chef de projet \u00e0 la division de l\u2019\u00e9conomie hydraulique du SESA\u00a0<a href=\"https:\/\/wp.unil.ch\/h2o\/files\/2012\/03\/Claude-Alain-Davoli.pdf\">(support de conf\u00e9rence)<\/a><br \/>\n<strong><em>Evolution de la diversit\u00e9 g\u00e9n\u00e9tique de l&rsquo;omble chevalier du L\u00e9man<\/em><\/strong><br \/>\nRomain Savary, Master BEC \u00e0 l&rsquo;Universit\u00e9 de Lausanne<\/p>\n<p>14h30<br \/>\n<strong><em>Les esp\u00e8ces et biotopes embl\u00e9matiques de la revitalisation des eaux<\/em><\/strong><br \/>\nFr\u00e9d\u00e9ric Hofmann, Conservateur de la p\u00eache &amp; des milieux aquatiques, Service des for\u00eats, de la faune et de la nature &#8211; Etat de Vaud<br \/>\nRaymond Delarze, Bureau d\u2019\u00e9tudes biologiques R. Delarze<\/p>\n<p>15h15<br \/>\nPause et session de posters<\/p>\n<p>15h45<br \/>\n<strong><em>Population piscicole naturelle ou artificielle ? Repeuplement ou renaturation ?<\/em><br \/>\n<\/strong>Jean-Fran\u00e7ois Rubin, Pr\u00e9sident de la Fondation de La Maison de la Rivi\u00e8re<br \/>\nFranck Cattaneo, Prof. HES hepia<br \/>\nAlexandre Richard, Adjoint scientifique hepia<\/p>\n<p>16h45<br \/>\n<strong><em>Vers un Rh\u00f4ne genevois sans vidange<\/em><br \/>\n<\/strong>Gottlieb Dandliker, Inspecteur cantonal de la Faune, Service de la Faune et de la P\u00eache, Direction G\u00e9n\u00e9rale de la Nature et du Paysage &#8211; Etat de Gen\u00e8ve<br \/>\nDamien Sidler, Ing\u00e9nieur environnement EPFZ &#8211; Bureau COREALIS<\/p>\n<p>17h30<br \/>\n<strong><em>Evolutionary conservation biology: the example of salmonids in Switzerland<\/em><br \/>\n<\/strong>Claus Wedekind, Professeur associ\u00e9, UNIL<\/p>\n<p>18h00<br \/>\n<strong><em>Mot de cl\u00f4ture<\/em><br \/>\n<\/strong>Jean-Fran\u00e7ois Rubin, dir. Maison de la Rivi\u00e8re<br \/>\nAlain Kaufmann, dir. Interface sciences-soci\u00e9t\u00e9, UNIL<\/p>\n","protected":false},"excerpt":{"rendered":"<p>Programme\u00a0(pdf \u00e0 t\u00e9l\u00e9charger) 08h30 Accueil 09h00 Mot de bienvenue Jean-Fran\u00e7ois Rubin, dir. La Maison de la Rivi\u00e8re Alain Kaufmann, dir. Interface sciences-soci\u00e9t\u00e9, UNIL 09h15 R\u00e9gimes institutionnels de l\u2019eau Peter Knoepfel, &hellip; <\/p>\n","protected":false},"author":652,"featured_media":0,"parent":133,"menu_order":5,"comment_status":"closed","ping_status":"closed","template":"sidebar-page.php","meta":{"_seopress_robots_primary_cat":"","_seopress_titles_title":"","_seopress_titles_desc":"","_seopress_robots_index":"","footnotes":""},"class_list":["post-137","page","type-page","status-publish"],"_links":{"self":[{"href":"https:\/\/wp.unil.ch\/h2o\/wp-json\/wp\/v2\/pages\/137","targetHints":{"allow":["GET"]}}],"collection":[{"href":"https:\/\/wp.unil.ch\/h2o\/wp-json\/wp\/v2\/pages"}],"about":[{"href":"https:\/\/wp.unil.ch\/h2o\/wp-json\/wp\/v2\/types\/page"}],"author":[{"embeddable":true,"href":"https:\/\/wp.unil.ch\/h2o\/wp-json\/wp\/v2\/users\/652"}],"replies":[{"embeddable":true,"href":"https:\/\/wp.unil.ch\/h2o\/wp-json\/wp\/v2\/comments?post=137"}],"version-history":[{"count":0,"href":"https:\/\/wp.unil.ch\/h2o\/wp-json\/wp\/v2\/pages\/137\/revisions"}],"up":[{"embeddable":true,"href":"https:\/\/wp.unil.ch\/h2o\/wp-json\/wp\/v2\/pages\/133"}],"wp:attachment":[{"href":"https:\/\/wp.unil.ch\/h2o\/wp-json\/wp\/v2\/media?parent=137"}],"curies":[{"name":"wp","href":"https:\/\/api.w.org\/{rel}","templated":true}]}}