{"id":133,"date":"2012-10-01T10:36:04","date_gmt":"2012-10-01T08:36:04","guid":{"rendered":"http:\/\/wp.unil.ch\/h2o\/?page_id=133"},"modified":"2020-02-26T11:53:23","modified_gmt":"2020-02-26T10:53:23","slug":"archives","status":"publish","type":"page","link":"https:\/\/wp.unil.ch\/h2o\/archives\/","title":{"rendered":"Archives"},"content":{"rendered":"<p>Consultez les programmes des ann\u00e9es pr\u00e9c\u00e9dentes.<\/p>\n<p><a href=\"https:\/\/wp.unil.ch\/h2o\/2019-2\/\">2019<\/a><\/p>\n<p><a href=\"https:\/\/wp.unil.ch\/h2o\/archives\/2018-2\/\">2018<\/a><\/p>\n<p><a href=\"https:\/\/wp.unil.ch\/h2o\/archives\/2017-2\/\">2017<\/a><\/p>\n<p><a href=\"https:\/\/wp.unil.ch\/h2o\/archives\/2016-2\/\">2016<\/a><\/p>\n<p><a href=\"https:\/\/wp.unil.ch\/h2o\/archives\/2015-2\/\">2015<\/a><\/p>\n<p><a href=\"https:\/\/wp.unil.ch\/h2o\/archives\/2014-2\/\">2014<\/a><\/p>\n<p><a href=\"https:\/\/wp.unil.ch\/h2o\/archives\/2013-2\/\">2013<\/a><\/p>\n<p><a title=\"2012\" href=\"https:\/\/wp.unil.ch\/h2o\/archives\/2012-2\/\">2012<\/a><\/p>\n","protected":false},"excerpt":{"rendered":"<p>Consultez les programmes des ann\u00e9es pr\u00e9c\u00e9dentes. 2019 2018 2017 2016 2015 2014 2013 2012<\/p>\n","protected":false},"author":652,"featured_media":0,"parent":0,"menu_order":2,"comment_status":"closed","ping_status":"closed","template":"","meta":{"_seopress_robots_primary_cat":"","_seopress_titles_title":"","_seopress_titles_desc":"","_seopress_robots_index":"","footnotes":""},"class_list":["post-133","page","type-page","status-publish"],"_links":{"self":[{"href":"https:\/\/wp.unil.ch\/h2o\/wp-json\/wp\/v2\/pages\/133","targetHints":{"allow":["GET"]}}],"collection":[{"href":"https:\/\/wp.unil.ch\/h2o\/wp-json\/wp\/v2\/pages"}],"about":[{"href":"https:\/\/wp.unil.ch\/h2o\/wp-json\/wp\/v2\/types\/page"}],"author":[{"embeddable":true,"href":"https:\/\/wp.unil.ch\/h2o\/wp-json\/wp\/v2\/users\/652"}],"replies":[{"embeddable":true,"href":"https:\/\/wp.unil.ch\/h2o\/wp-json\/wp\/v2\/comments?post=133"}],"version-history":[{"count":0,"href":"https:\/\/wp.unil.ch\/h2o\/wp-json\/wp\/v2\/pages\/133\/revisions"}],"wp:attachment":[{"href":"https:\/\/wp.unil.ch\/h2o\/wp-json\/wp\/v2\/media?parent=133"}],"curies":[{"name":"wp","href":"https:\/\/api.w.org\/{rel}","templated":true}]}}